{"id":115,"date":"2020-03-13T15:28:00","date_gmt":"2020-03-13T15:28:00","guid":{"rendered":"https:\/\/demo.creativethemes.com\/blocksy\/modern-shop\/?page_id=115"},"modified":"2021-10-22T00:36:57","modified_gmt":"2021-10-22T00:36:57","slug":"apie-mus","status":"publish","type":"page","link":"https:\/\/dekastar.lt\/lv\/apie-mus\/","title":{"rendered":"Par mums"},"content":{"rendered":"<div data-elementor-type=\"wp-page\" data-elementor-id=\"115\" class=\"elementor elementor-115\" data-elementor-post-type=\"page\">\n\t\t\t\t\t\t<section class=\"elementor-section elementor-top-section elementor-element elementor-element-0466ea5 ct-section-stretched elementor-section-boxed elementor-section-height-default elementor-section-height-default\" data-id=\"0466ea5\" data-element_type=\"section\" data-e-type=\"section\" data-settings=\"{&quot;background_background&quot;:&quot;classic&quot;}\">\n\t\t\t\t\t\t<div class=\"elementor-container elementor-column-gap-default\">\n\t\t\t\t\t<div class=\"elementor-column elementor-col-100 elementor-top-column elementor-element elementor-element-c0fc7c2\" data-id=\"c0fc7c2\" data-element_type=\"column\" data-e-type=\"column\">\n\t\t\t<div class=\"elementor-widget-wrap elementor-element-populated\">\n\t\t\t\t\t\t<div class=\"elementor-element elementor-element-0aaa3b9 elementor-widget elementor-widget-heading\" data-id=\"0aaa3b9\" data-element_type=\"widget\" data-e-type=\"widget\" data-widget_type=\"heading.default\">\n\t\t\t\t<div class=\"elementor-widget-container\">\n\t\t\t\t\t<h1 class=\"elementor-heading-title elementor-size-default\">Par mums<\/h1>\t\t\t\t<\/div>\n\t\t\t\t<\/div>\n\t\t\t\t\t<\/div>\n\t\t<\/div>\n\t\t\t\t\t<\/div>\n\t\t<\/section>\n\t\t\t\t<section class=\"elementor-section elementor-top-section elementor-element elementor-element-d7a769e elementor-section-boxed elementor-section-height-default elementor-section-height-default\" data-id=\"d7a769e\" data-element_type=\"section\" data-e-type=\"section\">\n\t\t\t\t\t\t<div class=\"elementor-container elementor-column-gap-no\">\n\t\t\t\t\t<div class=\"elementor-column elementor-col-33 elementor-top-column elementor-element elementor-element-325fc80\" data-id=\"325fc80\" data-element_type=\"column\" data-e-type=\"column\">\n\t\t\t<div class=\"elementor-widget-wrap elementor-element-populated\">\n\t\t\t\t\t\t<div class=\"elementor-element elementor-element-072a1b2 elementor-view-stacked elementor-shape-circle elementor-position-block-start elementor-mobile-position-block-start elementor-widget elementor-widget-icon-box\" data-id=\"072a1b2\" data-element_type=\"widget\" data-e-type=\"widget\" data-widget_type=\"icon-box.default\">\n\t\t\t\t<div class=\"elementor-widget-container\">\n\t\t\t\t\t\t\t<div class=\"elementor-icon-box-wrapper\">\n\n\t\t\t\t\t\t<div class=\"elementor-icon-box-icon\">\n\t\t\t\t<span  class=\"elementor-icon\">\n\t\t\t\t<i aria-hidden=\"true\" class=\"fas fa-award\"><\/i>\t\t\t\t<\/span>\n\t\t\t<\/div>\n\t\t\t\n\t\t\t\t\t\t<div class=\"elementor-icon-box-content\">\n\n\t\t\t\t\t\t\t\t\t<h5 class=\"elementor-icon-box-title\">\n\t\t\t\t\t\t<span  >\n\t\t\t\t\t\t\tAugst\u0101k\u0101 kvalit\u0101te\t\t\t\t\t\t<\/span>\n\t\t\t\t\t<\/h5>\n\t\t\t\t\n\t\t\t\t\t\t\t\t\t<p class=\"elementor-icon-box-description\">\n\t\t\t\t\t\tTiek p\u0101rdoti tikai augst\u0101k\u0101s kvalit\u0101tes ap\u0123\u0113rbi un paz\u012bstami z\u012bmoli, kas ieguvu\u0161i pasaules popularit\u0101ti.\t\t\t\t\t<\/p>\n\t\t\t\t\n\t\t\t<\/div>\n\t\t\t\n\t\t<\/div>\n\t\t\t\t\t\t<\/div>\n\t\t\t\t<\/div>\n\t\t\t\t\t<\/div>\n\t\t<\/div>\n\t\t\t\t<div class=\"elementor-column elementor-col-33 elementor-top-column elementor-element elementor-element-ca5ba47\" data-id=\"ca5ba47\" data-element_type=\"column\" data-e-type=\"column\">\n\t\t\t<div class=\"elementor-widget-wrap elementor-element-populated\">\n\t\t\t\t\t\t<div class=\"elementor-element elementor-element-16afbac elementor-view-stacked elementor-shape-circle elementor-position-block-start elementor-mobile-position-block-start elementor-widget elementor-widget-icon-box\" data-id=\"16afbac\" data-element_type=\"widget\" data-e-type=\"widget\" data-widget_type=\"icon-box.default\">\n\t\t\t\t<div class=\"elementor-widget-container\">\n\t\t\t\t\t\t\t<div class=\"elementor-icon-box-wrapper\">\n\n\t\t\t\t\t\t<div class=\"elementor-icon-box-icon\">\n\t\t\t\t<span  class=\"elementor-icon\">\n\t\t\t\t<i aria-hidden=\"true\" class=\"fas fa-temperature-low\"><\/i>\t\t\t\t<\/span>\n\t\t\t<\/div>\n\t\t\t\n\t\t\t\t\t\t<div class=\"elementor-icon-box-content\">\n\n\t\t\t\t\t\t\t\t\t<h5 class=\"elementor-icon-box-title\">\n\t\t\t\t\t\t<span  >\n\t\t\t\t\t\t\tJaun\u0101k\u0101s tehnolo\u0123ijas\t\t\t\t\t\t<\/span>\n\t\t\t\t\t<\/h5>\n\t\t\t\t\n\t\t\t\t\t\t\t\t\t<p class=\"elementor-icon-box-description\">\n\t\t\t\t\t\tNodro\u0161iniet sev un saviem b\u0113rniem siltas rokas un k\u0101jas pat -30 gr\u0101dos! Ar jaun\u0101kaj\u0101m ap\u0123\u0113rbu un apavu tehnolo\u0123ij\u0101m tas ir pavisam vienk\u0101r\u0161i!\t\t\t\t\t<\/p>\n\t\t\t\t\n\t\t\t<\/div>\n\t\t\t\n\t\t<\/div>\n\t\t\t\t\t\t<\/div>\n\t\t\t\t<\/div>\n\t\t\t\t\t<\/div>\n\t\t<\/div>\n\t\t\t\t<div class=\"elementor-column elementor-col-33 elementor-top-column elementor-element elementor-element-4a24b08\" data-id=\"4a24b08\" data-element_type=\"column\" data-e-type=\"column\">\n\t\t\t<div class=\"elementor-widget-wrap elementor-element-populated\">\n\t\t\t\t\t\t<div class=\"elementor-element elementor-element-1f69fa3 elementor-view-stacked elementor-shape-circle elementor-position-block-start elementor-mobile-position-block-start elementor-widget elementor-widget-icon-box\" data-id=\"1f69fa3\" data-element_type=\"widget\" data-e-type=\"widget\" data-widget_type=\"icon-box.default\">\n\t\t\t\t<div class=\"elementor-widget-container\">\n\t\t\t\t\t\t\t<div class=\"elementor-icon-box-wrapper\">\n\n\t\t\t\t\t\t<div class=\"elementor-icon-box-icon\">\n\t\t\t\t<span  class=\"elementor-icon\">\n\t\t\t\t<i aria-hidden=\"true\" class=\"fas fa-stopwatch\"><\/i>\t\t\t\t<\/span>\n\t\t\t<\/div>\n\t\t\t\n\t\t\t\t\t\t<div class=\"elementor-icon-box-content\">\n\n\t\t\t\t\t\t\t\t\t<h5 class=\"elementor-icon-box-title\">\n\t\t\t\t\t\t<span  >\n\t\t\t\t\t\t\tIlgtermi\u0146a prakse\t\t\t\t\t\t<\/span>\n\t\t\t\t\t<\/h5>\n\t\t\t\t\n\t\t\t\t\t\t\t\t\t<p class=\"elementor-icon-box-description\">\n\t\t\t\t\t\tSortiment\u0101 eso\u0161ajiem z\u012bmoliem, kas r\u016bp\u0113jas par j\u016bsu siltumu un komfortu, ir vair\u0101k nek\u0101 100 gadu v\u0113sture. \t\t\t\t\t<\/p>\n\t\t\t\t\n\t\t\t<\/div>\n\t\t\t\n\t\t<\/div>\n\t\t\t\t\t\t<\/div>\n\t\t\t\t<\/div>\n\t\t\t\t\t<\/div>\n\t\t<\/div>\n\t\t\t\t\t<\/div>\n\t\t<\/section>\n\t\t\t\t<section class=\"elementor-section elementor-top-section elementor-element elementor-element-59020a0 elementor-reverse-tablet elementor-reverse-mobile elementor-section-boxed elementor-section-height-default elementor-section-height-default\" data-id=\"59020a0\" data-element_type=\"section\" data-e-type=\"section\">\n\t\t\t\t\t\t<div class=\"elementor-container elementor-column-gap-wide\">\n\t\t\t\t\t<div class=\"elementor-column elementor-col-50 elementor-top-column elementor-element elementor-element-0eedf86\" data-id=\"0eedf86\" data-element_type=\"column\" data-e-type=\"column\">\n\t\t\t<div class=\"elementor-widget-wrap elementor-element-populated\">\n\t\t\t\t\t\t<div class=\"elementor-element elementor-element-9054224 elementor-widget elementor-widget-heading\" data-id=\"9054224\" data-element_type=\"widget\" data-e-type=\"widget\" data-widget_type=\"heading.default\">\n\t\t\t\t<div class=\"elementor-widget-container\">\n\t\t\t\t\t<h2 class=\"elementor-heading-title elementor-size-default\">Skandin\u0101vu pieeja laika apst\u0101k\u013ciem<\/h2>\t\t\t\t<\/div>\n\t\t\t\t<\/div>\n\t\t\t\t<div class=\"elementor-element elementor-element-4640985 elementor-widget elementor-widget-text-editor\" data-id=\"4640985\" data-element_type=\"widget\" data-e-type=\"widget\" data-widget_type=\"text-editor.default\">\n\t\t\t\t<div class=\"elementor-widget-container\">\n\t\t\t\t\t\t\t\t\t<p>B\u016bdami aistringi lauko entuziastai, \u017einome, kokius reikalavimus gamta gali kelti sportininkams, \u017eygeiviams ar visiems, kas tiesiog m\u0117gsta leisti laisvalaik\u012f lauke. Mes taip pat \u017einome, kad jeigu m\u016bs\u0173 parduodami drabu\u017eiai gali atlaikyti skandinavi\u0161kas oro s\u0105lygas, tada jie tikrai gali susidoroti ir su blogu oru \u010dia. Ne veltui sakoma, jog n\u0117ra blogo oro, yra tik netinkama apranga.<\/p><p>M\u016bs\u0173 asortimente galima rasti gerai \u017einomus skandinavi\u0161kus prekinius \u017eenklus, tokius kaip Helly Hansen, Reima, Didriksons. \u0160ie prekiniai \u017eenklai turi \u0161al\u010dio atsparumo technologijas, kurios padeda nesu\u0161alti, net kai lauke spaud\u017eia -30 laipsni\u0173 \u0161altukas.<\/p><p>Renkam\u0117s prekiauti tik kokybi\u0161kais ir laiko patikrint\u0173 gamintoj\u0173 produktais. Pvz. Vienas garsiausi\u0173 pasaulyje vaiki\u0161k\u0173 lauko drabu\u017ei\u0173 gamintoj\u0173 Reima, r\u016bpinasi, kad j\u016bs\u0173 vaikai nesu\u0161alt\u0173 ir nesu\u0161lapt\u0173 jau nuo 1944 m., o Didriksons gyvuoja jau nuo 1913m.. Tikime, kad tik tinkami drabu\u017eiai gali pad\u0117ti m\u0117gautis laisvalaikiu praleid\u017eiamu lauke. Tod\u0117l kvie\u010diame visus i\u0161bandyti skandinavi\u0161k\u0105 po\u017ei\u016br\u012f \u012f or\u0105, kai drabu\u017eiai leid\u017eia jaustis super komforti\u0161kai, nepaisant joki\u0173 oro s\u0105lyg\u0173!<\/p>\t\t\t\t\t\t\t\t<\/div>\n\t\t\t\t<\/div>\n\t\t\t\t\t<\/div>\n\t\t<\/div>\n\t\t\t\t<div class=\"elementor-column elementor-col-50 elementor-top-column elementor-element elementor-element-b5250df\" data-id=\"b5250df\" data-element_type=\"column\" data-e-type=\"column\">\n\t\t\t<div class=\"elementor-widget-wrap elementor-element-populated\">\n\t\t\t\t\t\t<div class=\"elementor-element elementor-element-dab7553 elementor-widget elementor-widget-image\" data-id=\"dab7553\" data-element_type=\"widget\" data-e-type=\"widget\" data-widget_type=\"image.default\">\n\t\t\t\t<div class=\"elementor-widget-container\">\n\t\t\t\t\t\t\t\t\t\t\t\t\t\t\t<img fetchpriority=\"high\" decoding=\"async\" width=\"906\" height=\"933\" src=\"https:\/\/dekastar.lt\/wp-content\/uploads\/2021\/10\/johannes-andersson-ZO2obWfpFQ-unsplash-e1634863008388.jpg\" class=\"attachment-full size-full wp-image-759\" alt=\"\" srcset=\"https:\/\/dekastar.lt\/wp-content\/uploads\/2021\/10\/johannes-andersson-ZO2obWfpFQ-unsplash-e1634863008388.jpg 906w, https:\/\/dekastar.lt\/wp-content\/uploads\/2021\/10\/johannes-andersson-ZO2obWfpFQ-unsplash-e1634863008388-600x618.jpg 600w, https:\/\/dekastar.lt\/wp-content\/uploads\/2021\/10\/johannes-andersson-ZO2obWfpFQ-unsplash-e1634863008388-291x300.jpg 291w, https:\/\/dekastar.lt\/wp-content\/uploads\/2021\/10\/johannes-andersson-ZO2obWfpFQ-unsplash-e1634863008388-768x791.jpg 768w\" sizes=\"(max-width: 906px) 100vw, 906px\" \/>\t\t\t\t\t\t\t\t\t\t\t\t\t\t\t<\/div>\n\t\t\t\t<\/div>\n\t\t\t\t\t<\/div>\n\t\t<\/div>\n\t\t\t\t\t<\/div>\n\t\t<\/section>\n\t\t\t\t<section class=\"elementor-section elementor-top-section elementor-element elementor-element-6886b3b elementor-section-boxed elementor-section-height-default elementor-section-height-default\" data-id=\"6886b3b\" data-element_type=\"section\" data-e-type=\"section\">\n\t\t\t\t\t\t<div class=\"elementor-container elementor-column-gap-default\">\n\t\t\t\t\t<div class=\"elementor-column elementor-col-100 elementor-top-column elementor-element elementor-element-43133e7\" data-id=\"43133e7\" data-element_type=\"column\" data-e-type=\"column\">\n\t\t\t<div class=\"elementor-widget-wrap elementor-element-populated\">\n\t\t\t\t\t\t<div class=\"elementor-element elementor-element-9e294ef elementor-widget elementor-widget-image\" data-id=\"9e294ef\" data-element_type=\"widget\" data-e-type=\"widget\" data-widget_type=\"image.default\">\n\t\t\t\t<div class=\"elementor-widget-container\">\n\t\t\t\t\t\t\t\t\t\t\t\t\t\t\t<img decoding=\"async\" width=\"1024\" height=\"354\" src=\"https:\/\/dekastar.lt\/wp-content\/uploads\/2021\/10\/Didriksons_historia_1913-1024x354.jpg\" class=\"attachment-large size-large wp-image-522\" alt=\"diriksons istorija\" srcset=\"https:\/\/dekastar.lt\/wp-content\/uploads\/2021\/10\/Didriksons_historia_1913-1024x354.jpg 1024w, https:\/\/dekastar.lt\/wp-content\/uploads\/2021\/10\/Didriksons_historia_1913-600x208.jpg 600w, https:\/\/dekastar.lt\/wp-content\/uploads\/2021\/10\/Didriksons_historia_1913-300x104.jpg 300w, https:\/\/dekastar.lt\/wp-content\/uploads\/2021\/10\/Didriksons_historia_1913-768x266.jpg 768w, https:\/\/dekastar.lt\/wp-content\/uploads\/2021\/10\/Didriksons_historia_1913-1536x531.jpg 1536w, https:\/\/dekastar.lt\/wp-content\/uploads\/2021\/10\/Didriksons_historia_1913.jpg 2000w\" sizes=\"(max-width: 1024px) 100vw, 1024px\" \/>\t\t\t\t\t\t\t\t\t\t\t\t\t\t\t<\/div>\n\t\t\t\t<\/div>\n\t\t\t\t\t<\/div>\n\t\t<\/div>\n\t\t\t\t\t<\/div>\n\t\t<\/section>\n\t\t\t\t<section class=\"elementor-section elementor-top-section elementor-element elementor-element-74527a39 elementor-section-boxed elementor-section-height-default elementor-section-height-default\" data-id=\"74527a39\" data-element_type=\"section\" data-e-type=\"section\" data-settings=\"{&quot;background_background&quot;:&quot;classic&quot;}\">\n\t\t\t\t\t\t\t<div class=\"elementor-background-overlay\"><\/div>\n\t\t\t\t\t\t\t<div class=\"elementor-container elementor-column-gap-no\">\n\t\t\t\t\t<div class=\"elementor-column elementor-col-50 elementor-top-column elementor-element elementor-element-65d904b7\" data-id=\"65d904b7\" data-element_type=\"column\" data-e-type=\"column\">\n\t\t\t<div class=\"elementor-widget-wrap elementor-element-populated\">\n\t\t\t\t\t\t<div class=\"elementor-element elementor-element-540e774b elementor-widget elementor-widget-heading\" data-id=\"540e774b\" data-element_type=\"widget\" data-e-type=\"widget\" data-widget_type=\"heading.default\">\n\t\t\t\t<div class=\"elementor-widget-container\">\n\t\t\t\t\t<h2 class=\"elementor-heading-title elementor-size-default\">Apmekl\u0113jiet m\u016bsu veikalu<\/h2>\t\t\t\t<\/div>\n\t\t\t\t<\/div>\n\t\t\t\t<div class=\"elementor-element elementor-element-4d91f93e elementor-widget elementor-widget-text-editor\" data-id=\"4d91f93e\" data-element_type=\"widget\" data-e-type=\"widget\" data-widget_type=\"text-editor.default\">\n\t\t\t\t<div class=\"elementor-widget-container\">\n\t\t\t\t\t\t\t\t\t<p class=\"translation-block\">L\u016bk, tav\u0113jais <span style=\"font-size: inherit;text-align: inherit;font-family: var(--fontFamily);font-style: var(--fontStyle, inherit);font-weight: var(--fontWeight);letter-spacing: var(--letterSpacing);text-transform: var(--textTransform)\">gaid\u012b\u0161ana<\/span><span style=\"font-size: inherit;text-align: inherit;font-family: var(--fontFamily);font-style: var(--fontStyle, inherit);font-weight: var(--fontWeight);letter-spacing: var(--letterSpacing);text-transform: var(--textTransform)\">\u00a0<\/span><span style=\"font-size: inherit;text-align: inherit;font-family: var(--fontFamily);font-style: var(--fontStyle, inherit);font-weight: var(--fontWeight);letter-spacing: var(--letterSpacing);text-transform: var(--textTransform)\">ap\u0123\u0113rbs no slaven\u0101kajiem ra\u017eot\u0101jiem visiem laikapst\u0101k\u013ciem<\/span><\/p>\t\t\t\t\t\t\t\t<\/div>\n\t\t\t\t<\/div>\n\t\t\t\t\t<\/div>\n\t\t<\/div>\n\t\t\t\t<div class=\"elementor-column elementor-col-50 elementor-top-column elementor-element elementor-element-383931a5\" data-id=\"383931a5\" data-element_type=\"column\" data-e-type=\"column\">\n\t\t\t<div class=\"elementor-widget-wrap elementor-element-populated\">\n\t\t\t\t\t\t<div class=\"elementor-element elementor-element-42d69fb8 elementor-align-right elementor-tablet-align-center elementor-widget elementor-widget-button\" data-id=\"42d69fb8\" data-element_type=\"widget\" data-e-type=\"widget\" data-widget_type=\"button.default\">\n\t\t\t\t<div class=\"elementor-widget-container\">\n\t\t\t\t\t\t\t\t\t<div class=\"elementor-button-wrapper\">\n\t\t\t\t\t<a class=\"elementor-button elementor-button-link elementor-size-lg\" href=\"https:\/\/dekastar.lt\/lv\/parduotuve\/\">\n\t\t\t\t\t\t<span class=\"elementor-button-content-wrapper\">\n\t\t\t\t\t\t\t\t\t<span class=\"elementor-button-text\">Dodieties uz veikalu<\/span>\n\t\t\t\t\t<\/span>\n\t\t\t\t\t<\/a>\n\t\t\t\t<\/div>\n\t\t\t\t\t\t\t\t<\/div>\n\t\t\t\t<\/div>\n\t\t\t\t\t<\/div>\n\t\t<\/div>\n\t\t\t\t\t<\/div>\n\t\t<\/section>\n\t\t\t\t<\/div>","protected":false},"excerpt":{"rendered":"<p>Massa sed elementum tempus egestas sed sed risus. Risus at ultrices mi tempus imperdiet nulla malesuada pellentesque elit.<\/p>","protected":false},"author":1,"featured_media":0,"parent":0,"menu_order":0,"comment_status":"closed","ping_status":"closed","template":"","meta":{"_acf_changed":false,"footnotes":""},"class_list":["post-115","page","type-page","status-publish","hentry"],"blocksy_meta":{"page_title_panel":"","has_hero_section":"disabled","6774d2922b2e043009dd0369630c6648":"","hero_section":"type-2","hero_alignment1":"left","hero_alignment2":"center","hero_height":{"0":"500px","1":"500px","2":"500px","3":"500px","4":"500px","desktop":"600px","tablet":"500px","mobile":"400px","__changed":["tablet","tablet","mobile","mobile"]},"page_title_bg_type":"custom_image","custom_hero_background":{"attachment_id":228,"url":"https:\/\/demo.creativethemes.com\/blocksy\/modern-shop\/wp-content\/uploads\/2020\/03\/ashley-knedler-Pf5Pj7A5ddA-unsplash-1024x422.jpg"},"parallax":{"desktop":true,"tablet":false,"mobile":false},"6b74a569d6954c8dde2fe0e3330a3d07":"","single_meta_elements":{"author":false,"date":false,"categories":false,"comments":false,"updated":false,"tags":false},"has_meta_label":"yes","has_meta_avatar":"yes","date_format_source":"custom","single_meta_date_format":"M j, Y","b97b3b35a921898a5a649956dd3ef2c9":"","page_excerpt_visibility":{"desktop":true,"tablet":true,"mobile":true},"pageTitleFont":{"family":"Default","variation":"n9","size":{"desktop":"55px","tablet":"40px","mobile":"30px","__changed":["tablet","tablet","mobile","mobile","mobile"]},"line-height":"1.3","letter-spacing":"CT_CSS_SKIP_RULE","text-transform":"CT_CSS_SKIP_RULE","text-decoration":"CT_CSS_SKIP_RULE"},"pageTitleFontColor":{"default":{"color":"CT_CSS_SKIP_RULEDEFAULT"}},"pageMetaFont":{"family":"Default","variation":"n6","size":{"desktop":"12px","tablet":"12px","mobile":"12px"},"line-height":"1.3","letter-spacing":"CT_CSS_SKIP_RULE","text-transform":"uppercase","text-decoration":"CT_CSS_SKIP_RULE"},"pageMetaFontColor":{"default":{"color":"CT_CSS_SKIP_RULEDEFAULT"},"hover":{"color":"CT_CSS_SKIP_RULEDEFAULT"}},"pageExcerptFont":{"family":"Default","variation":"n5","size":"CT_CSS_SKIP_RULE","line-height":"CT_CSS_SKIP_RULE","letter-spacing":"CT_CSS_SKIP_RULE","text-transform":"CT_CSS_SKIP_RULE","text-decoration":"CT_CSS_SKIP_RULE"},"pageExcerptColor":{"default":{"color":"CT_CSS_SKIP_RULEDEFAULT"}},"pageTitleOverlay":{"default":{"color":"CT_CSS_SKIP_RULE"}},"pageTitleBackground":{"background_type":"color","background_pattern":"type-1","background_image":{"attachment_id":null,"x":0,"y":0},"background_repeat":"no-repeat","background_size":"auto","background_attachment":"scroll","patternColor":{"default":{"color":"#e5e7ea"}},"backgroundColor":{"default":{"color":"#EDEFF2"}},"default":{"color":"#edeff2"}},"e9c08d358e8061a13c6703914fc3e107":"","page_structure_type":"default","page_enable_vertical_spacing":"yes","37e2e5405a48b6dcb367458103437801":"","disable_featured_image":"no","5a23f5815557fff3b572a1ff51bc4447":"","6d18f3e1ac54c9cd1e3e09c3f4dedc8c":"","b11ba8cda6e4bad1311d96230b11a88a":"","1292d792724cdd47c48bd6e6b2e81566":"","ae2e39a6f1a394fbe333e5ca05e5bfb9":"","b025400c48fbaec82191e6798433add3":"","1ea904d02bce5589e5973cd0e6215a6d":"","af31de1a48854c5746ce4378b7f4b10c":"","aa0594d089a317f833967ec6c78ba836":"","8de4197d97c9487ce3f5018fbd54c81e":"","25f8cf7144e44cf269774b333f6c2343":"","c80e3da369fc9e2454430a6d146a31c8":"","23baab15e83c8d7083e2769a437a4768":"","3b5108b2aa7ad8a9428e511d430a3fbe":"","670381c96849f0626bfb58ac79a38931":"","efc6e89b572992af985a906e0b0677c7":"","hero_elements":[{"id":"custom_title","enabled":true,"heading_tag":"h1","title":"Home"},{"id":"custom_description","enabled":true,"description_visibility":{"desktop":true,"tablet":true,"mobile":false}},{"id":"custom_meta","enabled":false,"meta_elements":[{"id":"author","enabled":true,"label":"By","has_author_avatar":"yes","avatar_size":25},{"id":"post_date","enabled":true,"label":"On","date_format_source":"default","date_format":"M j, Y"},{"id":"comments","enabled":true}],"page_meta_elements":{"joined":true,"articles_count":true,"comments":true}},{"id":"breadcrumbs","enabled":false}],"9f21be5163e55bd032bea22f195ff20e":"","hero_vertical_alignment":"center","hero_structure":"narrow","breadcrumbsFont":{"family":"Default","variation":"n6","size":"12px","line-height":"CT_CSS_SKIP_RULE","letter-spacing":"CT_CSS_SKIP_RULE","text-transform":"uppercase","text-decoration":"CT_CSS_SKIP_RULE"},"breadcrumbsFontColor":{"default":{"color":"CT_CSS_SKIP_RULEDEFAULT"},"initial":{"color":"CT_CSS_SKIP_RULEDEFAULT"},"hover":{"color":"CT_CSS_SKIP_RULEDEFAULT"}},"96d5a5dade1ac81fdc2f23e8c7cb5b1f":"","content_style":"inherit","vertical_spacing_source":"custom","content_area_spacing":"none","background":{"background_type":"color","background_pattern":"type-1","background_image":{"attachment_id":null,"x":0,"y":0},"background_repeat":"no-repeat","background_size":"auto","background_attachment":"scroll","patternColor":{"default":{"color":"#e5e7ea"}},"backgroundColor":{"default":{"color":"CT_CSS_SKIP_RULE"}}},"content_background":{"background_type":"color","background_pattern":"type-1","background_image":{"attachment_id":null,"x":0,"y":0},"background_repeat":"no-repeat","background_size":"auto","background_attachment":"scroll","patternColor":{"default":{"color":"#e5e7ea"}},"backgroundColor":{"default":{"color":"#ffffff"}}},"content_boxed_spacing":{"desktop":"40px","tablet":"35px","mobile":"20px"},"content_boxed_radius":{"top":"3px","bottom":"3px","left":"3px","right":"3px","linked":true},"content_boxed_shadow":{"blur":18,"spread":-6,"v_offset":12,"h_offset":0,"inset":false,"enable":true,"color":{"color":"rgba(34, 56, 101, 0.04)"}},"4bdd9d5997a1f0298d97c2c762f3e2af":"","d780ec6ce909dd8e59a960d0a26ab4c7":"","db7716d397d76637263ec6a3062d99f5":"","6fe45d801239fa686eb3a5a59830a196":"","4b0189eec5ad97685a72ec47b45589b8":"","styles_descriptor":{"styles":{"desktop":"","tablet":"","mobile":""},"google_fonts":[],"version":6}},"acf":[],"_links":{"self":[{"href":"https:\/\/dekastar.lt\/lv\/wp-json\/wp\/v2\/pages\/115","targetHints":{"allow":["GET"]}}],"collection":[{"href":"https:\/\/dekastar.lt\/lv\/wp-json\/wp\/v2\/pages"}],"about":[{"href":"https:\/\/dekastar.lt\/lv\/wp-json\/wp\/v2\/types\/page"}],"author":[{"embeddable":true,"href":"https:\/\/dekastar.lt\/lv\/wp-json\/wp\/v2\/users\/1"}],"replies":[{"embeddable":true,"href":"https:\/\/dekastar.lt\/lv\/wp-json\/wp\/v2\/comments?post=115"}],"version-history":[{"count":0,"href":"https:\/\/dekastar.lt\/lv\/wp-json\/wp\/v2\/pages\/115\/revisions"}],"wp:attachment":[{"href":"https:\/\/dekastar.lt\/lv\/wp-json\/wp\/v2\/media?parent=115"}],"curies":[{"name":"wp","href":"https:\/\/api.w.org\/{rel}","templated":true}]}}