{"id":3,"date":"2021-10-11T14:54:55","date_gmt":"2021-10-11T14:54:55","guid":{"rendered":"http:\/\/dekastar.lt\/?page_id=3"},"modified":"2021-10-17T15:28:28","modified_gmt":"2021-10-17T15:28:28","slug":"privatumo-politika","status":"publish","type":"page","link":"https:\/\/dekastar.lt\/lv\/privatumo-politika\/","title":{"rendered":"Konfidencialit\u0101tes politika"},"content":{"rendered":"<div data-elementor-type=\"wp-page\" data-elementor-id=\"3\" class=\"elementor elementor-3\" data-elementor-post-type=\"page\">\n\t\t\t\t\t\t<section class=\"elementor-section elementor-top-section elementor-element elementor-element-7ad6de7d elementor-section-boxed elementor-section-height-default elementor-section-height-default\" data-id=\"7ad6de7d\" data-element_type=\"section\" data-e-type=\"section\">\n\t\t\t\t\t\t<div class=\"elementor-container elementor-column-gap-default\">\n\t\t\t\t\t<div class=\"elementor-column elementor-col-100 elementor-top-column elementor-element elementor-element-1bf1223d\" data-id=\"1bf1223d\" data-element_type=\"column\" data-e-type=\"column\">\n\t\t\t<div class=\"elementor-widget-wrap elementor-element-populated\">\n\t\t\t\t\t\t<div class=\"elementor-element elementor-element-51242a18 elementor-widget elementor-widget-text-editor\" data-id=\"51242a18\" data-element_type=\"widget\" data-e-type=\"widget\" data-widget_type=\"text-editor.default\">\n\t\t\t\t<div class=\"elementor-widget-container\">\n\t\t\t\t\t\t\t\t\t<p>Atjaunin\u0101ts: 2021\/10\/17<\/p>\n<p>www.dekastar.lt administr\u0101cija ir ap\u0146\u0113musies aizsarg\u0101t j\u016bsu priv\u0101tumu tie\u0161saist\u0113. J\u016bsu sniegto datu dro\u0161\u012bba mums ir \u013coti svar\u012bga. M\u016bsu konfidencialit\u0101tes noteikumi ir balst\u012bti uz Eiropas Savien\u012bbas Visp\u0101r\u012bg\u0101s datu aizsardz\u012bbas regulas (GDPR) pras\u012bb\u0101m. Personas datu v\u0101k\u0161anas m\u0113r\u0137is ir: uzlabot m\u016bsu t\u012bmek\u013ca vietnes darb\u012bbu, sazin\u0101ties ar \u0161\u012bs t\u012bmek\u013ca vietnes apmekl\u0113t\u0101jiem, nos\u016bt\u012bt jaunumus pa e-pastu, apstr\u0101d\u0101t lietot\u0101ja datus tie\u0161saistes pakalpojumu, piem\u0113ram, tirdzniec\u012bbas, snieg\u0161anas nol\u016bk\u0101, sniegt lietot\u0101ja piepras\u012bto inform\u0101ciju, sniegt pakalpojumus, kas saist\u012bti ar t\u012bmek\u013ca vietnes darb\u012bbu, nodro\u0161in\u0101t paku pieg\u0101des pakalpojumus, k\u0101 ar\u012b turpm\u0101k uzskait\u012btaj\u0101m darb\u012bb\u0101m.<\/p>\n<h4><b>Personas datu v\u0101k\u0161ana un izmanto\u0161ana<\/b><\/h4>\n<p>M\u0113s apkopojam un izmantojam j\u016bsu personas datus tikai ar j\u016bsu br\u012bvpr\u0101t\u012bgu piekri\u0161anu. J\u016bs piekr\u012btat, ka m\u0113s apkopojam un uzglab\u0101jam \u0161\u0101dus datus: v\u0101rdu, uzv\u0101rdu, e-pasta adresi, t\u0101lru\u0146a numuru, m\u0101jas adresi, soci\u0101lo t\u012bklu konta inform\u0101ciju, bankas konta numuru, kas tiek ieg\u016bti p\u0113c pas\u016bt\u012bjuma veik\u0161anas. J\u016bsu datu v\u0101k\u0161ana un uzglab\u0101\u0161ana tiek veikta saska\u0146\u0101 ar Eiropas Savien\u012bb\u0101 un Lietuv\u0101 sp\u0113k\u0101 eso\u0161ajiem ties\u012bbu aktiem.<\/p>\n<h4>Datu saglab\u0101\u0161ana, modific\u0113\u0161ana un dz\u0113\u0161ana<\/h4>\n<p>Lietot\u0101jam, kas sniedz www.dekastar.lt savus personas datus, ir ties\u012bbas uz \u0161o datu dz\u0113\u0161anu, groz\u012b\u0161anu un izmanto\u0161anas atsauk\u0161anu. Personas datu glab\u0101\u0161anas ilgums: datu izmanto\u0161anas ilgums, kas nepiecie\u0161ams t\u012bmek\u013ca vietnes galvenaj\u0101m darb\u012bb\u0101m. P\u0113c j\u016bsu datu izmanto\u0161anas beig\u0101m t\u012bmek\u013ca vietnes administr\u0101cija \u0161os datus dz\u0113\u0161. Lai ieg\u016btu piek\u013cuvi saviem datiem, varat sazin\u0101ties ar vietnes administr\u0101ciju: info@dekastar.lt. J\u016bsu personas datu nodo\u0161ana tre\u0161ai personai var notikt tikai ar j\u016bsu br\u012bvpr\u0101t\u012bgu piekri\u0161anu, un m\u0113s nevaram main\u012bt j\u016bsu datus, ja tie ir nodoti ar mums nesaist\u012bt\u0101m organiz\u0101cij\u0101m.<\/p>\n<h4>Tehnisko datu izmanto\u0161ana t\u012bmek\u013ca vietnes apmekl\u0113juma laik\u0101<\/h4>\n<p>Apmekl\u0113jot vietni www.dekastar.lt, datub\u0101z\u0113 tiek saglab\u0101ti dati par j\u016bsu IP adresi, apmekl\u0113juma laiku, p\u0101rl\u016bkprogrammas iestat\u012bjumiem, oper\u0113t\u0101jsist\u0113mu un cita inform\u0101cija, kas nepiecie\u0161ama pareizai vietnes apjoma att\u0113lo\u0161anai. No iepriek\u0161 min\u0113tajiem datiem nav iesp\u0113jams atkl\u0101t apmekl\u0113t\u0101ja person\u012bbu.<\/p>\n<h4>Inform\u0101cijas snieg\u0161ana b\u0113rniem<\/h4>\n<p>Ja j\u016bsu b\u0113rns vai padotais ir sniedzis mums personas datus bez j\u016bsu at\u013caujas, l\u016bdzu, sazinieties ar mums pa e-pastu info@dekastar.lt. Nepilngad\u012bgo personu personas datu glab\u0101\u0161ana m\u016bsu t\u012bmek\u013ca vietn\u0113 bez vi\u0146u vec\u0101ku vai aizbild\u0146u at\u013caujas ir aizliegta.<\/p>\n<h4>S\u012bkfailu izmanto\u0161ana<\/h4>\n<p>Lai pareizi par\u0101d\u012btu m\u016bsu t\u012bmek\u013ca vietnes www.dekastar.lt apjomu, m\u0113s izmantojam s\u012bkfailus. Tie ir nelieli faili, kas tiek saglab\u0101ti j\u016bsu ier\u012bces atmi\u0146\u0101. S\u012bkdatnes pal\u012bdz t\u012bmek\u013ca vietnei saglab\u0101t valodu, ko izmantoj\u0101t p\u0101rl\u016bko\u0161anas laik\u0101, lapas, kuras esat apskat\u012bjis, \u0161\u012b inform\u0101cija b\u016bs noder\u012bga n\u0101kamreiz, kad apmekl\u0113siet t\u012bmek\u013ca vietni. Pateicoties s\u012bkdatn\u0113m, t\u012bmek\u013ca vietnes p\u0101rl\u016bko\u0161ana ir daudz \u0113rt\u0101ka. Lai ieg\u016btu vair\u0101k inform\u0101cijas par s\u012bkdatn\u0113m, l\u016bdzu, apmekl\u0113jiet&nbsp;<a href=\"https:\/\/lt.wikipedia.org\/wiki\/Slapukas\" target=\"_blank\" rel=\"noopener\">las\u012bt \u0161eit<\/a>. S\u012bkfailu izmanto\u0161anu var iestat\u012bt neatkar\u012bgi no j\u016bsu p\u0101rl\u016bkprogrammas. S\u012bkdat\u0146u nepie\u0146em\u0161ana var ierobe\u017eot t\u012bmek\u013ca vietnes darb\u012bbu.<\/p>\n<h4>Personas datu izmanto\u0161ana ar citiem l\u012bdzek\u013ciem<\/h4>\n<p>M\u016bsu vietn\u0113 tiek izmantoti papildu tie\u0161saistes r\u012bki, kas v\u0101c datus neatkar\u012bgi no mums: Google Analytics , Google AdSense, Facebook.com.<\/p>\n<p>\u0160o r\u012bku apkopoto inform\u0101ciju var nodot \u0161o organiz\u0101ciju iek\u0161\u0113jiem dienestiem un t\u0101d\u0113j\u0101di izmantot, lai personaliz\u0113tu sava rekl\u0101mas t\u012bkla rekl\u0101mu. Ar \u0161o organiz\u0101ciju lietot\u0101ju l\u012bgumiem var iepaz\u012bties to t\u012bmek\u013ca vietn\u0113s. J\u016bs varat ar\u012b atteikties no personas datu v\u0101k\u0161anas, izmantojot Google Analytics blo\u0137\u0113t\u0101ju.&nbsp;<a href=\"https:\/\/tools.google.com\/dlpage\/gaoptout?hl=en\" target=\"_blank\" rel=\"noopener\">klik\u0161\u0137iniet \u0161eit<\/a>. M\u0113s nenododam personas datus cit\u0101m organiz\u0101cij\u0101m vai pakalpojumiem, kas nav min\u0113ti \u0161aj\u0101 konfidencialit\u0101tes politik\u0101. Tas attiecas tikai uz datu nodo\u0161anu sabiedrisk\u0101m organiz\u0101cij\u0101m p\u0113c piepras\u012bjuma un pilnvarojuma.<\/p>\n<h4>Saites uz cit\u0101m vietn\u0113m<\/h4>\n<p>M\u016bsu t\u012bmek\u013ca vietn\u0113 www.dekastar.lt var b\u016bt saites uz cit\u0101m t\u012bmek\u013ca vietn\u0113m, kas nav m\u016bsu kontrol\u0113. M\u0113s neesam atbild\u012bgi par to saturu. M\u0113s iesak\u0101m iepaz\u012bties ar katras apmekl\u0113t\u0101s t\u012bmek\u013ca vietnes konfidencialit\u0101tes politiku.<\/p>\n<h4>Izmai\u0146as Konfidencialit\u0101tes regul\u0101<\/h4>\n<p>M\u016bsu vietnes www.dekastar.lt konfidencialit\u0101tes politika var tikt main\u012bta. Attiec\u012bgi m\u0113s j\u016bs inform\u0113sim par \u0161\u012bm izmai\u0146\u0101m, ievietojot jauno priv\u0101tuma politiku \u0161aj\u0101 lap\u0101. M\u0113s r\u016bp\u012bgi sekojam l\u012bdzi vis\u0101m izmai\u0146\u0101m ties\u012bbu aktos, kas attiecas uz personas datu glab\u0101\u0161anu Eiropas Savien\u012bb\u0101 un Lietuvas valst\u012b. Ja j\u016bsu personas dati tiek glab\u0101ti m\u016bsu t\u012bmek\u013ca vietn\u0113, m\u0113s j\u016bs inform\u0113sim par izmai\u0146\u0101m priv\u0101tuma regul\u0113jum\u0101, kad apmekl\u0113siet t\u012bmek\u013ca vietni vai pierakst\u012bsieties m\u016bsu iek\u0161\u0113j\u0101 sist\u0113m\u0101. Ja j\u016bsu dati ir ievad\u012bti nepareizi, m\u0113s nevar\u0113sim ar jums sazin\u0101ties.<\/p>\n<h4>Atsauksmes, nobeiguma apsv\u0113rumi<\/h4>\n<p>Jaut\u0101jumus par Priv\u0101tuma regulu varat uzdot www.dekastar.lt administr\u0101cijai: info@dekastar.lt. Ja j\u016bs nepiekr\u012btat \u0161ai Priv\u0101tuma politikai, j\u016bs nedr\u012bkstat izmantot www.dekastar.lt sniegtos pakalpojumus. \u0160\u0101d\u0101 gad\u012bjum\u0101 jums j\u0101atturas no m\u016bsu t\u012bmek\u013ca vietnes apmekl\u0113\u0161anas.<\/p>\n<p><\/p>\t\t\t\t\t\t\t\t<\/div>\n\t\t\t\t<\/div>\n\t\t\t\t\t<\/div>\n\t\t<\/div>\n\t\t\t\t\t<\/div>\n\t\t<\/section>\n\t\t\t\t<\/div>","protected":false},"excerpt":{"rendered":"<p>Atnaujinta: 2021\/10\/17 www.dekastar.lt svetain\u0117s administracija \u012fsipareigoja saugoti J\u016bs\u0173 konfidencialum\u0105 internete. J\u016bs\u0173 pateikt\u0173 duomen\u0173 saugumas mums yra labai reik\u0161mingas. M\u016bs\u0173 konfidencialumo reglamentas yra pagr\u012fstas Bendrojo Europos S\u0105jungos asmenini\u0173 duomen\u0173 apsaugos reglamento (BDAR) reikalavimais. Asmenini\u0173 duomen\u0173 rinkimo tikslas: m\u016bs\u0173 svetain\u0117s veiklos gerinimas, susisiekimas su \u0161ios svetain\u0117s lankytojais, naujien\u0173 i\u0161siuntimas elektroniniu pa\u0161tu, naudotoj\u0173 duomen\u0173 apdorojimas, skirtas interneto paslaugoms [&hellip;]<\/p>\n","protected":false},"author":1,"featured_media":562,"parent":0,"menu_order":0,"comment_status":"closed","ping_status":"closed","template":"","meta":{"_acf_changed":false,"footnotes":""},"class_list":["post-3","page","type-page","status-publish","has-post-thumbnail","hentry"],"blocksy_meta":{"styles_descriptor":{"styles":{"desktop":"","tablet":"","mobile":""},"google_fonts":[],"version":6}},"acf":[],"_links":{"self":[{"href":"https:\/\/dekastar.lt\/lv\/wp-json\/wp\/v2\/pages\/3","targetHints":{"allow":["GET"]}}],"collection":[{"href":"https:\/\/dekastar.lt\/lv\/wp-json\/wp\/v2\/pages"}],"about":[{"href":"https:\/\/dekastar.lt\/lv\/wp-json\/wp\/v2\/types\/page"}],"author":[{"embeddable":true,"href":"https:\/\/dekastar.lt\/lv\/wp-json\/wp\/v2\/users\/1"}],"replies":[{"embeddable":true,"href":"https:\/\/dekastar.lt\/lv\/wp-json\/wp\/v2\/comments?post=3"}],"version-history":[{"count":0,"href":"https:\/\/dekastar.lt\/lv\/wp-json\/wp\/v2\/pages\/3\/revisions"}],"wp:featuredmedia":[{"embeddable":true,"href":"https:\/\/dekastar.lt\/lv\/wp-json\/wp\/v2\/media\/562"}],"wp:attachment":[{"href":"https:\/\/dekastar.lt\/lv\/wp-json\/wp\/v2\/media?parent=3"}],"curies":[{"name":"wp","href":"https:\/\/api.w.org\/{rel}","templated":true}]}}