{"id":462,"date":"2021-10-16T10:26:18","date_gmt":"2021-10-16T10:26:18","guid":{"rendered":"https:\/\/dekastar.lt\/?page_id=462"},"modified":"2022-01-05T09:54:04","modified_gmt":"2022-01-05T09:54:04","slug":"pristatymas","status":"publish","type":"page","link":"https:\/\/dekastar.lt\/lv\/pristatymas\/","title":{"rendered":"Pieg\u0101des nosac\u012bjumi"},"content":{"rendered":"<div data-elementor-type=\"wp-page\" data-elementor-id=\"462\" class=\"elementor elementor-462\" data-elementor-post-type=\"page\">\n\t\t\t\t\t\t<section class=\"elementor-section elementor-top-section elementor-element elementor-element-3201b649 elementor-section-boxed elementor-section-height-default elementor-section-height-default\" data-id=\"3201b649\" data-element_type=\"section\" data-e-type=\"section\">\n\t\t\t\t\t\t<div class=\"elementor-container elementor-column-gap-default\">\n\t\t\t\t\t<div class=\"elementor-column elementor-col-100 elementor-top-column elementor-element elementor-element-681b1bd9\" data-id=\"681b1bd9\" data-element_type=\"column\" data-e-type=\"column\">\n\t\t\t<div class=\"elementor-widget-wrap elementor-element-populated\">\n\t\t\t\t\t\t<div class=\"elementor-element elementor-element-2d0b0ea8 elementor-widget elementor-widget-text-editor\" data-id=\"2d0b0ea8\" data-element_type=\"widget\" data-e-type=\"widget\" data-widget_type=\"text-editor.default\">\n\t\t\t\t<div class=\"elementor-widget-container\">\n\t\t\t\t\t\t\t\t\t<h4>1. Pre\u010du pieg\u0101de<\/h4><div><br><\/div>\n<p>1.1 Lietuv\u0101 m\u0113s pieg\u0101d\u0101sim preces uz j\u016bsu izv\u0113l\u0113to OMNIVA vai LP Express pasta noda\u013cu vai uz j\u016bsu izv\u0113l\u0113tu adresi. Pieg\u0101dei uz Kur\u0161u k\u0101pu piem\u0113ro atsevi\u0161\u0137u cenu. Ja izv\u0113laties pieg\u0101di uz Kur\u0161u k\u0101pu, ar jums sazin\u0101simies atsevi\u0161\u0137i, lai noskaidrotu gal\u012bgo pieg\u0101des cenu. Pieg\u0101des cena uz Kur\u0161u k\u0101pu s\u0101kas no 25 \u20ac (ar PVN) un var at\u0161\u0137irties atkar\u012bb\u0101 no pakas svara vai paku skaita.<\/p><p><br>\n1.2. P\u0113c nos\u016bt\u012b\u0161anas preces tiek pieg\u0101d\u0101tas 2-4 dienu laik\u0101 (retos gad\u012bjumos ekstrem\u0101lu laika apst\u0101k\u013cu d\u0113\u013c vai sv\u0113tku laik\u0101 - 3-7 dienu laik\u0101) no maks\u0101juma apstiprin\u0101juma datuma.<\/p><p><br>\n1.3 Par pas\u016bt\u012bjuma statusu j\u016bs tiksiet inform\u0113ts pa e-pastu.<\/p><p><br>\n1.4 J\u016bs varat izsekot savam pas\u016bt\u012bjumam kurjera t\u012bmek\u013ca vietn\u0113, ievadot sa\u0146emt\u0101 s\u016bt\u012bjuma numuru.<\/p><p><br><\/p>\n<h4>2. Pre\u010du pieg\u0101de uz pasta noda\u013c\u0101m<\/h4><div><br><\/div>\n<p>2.1 Ja esat izv\u0113l\u0113jies pieg\u0101di uz pasta noda\u013cu, preces tiks pieg\u0101d\u0101tas uz pasta noda\u013cu, kuru izv\u0113l\u0113sieties pirkuma br\u012bd\u012b.<\/p><p><span style=\"font-size: inherit; text-align: inherit; background-color: inherit; color: var(--color); font-family: var(--fontFamily); font-style: var(--fontStyle, inherit); font-weight: var(--fontWeight); letter-spacing: var(--letterSpacing); text-transform: var(--textTransform);\">2.2 Prec\u012bzu pieg\u0101des cenu nor\u0101da pirkuma br\u012bd\u012b.<\/span><br><\/p><p><br>\n2.3. Jums preces no pasta noda\u013cas ir j\u0101iz\u0146em noteikt\u0101 termi\u0146\u0101, par ko j\u016bs inform\u0113s pakalpojuma sniedz\u0113js.<\/p><p><br>\n2.4 Pa pastu var pas\u016bt\u012bt tikai tos s\u016bt\u012bjumus, kas atbilst izm\u0113ra un svara ierobe\u017eojumiem. Ja s\u016bt\u012bjumu nav iesp\u0113jams pieg\u0101d\u0101t pa pastu, ar jums sazin\u0101sies m\u016bsu veikala darbinieki.<\/p><p>2.5. Ja nevarat atrast piem\u0113rotu pasta noda\u013cu sava pas\u016bt\u012bjuma pieg\u0101dei, l\u016bdzu, sazinieties ar mums pa e-pastu. <a href=\"mailto:info@dekastar.lt\">info@dekastar.lt<\/a><\/p><p><span style=\"font-size: inherit; text-align: inherit; background-color: inherit; color: var(--color); font-family: var(--fontFamily); font-style: var(--fontStyle, inherit); font-weight: var(--fontWeight); letter-spacing: var(--letterSpacing); text-transform: var(--textTransform);\">SVAR\u012aGI! Ja pas\u016bt\u012bto Pre\u010du summa ir vismaz 89 \u20ac, pieg\u0101de ir bez maksas (iz\u0146emot Kur\u0161u k\u0101p\u0101).<\/span><br><\/p>\n<h4>3. Pieg\u0101de m\u0101j\u0101s vai biroj\u0101<\/h4><div><br><\/div>\n<p>3.1 Ja esat izv\u0113l\u0113jies pieg\u0101di ar kurjerpastu, preces tiek pieg\u0101d\u0101tas katru darba dienu no plkst. 10.00 l\u012bdz 16.00, un jums ir j\u0101nodro\u0161ina, lai j\u016bs var\u0113tu sa\u0146emt s\u016bt\u012bjumu.<\/p><p><br>\n3.2 S\u016bt\u012bjumi var aizkav\u0113ties, ja esat nepareizi nor\u0101d\u012bjis pieg\u0101des adresi, pasta indeksu, t\u0101lru\u0146a numuru vai ja kurjers nav atradis j\u016bs l\u012bdz paredz\u0113tajam pieg\u0101des laikam.<\/p><p><br><\/p>\n<h4>4. Pieg\u0101des cenas<\/h4><div><br><\/div>\n<p>Cenas ir atkar\u012bgas no ieg\u0101d\u0101jamo pre\u010du svara un izm\u0113ra. Prec\u012bzas cenas ir pieejamas pie kases. Ir pieejami \u0161\u0101di pieg\u0101des veidi:<\/p><p><br>\n4.1. Pieg\u0101des cena ar Omniva pasta autom\u0101tiem ir 3,50 EUR.<\/p><p><br>\n4.2. Pieg\u0101des izmaksas ar Lp Express pasta s\u016bt\u012bjumu ir 3,50 EUR.<\/p><p><br>\n4.3. Pieg\u0101des cena ar Lietuvas Pasta starpniec\u012bbu ir 3,50 EUR.<\/p><p><br>\n4.4 30 kg un liel\u0101kiem s\u016bt\u012bjumiem piem\u0113ro atsevi\u0161\u0137u cenu. Ja izv\u0113laties preces, kuru kop\u0113jais svars p\u0101rsniedz 30 kg, ar jums sazin\u0101sies atsevi\u0161\u0137i, lai noskaidrotu gal\u012bgo pieg\u0101des cenu.<\/p><p><br>\nSVAR\u012aGI! Ja pas\u016bt\u012bto Pre\u010du summa ir vismaz 89 \u20ac, pieg\u0101de ir bez maksas (<span style=\"background-color: inherit; color: var(--color); font-size: inherit; text-align: inherit; font-family: var(--fontFamily); font-style: var(--fontStyle, inherit); font-weight: var(--fontWeight); letter-spacing: var(--letterSpacing); text-transform: var(--textTransform);\">iz\u0146emot Kur\u0161u k\u0101pu).<\/span><\/p>\t\t\t\t\t\t\t\t<\/div>\n\t\t\t\t<\/div>\n\t\t\t\t\t<\/div>\n\t\t<\/div>\n\t\t\t\t\t<\/div>\n\t\t<\/section>\n\t\t\t\t<\/div>","protected":false},"excerpt":{"rendered":"<p>1. Preki\u0173 pristatymas 1.1. Lietuvoje prekes pristatome \u012f J\u016bs\u0173 pasirinkt\u0105 OMNIVA arba LP Express pa\u0161tomat\u0105 arba j\u016bs\u0173 norimu adresu. Preki\u0173 pristatymui \u012f Kur\u0161i\u0173 Nerij\u0105 taikoma atskira kainodara. Pasirinkus pristatym\u0105 \u012f Kur\u0161i\u0173 Nerij\u0105 su Jumis bus atskirai susisiekta d\u0117l galutin\u0117s pristatymo kainos. Pristatymo kaina \u012f Kur\u0161i\u0173 Nerij\u0105 prasideda nuo 25 \u20ac (su PVM), ir gali kilti [&hellip;]<\/p>\n","protected":false},"author":1,"featured_media":568,"parent":0,"menu_order":0,"comment_status":"closed","ping_status":"closed","template":"","meta":{"_acf_changed":false,"footnotes":""},"class_list":["post-462","page","type-page","status-publish","has-post-thumbnail","hentry"],"blocksy_meta":{"styles_descriptor":{"styles":{"desktop":"","tablet":"","mobile":""},"google_fonts":[],"version":6}},"acf":[],"_links":{"self":[{"href":"https:\/\/dekastar.lt\/lv\/wp-json\/wp\/v2\/pages\/462","targetHints":{"allow":["GET"]}}],"collection":[{"href":"https:\/\/dekastar.lt\/lv\/wp-json\/wp\/v2\/pages"}],"about":[{"href":"https:\/\/dekastar.lt\/lv\/wp-json\/wp\/v2\/types\/page"}],"author":[{"embeddable":true,"href":"https:\/\/dekastar.lt\/lv\/wp-json\/wp\/v2\/users\/1"}],"replies":[{"embeddable":true,"href":"https:\/\/dekastar.lt\/lv\/wp-json\/wp\/v2\/comments?post=462"}],"version-history":[{"count":0,"href":"https:\/\/dekastar.lt\/lv\/wp-json\/wp\/v2\/pages\/462\/revisions"}],"wp:featuredmedia":[{"embeddable":true,"href":"https:\/\/dekastar.lt\/lv\/wp-json\/wp\/v2\/media\/568"}],"wp:attachment":[{"href":"https:\/\/dekastar.lt\/lv\/wp-json\/wp\/v2\/media?parent=462"}],"curies":[{"name":"wp","href":"https:\/\/api.w.org\/{rel}","templated":true}]}}