{"id":9,"date":"2021-10-11T14:55:32","date_gmt":"2021-10-11T14:55:32","guid":{"rendered":"http:\/\/dekastar.lt\/?page_id=9"},"modified":"2022-02-22T23:57:13","modified_gmt":"2022-02-22T23:57:13","slug":"grazinimai","status":"publish","type":"page","link":"https:\/\/dekastar.lt\/lv\/grazinimai\/","title":{"rendered":"Kompens\u0101cijas"},"content":{"rendered":"\t\t<div data-elementor-type=\"wp-page\" data-elementor-id=\"9\" class=\"elementor elementor-9\" data-elementor-post-type=\"page\">\n\t\t\t\t\t\t<section class=\"elementor-section elementor-top-section elementor-element elementor-element-9017ce2 elementor-section-boxed elementor-section-height-default elementor-section-height-default\" data-id=\"9017ce2\" data-element_type=\"section\" data-e-type=\"section\">\n\t\t\t\t\t\t<div class=\"elementor-container elementor-column-gap-default\">\n\t\t\t\t\t<div class=\"elementor-column elementor-col-100 elementor-top-column elementor-element elementor-element-9a558ae\" data-id=\"9a558ae\" data-element_type=\"column\" data-e-type=\"column\">\n\t\t\t<div class=\"elementor-widget-wrap elementor-element-populated\">\n\t\t\t\t\t\t<div class=\"elementor-element elementor-element-e375c5d elementor-widget elementor-widget-text-editor\" data-id=\"e375c5d\" data-element_type=\"widget\" data-e-type=\"widget\" data-widget_type=\"text-editor.default\">\n\t\t\t\t<div class=\"elementor-widget-container\">\n\t\t\t\t\t\t\t\t\t<h6>1. Preki\u0173 gr\u0105\u017einimas ir keitimas.<\/h6>\n<p>1.1. Nekokybi\u0161kos prek\u0117s kei\u010diamos arba kokybi\u0161kos prek\u0117s gr\u0105\u017einamos vadovaujantis LR galiojan\u010diais teis\u0117s aktais ir \u0161iomis taisykl\u0117mis.<br>1.2. Kokybi\u0161kos prek\u0117s gali b\u016bti gr\u0105\u017einamos Pardav\u0117jui sutikus jei tai nurodyta LR galiojan\u010diuose teis\u0117s aktuose (PVZ \u201cMa\u017emenin\u0117s prekybos taisykl\u0117s &#8211; 17 punktas).<br>1.3. Nor\u0117damas gr\u0105\u017einti prek\u0119(-es) remiantis Taisykli\u0173 8.1. punktu, Pirk\u0117jas gali tai padaryti per 14 (keturiolika) darbo dien\u0173 nuo preki\u0173 pristatymo dienos, apie tai informuodamas Pardav\u0117j\u0105 u\u017epildant \u017eemiau pateikt\u0105 form\u0105.<\/p>\n<h6>2. Pirk\u0117jas gr\u0105\u017eindamas prekes, turi laikytis \u0161i\u0173 s\u0105lyg\u0173:<\/h6>\n<p>2.1. gr\u0105\u017einama prek\u0117 turi b\u016bti originalioje ir tvarkingoje pakuot\u0117je;<br>2.2. prek\u0117 turi b\u016bti nesugadinta;<br>2.3. prek\u0117 turi b\u016bti nenaudota, ned\u0117v\u0117ta, nepraradusi prekin\u0117s i\u0161vaizdos (su nepa\u017eeistos etiket\u0117mis, nenupl\u0117\u0161tomis apsaugin\u0117mis pl\u0117vel\u0117mis ir pan.) (\u0161is punktas netaikomas tuo atveju, kai gr\u0105\u017einama nekokybi\u0161ka prek\u0117);<br>2.4. gr\u0105\u017einama prek\u0117 turi b\u016bti tos pa\u010dios komplektacijos, kokia buvo pristatyta Pirk\u0117jui;<br>2.5. gr\u0105\u017einant prek\u0119 privaloma pateikti jos \u012fsigijimo dokument\u0105.<\/p>\n<h6>3. Pardav\u0117jas turi teis\u0119 nepriimti Pirk\u0117jo gr\u0105\u017einam\u0173 preki\u0173, jei Pirk\u0117jas nesilaiko 2 punkte nustatytos preki\u0173 gr\u0105\u017einimo tvarkos.<br>4. Kai gr\u0105\u017einama gauta ne ta prek\u0117 ir\/ar nekokybi\u0161ka prek\u0117, Pardav\u0117jas \u012fsipareigoja tokias prekes pakeisti analogi\u0161komis tinkamomis prek\u0117mis.<br>5. Kai Pardav\u0117jas neturi pakeitimui tinkam\u0173 preki\u0173, Pirk\u0117jui gr\u0105\u017einama jo sumok\u0117ta suma.<\/h6>\t\t\t\t\t\t\t\t<\/div>\n\t\t\t\t<\/div>\n\t\t\t\t\t<\/div>\n\t\t<\/div>\n\t\t\t\t\t<\/div>\n\t\t<\/section>\n\t\t\t\t<section class=\"elementor-section elementor-top-section elementor-element elementor-element-3dfc6b4 elementor-section-boxed elementor-section-height-default elementor-section-height-default\" data-id=\"3dfc6b4\" data-element_type=\"section\" data-e-type=\"section\">\n\t\t\t\t\t\t<div class=\"elementor-container elementor-column-gap-default\">\n\t\t\t\t\t<div class=\"elementor-column elementor-col-100 elementor-top-column elementor-element elementor-element-37a6bcc\" data-id=\"37a6bcc\" data-element_type=\"column\" data-e-type=\"column\">\n\t\t\t<div class=\"elementor-widget-wrap elementor-element-populated\">\n\t\t\t\t\t\t<div class=\"elementor-element elementor-element-61887f9 elementor-widget elementor-widget-spacer\" data-id=\"61887f9\" data-element_type=\"widget\" data-e-type=\"widget\" data-widget_type=\"spacer.default\">\n\t\t\t\t<div class=\"elementor-widget-container\">\n\t\t\t\t\t\t\t<div class=\"elementor-spacer\">\n\t\t\t<div class=\"elementor-spacer-inner\"><\/div>\n\t\t<\/div>\n\t\t\t\t\t\t<\/div>\n\t\t\t\t<\/div>\n\t\t\t\t<div class=\"elementor-element elementor-element-1bc1074 elementor-widget elementor-widget-heading\" data-id=\"1bc1074\" data-element_type=\"widget\" data-e-type=\"widget\" data-widget_type=\"heading.default\">\n\t\t\t\t<div class=\"elementor-widget-container\">\n\t\t\t\t\t<h2 class=\"elementor-heading-title elementor-size-default\">Gr\u0105\u017einimo forma<\/h2>\t\t\t\t<\/div>\n\t\t\t\t<\/div>\n\t\t\t\t<div class=\"elementor-element elementor-element-09ce909 elementor-widget elementor-widget-shortcode\" data-id=\"09ce909\" data-element_type=\"widget\" data-e-type=\"widget\" data-widget_type=\"shortcode.default\">\n\t\t\t\t<div class=\"elementor-widget-container\">\n\t\t\t\t\t\t\t<div class=\"elementor-shortcode\"><div class='fluentform ff-default fluentform_wrapper_3 ffs_default_wrap'><form data-form_id=\"3\" id=\"fluentform_3\" class=\"frm-fluent-form fluent_form_3 ff-el-form-top ff_form_instance_3_1 ff-form-loading ffs_default\" data-form_instance=\"ff_form_instance_3_1\" method=\"POST\" ><fieldset  style=\"border: none!important;margin: 0!important;padding: 0!important;background-color: transparent!important;box-shadow: none!important;outline: none!important; min-inline-size: 100%;\">\n                    <legend class=\"ff_screen_reader_title\" style=\"display: block; margin: 0!important;padding: 0!important;height: 0!important;text-indent: -999999px;width: 0!important;overflow:hidden;\">Grazinimai<\/legend><input type='hidden' name='__fluent_form_embded_post_id' value='9' \/><input type=\"hidden\" id=\"_fluentform_3_fluentformnonce\" name=\"_fluentform_3_fluentformnonce\" value=\"5351b47f71\" \/><input type=\"hidden\" name=\"_wp_http_referer\" value=\"\/lv\/wp-json\/wp\/v2\/pages\/9\" \/><div data-type=\"name-element\" data-name=\"names\" class=\" ff-field_container ff-name-field-wrapper\" ><div class='ff-t-container'><div class='ff-t-cell '><div class='ff-el-group  ff-el-form-top'><div class=\"ff-el-input--label ff-el-is-required asterisk-right\"><label for='ff_3_names_first_name_' id='label_ff_3_names_first_name_' >Vardas<\/label><\/div><div class='ff-el-input--content'><input type=\"text\" name=\"names[first_name]\" id=\"ff_3_names_first_name_\" class=\"ff-el-form-control\" placeholder=\"Vardas\" aria-invalid=\"false\" aria-required=true><\/div><\/div><\/div><div class='ff-t-cell '><div class='ff-el-group  ff-el-form-top'><div class=\"ff-el-input--label ff-el-is-required asterisk-right\"><label for='ff_3_names_last_name_' id='label_ff_3_names_last_name_' >Pavard\u0117<\/label><\/div><div class='ff-el-input--content'><input type=\"text\" name=\"names[last_name]\" id=\"ff_3_names_last_name_\" class=\"ff-el-form-control\" placeholder=\"Pavard\u0117\" aria-invalid=\"false\" aria-required=true><\/div><\/div><\/div><\/div><\/div><div class='ff-el-group'><div class=\"ff-el-input--label ff-el-is-required asterisk-right\"><label for='ff_3_email' id='label_ff_3_email' aria-label=\"El.pa\u0161to adresas\">El.pa\u0161to adresas<\/label><\/div><div class='ff-el-input--content'><input type=\"email\" name=\"email\" id=\"ff_3_email\" class=\"ff-el-form-control\" placeholder=\"El.pa\u0161to adresas\" data-name=\"email\"  aria-invalid=\"false\" aria-required=true><\/div><\/div><div class='ff-el-group'><div class=\"ff-el-input--label ff-el-is-required asterisk-right\"><label for='ff_3_input_text_1' id='label_ff_3_input_text_1' aria-label=\"Tel.numeris\">Tel.numeris<\/label><\/div><div class='ff-el-input--content'><input type=\"text\" name=\"input_text_1\" class=\"ff-el-form-control\" placeholder=\"Tel.numeris\" data-name=\"input_text_1\" id=\"ff_3_input_text_1\"  aria-invalid=\"false\" aria-required=true><\/div><\/div><div class='ff-el-group'><div class=\"ff-el-input--label ff-el-is-required asterisk-right\"><label for='ff_3_input_text_2' id='label_ff_3_input_text_2' aria-label=\"U\u017esakymo numeris\">U\u017esakymo numeris<\/label><\/div><div class='ff-el-input--content'><input type=\"text\" name=\"input_text_2\" class=\"ff-el-form-control\" placeholder=\"U\u017esakymo numeris\" data-name=\"input_text_2\" id=\"ff_3_input_text_2\"  aria-invalid=\"false\" aria-required=true><\/div><\/div><div class='ff-el-group'><div class=\"ff-el-input--label ff-el-is-required asterisk-right\"><label for='ff_3_input_text' id='label_ff_3_input_text' aria-label=\"Gr\u0105\u017einimo prie\u017eastis\">Gr\u0105\u017einimo prie\u017eastis<\/label><\/div><div class='ff-el-input--content'><input type=\"text\" name=\"input_text\" class=\"ff-el-form-control\" placeholder=\"Gr\u0105\u017einimo prie\u017eastis\" data-name=\"input_text\" id=\"ff_3_input_text\"  aria-invalid=\"false\" aria-required=true><\/div><\/div><div class='ff-el-group'><div class=\"ff-el-input--label ff-el-is-required asterisk-right\"><label for='ff_3_input_text_3' id='label_ff_3_input_text_3' aria-label=\"Gr\u0105\u017einamos prek\u0117s pavadinimas\">Gr\u0105\u017einamos prek\u0117s pavadinimas<\/label><\/div><div class='ff-el-input--content'><input type=\"text\" name=\"input_text_3\" class=\"ff-el-form-control\" placeholder=\"Pavadinimas\" data-name=\"input_text_3\" id=\"ff_3_input_text_3\"  aria-invalid=\"false\" aria-required=true><\/div><\/div><div class='ff-el-group'><div class=\"ff-el-input--label ff-el-is-required asterisk-right\"><label for='ff_3_input_text_4' id='label_ff_3_input_text_4' aria-label=\"Banko s\u0105skaita\">Banko s\u0105skaita<\/label><\/div><div class='ff-el-input--content'><input type=\"text\" name=\"input_text_4\" class=\"ff-el-form-control\" placeholder=\"Banko s\u0105skaita\" data-name=\"input_text_4\" id=\"ff_3_input_text_4\"  aria-invalid=\"false\" aria-required=true><\/div><\/div><div class='ff-el-group ff-text-center ff_submit_btn_wrapper'><button type=\"submit\" class=\"ff-btn ff-btn-submit ff-btn-md ff_btn_style wpf_has_custom_css\"  aria-label=\"Gr\u0105\u017einti prek\u0119\">Gr\u0105\u017einti prek\u0119<\/button><\/div><\/fieldset><\/form><div id='fluentform_3_errors' class='ff-errors-in-stack ff_form_instance_3_1 ff-form-loading_errors ff_form_instance_3_1_errors'><\/div><\/div>            <script type=\"text\/javascript\">\n                window.fluent_form_ff_form_instance_3_1 = {\"id\":\"3\",\"ajaxUrl\":\"https:\\\/\\\/dekastar.lt\\\/wp-admin\\\/admin-ajax.php\",\"settings\":{\"layout\":{\"labelPlacement\":\"top\",\"helpMessagePlacement\":\"with_label\",\"errorMessagePlacement\":\"inline\",\"asteriskPlacement\":\"asterisk-right\"},\"restrictions\":{\"denyEmptySubmission\":{\"enabled\":false}}},\"form_instance\":\"ff_form_instance_3_1\",\"form_id_selector\":\"fluentform_3\",\"rules\":{\"names[first_name]\":{\"required\":{\"value\":true,\"message\":\"\\u0160is laukas privalomas\"}},\"names[middle_name]\":{\"required\":{\"value\":false,\"message\":\"This field is required\"}},\"names[last_name]\":{\"required\":{\"value\":true,\"message\":\"\\u0160is laukas privalomas\"}},\"email\":{\"required\":{\"value\":true,\"message\":\"\\u0160is laukas privalomas\"},\"email\":{\"value\":true,\"message\":\"Pra\\u0161ome \\u012fvesti tinkam\\u0105 el pa\\u0161to adres\\u0105\"}},\"input_text_1\":{\"required\":{\"value\":true,\"message\":\"\\u0160is laukas privalomas\"}},\"input_text_2\":{\"required\":{\"value\":true,\"message\":\"\\u0160is laukas privalomas\"}},\"input_text\":{\"required\":{\"value\":true,\"message\":\"\\u0160is laukas privalomas\"}},\"input_text_3\":{\"required\":{\"value\":true,\"message\":\"\\u0160is laukas privalomas\"}},\"input_text_4\":{\"required\":{\"value\":true,\"message\":\"\\u0160is laukas privalomas\"}}},\"debounce_time\":300};\n                            <\/script>\n            <\/div>\n\t\t\t\t\t\t<\/div>\n\t\t\t\t<\/div>\n\t\t\t\t\t<\/div>\n\t\t<\/div>\n\t\t\t\t\t<\/div>\n\t\t<\/section>\n\t\t\t\t<\/div>\n\t\t","protected":false},"excerpt":{"rendered":"<p>1. Preki\u0173 gr\u0105\u017einimas ir keitimas. 1.1. Nekokybi\u0161kos prek\u0117s kei\u010diamos arba kokybi\u0161kos prek\u0117s gr\u0105\u017einamos vadovaujantis LR galiojan\u010diais teis\u0117s aktais ir \u0161iomis taisykl\u0117mis.1.2. Kokybi\u0161kos prek\u0117s gali b\u016bti gr\u0105\u017einamos Pardav\u0117jui sutikus jei tai nurodyta LR galiojan\u010diuose teis\u0117s aktuose (PVZ \u201cMa\u017emenin\u0117s prekybos taisykl\u0117s &#8211; 17 punktas).1.3. Nor\u0117damas gr\u0105\u017einti prek\u0119(-es) remiantis Taisykli\u0173 8.1. punktu, Pirk\u0117jas gali tai padaryti per 14 [&hellip;]<\/p>\n","protected":false},"author":1,"featured_media":559,"parent":0,"menu_order":0,"comment_status":"closed","ping_status":"closed","template":"","meta":{"_acf_changed":false,"footnotes":""},"class_list":["post-9","page","type-page","status-publish","has-post-thumbnail","hentry"],"blocksy_meta":{"styles_descriptor":{"styles":{"desktop":"","tablet":"","mobile":""},"google_fonts":[],"version":6}},"acf":[],"_links":{"self":[{"href":"https:\/\/dekastar.lt\/lv\/wp-json\/wp\/v2\/pages\/9","targetHints":{"allow":["GET"]}}],"collection":[{"href":"https:\/\/dekastar.lt\/lv\/wp-json\/wp\/v2\/pages"}],"about":[{"href":"https:\/\/dekastar.lt\/lv\/wp-json\/wp\/v2\/types\/page"}],"author":[{"embeddable":true,"href":"https:\/\/dekastar.lt\/lv\/wp-json\/wp\/v2\/users\/1"}],"replies":[{"embeddable":true,"href":"https:\/\/dekastar.lt\/lv\/wp-json\/wp\/v2\/comments?post=9"}],"version-history":[{"count":0,"href":"https:\/\/dekastar.lt\/lv\/wp-json\/wp\/v2\/pages\/9\/revisions"}],"wp:featuredmedia":[{"embeddable":true,"href":"https:\/\/dekastar.lt\/lv\/wp-json\/wp\/v2\/media\/559"}],"wp:attachment":[{"href":"https:\/\/dekastar.lt\/lv\/wp-json\/wp\/v2\/media?parent=9"}],"curies":[{"name":"wp","href":"https:\/\/api.w.org\/{rel}","templated":true}]}}