{"id":10073,"date":"2025-08-23T15:42:36","date_gmt":"2025-08-23T15:42:36","guid":{"rendered":"https:\/\/dekastar.lt\/?post_type=product&#038;p=10073"},"modified":"2025-11-26T14:04:49","modified_gmt":"2025-11-26T14:04:49","slug":"reima-tuohi-kombinezonas-ziemai-melynas","status":"publish","type":"product","link":"https:\/\/dekastar.lt\/lv\/products\/reima-tuohi-kombinezonas-ziemai-melynas\/","title":{"rendered":"REIMA Tuohi ziemas kombinezons (Zils)"},"content":{"rendered":"<p>Uzman\u012bbu! REIMA kr\u016b\u0161tura biks\u012bt\u0113m ir zin\u0101ma aug\u0161anas br\u012bv\u012bba (aptuveni 6 cm). Ja j\u016bsu b\u0113rna augums ruden\u012b ir tuvu 104 cm un vi\u0146am ir vid\u0113ja auguma augums, 104. izm\u0113ra kombinezonam ziem\u0101 vajadz\u0113tu b\u016bt ide\u0101li piem\u0113rotam. <\/p>\n<p>Reimatec sniega kombinezons b\u0113rniem, kas ir \u016bdensiztur\u012bgs un v\u0113ja necaurlaid\u012bgs. Kombinezons ir izgatavots no elpojo\u0161a un v\u0113ju necaurlaid\u012bga materi\u0101la, kas ar\u012b atgr\u016b\u017e net\u012brumus un \u016bdeni. Galven\u0101s \u0161uves ir aizl\u012bm\u0113tas, lai pastiprin\u0101tu \u016bdensnecaurlaid\u012bgo apdari, un glud\u0101 poliestera odere atvieglo \u0123\u0113rb\u0161anos.<\/p>\n<p>Galven\u0101s \u0161uves ir herm\u0113tiskas un \u016bdensnecaurlaid\u012bgas;<br \/>\nBIONIC-FINISH\u00aeECO apdare, kas atgr\u016b\u017e \u016bdeni un net\u012brumus;<br \/>\nGluda poliestera oder\u0113jums;<br \/>\nDro\u0161s, no\u0146emams p\u0101rsegs;<br \/>\nElast\u012bgas aproces un k\u0101ju gali;<br \/>\nElast\u012bga josta;<br \/>\nNo\u0146emamas, iztur\u012bgas silikona cilpas k\u0101j\u0101m;<br \/>\nGar\u0161 r\u0101v\u0113jsl\u0113dz\u0113js \u0113rtai \u0123\u0113rb\u0161an\u0101s atvieglo\u0161anai;<br \/>\nPamatmateri\u0101ls: poliesteris 100%, poliuret\u0101na p\u0101rkl\u0101jums;<br \/>\nOdere: 100% poliesters.<br \/>\nKop\u0161anas nor\u0101d\u012bjumi: mazg\u0101t atsevi\u0161\u0137i no \u0101rpuses. Pirms mazg\u0101\u0161anas aiztaisiet visas aizdares. Nelietot mazg\u0101\u0161anas l\u012bdzek\u013cus, kas satur balino\u0161as sast\u0101vda\u013cas. Nelietojiet audumu m\u012bkstin\u0101t\u0101jus. Lai izvair\u012btos no kr\u0101sas mai\u0146as, ap\u0123\u0113rbu iz\u0123\u0113rbiet uzreiz p\u0113c mazg\u0101\u0161anas. Var \u017e\u0101v\u0113t ve\u013cas \u017e\u0101v\u0113tav\u0101 l\u012bdz 40 \u00b0C temperat\u016br\u0101.<\/p>\n<p>Izcelsmes valsts: \u0136\u012bna\/It\u0101lija\/Indija\/Vjetnama.<\/p>","protected":false},"excerpt":{"rendered":"<p>D\u0117mesio! REIMA kombinezonuose palikta \u0161iek tiek vietos augimui (apie 6 cm). Jei J\u016bs\u0173 vaiko \u016bgis ruden\u012f yra arti 104 cm ir vaikas yra vidutinio k\u016bno sud\u0117jimo, tai 104 dyd\u017eio kombinezonas jam tur\u0117t\u0173 puikiai tikti \u017eiemos metu. Reimatec vaiku\u010di\u0173 sniego kostiumas, kuris yra atsparus vandeniui ir v\u0117jui. \u0160is kombinezonas pagamintas i\u0161 kv\u0117puojan\u010dios ir v\u0117jui nepralaid\u017eios med\u017eiagos, [&hellip;]<\/p>\n","protected":false},"featured_media":10081,"template":"","meta":{"_acf_changed":false},"pwb-brand":[81],"product_brand":[],"product_cat":[40,68,47],"product_tag":[],"class_list":{"0":"post-10073","1":"product","2":"type-product","3":"status-publish","4":"has-post-thumbnail","6":"pwb-brand-reima","7":"product_cat-vaikams","8":"product_cat-kombinezonai","9":"product_cat-zieminiai-kombinezonai","10":"pa_drabuziu-dydis-209","11":"pa_drabuziu-dydis-168","12":"pa_drabuziu-dydis-147","13":"pa_drabuziu-dydis-148","14":"pa_drabuziu-dydis-142","16":"first","17":"instock","18":"sale","19":"shipping-taxable","20":"purchasable","21":"product-type-variable"},"supplier_id":null,"supplier_sku":"","barcode":null,"atum_controlled":true,"out_stock_date":null,"out_stock_threshold":null,"inheritable":false,"inbound_stock":null,"stock_on_hold":0,"sold_today":0,"sales_last_days":0,"reserved_stock":null,"customer_returns":null,"warehouse_damage":null,"lost_in_post":null,"other_logs":null,"out_stock_days":0,"lost_sales":0,"has_location":null,"update_date":"2026-05-04T03:16:23","atum_locations":[],"atum_stock_status":"instock","restock_status":false,"low_stock_amount":"","sales_update_date":"2026-05-04T03:16:23","calc_backorders":null,"acf":[],"brands":[{"id":81,"name":"REIMA","slug":"reima"}],"_links":{"self":[{"href":"https:\/\/dekastar.lt\/lv\/wp-json\/wp\/v2\/product\/10073","targetHints":{"allow":["GET"]}}],"collection":[{"href":"https:\/\/dekastar.lt\/lv\/wp-json\/wp\/v2\/product"}],"about":[{"href":"https:\/\/dekastar.lt\/lv\/wp-json\/wp\/v2\/types\/product"}],"wp:featuredmedia":[{"embeddable":true,"href":"https:\/\/dekastar.lt\/lv\/wp-json\/wp\/v2\/media\/10081"}],"wp:attachment":[{"href":"https:\/\/dekastar.lt\/lv\/wp-json\/wp\/v2\/media?parent=10073"}],"wp:term":[{"taxonomy":"pwb-brand","embeddable":true,"href":"https:\/\/dekastar.lt\/lv\/wp-json\/wp\/v2\/pwb-brand?post=10073"},{"taxonomy":"product_brand","embeddable":true,"href":"https:\/\/dekastar.lt\/lv\/wp-json\/wp\/v2\/product_brand?post=10073"},{"taxonomy":"product_cat","embeddable":true,"href":"https:\/\/dekastar.lt\/lv\/wp-json\/wp\/v2\/product_cat?post=10073"},{"taxonomy":"product_tag","embeddable":true,"href":"https:\/\/dekastar.lt\/lv\/wp-json\/wp\/v2\/product_tag?post=10073"}],"curies":[{"name":"wp","href":"https:\/\/api.w.org\/{rel}","templated":true}]}}