{"id":10118,"date":"2025-08-23T16:33:07","date_gmt":"2025-08-23T16:33:07","guid":{"rendered":"https:\/\/dekastar.lt\/?post_type=product&#038;p=10118"},"modified":"2025-10-25T10:49:52","modified_gmt":"2025-10-25T10:49:52","slug":"reima-ziemos-kombinezonas-puhuri-navy-melynas","status":"publish","type":"product","link":"https:\/\/dekastar.lt\/lv\/products\/reima-ziemos-kombinezonas-puhuri-navy-melynas\/","title":{"rendered":"REIMA ziemas kombinezons PUHURI (tum\u0161i zils)"},"content":{"rendered":"<p>REIMA ziemas kombinezons PUHURI Navy ir piem\u0113rots gan meiten\u0113m, gan z\u0113niem. Tas ir lielisks, rota\u013c\u012bgs ziemas kombinezons, kas lieliski noder\u0113s no v\u0113la rudens l\u012bdz agram pavasarim. \u0160\u012b kvalitat\u012bv\u0101 izv\u0113le ir funkcion\u0101la un stil\u012bga. Tas ir ne tikai \u013coti silts, bet ar\u012b praktisks, pateicoties t\u0101 virsdr\u0113bes audumam, kas atgr\u016b\u017e \u016bdeni un net\u012brumus. T\u0101p\u0113c jebkuros laikapst\u0101k\u013cos j\u016bsu mazulis var br\u012bvi sp\u0113l\u0113ties, br\u012bvi ros\u012bties un b\u016bt piln\u012bgi neierobe\u017eots sniega kupen\u0101s, lietus pe\u013c\u0137\u0113s un pat dzestraj\u0101 ziem\u0101 bie\u017ei sastopamajos apst\u0101k\u013cos. Visa kombinezona \u0161uves ir izol\u0113tas un piln\u012bb\u0101 nosl\u0113gtas, \u016bdensnecaurlaid\u012bgas un sniega necaurlaid\u012bgas. Kombinezons ir \u016bdensnecaurlaid\u012bgs, v\u0113ja necaurlaid\u012bgs un elpojo\u0161s.<\/p>\n<p><em>Produkta \u012bpa\u0161\u012bbas:<\/em><\/p>\n<ul>\n<li>Ziemas t\u0113rps no rudens\/ziemas kolekcijas<\/li>\n<li>Aizdare ar garu r\u0101v\u0113jsl\u0113dz\u0113ju priek\u0161pus\u0113, kas ir aizsarg\u0101ts pret mitrumu ar atloku.<\/li>\n<li>Gluda odere \u0113rtai uzvilk\u0161anai\/izvilk\u0161anai<\/li>\n<li>Poliestera oder\u0113jums<\/li>\n<li>Iek\u0161\u0113ji regul\u0113jams viduklis<\/li>\n<li>Uzvalka mugurda\u013ca ir \u012bpa\u0161i izol\u0113ta, pastiprin\u0101ta un izol\u0113ta pret mitrumu, lai nodro\u0161in\u0101tu neierobe\u017eotas sniega sp\u0113les.<\/li>\n<li>Bl\u012bv\u0113ta, liela, flysu izol\u0113ta un no\u0146emama kapuce<\/li>\n<li>No\u0146emamas elast\u012bgas apavu cilpas<\/li>\n<li>T\u0113rpam ir atstarojo\u0161as deta\u013cas, lai nodro\u0161in\u0101tu b\u0113rna redzam\u012bbu \u0101r\u0101 tums\u0101.<\/li>\n<li><span class=\"Y2IQFc\" lang=\"lt\">Sader\u012bgs ar Reima's Play Layers iek\u0161\u0113jo ap\u0123\u0113rbu<\/span><\/li>\n<li><span class=\"Y2IQFc\" lang=\"lt\">\u016adens un net\u012brumu atgr\u016bdo\u0161s BIONIC-FINISH\u00aeECO bez fluoroglek\u013ca uzvalka \u0101r\u0113jais audums<\/span><\/li>\n<li>Elast\u012bgi piedurk\u0146u gali<\/li>\n<li>Elast\u012bgi bik\u0161u gali<\/li>\n<li>Kabata ar r\u0101v\u0113jsl\u0113dz\u0113ju<\/li>\n<li>Iztur\u012bbas pret nodilumu indekss: 30 000 ciklu<\/li>\n<li>\u016adensnecaurlaid\u012bgs no 8000 mm (piem\u0113rots sp\u0113c\u012bgam lietum un sp\u0113l\u0113m uz mitras virsmas);<\/li>\n<li>Gaisa caurlaid\u012bba: no 7 000 g\/m2\/24h (\u013coti labi elpojo\u0161s un piem\u0113rots akt\u012bvai atp\u016btai);<\/li>\n<li>Valk\u0101jama no 0\u00b0 l\u012bdz -20\u00b0C.<\/li>\n<\/ul>\n<p><strong>Piez\u012bme!<\/strong> K\u0101 izv\u0113l\u0113ties pareizo izm\u0113ru? Reima\u00ae kr\u016b\u0161tura biks\u012bt\u0113s ir atst\u0101ta neliela vieta aug\u0161anai (aptuveni 6 cm). Ja j\u016bsu b\u0113rns ir 95 cm gar\u0161, ieteicamais kr\u016b\u0161tura izm\u0113rs ir 92 cm.<\/p>","protected":false},"excerpt":{"rendered":"<p>Prek\u0117s \u017eenklo REIMA \u017eieminis kombinezonas PUHURI Navy tinkamas tiek mergaitei, tiek berniukui. Tai puikus, \u017eaismingas \u017eiemos kombinezonas puikiai tiksiantis nuo v\u0117lyvo rudens iki ankstyvo pavasario. \u0160is itin kokybi\u0161kas J\u016bs\u0173 pasirinkimas yra funkcionalus ir stilingas. Kombinezonas ne tik labai \u0161iltas, bet ir prakti\u0161kas d\u0117l savo vir\u0161utinio audinio, kuris atstumia vanden\u012f bei purv\u0105. Tad bet kokiu oru [&hellip;]<\/p>\n","protected":false},"featured_media":10127,"template":"","meta":{"_acf_changed":false},"pwb-brand":[81],"product_brand":[],"product_cat":[40,68,47],"product_tag":[],"class_list":{"0":"post-10118","1":"product","2":"type-product","3":"status-publish","4":"has-post-thumbnail","6":"pwb-brand-reima","7":"product_cat-vaikams","8":"product_cat-kombinezonai","9":"product_cat-zieminiai-kombinezonai","10":"pa_drabuziu-dydis-209","11":"pa_drabuziu-dydis-168","12":"pa_drabuziu-dydis-147","13":"pa_drabuziu-dydis-148","14":"pa_drabuziu-dydis-142","16":"first","17":"instock","18":"sale","19":"shipping-taxable","20":"purchasable","21":"product-type-variable"},"supplier_id":null,"supplier_sku":"","barcode":null,"atum_controlled":true,"out_stock_date":null,"out_stock_threshold":null,"inheritable":false,"inbound_stock":null,"stock_on_hold":0,"sold_today":0,"sales_last_days":0,"reserved_stock":null,"customer_returns":null,"warehouse_damage":null,"lost_in_post":null,"other_logs":null,"out_stock_days":0,"lost_sales":0,"has_location":null,"update_date":"2026-04-14T00:35:42","atum_locations":[],"atum_stock_status":"instock","restock_status":false,"low_stock_amount":"","sales_update_date":"2026-04-14T00:35:42","calc_backorders":null,"acf":[],"brands":[{"id":81,"name":"REIMA","slug":"reima"}],"_links":{"self":[{"href":"https:\/\/dekastar.lt\/lv\/wp-json\/wp\/v2\/product\/10118","targetHints":{"allow":["GET"]}}],"collection":[{"href":"https:\/\/dekastar.lt\/lv\/wp-json\/wp\/v2\/product"}],"about":[{"href":"https:\/\/dekastar.lt\/lv\/wp-json\/wp\/v2\/types\/product"}],"wp:featuredmedia":[{"embeddable":true,"href":"https:\/\/dekastar.lt\/lv\/wp-json\/wp\/v2\/media\/10127"}],"wp:attachment":[{"href":"https:\/\/dekastar.lt\/lv\/wp-json\/wp\/v2\/media?parent=10118"}],"wp:term":[{"taxonomy":"pwb-brand","embeddable":true,"href":"https:\/\/dekastar.lt\/lv\/wp-json\/wp\/v2\/pwb-brand?post=10118"},{"taxonomy":"product_brand","embeddable":true,"href":"https:\/\/dekastar.lt\/lv\/wp-json\/wp\/v2\/product_brand?post=10118"},{"taxonomy":"product_cat","embeddable":true,"href":"https:\/\/dekastar.lt\/lv\/wp-json\/wp\/v2\/product_cat?post=10118"},{"taxonomy":"product_tag","embeddable":true,"href":"https:\/\/dekastar.lt\/lv\/wp-json\/wp\/v2\/product_tag?post=10118"}],"curies":[{"name":"wp","href":"https:\/\/api.w.org\/{rel}","templated":true}]}}