{"id":10133,"date":"2025-08-23T16:45:41","date_gmt":"2025-08-23T16:45:41","guid":{"rendered":"https:\/\/dekastar.lt\/?post_type=product&#038;p=10133"},"modified":"2025-11-26T19:17:02","modified_gmt":"2025-11-26T19:17:02","slug":"reima-kurikka-5100131b-kombinezonas-ziemai-zalias","status":"publish","type":"product","link":"https:\/\/dekastar.lt\/lv\/products\/reima-kurikka-5100131b-kombinezonas-ziemai-zalias\/","title":{"rendered":"REIMA Kurikka 5100131B ziemas kombinezons (Za\u013c\u0161)"},"content":{"rendered":"<p>Uzman\u012bbu! Reima\u00ae kr\u016b\u0161tura biks\u012bt\u0113s ir atst\u0101ta vieta aug\u0161anai (aptuveni 6 cm). Ja j\u016bsu b\u0113rns ruden\u012b ir tuvu 104 cm augumam un ir vid\u0113ja auguma, 104. izm\u0113ra biks\u012bt\u0113m ziem\u0101 vajadz\u0113tu vi\u0146am labi pierast. <\/p>\n<p>Reimatec ziemas kombinezons b\u0113rniem. \u016adensnecaurlaid\u012bgs un v\u0113ja necaurlaid\u012bgs, ar iztur\u012bgiem stiprin\u0101jumiem k\u0101ju galos. Visas \u0161uves ir aizl\u012bm\u0113tas. Iztur\u012bgi stiprin\u0101jumi k\u0101ju da\u013c\u0101.<\/p>\n<p>Visas \u0161uves ir aizl\u012bm\u0113tas;<br \/>\nIztur\u012bga apak\u0161\u0113j\u0101 da\u013ca;<br \/>\n\u016adens un net\u012brumu atgr\u016bdo\u0161s p\u0101rkl\u0101jums (BIONIC-FINISH\u00aeECO);<br \/>\nGluda poliestera oder\u0113jums, kas satur p\u0101rstr\u0101d\u0101tas poliestera \u0161\u0137iedras;<br \/>\nDro\u0161s, viegli no\u0146emams galvas p\u0101rsegs;<br \/>\nElast\u012bga josta;<br \/>\nNo\u0146emamas, iztur\u012bgas silikona cilpas k\u0101j\u0101m;<br \/>\nKabatas ar r\u0101v\u0113jsl\u0113dz\u0113ju;<br \/>\nAtstarojo\u0161as deta\u013cas.<br \/>\nKop\u0161anas nor\u0101d\u012bjumi:\u0100r\u0113jo da\u013cu mazg\u0101t atsevi\u0161\u0137i. Pirms mazg\u0101\u0161anas aiztaisiet velcro aizdares un nostipriniet ar velcro. Nelietojiet mazg\u0101\u0161anas l\u012bdzek\u013cus, kas satur balino\u0161as sast\u0101vda\u013cas. Nelietojiet audumu m\u012bkstin\u0101t\u0101jus. P\u0113c mazg\u0101\u0161anas iz\u0146emiet izstr\u0101d\u0101jumu no ve\u013cas mazg\u0101jam\u0101s ma\u0161\u012bnas, lai izvair\u012btos no kr\u0101sas mai\u0146as. Var \u017e\u0101v\u0113t ve\u013cas \u017e\u0101v\u0113tav\u0101 l\u012bdz 40 \u00b0C temperat\u016br\u0101.<\/p>\n<p>Izcelsmes valsts: \u0136\u012bna\/ It\u0101lija\/ Indija\/ Vjetnama.<\/p>","protected":false},"excerpt":{"rendered":"<p>D\u0117mesio! Reima\u00ae kombinezonuose palikta \u0161iek tiek vietos augimui (apie 6 cm). Jei J\u016bs\u0173 vaiko \u016bgis ruden\u012f yra arti 104 cm \u016bgio ir vaikas yra vidutinio k\u016bno sud\u0117jimo, tai 104 dyd\u017eio kombinezonas jam tur\u0117t\u0173 puikai tikti \u017eiemos metu. Reimatec \u017eieminis kombinezonas vaikams. Nepralaidus vandeniui ir v\u0117jui, su patvariais sustiprinimais koj\u0173 galuose. Didel\u0117s \u0161vies\u0105 atspindin\u010dios detal\u0117s.Visos kombinezono [&hellip;]<\/p>\n","protected":false},"featured_media":10138,"template":"","meta":{"_acf_changed":false},"pwb-brand":[81],"product_brand":[],"product_cat":[40,68,47],"product_tag":[],"class_list":{"0":"post-10133","1":"product","2":"type-product","3":"status-publish","4":"has-post-thumbnail","6":"pwb-brand-reima","7":"product_cat-vaikams","8":"product_cat-kombinezonai","9":"product_cat-zieminiai-kombinezonai","10":"pa_drabuziu-dydis-146","11":"pa_drabuziu-dydis-216","12":"pa_drabuziu-dydis-156","14":"first","15":"instock","16":"sale","17":"shipping-taxable","18":"purchasable","19":"product-type-variable"},"supplier_id":null,"supplier_sku":"","barcode":null,"atum_controlled":true,"out_stock_date":null,"out_stock_threshold":null,"inheritable":false,"inbound_stock":null,"stock_on_hold":0,"sold_today":0,"sales_last_days":0,"reserved_stock":null,"customer_returns":null,"warehouse_damage":null,"lost_in_post":null,"other_logs":null,"out_stock_days":0,"lost_sales":0,"has_location":null,"update_date":"2026-05-04T03:16:25","atum_locations":[],"atum_stock_status":"instock","restock_status":false,"low_stock_amount":"","sales_update_date":"2026-05-04T03:16:25","calc_backorders":null,"acf":[],"brands":[{"id":81,"name":"REIMA","slug":"reima"}],"_links":{"self":[{"href":"https:\/\/dekastar.lt\/lv\/wp-json\/wp\/v2\/product\/10133","targetHints":{"allow":["GET"]}}],"collection":[{"href":"https:\/\/dekastar.lt\/lv\/wp-json\/wp\/v2\/product"}],"about":[{"href":"https:\/\/dekastar.lt\/lv\/wp-json\/wp\/v2\/types\/product"}],"wp:featuredmedia":[{"embeddable":true,"href":"https:\/\/dekastar.lt\/lv\/wp-json\/wp\/v2\/media\/10138"}],"wp:attachment":[{"href":"https:\/\/dekastar.lt\/lv\/wp-json\/wp\/v2\/media?parent=10133"}],"wp:term":[{"taxonomy":"pwb-brand","embeddable":true,"href":"https:\/\/dekastar.lt\/lv\/wp-json\/wp\/v2\/pwb-brand?post=10133"},{"taxonomy":"product_brand","embeddable":true,"href":"https:\/\/dekastar.lt\/lv\/wp-json\/wp\/v2\/product_brand?post=10133"},{"taxonomy":"product_cat","embeddable":true,"href":"https:\/\/dekastar.lt\/lv\/wp-json\/wp\/v2\/product_cat?post=10133"},{"taxonomy":"product_tag","embeddable":true,"href":"https:\/\/dekastar.lt\/lv\/wp-json\/wp\/v2\/product_tag?post=10133"}],"curies":[{"name":"wp","href":"https:\/\/api.w.org\/{rel}","templated":true}]}}