{"id":10657,"date":"2025-09-29T10:37:30","date_gmt":"2025-09-29T10:37:30","guid":{"rendered":"https:\/\/dekastar.lt\/?post_type=product&#038;p=10657"},"modified":"2026-04-07T08:06:32","modified_gmt":"2026-04-07T08:06:32","slug":"name-it-striuke-softshell-nknalfa08","status":"publish","type":"product","link":"https:\/\/dekastar.lt\/lv\/products\/name-it-striuke-softshell-nknalfa08\/","title":{"rendered":"NAME IT Striuk\u0117 (Softshell NKNALFA08)"},"content":{"rendered":"<p>Stilinga \u201eName It\u201c mink\u0161to, tampraus softshell audinio striuk\u0117, \u017ealios\/chaki spalvos, su juodais u\u017etrauktukais.<\/p>\n<p>\u0160is modelis turi nuimam\u0105 gobtuv\u0105, kuris u\u017esegamas pasl\u0117ptomis sagomis, o rankov\u0117s turi tamprius kra\u0161tus, kuriuos galima suver\u017eti velcro juosta.<\/p>\n<p>Striuk\u0117s savyb\u0117mis:<br \/>\n* Atspari vandeniui, vandens stulpelio sl\u0117gis \u2013 8000 mm<br \/>\n* Laidi orui, 3000 g<br \/>\n* Atspari v\u0117jui<br \/>\n* Atsparumas dilimui \u2013 20 000 Martindale<br \/>\n* Ekologi\u0161ka vandeniui ir purvui atspari danga be PFC (Bionic Finish Eco) naudojimo<\/p>\n<p>\u201eName It\u201c softshell striuk\u0117 atsisega u\u017etrauktuku su smakro apsauga ir vidine apsauga nuo v\u0117jo. \u0160onuose yra flyso audiniu pa\u0161iltintos ki\u0161en\u0117s, kurios u\u017esegamos pasl\u0117pta sagtimi, ir dvi flysu pa\u0161iltintos ki\u0161en\u0117s vir\u0161utin\u0117je striuk\u0117s dalyje, abi u\u017esegamos vertikaliu u\u017etrauktuku. Softshell striuk\u0117 turi mink\u0161t\u0105, juod\u0105 flyso pamu\u0161al\u0105, o nugaros apa\u010dioje yra \u0161vies\u0105 atspindinti spauda.<\/p>\n<p>Pagaminta i\u0161:<br \/>\n&#8211; Vir\u0161utin\u0117 dalis: 94 % perdirbto poliesterio + 6 % elastano<br \/>\n&#8211; Vidin\u0117 dalis: 100 % poliesterio<\/p>\n<p>Modelis: NkfAlfa08 Softshell striuk\u0117 sportui FO NOOS, stilius: 13232128, spalva: Climbing Ivy<\/p>","protected":false},"excerpt":{"rendered":"<p>Stilinga \u201eName It\u201c mink\u0161to, tampraus softshell audinio striuk\u0117, \u017ealios\/chaki spalvos, su juodais u\u017etrauktukais. \u0160is modelis turi nuimam\u0105 gobtuv\u0105, kuris u\u017esegamas pasl\u0117ptomis sagomis, o rankov\u0117s turi tamprius kra\u0161tus, kuriuos galima suver\u017eti velcro juosta. Striuk\u0117s savyb\u0117mis: * Atspari vandeniui, vandens stulpelio sl\u0117gis \u2013 8000 mm * Laidi orui, 3000 g * Atspari v\u0117jui * Atsparumas dilimui \u2013 [&hellip;]<\/p>\n","protected":false},"featured_media":10661,"template":"","meta":{"_acf_changed":false},"pwb-brand":[100],"product_brand":[],"product_cat":[40,66],"product_tag":[],"class_list":{"0":"post-10657","1":"product","2":"type-product","3":"status-publish","4":"has-post-thumbnail","6":"pwb-brand-name-it","7":"product_cat-vaikams","8":"product_cat-sezonines-striukes-paltai-lauko-apranga-vaikams","9":"pa_drabuziu-dydis-146","10":"pa_drabuziu-dydis-215","11":"pa_drabuziu-dydis-216","12":"pa_drabuziu-dydis-156","13":"pa_drabuziu-dydis-157","14":"pa_drabuziu-dydis-282","15":"pa_drabuziu-dydis-150","16":"pa_drabuziu-dydis-202","17":"pa_drabuziu-dydis-203","19":"first","20":"instock","21":"sale","22":"shipping-taxable","23":"purchasable","24":"product-type-variable"},"supplier_id":null,"supplier_sku":"","barcode":null,"atum_controlled":true,"out_stock_date":null,"out_stock_threshold":null,"inheritable":true,"inbound_stock":null,"stock_on_hold":0,"sold_today":0,"sales_last_days":1,"reserved_stock":null,"customer_returns":null,"warehouse_damage":null,"lost_in_post":null,"other_logs":null,"out_stock_days":0,"lost_sales":0,"has_location":false,"update_date":"2026-04-15T00:37:22","atum_locations":[],"atum_stock_status":"instock","restock_status":false,"low_stock_amount":"","sales_update_date":"2026-04-15T00:37:22","calc_backorders":null,"acf":[],"brands":[{"id":100,"name":"NAME IT","slug":"name-it"}],"_links":{"self":[{"href":"https:\/\/dekastar.lt\/lv\/wp-json\/wp\/v2\/product\/10657","targetHints":{"allow":["GET"]}}],"collection":[{"href":"https:\/\/dekastar.lt\/lv\/wp-json\/wp\/v2\/product"}],"about":[{"href":"https:\/\/dekastar.lt\/lv\/wp-json\/wp\/v2\/types\/product"}],"wp:featuredmedia":[{"embeddable":true,"href":"https:\/\/dekastar.lt\/lv\/wp-json\/wp\/v2\/media\/10661"}],"wp:attachment":[{"href":"https:\/\/dekastar.lt\/lv\/wp-json\/wp\/v2\/media?parent=10657"}],"wp:term":[{"taxonomy":"pwb-brand","embeddable":true,"href":"https:\/\/dekastar.lt\/lv\/wp-json\/wp\/v2\/pwb-brand?post=10657"},{"taxonomy":"product_brand","embeddable":true,"href":"https:\/\/dekastar.lt\/lv\/wp-json\/wp\/v2\/product_brand?post=10657"},{"taxonomy":"product_cat","embeddable":true,"href":"https:\/\/dekastar.lt\/lv\/wp-json\/wp\/v2\/product_cat?post=10657"},{"taxonomy":"product_tag","embeddable":true,"href":"https:\/\/dekastar.lt\/lv\/wp-json\/wp\/v2\/product_tag?post=10657"}],"curies":[{"name":"wp","href":"https:\/\/api.w.org\/{rel}","templated":true}]}}