{"id":1079,"date":"2021-11-19T23:26:09","date_gmt":"2021-11-19T23:26:09","guid":{"rendered":"https:\/\/dekastar.lt\/?post_type=product&#038;p=1079"},"modified":"2025-10-22T12:19:22","modified_gmt":"2025-10-22T12:19:22","slug":"moteriska-ziemine-parka-hh-sophia","status":"publish","type":"product","link":"https:\/\/dekastar.lt\/lv\/products\/moteriska-ziemine-parka-hh-sophia\/","title":{"rendered":"Sievie\u0161u jaka (parka) HELLY HANSEN Sophie"},"content":{"rendered":"<p>W Sophie jaka nodro\u0161in\u0101s jums siltumu un komfortu abos apst\u0101k\u013cos - gan satraukum\u0101 pils\u0113t\u0101, gan svaig\u0101 gais\u0101 kalnos. \u016adensnecaurlaid\u012bgais, elpojo\u0161ais Helly Tech Performance Technology melan\u017e\u0113tais audums pasarg\u0101s j\u016bs no ziemas v\u0113tr\u0101m un lietus. Kad nok\u013c\u016bsiet kaln\u0101, jut\u012bsieties silti un \u0113rti, pateicoties PrimaLoft\u00ae izol\u0101cijai. P\u0113c selfija uz\u0146em\u0161anas vai draugu fotograf\u0113\u0161anas j\u016bs nov\u0113rt\u0113siet rokas sildo\u0161\u0101s kabatas, bet j\u016bsu t\u0101lrunis b\u016bs dro\u0161\u012bb\u0101 l\u012bdz n\u0101kamajam fotoatt\u0113lam tam paredz\u0113taj\u0101 ier\u012bces kabat\u0101.<\/p>\n<p>Funkcijas:<\/p>\n<p>-Ziemas jaka, bet lieliski piem\u0113rota agram pavasarim un v\u0113sam rudenim<\/p>\n<p>- Helly Tech Performance tehnolo\u0123ija<\/p>\n<p>- Elpojo\u0161as \u0161\u0137iedras ir \u016bdensnecaurlaid\u012bgas un v\u0113ja necaurlaid\u012bgas<\/p>\n<p>- Divsl\u0101\u0146u auduma konstrukcija<\/p>\n<p>- Ziemassv\u0113tku egl\u012b\u0161u modelis<\/p>\n<p>- Piln\u012bb\u0101 nosl\u0113gtas \u0161uvju l\u012bnijas<\/p>\n<p>- Materi\u0101ls ar DWR apstr\u0101di (iztur\u012bgs, \u016bdeni atgr\u016bdo\u0161s)<\/p>\n<p>- PrimaLoft\u00ae Black izol\u0101cija: 133 g jak\u0101, 100 g piedurkn\u0113s.<\/p>\n<p>- Piln\u012bb\u0101 aizsarg\u0101jo\u0161a konstrukcija<\/p>\n<p>- Meh\u0101nisk\u0101s ventil\u0101cijas raksturlielumi<\/p>\n<p>- Papildu aizsardz\u012bba pret v\u0113ju un aukstumu rumpim<\/p>\n<p>- No\u0146emama un regul\u0113jama kapuce ar m\u0101ksl\u012bgo ka\u017eok\u0101du<\/p>\n<p>- Dubult\u0101s roku sild\u012b\u0161anas kabatas<\/p>\n<p>- Regul\u0113jams viduklis<\/p>\n<p>- Iek\u0161\u0113j\u0101s kabatas brill\u0113m un elektroniskaj\u0101m ier\u012bc\u0113m<\/p>\n<p>- Sl\u0113po\u0161anas pases kabata<\/p>\n<p>- YKK kvalit\u0101tes r\u0101v\u0113jsl\u0113dz\u0113ji<\/p>\n<p>- HELLY HANSEN z\u012bmola logotipi uz kapuces un ap piedurkn\u0113m.<\/p>\n<ul>\n<li>Piel\u0101gojums: regul\u0101ra piegulo\u0161\u0101 forma<\/li>\n<\/ul>\n<p>&nbsp;<\/p>\n<p><em>Sast\u0101vs:<\/em><\/p>\n<p>- Sast\u0101vs: 89% Poliesters\/ 11% Elast\u0101ns.<\/p>\n<p>&nbsp;<\/p>\n<p><em>M\u0113r\u012bjumi M izm\u0113rs:<\/em><\/p>\n<ul>\n<li>Kr\u016b\u0161u apk\u0101rtm\u0113rs: 50 cm<\/li>\n<li>Muguras garums no pleca l\u012bdz apak\u0161ai: 73 cm<\/li>\n<li>Priek\u0161puses garums no pleca l\u012bdz apak\u0161ai: 70 cm<\/li>\n<li>Gurnu apk\u0101rtm\u0113rs: 55 cm<\/li>\n<li>Piedurknes garums no paduses: 47 cm<\/li>\n<\/ul>\n<p>*Piez\u012bme: jaka tika m\u0113r\u012bta miera st\u0101vokl\u012b, t\u0101p\u0113c iesp\u0113jam\u0101 k\u013c\u016bda ir +\/- 2 cm.<\/p>","protected":false},"excerpt":{"rendered":"<p>Nuo \u012fsp\u016bd\u017ei\u0173 mieste iki gaivaus oro kalnuose \u2013 W Sophie Jacket striuke u\u017etikrins \u0161ilum\u0105 ir komfort\u0105 abiem atvejais. Nelaidus vandeniui, kv\u0117puojantis Helly Tech Performance technologijos melan\u017einis audinys, apsaugos jus nuo \u017eiemos audr\u0173 ir u\u017eklupusio lietaus. Kai pasieksite nuokaln\u0119, su PrimaLoft\u00ae izoliacija jausit\u0117s \u0161iltai ir patogiai. Pasidar\u0119 asmenuk\u0119 ar nufotografav\u0119 draugus, \u012fvertinsite rankas \u0161ildan\u010dias ki\u0161enes, o [&hellip;]<\/p>\n","protected":false},"featured_media":3963,"template":"","meta":{"_acf_changed":false},"pwb-brand":[102],"product_brand":[],"product_cat":[38,59],"product_tag":[],"class_list":{"0":"post-1079","1":"product","2":"type-product","3":"status-publish","4":"has-post-thumbnail","6":"pwb-brand-helly-hansen","7":"product_cat-moterims","8":"product_cat-ziemines-striukes-paltai","9":"pa_drabuziu-dydis-m","11":"first","12":"instock","13":"sale","14":"shipping-taxable","15":"purchasable","16":"product-type-variable"},"supplier_id":null,"supplier_sku":"","barcode":null,"atum_controlled":true,"out_stock_date":null,"out_stock_threshold":null,"inheritable":false,"inbound_stock":null,"stock_on_hold":0,"sold_today":0,"sales_last_days":0,"reserved_stock":null,"customer_returns":null,"warehouse_damage":null,"lost_in_post":null,"other_logs":null,"out_stock_days":0,"lost_sales":0,"has_location":null,"update_date":"2026-05-15T03:21:27","atum_locations":[],"atum_stock_status":"instock","restock_status":false,"low_stock_amount":"","sales_update_date":"2026-05-15T03:21:27","calc_backorders":null,"acf":[],"brands":[{"id":102,"name":"HELLY HANSEN","slug":"helly-hansen"}],"_links":{"self":[{"href":"https:\/\/dekastar.lt\/lv\/wp-json\/wp\/v2\/product\/1079","targetHints":{"allow":["GET"]}}],"collection":[{"href":"https:\/\/dekastar.lt\/lv\/wp-json\/wp\/v2\/product"}],"about":[{"href":"https:\/\/dekastar.lt\/lv\/wp-json\/wp\/v2\/types\/product"}],"wp:featuredmedia":[{"embeddable":true,"href":"https:\/\/dekastar.lt\/lv\/wp-json\/wp\/v2\/media\/3963"}],"wp:attachment":[{"href":"https:\/\/dekastar.lt\/lv\/wp-json\/wp\/v2\/media?parent=1079"}],"wp:term":[{"taxonomy":"pwb-brand","embeddable":true,"href":"https:\/\/dekastar.lt\/lv\/wp-json\/wp\/v2\/pwb-brand?post=1079"},{"taxonomy":"product_brand","embeddable":true,"href":"https:\/\/dekastar.lt\/lv\/wp-json\/wp\/v2\/product_brand?post=1079"},{"taxonomy":"product_cat","embeddable":true,"href":"https:\/\/dekastar.lt\/lv\/wp-json\/wp\/v2\/product_cat?post=1079"},{"taxonomy":"product_tag","embeddable":true,"href":"https:\/\/dekastar.lt\/lv\/wp-json\/wp\/v2\/product_tag?post=1079"}],"curies":[{"name":"wp","href":"https:\/\/api.w.org\/{rel}","templated":true}]}}