{"id":1083,"date":"2021-11-19T23:43:41","date_gmt":"2021-11-19T23:43:41","guid":{"rendered":"https:\/\/dekastar.lt\/?post_type=product&#038;p=1083"},"modified":"2025-10-22T12:20:30","modified_gmt":"2025-10-22T12:20:30","slug":"ziemine-parka-hh-hudson","status":"publish","type":"product","link":"https:\/\/dekastar.lt\/lv\/products\/ziemine-parka-hh-hudson\/","title":{"rendered":"Helly Hansen HUDSON jaka v\u012brie\u0161iem"},"content":{"rendered":"<p>Helly Hansen Hudson Parka ir silta, m\u0101j\u012bga un \u016bdensnecaurlaid\u012bga v\u012brie\u0161u ziemas jaka ar punktotu \u0101r\u0113jo audumu, kas piel\u0101gots atsevi\u0161\u0137\u0101m \u0137erme\u0146a zon\u0101m, lai saglab\u0101tu optim\u0101lu \u0137erme\u0146a siltumu, un gudru LifePocket\u2122 kr\u016b\u0161u kabatu, kas nodro\u0161ina ilg\u0101ku t\u0101lru\u0146a akumulatora darb\u012bbas laiku.<br \/>\nPils\u0113tas stils, daudz kabatu, silta m\u0101ksl\u012bg\u0101 ka\u017eok\u0101da kapuci un kontrast\u0113jo\u0161s materi\u0101ls uz pleciem padar\u012bs \u0161o jaku par j\u016bsu izv\u0113li aukst\u0101k\u0101s dien\u0101s.Jaka ir izgatavota no HellyTech\u00ae Protection auduma - auduma, kas ir elpojo\u0161s, bet vienlaikus piln\u012bgi \u016bdens un v\u0113ja necaurlaid\u012bgs. Divsl\u0101\u0146u poliam\u012bda audums, \u013coti labi elpojo\u0161a un \u016bdensnecaurlaid\u012bga membr\u0101na ar strat\u0113\u0123iski izol\u0113t\u0101m \u0161uv\u0113m nodro\u0161in\u0101s, ka \u016bdens neies\u016bcas pat caur viss\u012bk\u0101kaj\u0101m \u0161uvju spraug\u0101m.<\/p>\n<ul>\n<li>Pilna Primaloft\u00aeBlack siltumizol\u0101cija, 133g\/m\u00b2<\/li>\n<li>Punkti\u0146u \u0101r\u0113jais materi\u0101ls plecu da\u013c\u0101, kas piel\u0101gots atsevi\u0161\u0137\u0101m \u0137erme\u0146a zon\u0101m, lai nodro\u0161in\u0101tu iztur\u012bbu un aizsardz\u012bbu pret visiem laikapst\u0101k\u013ciem.<\/li>\n<li>Silta un m\u012bksta kapuces odere, kas aukst\u0101s dien\u0101s nodro\u0161ina galvas un ausu siltumu.<\/li>\n<li>Regul\u0113jams p\u0101rsegs<\/li>\n<li>Iek\u0161telpu v\u0113ja br\u0101zmu indeksu tabula<\/li>\n<li>Divas kabatas priek\u0161metu uzglab\u0101\u0161anai aug\u0161pus\u0113 un s\u0101nos<\/li>\n<li>Iek\u0161\u0113j\u0101 kabata atsl\u0113g\u0101m vai naudai<\/li>\n<li>\u0112rtas, cie\u0161i piegu\u013co\u0161as aproces<\/li>\n<li>LifePocket\u2122 - izstr\u0101d\u0101ta, lai nodro\u0161in\u0101tu p\u0113c iesp\u0113jas ilg\u0101ku j\u016bsu elektronisk\u0101s ier\u012bces akumulatora darb\u012bbas laiku aukst\u0101 laik\u0101, ar Primaloft izol\u0101cijas pild\u012bjumu iek\u0161pus\u0113, lai saglab\u0101tu siltumu. Life Pocket kabat\u0101 ir 2 reizes silt\u0101ks nek\u0101 parast\u0101s sl\u0113po\u0161anas jakas kabat\u0101, lai kaln\u0101 vai kaln\u0101 j\u016bs justos dro\u0161i un \u0113rti.<\/li>\n<li>Helly Hansen z\u012bmola logotips iz\u0161\u016bts uz lab\u0101s piedurknes.<\/li>\n<\/ul>\n<p><em>Izm\u0113ri:<\/em><\/p>\n<ul>\n<li>Piez\u012bme: M\u0113r\u012bjumi veikti, ja jaka atrodas miera st\u0101vokl\u012b, t\u0101p\u0113c iesp\u0113jama +\/- 2 cm k\u013c\u016bda.<\/li>\n<\/ul>\n<table width=\"800\">\n<tbody>\n<tr>\n<td width=\"167\"><\/td>\n<td width=\"147\"><strong>M<\/strong><\/td>\n<td width=\"152\"><strong>L<\/strong><\/td>\n<td width=\"152\"><strong>XL<\/strong><\/td>\n<td width=\"154\"><strong>2XL<\/strong><\/td>\n<\/tr>\n<tr>\n<td width=\"167\">Kr\u016b\u0161u apk\u0101rtm\u0113rs<\/td>\n<td width=\"147\"><em>58<\/em><\/td>\n<td width=\"152\"><em>63<\/em><\/td>\n<td width=\"152\"><em>68<\/em><\/td>\n<td width=\"154\"><em>73<\/em><\/td>\n<\/tr>\n<tr>\n<td width=\"167\">Priek\u0161\u0113j\u0101s da\u013cas garums no pleca l\u012bdz apak\u0161\u0113jai da\u013cai<\/td>\n<td width=\"147\"><em>76<\/em><\/td>\n<td width=\"152\"><em>80<\/em><\/td>\n<td width=\"152\"><em>83<\/em><\/td>\n<td width=\"154\"><em>86<\/em><\/td>\n<\/tr>\n<tr>\n<td width=\"167\">Muguras garums no pleca l\u012bdz apak\u0161ai<\/td>\n<td width=\"147\"><em>81<\/em><\/td>\n<td width=\"152\"><em>85<\/em><\/td>\n<td width=\"152\"><em>88<\/em><\/td>\n<td width=\"154\"><em>91<\/em><\/td>\n<\/tr>\n<tr>\n<td width=\"167\">Piedurknes garums no paduses<\/td>\n<td width=\"147\"><em>50<\/em><\/td>\n<td width=\"152\"><em>50<\/em><\/td>\n<td width=\"152\"><em>53<\/em><\/td>\n<td width=\"154\"><em>56<\/em><\/td>\n<\/tr>\n<\/tbody>\n<\/table>","protected":false},"excerpt":{"rendered":"<p>Helly Hansen Hudson Parka \u2013 tai \u0161ilta, jauki ir vandeniui nelaidi vyri\u0161ka \u017eiemin\u0117 striuk\u0117, pasi\u017eyminti ta\u0161kine atskiroms k\u016bno zonoms pritaikyta i\u0161orine med\u017eiaga, skirta palaikyti optimali\u0105 k\u016bno \u0161ilum\u0105 bei i\u0161mania kr\u016btin\u0117s srityje integruota LifePocket\u2122 ki\u0161en\u0117le, ilgesniam j\u016bs\u0173 telefono baterijos veikimo laikui. Miesto stilius, ki\u0161eni\u0173 gausa, \u0161iltas gobtuvas su dirbtiniu kailiu ir kontrastin\u0117 med\u017eiaga ties pe\u010diais u\u017etikrins, [&hellip;]<\/p>\n","protected":false},"featured_media":1058,"template":"","meta":{"_acf_changed":false},"pwb-brand":[102],"product_brand":[],"product_cat":[39,62],"product_tag":[],"class_list":{"0":"post-1083","1":"product","2":"type-product","3":"status-publish","4":"has-post-thumbnail","6":"pwb-brand-helly-hansen","7":"product_cat-vyrams","8":"product_cat-ziemines-striukes-paltai-lauko-apranga-vyrams","9":"pa_drabuziu-dydis-s","11":"first","12":"instock","13":"sale","14":"shipping-taxable","15":"purchasable","16":"product-type-variable","17":"has-default-attributes"},"supplier_id":null,"supplier_sku":"","barcode":null,"atum_controlled":true,"out_stock_date":null,"out_stock_threshold":null,"inheritable":false,"inbound_stock":null,"stock_on_hold":0,"sold_today":0,"sales_last_days":0,"reserved_stock":null,"customer_returns":null,"warehouse_damage":null,"lost_in_post":null,"other_logs":null,"out_stock_days":0,"lost_sales":0,"has_location":null,"update_date":"2026-05-04T03:17:08","atum_locations":[],"atum_stock_status":"instock","restock_status":false,"low_stock_amount":"","sales_update_date":"2026-05-04T03:17:08","calc_backorders":null,"acf":[],"brands":[{"id":102,"name":"HELLY HANSEN","slug":"helly-hansen"}],"_links":{"self":[{"href":"https:\/\/dekastar.lt\/lv\/wp-json\/wp\/v2\/product\/1083","targetHints":{"allow":["GET"]}}],"collection":[{"href":"https:\/\/dekastar.lt\/lv\/wp-json\/wp\/v2\/product"}],"about":[{"href":"https:\/\/dekastar.lt\/lv\/wp-json\/wp\/v2\/types\/product"}],"wp:featuredmedia":[{"embeddable":true,"href":"https:\/\/dekastar.lt\/lv\/wp-json\/wp\/v2\/media\/1058"}],"wp:attachment":[{"href":"https:\/\/dekastar.lt\/lv\/wp-json\/wp\/v2\/media?parent=1083"}],"wp:term":[{"taxonomy":"pwb-brand","embeddable":true,"href":"https:\/\/dekastar.lt\/lv\/wp-json\/wp\/v2\/pwb-brand?post=1083"},{"taxonomy":"product_brand","embeddable":true,"href":"https:\/\/dekastar.lt\/lv\/wp-json\/wp\/v2\/product_brand?post=1083"},{"taxonomy":"product_cat","embeddable":true,"href":"https:\/\/dekastar.lt\/lv\/wp-json\/wp\/v2\/product_cat?post=1083"},{"taxonomy":"product_tag","embeddable":true,"href":"https:\/\/dekastar.lt\/lv\/wp-json\/wp\/v2\/product_tag?post=1083"}],"curies":[{"name":"wp","href":"https:\/\/api.w.org\/{rel}","templated":true}]}}