{"id":11050,"date":"2025-10-18T10:27:29","date_gmt":"2025-10-18T10:27:29","guid":{"rendered":"https:\/\/dekastar.lt\/?post_type=product&#038;p=11050"},"modified":"2025-12-19T12:14:22","modified_gmt":"2025-12-19T12:14:22","slug":"name-it-ziemos-kombinezonas-melyni-zeruciai","status":"publish","type":"product","link":"https:\/\/dekastar.lt\/lv\/products\/name-it-ziemos-kombinezonas-melyni-zeruciai\/","title":{"rendered":"NAME IT \u017eiemos kombinezonas &#8220;M\u0117lyni \u017e\u0117ru\u010diai&#8221;"},"content":{"rendered":"<p>Prek\u0117s \u017eenklo \u201eName It\u201c kombinezonas M\u0116LYNI \u017d\u0116RU\u010cIAI- tai \u017eaismingas, i\u0161skirtinis kombinezonas su blizgiu printu, puo\u0161niomis detal\u0117mis. \u0160is modelis papuo\u0161 bet kuri\u0105 mergait\u0119. Sukurtas v\u0117siam orui, yra atsparus v\u0117jui, pasi\u017eymi geru 10000 mm vandens atst\u016bmimu, 4000 g \/ m2 \/ 24 val. pralaidumu orui ir turi sandarias si\u016bles. Priekyje segamas patogiu u\u017etrauktuku, gobtuvo kra\u0161t\u0105 puo\u0161ia dirbtinis kailis. Tiek gobtuv\u0105, tiek kail\u012f galima nuimti. Rankovi\u0173 ir kle\u0161ni\u0173 galai yra elastingi, patogiai priglunda prie k\u016bno. Viduje \u2013 jaukus ir mink\u0161tas vilnonis pamu\u0161alas, o nugaros viduryje yra elastinga guma, tod\u0117l kombinezonas geriau priglunda. Priekyje, ant abiej\u0173 rankovi\u0173 ir kle\u0161ni\u0173 bei\u00a0 nugaroje yra \u0161vies\u0105 atspindin\u010dios detal\u0117s. \u0160ilt\u0105 kombinezon\u0105 galima d\u0117v\u0117ti prasid\u0117jus \u017evarbiems rudens orams bei \u017eiemos sezonu!<\/p>\n<p><em>Sast\u0101vs:<\/em><\/p>\n<ul>\n<li>Galvenais audums: poliesteris 100%,<\/li>\n<li>Odere: poliesteris 100%,<\/li>\n<li>Izol\u0101cijas sl\u0101nis: poliesteris 100%,<\/li>\n<li>Ka\u017eok\u0101das: akrils 70%, poliesteris 30%.<\/li>\n<li>\u0100r\u0113jais audums ir p\u0101rkl\u0101ts ar nekait\u012bgu, fluoru nesaturo\u0161u, \u016bdeni un net\u012brumus atgr\u016bdo\u0161u p\u0101rkl\u0101jumu (Bionic Finish Eco).<\/li>\n<\/ul>\n<p><em>Modelis: NMMSNOW10 SUIT COLOUR FLOW FO<\/em><\/p>","protected":false},"excerpt":{"rendered":"<p>Prek\u0117s \u017eenklo \u201eName It\u201c kombinezonas M\u0116LYNI \u017d\u0116RU\u010cIAI- tai \u017eaismingas, i\u0161skirtinis kombinezonas su blizgiu printu, puo\u0161niomis detal\u0117mis. \u0160is modelis papuo\u0161 bet kuri\u0105 mergait\u0119. Sukurtas v\u0117siam orui, yra atsparus v\u0117jui, pasi\u017eymi geru 10000 mm vandens atst\u016bmimu, 4000 g \/ m2 \/ 24 val. pralaidumu orui ir turi sandarias si\u016bles. Priekyje segamas patogiu u\u017etrauktuku, gobtuvo kra\u0161t\u0105 puo\u0161ia dirbtinis [&hellip;]<\/p>\n","protected":false},"featured_media":11062,"template":"","meta":{"_acf_changed":false},"pwb-brand":[100],"product_brand":[],"product_cat":[40,68,47],"product_tag":[],"class_list":{"0":"post-11050","1":"product","2":"type-product","3":"status-publish","4":"has-post-thumbnail","6":"pwb-brand-name-it","7":"product_cat-vaikams","8":"product_cat-kombinezonai","9":"product_cat-zieminiai-kombinezonai","10":"pa_drabuziu-dydis-144","11":"pa_drabuziu-dydis-145","12":"pa_drabuziu-dydis-146","13":"pa_drabuziu-dydis-168","14":"pa_drabuziu-dydis-147","15":"pa_drabuziu-dydis-148","16":"pa_drabuziu-dydis-142","18":"first","19":"instock","20":"sale","21":"shipping-taxable","22":"purchasable","23":"product-type-variable"},"supplier_id":null,"supplier_sku":"","barcode":null,"atum_controlled":true,"out_stock_date":null,"out_stock_threshold":null,"inheritable":false,"inbound_stock":null,"stock_on_hold":0,"sold_today":0,"sales_last_days":0,"reserved_stock":null,"customer_returns":null,"warehouse_damage":null,"lost_in_post":null,"other_logs":null,"out_stock_days":0,"lost_sales":0,"has_location":null,"update_date":"2026-04-15T00:36:02","atum_locations":[],"atum_stock_status":"instock","restock_status":false,"low_stock_amount":"","sales_update_date":"2026-04-15T00:36:02","calc_backorders":null,"acf":[],"brands":[{"id":100,"name":"NAME IT","slug":"name-it"}],"_links":{"self":[{"href":"https:\/\/dekastar.lt\/lv\/wp-json\/wp\/v2\/product\/11050","targetHints":{"allow":["GET"]}}],"collection":[{"href":"https:\/\/dekastar.lt\/lv\/wp-json\/wp\/v2\/product"}],"about":[{"href":"https:\/\/dekastar.lt\/lv\/wp-json\/wp\/v2\/types\/product"}],"wp:featuredmedia":[{"embeddable":true,"href":"https:\/\/dekastar.lt\/lv\/wp-json\/wp\/v2\/media\/11062"}],"wp:attachment":[{"href":"https:\/\/dekastar.lt\/lv\/wp-json\/wp\/v2\/media?parent=11050"}],"wp:term":[{"taxonomy":"pwb-brand","embeddable":true,"href":"https:\/\/dekastar.lt\/lv\/wp-json\/wp\/v2\/pwb-brand?post=11050"},{"taxonomy":"product_brand","embeddable":true,"href":"https:\/\/dekastar.lt\/lv\/wp-json\/wp\/v2\/product_brand?post=11050"},{"taxonomy":"product_cat","embeddable":true,"href":"https:\/\/dekastar.lt\/lv\/wp-json\/wp\/v2\/product_cat?post=11050"},{"taxonomy":"product_tag","embeddable":true,"href":"https:\/\/dekastar.lt\/lv\/wp-json\/wp\/v2\/product_tag?post=11050"}],"curies":[{"name":"wp","href":"https:\/\/api.w.org\/{rel}","templated":true}]}}