{"id":11136,"date":"2025-10-18T11:56:17","date_gmt":"2025-10-18T11:56:17","guid":{"rendered":"https:\/\/dekastar.lt\/?post_type=product&#038;p=11136"},"modified":"2026-03-02T08:41:16","modified_gmt":"2026-03-02T08:41:16","slug":"reima-zieminiai-batai-loskari-melyni","status":"publish","type":"product","link":"https:\/\/dekastar.lt\/lv\/products\/reima-zieminiai-batai-loskari-melyni\/","title":{"rendered":"REIMA \u017eieminiai batai LOSKARI (M\u0117lyni)"},"content":{"rendered":"<p>Ar \u0161iem siltajiem Reima b\u0113rnu z\u0101bakiem j\u016bsu mazulis var\u0113s tikt gal\u0101 ar lietu, slapjumu un maz\u0101ko aukstumu.<\/p>\n<ul>\n<li>\u016adensnecaurlaid\u012bgs (\u016bdensnecaurlaid\u012bga ir tikai apavu apak\u0161\u0113j\u0101 da\u013ca l\u012bdz \u0161uvei).<br \/>\nziemas apavi;<\/li>\n<li>Aug\u0161\u0113j\u0101 da\u013ca ir izgatavota no sint\u0113tiska materi\u0101la un tekstila;<\/li>\n<li>Viegli uzvilkt;<\/li>\n<li>Valk\u0101jama l\u012bdz -10 \u00b0C\/14 \u00b0F (ISO 20877:2011). Ra\u017eot\u0101ja ieteikt\u0101 valk\u0101\u0161anas temperat\u016bra l\u012bdz -10 \u00b0C (-10 \u00b0F). Temperat\u016bras izj\u016bta ir individu\u0101la, un jums j\u0101\u0146em v\u0113r\u0101 temperat\u016bra, k\u0101d\u0101 j\u016bs varat valk\u0101t \u0161os apavus;<\/li>\n<li>Termoplastiska gumijas zole ar labu sa\u0137eri;<\/li>\n<li>Vilnas oder\u0113jums;<\/li>\n<li>Atstarojo\u0161as deta\u013cas;<\/li>\n<\/ul>\n<p>Sast\u0101vs: Aug\u0161da\u013ca: tekstils, sint\u0113tisks materi\u0101ls. Odere: tekstils. Zole: sint\u0113tisks materi\u0101ls.<\/p>\n<p>Izm\u0113ru tabula:<\/p>\n<table class=\"dydziu_lentele\" border=\"0\" width=\"490\" cellspacing=\"0\" cellpadding=\"0\">\n<tbody>\n<tr>\n<td width=\"80\" height=\"21\"><\/td>\n<td width=\"131\">Ziemas z\u0101baki<\/td>\n<td width=\"113\">Vasaras z\u0101baki<\/td>\n<td width=\"102\">Sandales<\/td>\n<td width=\"64\"><\/td>\n<\/tr>\n<tr>\n<td height=\"21\"><strong>B\u0113rna p\u0113das garums<\/strong><\/td>\n<td class=\"xl66\" colspan=\"3\" width=\"346\"><strong>Zol\u012btes garums cm<\/strong><\/td>\n<td><strong>ES izm\u0113rs<\/strong><\/td>\n<\/tr>\n<tr>\n<td class=\"xl65\" height=\"21\">11,2 cm<\/td>\n<td class=\"xl68\" width=\"131\">12.7<\/td>\n<td class=\"xl68\" width=\"113\">x<\/td>\n<td class=\"xl65\">11.5<\/td>\n<td class=\"xl67\" width=\"64\">19<\/td>\n<\/tr>\n<tr>\n<td class=\"xl65\" height=\"21\">11,7 cm<\/td>\n<td class=\"xl68\" width=\"131\">13.2<\/td>\n<td class=\"xl68\" width=\"113\">13.2<\/td>\n<td class=\"xl65\">12.2<\/td>\n<td class=\"xl67\" width=\"64\">20<\/td>\n<\/tr>\n<tr>\n<td class=\"xl65\" height=\"21\">12,3 cm<\/td>\n<td class=\"xl68\" width=\"131\">13.8<\/td>\n<td class=\"xl68\" width=\"113\">13.8<\/td>\n<td class=\"xl65\">13<\/td>\n<td class=\"xl67\" width=\"64\">21<\/td>\n<\/tr>\n<tr>\n<td class=\"xl65\" height=\"21\">13 cm<\/td>\n<td class=\"xl68\" width=\"131\">14.5<\/td>\n<td class=\"xl68\" width=\"113\">14.5<\/td>\n<td class=\"xl65\">13.7<\/td>\n<td class=\"xl67\" width=\"64\">22<\/td>\n<\/tr>\n<tr>\n<td class=\"xl65\" height=\"21\">13,7 cm<\/td>\n<td class=\"xl68\" width=\"131\">15.2<\/td>\n<td class=\"xl68\" width=\"113\">15.2<\/td>\n<td class=\"xl65\">14.4<\/td>\n<td class=\"xl67\" width=\"64\">23<\/td>\n<\/tr>\n<tr>\n<td class=\"xl65\" height=\"21\">14,3 cm<\/td>\n<td class=\"xl68\" width=\"131\">15.8<\/td>\n<td class=\"xl68\" width=\"113\">15.8<\/td>\n<td class=\"xl65\">15.1<\/td>\n<td class=\"xl67\" width=\"64\">24<\/td>\n<\/tr>\n<tr>\n<td class=\"xl65\" height=\"21\">14,8 cm<\/td>\n<td class=\"xl68\" width=\"131\">16.5<\/td>\n<td class=\"xl68\" width=\"113\">16.3<\/td>\n<td class=\"xl65\">15.7<\/td>\n<td class=\"xl67\" width=\"64\">25<\/td>\n<\/tr>\n<tr>\n<td class=\"xl65\" height=\"21\">15,5 cm<\/td>\n<td class=\"xl68\" width=\"131\">17.2<\/td>\n<td class=\"xl68\" width=\"113\">17<\/td>\n<td class=\"xl65\">16.4<\/td>\n<td class=\"xl67\" width=\"64\">26<\/td>\n<\/tr>\n<tr>\n<td class=\"xl65\" height=\"21\">16,2 cm<\/td>\n<td class=\"xl68\" width=\"131\">17.8<\/td>\n<td class=\"xl68\" width=\"113\">17,7<\/td>\n<td class=\"xl65\">17.1<\/td>\n<td class=\"xl67\" width=\"64\">27<\/td>\n<\/tr>\n<tr>\n<td class=\"xl65\" height=\"21\">16,8 cm<\/td>\n<td class=\"xl68\" width=\"131\">18.5<\/td>\n<td class=\"xl68\" width=\"113\">18.3<\/td>\n<td class=\"xl65\">18.0<\/td>\n<td class=\"xl67\" width=\"64\">28<\/td>\n<\/tr>\n<tr>\n<td class=\"xl65\" height=\"21\">17,5 cm<\/td>\n<td class=\"xl68\" width=\"131\">19.2<\/td>\n<td class=\"xl68\" width=\"113\">19<\/td>\n<td class=\"xl65\">18.7<\/td>\n<td class=\"xl67\" width=\"64\">29<\/td>\n<\/tr>\n<tr>\n<td class=\"xl65\" height=\"21\">18 cm<\/td>\n<td class=\"xl68\" width=\"131\">19.8<\/td>\n<td class=\"xl68\" width=\"113\">19.5<\/td>\n<td class=\"xl65\">19.4<\/td>\n<td class=\"xl67\" width=\"64\">30<\/td>\n<\/tr>\n<tr>\n<td class=\"xl65\" height=\"21\">18,6 cm<\/td>\n<td class=\"xl68\" width=\"131\">20.5<\/td>\n<td class=\"xl68\" width=\"113\">20.1<\/td>\n<td class=\"xl65\">20<\/td>\n<td class=\"xl67\" width=\"64\">31<\/td>\n<\/tr>\n<tr>\n<td class=\"xl65\" height=\"21\">19,3 cm<\/td>\n<td class=\"xl68\" width=\"131\">21.1<\/td>\n<td class=\"xl68\" width=\"113\">20.8<\/td>\n<td class=\"xl65\">20.7<\/td>\n<td class=\"xl67\" width=\"64\">32<\/td>\n<\/tr>\n<tr>\n<td class=\"xl65\" height=\"21\">19,9 cm<\/td>\n<td class=\"xl68\" width=\"131\">21.7<\/td>\n<td class=\"xl68\" width=\"113\">21.4<\/td>\n<td class=\"xl65\">21.4<\/td>\n<td class=\"xl67\" width=\"64\">33<\/td>\n<\/tr>\n<tr>\n<td class=\"xl65\" height=\"21\">20,5 cm<\/td>\n<td class=\"xl68\" width=\"131\">22.5<\/td>\n<td class=\"xl68\" width=\"113\">22<\/td>\n<td class=\"xl65\">22<\/td>\n<td class=\"xl67\" width=\"64\">34<\/td>\n<\/tr>\n<tr>\n<td class=\"xl65\" height=\"21\">21,2 cm<\/td>\n<td class=\"xl68\" width=\"131\">23.1<\/td>\n<td class=\"xl68\" width=\"113\">22.7<\/td>\n<td class=\"xl65\">22.7<\/td>\n<td class=\"xl67\" width=\"64\">35<\/td>\n<\/tr>\n<tr>\n<td class=\"xl65\" height=\"21\">21,9 cm<\/td>\n<td class=\"xl68\" width=\"131\">23.8<\/td>\n<td class=\"xl68\" width=\"113\">23.4<\/td>\n<td class=\"xl65\">23.4<\/td>\n<td class=\"xl67\" width=\"64\">36<\/td>\n<\/tr>\n<tr>\n<td class=\"xl65\" height=\"21\">22,5 cm<\/td>\n<td class=\"xl68\" width=\"131\">24.4<\/td>\n<td class=\"xl68\" width=\"113\">24<\/td>\n<td class=\"xl65\">24<\/td>\n<td class=\"xl67\" width=\"64\">37<\/td>\n<\/tr>\n<tr>\n<td class=\"xl65\" height=\"21\">23,2 cm<\/td>\n<td class=\"xl68\" width=\"131\">25.1<\/td>\n<td class=\"xl68\" width=\"113\">24.7<\/td>\n<td class=\"xl65\">24.7<\/td>\n<td class=\"xl67\" width=\"64\">38<\/td>\n<\/tr>\n<tr>\n<td class=\"xl65\" height=\"21\">23,6 cm<\/td>\n<td class=\"xl70\" width=\"131\">25.8<\/td>\n<td class=\"xl68\" width=\"113\">x<\/td>\n<td class=\"xl65\">25.4<\/td>\n<td class=\"xl69\" width=\"64\">39<\/td>\n<\/tr>\n<\/tbody>\n<\/table>","protected":false},"excerpt":{"rendered":"<p>Su \u0161iais \u0161iltais Reima vaiki\u0161kais batais J\u016bs\u0173 ma\u017eylis \u012fveiks liet\u0173, \u0161lapdrib\u0105 ir nedidelius \u0161al\u010dius. Vandeniui atspari (vandeniui atspari yra tik apatin\u0117 bat\u0173 dalis iki si\u016bl\u0117s) \u017eiemin\u0117 avalyn\u0117; Vir\u0161utin\u0117 dalis pagaminta i\u0161 sintetin\u0117s med\u017eiagos ir tekstil\u0117s; Lengva apsiauti; Tinka d\u0117v\u0117ti iki -10 \u00b0C\/14 \u00b0F (ISO 20877:2011). Gamintojo rekomenduojama av\u0117jimui temperat\u016bra iki -10 \u00b0C . Tai tik [&hellip;]<\/p>\n","protected":false},"featured_media":11153,"template":"","meta":{"_acf_changed":false},"pwb-brand":[81],"product_brand":[],"product_cat":[40,48],"product_tag":[],"class_list":{"0":"post-11136","1":"product","2":"type-product","3":"status-publish","4":"has-post-thumbnail","6":"pwb-brand-reima","7":"product_cat-vaikams","8":"product_cat-avalyne-vaikams","9":"pa_avalynes-dydis-135","10":"pa_avalynes-dydis-134","11":"pa_avalynes-dydis-133","12":"pa_avalynes-dydis-132","13":"pa_avalynes-dydis-131","14":"pa_avalynes-dydis-130","15":"pa_avalynes-dydis-119","16":"pa_avalynes-dydis-120","17":"pa_avalynes-dydis-121","18":"pa_avalynes-dydis-122","19":"pa_avalynes-dydis-123","20":"pa_avalynes-dydis-124","21":"pa_avalynes-dydis-125","23":"first","24":"instock","25":"sale","26":"shipping-taxable","27":"purchasable","28":"product-type-variable"},"supplier_id":null,"supplier_sku":"","barcode":null,"atum_controlled":true,"out_stock_date":null,"out_stock_threshold":null,"inheritable":false,"inbound_stock":null,"stock_on_hold":0,"sold_today":0,"sales_last_days":0,"reserved_stock":null,"customer_returns":null,"warehouse_damage":null,"lost_in_post":null,"other_logs":null,"out_stock_days":0,"lost_sales":0,"has_location":null,"update_date":"2026-04-22T00:38:30","atum_locations":[],"atum_stock_status":"instock","restock_status":false,"low_stock_amount":"","sales_update_date":"2026-04-22T00:38:30","calc_backorders":null,"acf":[],"brands":[{"id":81,"name":"REIMA","slug":"reima"}],"_links":{"self":[{"href":"https:\/\/dekastar.lt\/lv\/wp-json\/wp\/v2\/product\/11136","targetHints":{"allow":["GET"]}}],"collection":[{"href":"https:\/\/dekastar.lt\/lv\/wp-json\/wp\/v2\/product"}],"about":[{"href":"https:\/\/dekastar.lt\/lv\/wp-json\/wp\/v2\/types\/product"}],"wp:featuredmedia":[{"embeddable":true,"href":"https:\/\/dekastar.lt\/lv\/wp-json\/wp\/v2\/media\/11153"}],"wp:attachment":[{"href":"https:\/\/dekastar.lt\/lv\/wp-json\/wp\/v2\/media?parent=11136"}],"wp:term":[{"taxonomy":"pwb-brand","embeddable":true,"href":"https:\/\/dekastar.lt\/lv\/wp-json\/wp\/v2\/pwb-brand?post=11136"},{"taxonomy":"product_brand","embeddable":true,"href":"https:\/\/dekastar.lt\/lv\/wp-json\/wp\/v2\/product_brand?post=11136"},{"taxonomy":"product_cat","embeddable":true,"href":"https:\/\/dekastar.lt\/lv\/wp-json\/wp\/v2\/product_cat?post=11136"},{"taxonomy":"product_tag","embeddable":true,"href":"https:\/\/dekastar.lt\/lv\/wp-json\/wp\/v2\/product_tag?post=11136"}],"curies":[{"name":"wp","href":"https:\/\/api.w.org\/{rel}","templated":true}]}}