{"id":11285,"date":"2025-10-31T13:21:34","date_gmt":"2025-10-31T13:21:34","guid":{"rendered":"https:\/\/dekastar.lt\/?post_type=product&#038;p=11285"},"modified":"2025-11-18T13:55:48","modified_gmt":"2025-11-18T13:55:48","slug":"reima-zieminis-salmukas-baklava-vekkuli-5300333a-zalias","status":"publish","type":"product","link":"https:\/\/dekastar.lt\/lv\/products\/reima-zieminis-salmukas-baklava-vekkuli-5300333a-zalias\/","title":{"rendered":"REIMA \u017eieminis \u0161almukas\/baklava VEKKULI (5300333A -\u017dalias)"},"content":{"rendered":"<p>REIMA gamntojo Vekkuli \u2013 vaiki\u0161ka \u017eiemin\u0117 100 proc. i\u0161or\u0117je merino vilnos ir organin\u0117s medviln\u0117s balaklava\/\u0161almukas.<\/p>\n<p>\u0160i \u0161ilta merino vilnos balaklava\/\u0161almukas su mink\u0161tu organin\u0117s medviln\u0117s pamu\u0161alu suteikia komforto \u017eaid\u017eiant lauke \u0161altomis dienomis.<\/p>\n<p>Leiskite savo ma\u017eajam tyrin\u0117tojui jaustis jaukiai \u017eiemos nuotyki\u0173 metu su Vekkuli balaklava ma\u017eyliams. Pagaminta i\u0161 mink\u0161tos 100 % merino vilnos, ji u\u017etikrina tobul\u0105 \u0161ilumos kontrol\u0119, palaikydama \u0161ilum\u0105 be perkaitimo. V\u0117jo nepraleid\u017eian\u010dios aus\u0173 dalys apsaugo nuo \u0161alto v\u0117jo g\u016bsi\u0173, o visas organin\u0117s medviln\u0117s d\u017eersio pamu\u0161alas garantuoja komfort\u0105 vis\u0105 dien\u0105. Su \u0161ia \u201eReima\u201c balaklava j\u016bs\u0173 vaiko kakta, ausys ir kaklas bus apsaugoti be \u0161aliko ar kaklo movos, tod\u0117l tai idealus pasirinkimas aktyviems ma\u017eyliams, m\u0117gstantiems \u017eaisti lauke net ir \u0161altu oru.<\/p>\n<p>    \u0160velni merino vilna puikiai \u0161ilumos kontrolei;<br \/>\n    Visas pamu\u0161alas: patogus medvilninis d\u017eersis su elastanu;<br \/>\n    V\u0117jo nepraleid\u017eian\u010dios aus\u0173 dalys;<br \/>\n    Bumbulas vir\u0161uje;<br \/>\n    At\u0161vaitin\u0117 etiket\u0117 priekyje.<\/p>\n<p>Med\u017eiagos:<\/p>\n<p>    Pagrindin\u0117 med\u017eiaga: 100 % merino vilna;<br \/>\n    Pamu\u0161alas: 97 % organin\u0117 medviln\u0117, 3 % elastanas.<\/p>","protected":false},"excerpt":{"rendered":"<p>REIMA gamntojo Vekkuli \u2013 vaiki\u0161ka \u017eiemin\u0117 100 proc. i\u0161or\u0117je merino vilnos ir organin\u0117s medviln\u0117s balaklava\/\u0161almukas. \u0160i \u0161ilta merino vilnos balaklava\/\u0161almukas su mink\u0161tu organin\u0117s medviln\u0117s pamu\u0161alu suteikia komforto \u017eaid\u017eiant lauke \u0161altomis dienomis. Leiskite savo ma\u017eajam tyrin\u0117tojui jaustis jaukiai \u017eiemos nuotyki\u0173 metu su Vekkuli balaklava ma\u017eyliams. Pagaminta i\u0161 mink\u0161tos 100 % merino vilnos, ji u\u017etikrina tobul\u0105 \u0161ilumos [&hellip;]<\/p>\n","protected":false},"featured_media":11291,"template":"","meta":{"_acf_changed":false},"pwb-brand":[81],"product_brand":[],"product_cat":[40,49,233,228],"product_tag":[],"class_list":{"0":"post-11285","1":"product","2":"type-product","3":"status-publish","4":"has-post-thumbnail","6":"pwb-brand-reima","7":"product_cat-vaikams","8":"product_cat-aksesuarai-vaikams","9":"product_cat-kepures","10":"product_cat-salmukai","11":"pa_drabuziu-dydis-172","12":"pa_drabuziu-dydis-173","13":"pa_drabuziu-dydis-174","14":"pa_drabuziu-dydis-175","15":"pa_drabuziu-dydis-254","17":"first","18":"instock","19":"sale","20":"shipping-taxable","21":"purchasable","22":"product-type-variable"},"supplier_id":null,"supplier_sku":"","barcode":null,"atum_controlled":true,"out_stock_date":null,"out_stock_threshold":null,"inheritable":false,"inbound_stock":null,"stock_on_hold":0,"sold_today":0,"sales_last_days":0,"reserved_stock":null,"customer_returns":null,"warehouse_damage":null,"lost_in_post":null,"other_logs":null,"out_stock_days":0,"lost_sales":0,"has_location":null,"update_date":"2026-05-04T03:17:49","atum_locations":[],"atum_stock_status":"instock","restock_status":false,"low_stock_amount":"","sales_update_date":"2026-05-04T03:17:49","calc_backorders":null,"acf":[],"brands":[{"id":81,"name":"REIMA","slug":"reima"}],"_links":{"self":[{"href":"https:\/\/dekastar.lt\/lv\/wp-json\/wp\/v2\/product\/11285","targetHints":{"allow":["GET"]}}],"collection":[{"href":"https:\/\/dekastar.lt\/lv\/wp-json\/wp\/v2\/product"}],"about":[{"href":"https:\/\/dekastar.lt\/lv\/wp-json\/wp\/v2\/types\/product"}],"wp:featuredmedia":[{"embeddable":true,"href":"https:\/\/dekastar.lt\/lv\/wp-json\/wp\/v2\/media\/11291"}],"wp:attachment":[{"href":"https:\/\/dekastar.lt\/lv\/wp-json\/wp\/v2\/media?parent=11285"}],"wp:term":[{"taxonomy":"pwb-brand","embeddable":true,"href":"https:\/\/dekastar.lt\/lv\/wp-json\/wp\/v2\/pwb-brand?post=11285"},{"taxonomy":"product_brand","embeddable":true,"href":"https:\/\/dekastar.lt\/lv\/wp-json\/wp\/v2\/product_brand?post=11285"},{"taxonomy":"product_cat","embeddable":true,"href":"https:\/\/dekastar.lt\/lv\/wp-json\/wp\/v2\/product_cat?post=11285"},{"taxonomy":"product_tag","embeddable":true,"href":"https:\/\/dekastar.lt\/lv\/wp-json\/wp\/v2\/product_tag?post=11285"}],"curies":[{"name":"wp","href":"https:\/\/api.w.org\/{rel}","templated":true}]}}