{"id":11343,"date":"2025-10-31T14:00:33","date_gmt":"2025-10-31T14:00:33","guid":{"rendered":"https:\/\/dekastar.lt\/?post_type=product&#038;p=11343"},"modified":"2025-11-03T08:21:22","modified_gmt":"2025-11-03T08:21:22","slug":"reima-proxima-5100099b-ziemos-kelnes-juodos","status":"publish","type":"product","link":"https:\/\/dekastar.lt\/lv\/products\/reima-proxima-5100099b-ziemos-kelnes-juodos\/","title":{"rendered":"REIMA Proxima 5100099B \u017eiemos keln\u0117s (Juodos)"},"content":{"rendered":"<p>D\u0117mesio! Reima\u00ae \u017eiemos keln\u0117se palikta \u0161iek tiek vietos augimui (apie 6 cm). Jei J\u016bs\u0173 vaiko \u016bgis ruden\u012f yra arti 104 cm \u016bgio ir vaikas yra vidutinio k\u016bno sud\u0117jimo, tai 104 dyd\u017eio \u017eiemos keln\u0117s jam tur\u0117t\u0173 puikai tikti \u017eiemos metu. <\/p>\n<p>\u0160ios vandeniui ir v\u0117jui atsparios \u201eReimatec\u201c vaiki\u0161kos \u017eiemin\u0117s keln\u0117s pagamintos i\u0161 patvarios \u201ehigh-tech\u201c med\u017eiagos, kuri ne tik leid\u017eia k\u016bnui kv\u0117puoti, bet ir atstumia purv\u0105. Visos si\u016bl\u0117s u\u017esandarintos vandeniui atspariu b\u016bdu, o kle\u0161ni\u0173 galai yra su apsauga nuo sniego patekimo \u012f vid\u0173. D\u0117l \u0161velnaus pamu\u0161alo \u0161ias \u017eiemines kelnes patogu d\u0117v\u0117ti ir lengva apsimauti. Reguliuojamos ir nusegamos petne\u0161os u\u017etikrina unikal\u0173 prigludim\u0105. Tokios prakti\u0161kos detal\u0117s kaip \u0161vies\u0105 atspindintys elementai ir dvi \u0161onin\u0117s ki\u0161en\u0117s puo\u0161ia \u0161ias patogias vaiki\u0161kas \u017eiemines kelnes.<\/p>\n<p> Inform\u0101cija par produktu: <\/p>\n<p>    Visos si\u016bl\u0117s u\u017esandarintos vandeniui atspariu b\u016bdu;<br \/>\n    Iztur\u012bgs materi\u0101ls;<br \/>\n    Labai patvar\u016bs sutvirtinimai;<br \/>\n    100 % perdirbto Fellex\u00ae izoliacin\u0117 med\u017eiaga;<br \/>\n    \u0160velnus poliesterio pamu\u0161alas;<br \/>\n    Dvi \u0161onin\u0117s ki\u0161en\u0117s su u\u017etrauktukais;<br \/>\n    Reguliuojamos ir nusegamos elastin\u0117s petne\u0161os;<br \/>\n    Elast\u012bga josta;<br \/>\n    Apsauga nuo sniego kle\u0161ni\u0173 galuose.<\/p>\n<p> Med\u017eiagos: <\/p>\n<p>    Pagrindin\u0117 med\u017eiaga: 100 % poliesteris \u2013 perdirbtas, perdirbtas TPU laminavimas;<br \/>\n    Sutvirtinimo med\u017eiaga: 55 % poliesteris \u2013 perdirbtas, 45 % poliesteris, poliuretano laminavimas;<br \/>\n    Pamu\u0161alo med\u017eiaga: 55 % poliesteris \u2013 perdirbtas, 45 % poliesteris;<br \/>\n    Izoliacin\u0117 med\u017eiaga: 90 % poliesteris \u2013 perdirbtas \u201eRepreve\u201c, 10 % poliesteris \u2013 perdirbtas.<\/p>","protected":false},"excerpt":{"rendered":"<p>D\u0117mesio! Reima\u00ae \u017eiemos keln\u0117se palikta \u0161iek tiek vietos augimui (apie 6 cm). Jei J\u016bs\u0173 vaiko \u016bgis ruden\u012f yra arti 104 cm \u016bgio ir vaikas yra vidutinio k\u016bno sud\u0117jimo, tai 104 dyd\u017eio \u017eiemos keln\u0117s jam tur\u0117t\u0173 puikai tikti \u017eiemos metu. \u0160ios vandeniui ir v\u0117jui atsparios \u201eReimatec\u201c vaiki\u0161kos \u017eiemin\u0117s keln\u0117s pagamintos i\u0161 patvarios \u201ehigh-tech\u201c med\u017eiagos, kuri ne [&hellip;]<\/p>\n","protected":false},"featured_media":11358,"template":"","meta":{"_acf_changed":false},"pwb-brand":[81],"product_brand":[],"product_cat":[40,73],"product_tag":[],"class_list":{"0":"post-11343","1":"product","2":"type-product","3":"status-publish","4":"has-post-thumbnail","6":"pwb-brand-reima","7":"product_cat-vaikams","8":"product_cat-kelnes-apranga-laisvalaikiui-vaikams","9":"pa_drabuziu-dydis-144","10":"pa_drabuziu-dydis-145","11":"pa_drabuziu-dydis-146","12":"pa_drabuziu-dydis-215","13":"pa_drabuziu-dydis-156","14":"pa_drabuziu-dydis-157","15":"pa_drabuziu-dydis-282","16":"pa_drabuziu-dydis-150","17":"pa_drabuziu-dydis-202","18":"pa_drabuziu-dydis-203","19":"pa_drabuziu-dydis-148","20":"pa_drabuziu-dydis-142","22":"first","23":"instock","24":"sale","25":"shipping-taxable","26":"purchasable","27":"product-type-variable"},"supplier_id":null,"supplier_sku":"","barcode":null,"atum_controlled":true,"out_stock_date":null,"out_stock_threshold":null,"inheritable":false,"inbound_stock":null,"stock_on_hold":0,"sold_today":0,"sales_last_days":0,"reserved_stock":null,"customer_returns":null,"warehouse_damage":null,"lost_in_post":null,"other_logs":null,"out_stock_days":0,"lost_sales":0,"has_location":null,"update_date":"2026-04-14T00:37:03","atum_locations":[],"atum_stock_status":"instock","restock_status":false,"low_stock_amount":"","sales_update_date":"2026-04-14T00:37:03","calc_backorders":null,"acf":[],"brands":[{"id":81,"name":"REIMA","slug":"reima"}],"_links":{"self":[{"href":"https:\/\/dekastar.lt\/lv\/wp-json\/wp\/v2\/product\/11343","targetHints":{"allow":["GET"]}}],"collection":[{"href":"https:\/\/dekastar.lt\/lv\/wp-json\/wp\/v2\/product"}],"about":[{"href":"https:\/\/dekastar.lt\/lv\/wp-json\/wp\/v2\/types\/product"}],"wp:featuredmedia":[{"embeddable":true,"href":"https:\/\/dekastar.lt\/lv\/wp-json\/wp\/v2\/media\/11358"}],"wp:attachment":[{"href":"https:\/\/dekastar.lt\/lv\/wp-json\/wp\/v2\/media?parent=11343"}],"wp:term":[{"taxonomy":"pwb-brand","embeddable":true,"href":"https:\/\/dekastar.lt\/lv\/wp-json\/wp\/v2\/pwb-brand?post=11343"},{"taxonomy":"product_brand","embeddable":true,"href":"https:\/\/dekastar.lt\/lv\/wp-json\/wp\/v2\/product_brand?post=11343"},{"taxonomy":"product_cat","embeddable":true,"href":"https:\/\/dekastar.lt\/lv\/wp-json\/wp\/v2\/product_cat?post=11343"},{"taxonomy":"product_tag","embeddable":true,"href":"https:\/\/dekastar.lt\/lv\/wp-json\/wp\/v2\/product_tag?post=11343"}],"curies":[{"name":"wp","href":"https:\/\/api.w.org\/{rel}","templated":true}]}}