{"id":11362,"date":"2025-10-31T14:16:20","date_gmt":"2025-10-31T14:16:20","guid":{"rendered":"https:\/\/dekastar.lt\/?post_type=product&#038;p=11362"},"modified":"2025-11-30T06:39:30","modified_gmt":"2025-11-30T06:39:30","slug":"reima-mutka-ziemos-striuke-5100037b-red-clay","status":"publish","type":"product","link":"https:\/\/dekastar.lt\/lv\/products\/reima-mutka-ziemos-striuke-5100037b-red-clay\/","title":{"rendered":"REIMA Mutka \u017eiemos striuk\u0117 (5100037B\/ Red Clay)"},"content":{"rendered":"<p>REIMA klasikin\u0117 \u017eiemin\u0117 striuk\u0117 ma\u017eiesiems. Visi\u0161kai atspari vandeniui ir pralaidi orui, tod\u0117l labai \u0161ilta ir patogi. Pagaminta i\u0161 perdirbt\u0173 pluo\u0161t\u0173.<\/p>\n<p>    Visos si\u016bl\u0117s u\u017esandarintos vandeniui atspariu b\u016bdu;<br \/>\n    100 % perdirbta Fellex\u00ae izoliacin\u0117 med\u017eiaga;<br \/>\n    \u0160ilumin\u0117 izoliacija;<br \/>\n    Gluda poliestera oder\u0113jums;<br \/>\n    Saugus, nuimamas gobtuvas su nuimama dirbtinio kailio apdaila;<br \/>\n    Dvi u\u017ed\u0117tin\u0117s ki\u0161en\u0117s;<br \/>\n    Reguliuojamas juosmuo ir rankogaliai;<br \/>\n    Kilpa papildomam at\u0161vaitui.<\/p>\n<p>Tvarumas:<\/p>\n<p>    Pagrindin\u0117 med\u017eiaga, pamu\u0161alas ir izoliacija i\u0161 Bluesign\u00ae patvirtintos med\u017eiagos;<br \/>\n    BIONIC-FINISH\u00aeECO apdare, kas atgr\u016b\u017e \u016bdeni un net\u012brumus;<br \/>\n    Satur sertific\u0113tas p\u0101rstr\u0101d\u0101tas \u0161\u0137iedras;<br \/>\n    100 % perdirbta izoliacija.<\/p>\n<p>Materi\u0101ls:<\/p>\n<p>    Pagrindin\u0117 med\u017eiaga: 100 % perdirbtas poliesteris, perdirbto TPU laminavimas;<br \/>\n    Pamu\u0161alo med\u017eiaga: 55 % perdirbtas poliesteris, 45 % poliesteris;<br \/>\n    Izoliacija: 90 % perdirbtas Repreve poliesteris, 10 % perdirbtas poliesteris.<\/p>\n<p>Skalbti atskirai i\u0161virk\u0161\u010di\u0105ja puse \u012f i\u0161or\u0119. Prie\u0161 skalbiant nuimti dirbtinio kailio apdail\u0105. U\u017esegti u\u017etrauktukus ir Velcro juosteles. Nenaudoti skalbikli\u0173 su balinimo priemon\u0117mis. Nenaudoti audini\u0173 mink\u0161tiklio. Drabu\u017e\u012f i\u0161imti i\u0161 skalbykl\u0117s pasibaigus skalbimo programai, kad nepasikeist\u0173 spalva. Galima d\u017eiovinti b\u016bgnin\u0117je d\u017eiovykl\u0117je arba d\u017eiovinimo spintoje (maks. 40 \u00b0C temperat\u016broje).<\/p>","protected":false},"excerpt":{"rendered":"<p>REIMA klasikin\u0117 \u017eiemin\u0117 striuk\u0117 ma\u017eiesiems. Visi\u0161kai atspari vandeniui ir pralaidi orui, tod\u0117l labai \u0161ilta ir patogi. Pagaminta i\u0161 perdirbt\u0173 pluo\u0161t\u0173. Visos si\u016bl\u0117s u\u017esandarintos vandeniui atspariu b\u016bdu; 100 % perdirbta Fellex\u00ae izoliacin\u0117 med\u017eiaga; \u0160ilumin\u0117 izoliacija; Lygus poliesterio pamu\u0161alas; Saugus, nuimamas gobtuvas su nuimama dirbtinio kailio apdaila; Dvi u\u017ed\u0117tin\u0117s ki\u0161en\u0117s; Reguliuojamas juosmuo ir rankogaliai; Kilpa papildomam at\u0161vaitui. [&hellip;]<\/p>\n","protected":false},"featured_media":11373,"template":"","meta":{"_acf_changed":false},"pwb-brand":[81],"product_brand":[],"product_cat":[40,65],"product_tag":[],"class_list":{"0":"post-11362","1":"product","2":"type-product","3":"status-publish","4":"has-post-thumbnail","6":"pwb-brand-reima","7":"product_cat-vaikams","8":"product_cat-ziemines-striukes-paltai-lauko-apranga-vaikams","9":"pa_drabuziu-dydis-144","10":"pa_drabuziu-dydis-145","11":"pa_drabuziu-dydis-168","12":"pa_drabuziu-dydis-147","13":"pa_drabuziu-dydis-148","14":"pa_drabuziu-dydis-142","16":"first","17":"instock","18":"sale","19":"shipping-taxable","20":"purchasable","21":"product-type-variable"},"supplier_id":null,"supplier_sku":"","barcode":null,"atum_controlled":true,"out_stock_date":null,"out_stock_threshold":null,"inheritable":false,"inbound_stock":null,"stock_on_hold":0,"sold_today":0,"sales_last_days":0,"reserved_stock":null,"customer_returns":null,"warehouse_damage":null,"lost_in_post":null,"other_logs":null,"out_stock_days":0,"lost_sales":0,"has_location":null,"update_date":"2026-05-04T03:17:41","atum_locations":[],"atum_stock_status":"instock","restock_status":false,"low_stock_amount":"","sales_update_date":"2026-05-04T03:17:41","calc_backorders":null,"acf":[],"brands":[{"id":81,"name":"REIMA","slug":"reima"}],"_links":{"self":[{"href":"https:\/\/dekastar.lt\/lv\/wp-json\/wp\/v2\/product\/11362","targetHints":{"allow":["GET"]}}],"collection":[{"href":"https:\/\/dekastar.lt\/lv\/wp-json\/wp\/v2\/product"}],"about":[{"href":"https:\/\/dekastar.lt\/lv\/wp-json\/wp\/v2\/types\/product"}],"wp:featuredmedia":[{"embeddable":true,"href":"https:\/\/dekastar.lt\/lv\/wp-json\/wp\/v2\/media\/11373"}],"wp:attachment":[{"href":"https:\/\/dekastar.lt\/lv\/wp-json\/wp\/v2\/media?parent=11362"}],"wp:term":[{"taxonomy":"pwb-brand","embeddable":true,"href":"https:\/\/dekastar.lt\/lv\/wp-json\/wp\/v2\/pwb-brand?post=11362"},{"taxonomy":"product_brand","embeddable":true,"href":"https:\/\/dekastar.lt\/lv\/wp-json\/wp\/v2\/product_brand?post=11362"},{"taxonomy":"product_cat","embeddable":true,"href":"https:\/\/dekastar.lt\/lv\/wp-json\/wp\/v2\/product_cat?post=11362"},{"taxonomy":"product_tag","embeddable":true,"href":"https:\/\/dekastar.lt\/lv\/wp-json\/wp\/v2\/product_tag?post=11362"}],"curies":[{"name":"wp","href":"https:\/\/api.w.org\/{rel}","templated":true}]}}