{"id":11437,"date":"2025-10-31T14:33:58","date_gmt":"2025-10-31T14:33:58","guid":{"rendered":"https:\/\/dekastar.lt\/?post_type=product&#038;p=11437"},"modified":"2026-01-25T11:29:11","modified_gmt":"2026-01-25T11:29:11","slug":"reima-havaita-ziemos-pirstines-5300291a-juodos","status":"publish","type":"product","link":"https:\/\/dekastar.lt\/lv\/products\/reima-havaita-ziemos-pirstines-5300291a-juodos\/","title":{"rendered":"REIMA Havaita \u017eiemos pir\u0161tin\u0117s (5300291A\/ Juodos)"},"content":{"rendered":"<p>\u201eHavaita\u201c kum\u0161tin\u0117s pir\u0161tin\u0117s turi auk\u0161tos kokyb\u0117s \u201ePrimaLoft\u201c izoliacij\u0105 ir vandeniui atspari\u0105 membran\u0105, tod\u0117l jos yra tinkamos dr\u0117gnoms ir \u0161altoms oro s\u0105lygoms! Be to, nuotraukose matomos \u0161viesiai pilkos sritys \u2013 tai \u0161vies\u0105 atspindintis audinys. Audinys yra su ne\u0161varumus ir vanden\u012f atstumian\u010dia \u201eBionic-Finish Eco\u201c pavir\u0161iaus technologija.<\/p>\n<p>    \u201eHipora\u201c neper\u0161lampamas \u012fd\u0117klas;<br \/>\n    Tvirta delno ir nyk\u0161\u010dio konstrukcija;<br \/>\n    Mink\u0161tas ir \u0161iltas multino pamu\u0161alas;<br \/>\n    Dvigubas pa\u0161iltinimas vir\u0161utin\u0117je delno pus\u0117je;<br \/>\n    Auk\u0161tos kokyb\u0117s \u201ePrimaLoft\u00ae\u201c pa\u0161iltinimas;<br \/>\n    Vir\u0161utin\u0117 pir\u0161tini\u0173 dalis atspindi \u0161vies\u0105.<\/p>\n<p>Materi\u0101lu \u012bpa\u0161\u012bbas:<\/p>\n<p>    Pagrindin\u0117 med\u017eiaga: 2440 Reimatec Pro BS GRS 100 % perdirbtas poliesteris, poliuretano danga;<br \/>\n    Atsparumas vandeniui (mm): 12 000, atsparumas susid\u0117v\u0117jimui: 40 000, oro pralaidumas (g\/m\u00b2): 7 000;<br \/>\n    Konstrukcin\u0117 med\u017eiaga: 4023 Palm PU, mink\u0161ta, 60 % poliuretanas, 40 % poliesteris;<br \/>\n    Pamu\u0161alo med\u017eiaga: 1412 Perdirbto multino pamu\u0161alas 100 % perdirbtas poliesteris;<br \/>\n    Pa\u0161iltinimas: 1981-170 PrimaLoft\u00ae Silver (I-2001) BS GRS, 170 g, 100 % perdirbtas poliesteris.<\/p>\n<p>Tvarumas:<\/p>\n<p>    Pagrindinis audinys ir pa\u0161iltinimas sertifikuoti Bluesign\u00ae;<br \/>\n    Hidrofobin\u0117 ir purvui atspari danga be fluorangliavandenili\u0173 BIONIC-FINISH\u00aeECO;<br \/>\n    Sud\u0117tyje yra sertifikuoto perdirbto pluo\u0161to;<br \/>\n    Pa\u0161iltinimas i\u0161 100 % perdirbt\u0173 med\u017eiag\u0173.<\/p>","protected":false},"excerpt":{"rendered":"<p>\u201eHavaita\u201c kum\u0161tin\u0117s pir\u0161tin\u0117s turi auk\u0161tos kokyb\u0117s \u201ePrimaLoft\u201c izoliacij\u0105 ir vandeniui atspari\u0105 membran\u0105, tod\u0117l jos yra tinkamos dr\u0117gnoms ir \u0161altoms oro s\u0105lygoms! Be to, nuotraukose matomos \u0161viesiai pilkos sritys \u2013 tai \u0161vies\u0105 atspindintis audinys. Audinys yra su ne\u0161varumus ir vanden\u012f atstumian\u010dia \u201eBionic-Finish Eco\u201c pavir\u0161iaus technologija. \u201eHipora\u201c neper\u0161lampamas \u012fd\u0117klas; Tvirta delno ir nyk\u0161\u010dio konstrukcija; Mink\u0161tas ir \u0161iltas [&hellip;]<\/p>\n","protected":false},"featured_media":11445,"template":"","meta":{"_acf_changed":false},"pwb-brand":[81],"product_brand":[],"product_cat":[40,49,232],"product_tag":[],"class_list":{"0":"post-11437","1":"product","2":"type-product","3":"status-publish","4":"has-post-thumbnail","6":"pwb-brand-reima","7":"product_cat-vaikams","8":"product_cat-aksesuarai-vaikams","9":"product_cat-pirstines","10":"pa_drabuziu-dydis-1-6-18-men","11":"pa_drabuziu-dydis-2-1-2-m","12":"pa_drabuziu-dydis-3-2-4-metai","13":"pa_drabuziu-dydis-4-4-6-metai","14":"pa_drabuziu-dydis-5-6-8-metai","15":"pa_drabuziu-dydis-6-8-10-metu","17":"first","18":"instock","19":"sale","20":"shipping-taxable","21":"purchasable","22":"product-type-variable"},"supplier_id":null,"supplier_sku":"","barcode":null,"atum_controlled":true,"out_stock_date":null,"out_stock_threshold":null,"inheritable":false,"inbound_stock":null,"stock_on_hold":0,"sold_today":0,"sales_last_days":0,"reserved_stock":null,"customer_returns":null,"warehouse_damage":null,"lost_in_post":null,"other_logs":null,"out_stock_days":0,"lost_sales":0,"has_location":null,"update_date":"2026-05-04T03:17:48","atum_locations":[],"atum_stock_status":"instock","restock_status":false,"low_stock_amount":"","sales_update_date":"2026-05-04T03:17:48","calc_backorders":null,"acf":[],"brands":[{"id":81,"name":"REIMA","slug":"reima"}],"_links":{"self":[{"href":"https:\/\/dekastar.lt\/lv\/wp-json\/wp\/v2\/product\/11437","targetHints":{"allow":["GET"]}}],"collection":[{"href":"https:\/\/dekastar.lt\/lv\/wp-json\/wp\/v2\/product"}],"about":[{"href":"https:\/\/dekastar.lt\/lv\/wp-json\/wp\/v2\/types\/product"}],"wp:featuredmedia":[{"embeddable":true,"href":"https:\/\/dekastar.lt\/lv\/wp-json\/wp\/v2\/media\/11445"}],"wp:attachment":[{"href":"https:\/\/dekastar.lt\/lv\/wp-json\/wp\/v2\/media?parent=11437"}],"wp:term":[{"taxonomy":"pwb-brand","embeddable":true,"href":"https:\/\/dekastar.lt\/lv\/wp-json\/wp\/v2\/pwb-brand?post=11437"},{"taxonomy":"product_brand","embeddable":true,"href":"https:\/\/dekastar.lt\/lv\/wp-json\/wp\/v2\/product_brand?post=11437"},{"taxonomy":"product_cat","embeddable":true,"href":"https:\/\/dekastar.lt\/lv\/wp-json\/wp\/v2\/product_cat?post=11437"},{"taxonomy":"product_tag","embeddable":true,"href":"https:\/\/dekastar.lt\/lv\/wp-json\/wp\/v2\/product_tag?post=11437"}],"curies":[{"name":"wp","href":"https:\/\/api.w.org\/{rel}","templated":true}]}}