{"id":1144,"date":"2021-11-29T13:25:26","date_gmt":"2021-11-29T13:25:26","guid":{"rendered":"https:\/\/dekastar.lt\/?post_type=product&#038;p=1144"},"modified":"2025-10-22T12:19:25","modified_gmt":"2025-10-22T12:19:25","slug":"ziemine-parka-hh-urban-long","status":"publish","type":"product","link":"https:\/\/dekastar.lt\/lv\/products\/ziemine-parka-hh-urban-long\/","title":{"rendered":"Vyri\u0161ka striuk\u0117 (parka) HELLY HANSEN  Urban long"},"content":{"rendered":"<p><strong>HELLY HANSEN prekinio \u017eenklo URBAN LONG striuk\u0117 &#8211; tai klasikin\u0117 vandeniui ir v\u0117jui nelaidi kv\u0117puojanti striuk\u0117 i\u0161 tvirto drobinio audinio, skirta kasdieniam d\u0117v\u0117jimui.<\/strong><\/p>\n<p>Primaloft\u00ae Black izoliacija puikiam \u0161ilumos i\u0161laikymui, kai u\u017eklumpa \u0161altis. Daug ki\u0161eni\u0173 vis\u0173 b\u016btiniausi\u0173 daikt\u0173 laikymui, mink\u0161tas flanelinis pamu\u0161alas viduje ir sag\u0173 elementai puikiam \u012fvaizd\u017eiui.<\/p>\n<p>Funkcijas:<\/p>\n<ul>\n<li>Kv\u0117puojantys pluo\u0161tai nelaid\u016bs vandeniui ir v\u0117jui<\/li>\n<li>Pilnai sandarios si\u016bli\u0173 linijos<\/li>\n<li>Materi\u0101ls ar DWR apstr\u0101di (iztur\u012bgs, \u016bdeni atgr\u016bdo\u0161s)<\/li>\n<li>Daug i\u0161orini\u0173 ki\u0161eni\u0173<\/li>\n<li>Rankas \u0161ildan\u010dios ki\u0161en\u0117s<\/li>\n<li>Vidin\u0117 ki\u0161en\u0117 kr\u016btin\u0117s srityje<\/li>\n<li>Fiksuojamas reguliuojamas gobtuvas<\/li>\n<li>YKK\u00ae u\u017etrauktukai<\/li>\n<li>Artikul\u0113tas piedurknes<\/li>\n<li>D-\u017eiedas pir\u0161tin\u0117ms<\/li>\n<li>Prailginta nugarin\u0117 striuk\u0117s dalis<\/li>\n<li>Taisns griezums<\/li>\n<li><strong>Nugaros centro ilgis:<\/strong> 86cm (L dydis)<\/li>\n<li><strong>Svoris:<\/strong> 1540 g<\/li>\n<\/ul>\n<p><strong>Sud\u0117ties savyb\u0117s:<\/strong><\/p>\n<ul>\n<li><strong>\u0100r\u0113jais materi\u0101ls:<\/strong> Helly Tech\u00ae technologijos, apsauganti &#8211; 100% Poliamidas<\/li>\n<li><strong>Aizmugures zona:<\/strong> Helly Tech\u00ae technologijos, apsauganti &#8211; 100% Termoplastinis poliuretanas<\/li>\n<li><strong>Izol\u0101cija:<\/strong> Primaloft\u00ae Black (100g)<\/li>\n<li><strong>Odere:<\/strong> Flanel\u0117<\/li>\n<\/ul>\n<ul>\n<li><strong>Materi\u0101lu \u012bpa\u0161\u012bbas:<\/strong> Elpojo\u0161s, izol\u0113jo\u0161s, \u016bdensnecaurlaid\u012bgs un v\u0113jadro\u0161s<\/li>\n<li><strong>\u0100r\u0113j\u0101 auduma \u0161\u0137iedra:<\/strong> 100% Poliamidas<\/li>\n<li><strong>Odere:<\/strong> Flanel\u0117<\/li>\n<li><strong>Izol\u0101cija:<\/strong> Primaloft\u00ae Black<\/li>\n<li><strong>\u0100r\u0113jais materi\u0101ls:<\/strong> Helly Tech\u00ae technologijos, apsauganti<\/li>\n<\/ul>\n<p><strong>Helly Hansen URBAN LONG vinta\u017ein\u0117s\/ indigo spalvos vyri\u0161ka parka sukurta tokioms sporto \u0161akoms ir veikl\u0173 r\u016b\u0161ims:<\/strong><\/p>\n<ul>\n<li>Pils\u0113tas\/\u0101ra<\/li>\n<\/ul>\n<p><strong>Helly Hansen URBAN LONG parka gali b\u016bti d\u0117vima esant tokioms oro s\u0105lygoms: <\/strong><\/p>\n<ul>\n<li>Par \u0160al\u010diui<\/li>\n<li>Lietuvai<\/li>\n<li>Uz v\u0113jdzirnav\u0101m<\/li>\n<li>Sniegam<\/li>\n<\/ul>","protected":false},"excerpt":{"rendered":"<p>HELLY HANSEN prekinio \u017eenklo URBAN LONG striuk\u0117 &#8211; tai klasikin\u0117 vandeniui ir v\u0117jui nelaidi kv\u0117puojanti striuk\u0117 i\u0161 tvirto drobinio audinio, skirta kasdieniam d\u0117v\u0117jimui. Primaloft\u00ae Black izoliacija puikiam \u0161ilumos i\u0161laikymui, kai u\u017eklumpa \u0161altis. Daug ki\u0161eni\u0173 vis\u0173 b\u016btiniausi\u0173 daikt\u0173 laikymui, mink\u0161tas flanelinis pamu\u0161alas viduje ir sag\u0173 elementai puikiam \u012fvaizd\u017eiui. Savyb\u0117s: Kv\u0117puojantys pluo\u0161tai nelaid\u016bs vandeniui ir v\u0117jui Pilnai [&hellip;]<\/p>\n","protected":false},"featured_media":1146,"template":"","meta":{"_acf_changed":false},"pwb-brand":[102],"product_brand":[],"product_cat":[39,62],"product_tag":[],"class_list":{"0":"post-1144","1":"product","2":"type-product","3":"status-publish","4":"has-post-thumbnail","6":"pwb-brand-helly-hansen","7":"product_cat-vyrams","8":"product_cat-ziemines-striukes-paltai-lauko-apranga-vyrams","9":"pa_drabuziu-dydis-xxl","11":"first","12":"outofstock","13":"shipping-taxable","14":"product-type-variable"},"supplier_id":null,"supplier_sku":"","barcode":null,"atum_controlled":true,"out_stock_date":null,"out_stock_threshold":null,"inheritable":false,"inbound_stock":null,"stock_on_hold":0,"sold_today":0,"sales_last_days":0,"reserved_stock":null,"customer_returns":null,"warehouse_damage":null,"lost_in_post":null,"other_logs":null,"out_stock_days":0,"lost_sales":0,"has_location":null,"update_date":"2026-04-27T03:13:15","atum_locations":[],"atum_stock_status":"outofstock","restock_status":false,"low_stock_amount":"","sales_update_date":"2026-04-27T03:13:15","calc_backorders":null,"acf":[],"brands":[{"id":102,"name":"HELLY HANSEN","slug":"helly-hansen"}],"_links":{"self":[{"href":"https:\/\/dekastar.lt\/lv\/wp-json\/wp\/v2\/product\/1144","targetHints":{"allow":["GET"]}}],"collection":[{"href":"https:\/\/dekastar.lt\/lv\/wp-json\/wp\/v2\/product"}],"about":[{"href":"https:\/\/dekastar.lt\/lv\/wp-json\/wp\/v2\/types\/product"}],"wp:featuredmedia":[{"embeddable":true,"href":"https:\/\/dekastar.lt\/lv\/wp-json\/wp\/v2\/media\/1146"}],"wp:attachment":[{"href":"https:\/\/dekastar.lt\/lv\/wp-json\/wp\/v2\/media?parent=1144"}],"wp:term":[{"taxonomy":"pwb-brand","embeddable":true,"href":"https:\/\/dekastar.lt\/lv\/wp-json\/wp\/v2\/pwb-brand?post=1144"},{"taxonomy":"product_brand","embeddable":true,"href":"https:\/\/dekastar.lt\/lv\/wp-json\/wp\/v2\/product_brand?post=1144"},{"taxonomy":"product_cat","embeddable":true,"href":"https:\/\/dekastar.lt\/lv\/wp-json\/wp\/v2\/product_cat?post=1144"},{"taxonomy":"product_tag","embeddable":true,"href":"https:\/\/dekastar.lt\/lv\/wp-json\/wp\/v2\/product_tag?post=1144"}],"curies":[{"name":"wp","href":"https:\/\/api.w.org\/{rel}","templated":true}]}}