{"id":11477,"date":"2025-10-31T14:54:35","date_gmt":"2025-10-31T14:54:35","guid":{"rendered":"https:\/\/dekastar.lt\/?post_type=product&#038;p=11477"},"modified":"2025-11-03T13:24:36","modified_gmt":"2025-11-03T13:24:36","slug":"reima-ajaton-ziemos-striuke-5100360a-tamsiai-melyna","status":"publish","type":"product","link":"https:\/\/dekastar.lt\/lv\/products\/reima-ajaton-ziemos-striuke-5100360a-tamsiai-melyna\/","title":{"rendered":"REIMA Ajaton \u017eiemos striuk\u0117 (5100360A\/Tamsiai m\u0117lyna)"},"content":{"rendered":"<p>REIMA klasikin\u0117 \u017eiemin\u0117 striuk\u0117 paaugliams. Visi\u0161kai atspari vandeniui ir pralaidi orui, tod\u0117l labai \u0161ilta ir patogi. Pagaminta i\u0161 perdirbt\u0173 pluo\u0161t\u0173.<\/p>\n<p>Produkta apraksts<\/p>\n<p>             Visos si\u016bl\u0117s nepralaid\u017eios vandeniui<br \/>\n             \u0160velnus poliesterio pamu\u0161alas<br \/>\n             \u201eFellex\u00ae\u201c pa\u0161iltinimas<br \/>\n             Patikimas, nuimamas ir reguliuojamas gobtuvas su nuimama dirbtinio kailio apdaila<br \/>\n             Reguliuojami rankogaliai<br \/>\n             Dvi ki\u0161en\u0117s su atvartais<br \/>\n             U\u017etraukiama kr\u016btin\u0117s ki\u0161en\u0117<br \/>\n             Regul\u0113jams viduklis<\/p>\n<p>Materi\u0101lu \u012bpa\u0161\u012bbas:<\/p>\n<p>Pagrindin\u0117 med\u017eiaga: 2350 Reimatec Flex BS GRS 100 % perdirbtas poliesteris, laminuota perdirbto TPU danga<\/p>\n<p>Atsparumas vandeniui (mm): 10 000, atsparumas susid\u0117v\u0117jimui: 30 000, oro pralaidumas (g\/m\u00b2): 7 000<\/p>\n<p>Pamu\u0161alo med\u017eiaga: 1026C PES tafta su Cire BS GRS 55 % perdirbtas poliesteris, 45 % poliesteris<\/p>\n<p>Pa\u0161iltinimas: 1972-160 Fellex\u00ae Eco High-Loft BS GRS, 160 g, 90 % Repreve\u00ae perdirbtas poliesteris, 10 % perdirbtas poliesteris<\/p>\n<p>Tvarumas:<\/p>\n<p>\u2022 Bluesign\u00ae sertifikuotas gaminys<\/p>\n<p>\u2022 Pagrindinis audinys, pamu\u0161alas ir pa\u0161iltinimas sertifikuoti Bluesign\u00ae<\/p>\n<p>\u2022 Hidrofobin\u0117 ir purvui atspari danga be fluorangliavandenili\u0173 BIONIC-FINISH\u00aeECO<\/p>\n<p>\u2022 Sud\u0117tyje yra sertifikuoto perdirbto pluo\u0161to<\/p>\n<p>\u2022 Pa\u0161iltinimas i\u0161 100 % perdirbt\u0173 med\u017eiag\u0173<br \/>\npapildoma -13% I BOO13<br \/>\n\u016adensnecaurlaid\u012bgs<br \/>\nAtsparumas vandeniui\/\u0161ilumos indeksas\/oro pralaidumas<br \/>\nRekomenduojama temperat\u016bra<br \/>\nPrie\u017ei\u016bros informacija<br \/>\nIzm\u0113ru tabula<br \/>\nApie REIMA<br \/>\nKlient\u0173 atsiliepimai (0)<\/p>","protected":false},"excerpt":{"rendered":"<p>REIMA klasikin\u0117 \u017eiemin\u0117 striuk\u0117 paaugliams. Visi\u0161kai atspari vandeniui ir pralaidi orui, tod\u0117l labai \u0161ilta ir patogi. Pagaminta i\u0161 perdirbt\u0173 pluo\u0161t\u0173. Produkto apra\u0161ymas Visos si\u016bl\u0117s nepralaid\u017eios vandeniui \u0160velnus poliesterio pamu\u0161alas \u201eFellex\u00ae\u201c pa\u0161iltinimas Patikimas, nuimamas ir reguliuojamas gobtuvas su nuimama dirbtinio kailio apdaila Reguliuojami rankogaliai Dvi ki\u0161en\u0117s su atvartais U\u017etraukiama kr\u016btin\u0117s ki\u0161en\u0117 Reguliuojamas juosmuo Med\u017eiagos savyb\u0117s: Pagrindin\u0117 [&hellip;]<\/p>\n","protected":false},"featured_media":11493,"template":"","meta":{"_acf_changed":false},"pwb-brand":[81],"product_brand":[],"product_cat":[40,65],"product_tag":[],"class_list":{"0":"post-11477","1":"product","2":"type-product","3":"status-publish","4":"has-post-thumbnail","6":"pwb-brand-reima","7":"product_cat-vaikams","8":"product_cat-ziemines-striukes-paltai-lauko-apranga-vaikams","9":"pa_drabuziu-dydis-144","10":"pa_drabuziu-dydis-145","11":"pa_drabuziu-dydis-146","12":"pa_drabuziu-dydis-215","13":"pa_drabuziu-dydis-216","14":"pa_drabuziu-dydis-156","15":"pa_drabuziu-dydis-157","16":"pa_drabuziu-dydis-282","17":"pa_drabuziu-dydis-150","18":"pa_drabuziu-dydis-202","19":"pa_drabuziu-dydis-203","21":"first","22":"instock","23":"sale","24":"shipping-taxable","25":"purchasable","26":"product-type-variable"},"supplier_id":null,"supplier_sku":"","barcode":null,"atum_controlled":true,"out_stock_date":null,"out_stock_threshold":null,"inheritable":false,"inbound_stock":null,"stock_on_hold":0,"sold_today":0,"sales_last_days":0,"reserved_stock":null,"customer_returns":null,"warehouse_damage":null,"lost_in_post":null,"other_logs":null,"out_stock_days":0,"lost_sales":0,"has_location":null,"update_date":"2026-05-04T03:17:43","atum_locations":[],"atum_stock_status":"instock","restock_status":false,"low_stock_amount":"","sales_update_date":"2026-05-04T03:17:43","calc_backorders":null,"acf":[],"brands":[{"id":81,"name":"REIMA","slug":"reima"}],"_links":{"self":[{"href":"https:\/\/dekastar.lt\/lv\/wp-json\/wp\/v2\/product\/11477","targetHints":{"allow":["GET"]}}],"collection":[{"href":"https:\/\/dekastar.lt\/lv\/wp-json\/wp\/v2\/product"}],"about":[{"href":"https:\/\/dekastar.lt\/lv\/wp-json\/wp\/v2\/types\/product"}],"wp:featuredmedia":[{"embeddable":true,"href":"https:\/\/dekastar.lt\/lv\/wp-json\/wp\/v2\/media\/11493"}],"wp:attachment":[{"href":"https:\/\/dekastar.lt\/lv\/wp-json\/wp\/v2\/media?parent=11477"}],"wp:term":[{"taxonomy":"pwb-brand","embeddable":true,"href":"https:\/\/dekastar.lt\/lv\/wp-json\/wp\/v2\/pwb-brand?post=11477"},{"taxonomy":"product_brand","embeddable":true,"href":"https:\/\/dekastar.lt\/lv\/wp-json\/wp\/v2\/product_brand?post=11477"},{"taxonomy":"product_cat","embeddable":true,"href":"https:\/\/dekastar.lt\/lv\/wp-json\/wp\/v2\/product_cat?post=11477"},{"taxonomy":"product_tag","embeddable":true,"href":"https:\/\/dekastar.lt\/lv\/wp-json\/wp\/v2\/product_tag?post=11477"}],"curies":[{"name":"wp","href":"https:\/\/api.w.org\/{rel}","templated":true}]}}