{"id":11601,"date":"2025-11-12T14:29:44","date_gmt":"2025-11-12T14:29:44","guid":{"rendered":"https:\/\/dekastar.lt\/?post_type=product&#038;p=11601"},"modified":"2025-11-12T14:29:44","modified_gmt":"2025-11-12T14:29:44","slug":"crocs-classic-cozzzy-slipper-wheat-rusvos-slepetes","status":"publish","type":"product","link":"https:\/\/dekastar.lt\/lv\/products\/crocs-classic-cozzzy-slipper-wheat-rusvos-slepetes\/","title":{"rendered":"Crocs\u2122 CLASSIC COZZZY SLIPPER Wheat (Rusvos \u0161lepet\u0117s)"},"content":{"rendered":"<p>Classic Cozzzy \u0161lepet\u0117s\/kambarin\u0117s klump\u0117s<\/p>\n<p>Joki\u0173 plan\u0173 \u2013 tai geriausi planai m\u016bs\u0173 p\u016bkuotoms \u201eClassic Cozzzy\u201c \u0161lepet\u0117ms. Savo legendines \u201eClassic Clog\u201c klumpes pavert\u0117me tobulomis kambarin\u0117mis \u0161lepet\u0117mis, skirtomis toms dienoms, kai norisi tiesiog atsipalaiduoti. \u0160iltas, dirbtinio avikailio p\u016bkas, einantis nuo kulno iki pir\u0161t\u0173 galiuk\u0173, mink\u0161tas, panardinantis poj\u016btis po p\u0117domis ir neslid\u016bs tekst\u016bruoti logotipai ant pado leis jums atsipalaiduoti ir \u0161iek tiek ilgiau pails\u0117ti.<\/p>\n<p>Informacija apie Classic Cozzzy \u0161lepetes:<\/p>\n<p>    360\u00b0 dirbtinis \u0117riuko kailis;<br \/>\n    Patogus \u012fsispiriamas vidpadis;<br \/>\n    Tekst\u016bruoti logotipai ant pado u\u017etikrina geresn\u012f sukibim\u0105;<br \/>\n    Patogus galinis dir\u017eelis papildomam funkcionalumui u\u017etikrinti.<\/p>\n<p>P.S.<br \/>\n43,5 (M10\/W12)<\/p>","protected":false},"excerpt":{"rendered":"<p>Classic Cozzzy \u0161lepet\u0117s\/kambarin\u0117s klump\u0117s Joki\u0173 plan\u0173 \u2013 tai geriausi planai m\u016bs\u0173 p\u016bkuotoms \u201eClassic Cozzzy\u201c \u0161lepet\u0117ms. Savo legendines \u201eClassic Clog\u201c klumpes pavert\u0117me tobulomis kambarin\u0117mis \u0161lepet\u0117mis, skirtomis toms dienoms, kai norisi tiesiog atsipalaiduoti. \u0160iltas, dirbtinio avikailio p\u016bkas, einantis nuo kulno iki pir\u0161t\u0173 galiuk\u0173, mink\u0161tas, panardinantis poj\u016btis po p\u0117domis ir neslid\u016bs tekst\u016bruoti logotipai ant pado leis jums atsipalaiduoti [&hellip;]<\/p>\n","protected":false},"featured_media":11605,"template":"","meta":{"_acf_changed":false},"pwb-brand":[240],"product_brand":[],"product_cat":[38,42,45,39],"product_tag":[],"class_list":{"0":"post-11601","1":"product","2":"type-product","3":"status-publish","4":"has-post-thumbnail","6":"pwb-brand-crocs","7":"product_cat-moterims","8":"product_cat-avalyne","9":"product_cat-avalyne-vyrams","10":"product_cat-vyrams","11":"pa_avalynes-dydis-279","13":"first","14":"instock","15":"sale","16":"shipping-taxable","17":"purchasable","18":"product-type-variable"},"supplier_id":null,"supplier_sku":"","barcode":null,"atum_controlled":true,"out_stock_date":null,"out_stock_threshold":null,"inheritable":false,"inbound_stock":null,"stock_on_hold":0,"sold_today":0,"sales_last_days":0,"reserved_stock":null,"customer_returns":null,"warehouse_damage":null,"lost_in_post":null,"other_logs":null,"out_stock_days":0,"lost_sales":0,"has_location":null,"update_date":"2026-04-27T03:13:37","atum_locations":[],"atum_stock_status":"instock","restock_status":false,"low_stock_amount":"","sales_update_date":"2026-04-27T03:13:37","calc_backorders":null,"acf":[],"brands":[{"id":240,"name":"CROCS","slug":"crocs"}],"_links":{"self":[{"href":"https:\/\/dekastar.lt\/lv\/wp-json\/wp\/v2\/product\/11601","targetHints":{"allow":["GET"]}}],"collection":[{"href":"https:\/\/dekastar.lt\/lv\/wp-json\/wp\/v2\/product"}],"about":[{"href":"https:\/\/dekastar.lt\/lv\/wp-json\/wp\/v2\/types\/product"}],"wp:featuredmedia":[{"embeddable":true,"href":"https:\/\/dekastar.lt\/lv\/wp-json\/wp\/v2\/media\/11605"}],"wp:attachment":[{"href":"https:\/\/dekastar.lt\/lv\/wp-json\/wp\/v2\/media?parent=11601"}],"wp:term":[{"taxonomy":"pwb-brand","embeddable":true,"href":"https:\/\/dekastar.lt\/lv\/wp-json\/wp\/v2\/pwb-brand?post=11601"},{"taxonomy":"product_brand","embeddable":true,"href":"https:\/\/dekastar.lt\/lv\/wp-json\/wp\/v2\/product_brand?post=11601"},{"taxonomy":"product_cat","embeddable":true,"href":"https:\/\/dekastar.lt\/lv\/wp-json\/wp\/v2\/product_cat?post=11601"},{"taxonomy":"product_tag","embeddable":true,"href":"https:\/\/dekastar.lt\/lv\/wp-json\/wp\/v2\/product_tag?post=11601"}],"curies":[{"name":"wp","href":"https:\/\/api.w.org\/{rel}","templated":true}]}}