{"id":11630,"date":"2025-11-12T14:39:17","date_gmt":"2025-11-12T14:39:17","guid":{"rendered":"https:\/\/dekastar.lt\/?post_type=product&#038;p=11630"},"modified":"2025-11-12T14:42:39","modified_gmt":"2025-11-12T14:42:39","slug":"crocs-classic-cozzzy-vaikiskos-slepetes-rudos-mushroom","status":"publish","type":"product","link":"https:\/\/dekastar.lt\/lv\/products\/crocs-classic-cozzzy-vaikiskos-slepetes-rudos-mushroom\/","title":{"rendered":"Crocs\u2122 Classic Cozzzy vaiki\u0161kos \u0161lepet\u0117s (Rudos\/Mushroom)"},"content":{"rendered":"<p>Geriausias planas \u2013 jokio plano, jei paklaustum\u0117te m\u016bs\u0173 p\u016bkuot\u0173 \u201eClassic Cozzzy Slipper\u201c \u0161lepe\u010di\u0173. Savo kultin\u0119 klasikin\u0119 klump\u0119 transformavome \u012f puiki\u0105 avalyn\u0119 toms dienoms, kai dienotvark\u0117je numatytas tik poilsis. \u0160iltas dirbtin\u0117s pirmo kirpimo vilnos kailiukas nuo kulno iki pir\u0161t\u0173 galiuk\u0173, patogus ir mink\u0161tas vidpadis bei sukibim\u0105 u\u017etikrinantys fakt\u016briniai logotipai ant pado \u2013 ko gero, atsip\u016bsti ir pails\u0117ti nor\u0117site dar truput\u012f ilgiau.<\/p>\n<p>Informacija apie Classic Cozzzy Slipper:<\/p>\n<p>    360\u00b0 dirbtinis pirmo kirpimo vilnos kailiukas;<br \/>\n    Patogus ir mink\u0161tas vidpadis;<br \/>\n    Sukibim\u0105 u\u017etikrinantys fakt\u016briniai logotipai ant pado;<br \/>\n    Kultinis ir funkcionalus u\u017ekulnio dir\u017eelis.<\/p>","protected":false},"excerpt":{"rendered":"<p>Geriausias planas \u2013 jokio plano, jei paklaustum\u0117te m\u016bs\u0173 p\u016bkuot\u0173 \u201eClassic Cozzzy Slipper\u201c \u0161lepe\u010di\u0173. Savo kultin\u0119 klasikin\u0119 klump\u0119 transformavome \u012f puiki\u0105 avalyn\u0119 toms dienoms, kai dienotvark\u0117je numatytas tik poilsis. \u0160iltas dirbtin\u0117s pirmo kirpimo vilnos kailiukas nuo kulno iki pir\u0161t\u0173 galiuk\u0173, patogus ir mink\u0161tas vidpadis bei sukibim\u0105 u\u017etikrinantys fakt\u016briniai logotipai ant pado \u2013 ko gero, atsip\u016bsti ir [&hellip;]<\/p>\n","protected":false},"featured_media":11636,"template":"","meta":{"_acf_changed":false},"pwb-brand":[240],"product_brand":[],"product_cat":[40,48],"product_tag":[],"class_list":{"0":"post-11630","1":"product","2":"type-product","3":"status-publish","4":"has-post-thumbnail","6":"pwb-brand-crocs","7":"product_cat-vaikams","8":"product_cat-avalyne-vaikams","9":"pa_avalynes-dydis-130","10":"pa_avalynes-dydis-119","11":"pa_avalynes-dydis-120","12":"pa_avalynes-dydis-122","13":"pa_avalynes-dydis-241","15":"first","16":"instock","17":"sale","18":"shipping-taxable","19":"purchasable","20":"product-type-variable"},"supplier_id":null,"supplier_sku":"","barcode":null,"atum_controlled":true,"out_stock_date":null,"out_stock_threshold":null,"inheritable":false,"inbound_stock":null,"stock_on_hold":0,"sold_today":0,"sales_last_days":0,"reserved_stock":null,"customer_returns":null,"warehouse_damage":null,"lost_in_post":null,"other_logs":null,"out_stock_days":0,"lost_sales":0,"has_location":null,"update_date":"2026-04-27T03:13:37","atum_locations":[],"atum_stock_status":"instock","restock_status":false,"low_stock_amount":"","sales_update_date":"2026-04-27T03:13:37","calc_backorders":null,"acf":[],"brands":[{"id":240,"name":"CROCS","slug":"crocs"}],"_links":{"self":[{"href":"https:\/\/dekastar.lt\/lv\/wp-json\/wp\/v2\/product\/11630","targetHints":{"allow":["GET"]}}],"collection":[{"href":"https:\/\/dekastar.lt\/lv\/wp-json\/wp\/v2\/product"}],"about":[{"href":"https:\/\/dekastar.lt\/lv\/wp-json\/wp\/v2\/types\/product"}],"wp:featuredmedia":[{"embeddable":true,"href":"https:\/\/dekastar.lt\/lv\/wp-json\/wp\/v2\/media\/11636"}],"wp:attachment":[{"href":"https:\/\/dekastar.lt\/lv\/wp-json\/wp\/v2\/media?parent=11630"}],"wp:term":[{"taxonomy":"pwb-brand","embeddable":true,"href":"https:\/\/dekastar.lt\/lv\/wp-json\/wp\/v2\/pwb-brand?post=11630"},{"taxonomy":"product_brand","embeddable":true,"href":"https:\/\/dekastar.lt\/lv\/wp-json\/wp\/v2\/product_brand?post=11630"},{"taxonomy":"product_cat","embeddable":true,"href":"https:\/\/dekastar.lt\/lv\/wp-json\/wp\/v2\/product_cat?post=11630"},{"taxonomy":"product_tag","embeddable":true,"href":"https:\/\/dekastar.lt\/lv\/wp-json\/wp\/v2\/product_tag?post=11630"}],"curies":[{"name":"wp","href":"https:\/\/api.w.org\/{rel}","templated":true}]}}