{"id":11751,"date":"2025-12-11T14:16:43","date_gmt":"2025-12-11T14:16:43","guid":{"rendered":"https:\/\/dekastar.lt\/?post_type=product&#038;p=11751"},"modified":"2025-12-11T14:20:35","modified_gmt":"2025-12-11T14:20:35","slug":"automobilio-kvapo-papildymas-superior-50-ml","status":"publish","type":"product","link":"https:\/\/dekastar.lt\/lv\/products\/automobilio-kvapo-papildymas-superior-50-ml\/","title":{"rendered":"Automobilio kvapo papildymas SUPERIOR (50 ml)"},"content":{"rendered":"<p>Ekskluz\u012bva dizaina un moderno tehnolo\u0123iju kombin\u0101cija sniedz jums un j\u016bsu automa\u0161\u012bnai greznu smar\u017eu komplektu. <em>SUPERIOR<\/em>. \u0160is ir Latvijas produkts tiem, kas nov\u0113rt\u0113 kvalit\u0101ti un mekl\u0113 inov\u0101cijas sav\u0101 ikdien\u0101. \u0160is ir auto aksesu\u0101rs, kas papildin\u0101s j\u016bsu mekl\u0113jumus! Viegli lietojams un \u012bpa\u0161i iztur\u012bgs <em>SUPERIOR<\/em> Automa\u0161\u012bnas smar\u017ea p\u0101rliecin\u0101s j\u016bs, ka tas ir tas luksusa piesk\u0101riens, kura jums tr\u016bka, p\u0101rv\u0113r\u0161ot katru braucienu par komfortablu uztur\u0113\u0161anos.<\/p>\n<p>SUPERIOR ir viendab\u012bgs arom\u0101ts gan v\u012brie\u0161iem, gan sieviet\u0113m. Tas ir izteiksm\u012bgs, drosm\u012bgs un p\u0101rliecino\u0161s arom\u0101ts j\u016bsu automa\u0161\u012bnai. Smar\u017ea sast\u0101v\u0101 ir \u0161\u0101das notis:<\/p>\n<div>\n<ul>\n<li>Aug\u0161\u0113j\u0101s notis: bergamotes, mandar\u012bna, apels\u012bna, rabarbera;<\/li>\n<li>Vid\u0113j\u0101s notis: muskatrieksts, \u0137imenes, ingvers, melnie pipari;<\/li>\n<li>B\u0101zes notis: mandeles, jasm\u012bns, sarkankoks, dzintars, muskuss, ciedrs.<\/li>\n<\/ul>\n<\/div>\n<p><em>Parfim\u0113rijas smar\u017eu komplekt\u0101 ietilpst:<\/em><\/p>\n<ul>\n<li>50 ml pur\u0161kiklis skirtas kv\u0117pinti odin\u0119 kortel\u0119 arba papurk\u0161ti automobilio slaone.\n<li>Kvapo papildymas supakuotas prabangioje, i\u0161skirtinio dizaino medin\u0117je d\u0117\u017eut\u0117je.<\/li>\n<\/ul>\n<div class=\"text_exposed_show\">\n<p>Arom\u0101ts ir izgatavots, izmantojot smar\u017e\u012bg\u0101s e\u013c\u013cas un \u0161\u0137idro e\u013c\u013cas b\u0101zi no atjaunojamiem avotiem.<\/p>\n<p>Produkta lieto\u0161anas un dro\u0161\u012bbas pras\u012bbas ir nor\u0101d\u012btas uz produkta iepakojum\u0101 iek\u013caut\u0101s eti\u0137etes.<\/p>\n<p>Ra\u017eots Latvij\u0101.<\/p>","protected":false},"excerpt":{"rendered":"<p>I\u0161skirtinio dizaino bei modernios technologijos derinys, dovanoja Jums ir J\u016bs\u0173 automobiliui prabang\u0173 kvap\u0173 rinkin\u012f SUPERIOR. Tai Latvijos gamintoj\u0173 k\u016brinys, skirtas vertinantiems kokyb\u0119 bei ie\u0161kantiems naujovi\u0173 savo kasdienyb\u0117je. Tai automobilio aksesuaras, u\u017ebaigsiantis J\u016bs\u0173 paie\u0161kas! I\u0161band\u017eius lengvai naudojam\u0105 ir itin ilgai i\u0161liekant\u012f SUPERIOR automobilio parfumuot\u0105 kvap\u0105, \u012fsitikinsite, kad tai prabangos dvelksmas, kurio Jums tr\u016bko kiekvien\u0105 kelion\u0119 paver\u010diant [&hellip;]<\/p>\n","protected":false},"featured_media":11752,"template":"","meta":{"_acf_changed":false},"pwb-brand":[],"product_brand":[],"product_cat":[221],"product_tag":[],"class_list":{"0":"post-11751","1":"product","2":"type-product","3":"status-publish","4":"has-post-thumbnail","6":"product_cat-kvapu-rinkinys-automobiliui","8":"first","9":"instock","10":"shipping-taxable","11":"purchasable","12":"product-type-simple"},"supplier_id":null,"supplier_sku":"","barcode":null,"atum_controlled":true,"out_stock_date":null,"out_stock_threshold":null,"inheritable":false,"inbound_stock":0,"stock_on_hold":0,"sold_today":0,"sales_last_days":0,"reserved_stock":0,"customer_returns":0,"warehouse_damage":0,"lost_in_post":0,"other_logs":0,"out_stock_days":0,"lost_sales":0,"has_location":false,"update_date":"2026-04-10T00:34:53","atum_locations":[],"atum_stock_status":"instock","restock_status":false,"low_stock_amount":"","sales_update_date":"2026-04-10T00:34:53","calc_backorders":null,"acf":[],"brands":[],"_links":{"self":[{"href":"https:\/\/dekastar.lt\/lv\/wp-json\/wp\/v2\/product\/11751","targetHints":{"allow":["GET"]}}],"collection":[{"href":"https:\/\/dekastar.lt\/lv\/wp-json\/wp\/v2\/product"}],"about":[{"href":"https:\/\/dekastar.lt\/lv\/wp-json\/wp\/v2\/types\/product"}],"wp:featuredmedia":[{"embeddable":true,"href":"https:\/\/dekastar.lt\/lv\/wp-json\/wp\/v2\/media\/11752"}],"wp:attachment":[{"href":"https:\/\/dekastar.lt\/lv\/wp-json\/wp\/v2\/media?parent=11751"}],"wp:term":[{"taxonomy":"pwb-brand","embeddable":true,"href":"https:\/\/dekastar.lt\/lv\/wp-json\/wp\/v2\/pwb-brand?post=11751"},{"taxonomy":"product_brand","embeddable":true,"href":"https:\/\/dekastar.lt\/lv\/wp-json\/wp\/v2\/product_brand?post=11751"},{"taxonomy":"product_cat","embeddable":true,"href":"https:\/\/dekastar.lt\/lv\/wp-json\/wp\/v2\/product_cat?post=11751"},{"taxonomy":"product_tag","embeddable":true,"href":"https:\/\/dekastar.lt\/lv\/wp-json\/wp\/v2\/product_tag?post=11751"}],"curies":[{"name":"wp","href":"https:\/\/api.w.org\/{rel}","templated":true}]}}