{"id":11804,"date":"2026-02-11T10:26:07","date_gmt":"2026-02-11T10:26:07","guid":{"rendered":"https:\/\/dekastar.lt\/?post_type=product&#038;p=11804"},"modified":"2026-03-26T20:36:04","modified_gmt":"2026-03-26T20:36:04","slug":"name-it-softshell-kombinezonas-meskinai","status":"publish","type":"product","link":"https:\/\/dekastar.lt\/lv\/products\/name-it-softshell-kombinezonas-meskinai\/","title":{"rendered":"NAME IT shell kombinezonas &#8220;ME\u0160KINAI&#8221;"},"content":{"rendered":"<p>NAME IT kombinezonas &#8220;ME\u0160KINAI&#8221; pagamintas su meile ir atsakingu po\u017ei\u016briu \u012f gamt\u0105. \u0160is gaminys pagamintas i\u0161 ma\u017edaug 50 % perdirbto poliesterio. Kombinezonas skirtas rudens\/pavasario sezonams. Tai tshell tipo lauko r\u016bbas. Jis atsparus vandeniui, v\u0117jui, yra mink\u0161tas ir pralaidus orui. Didelis, sandarus gobtuvas apsaugos nuo v\u0117jo bei lietaus. Gobtuvas nusegamas. Kombinezonas turi \u0161vies\u0105 atspindin\u010di\u0173 detali\u0173 bei silikonines bat\u0173 kilpas. \u0160is kombinezono modelis yra su dviem priekin\u0117mis ki\u0161en\u0117mis.<\/p>\n<p>Technin\u0117s savyb\u0117s:<br \/>\n* Atsparumo vandeniui indeksas- 8,000 mm<br \/>\n* Oro pralaidumo indeksas- 3 000 g\/m2\/24 val<br \/>\n* Audinio patvarumo indeksas-(med\u017eiagos geb\u0117jimas atlaikyti trint\u012f) 20,000 vienet\u0173<br \/>\n* Softshell audinio kombinezonus rekomenduojama d\u0117v\u0117ti nuo 0 iki +15 laipsni\u0173<br \/>\n* Sud\u0117tis: 94% poliesteris (perdirbtas), 6% elastanas.<\/p>\n<p>Poliesteris &#8211; ypatingas sintetinis audinys pagamintas i\u0161 polimer\u0173 pluo\u0161to. Audinys yra puikiai \u0161ildantis ir labai malonus k\u016bnui. I\u0161ori\u0161kai jis pana\u0161us \u012f viln\u0105, o savo savyb\u0117mis kai kuo primena medviln\u0119. Poliesterio audinys yra labai atsparus d\u0117v\u0117jimuisi (atsparus \u0161viesai, \u0161ilumai), lengvas, gerai laiko form\u0105, nesiglam\u017eo, lengvai pri\u017ei\u016brimas, greit i\u0161d\u017ei\u016bna. Kitaip tariant tai audinys, savo savyb\u0117mis puikiai tinkantis \u0161iltam apatiniam trikota\u017eui, kur\u012f naudojame \u017eiemos metu.\u00a0<\/p>\n<p>Kombinezono prie\u017ei\u016bra: Audinys tinkamas skalbti automatine skalbimo ma\u0161ina, ta\u010diau nem\u0117gsta auk\u0161tos temperat\u016bros. Optimalu j\u012f skalbti 30 laipsni\u0173 temperat\u016broje. Audinio negalima balinti (jis ir taip atsparus \u0161viesai). Skalbiant automatine ma\u0161ina geriau naudoti &#8220;\u0161velni\u0105&#8221; program\u0105. Audinio geriau nelyginti labai kar\u0161tu lygintuvu. Audinys ma\u017eai glam\u017eosi, tad jo lyginimas n\u0117ra b\u016btinas.\u00a0<\/p>\n<p>PASTABA: Kombinezonai yra su dyd\u017eio rezervu, tad rinktis reikt\u0173 pagal faktin\u012f vaiko \u016bg\u012f. Dyd\u017ei\u0173 lentel\u0117 pateikiama kartu su prek\u0117s nuotraukomis<\/p>","protected":false},"excerpt":{"rendered":"<p>NAME IT kombinezonas &#8220;ME\u0160KINAI&#8221; pagamintas su meile ir atsakingu po\u017ei\u016briu \u012f gamt\u0105. \u0160is gaminys pagamintas i\u0161 ma\u017edaug 50 % perdirbto poliesterio. Kombinezonas skirtas rudens\/pavasario sezonams. Tai tshell tipo lauko r\u016bbas. Jis atsparus vandeniui, v\u0117jui, yra mink\u0161tas ir pralaidus orui. Didelis, sandarus gobtuvas apsaugos nuo v\u0117jo bei lietaus. Gobtuvas nusegamas. Kombinezonas turi \u0161vies\u0105 atspindin\u010di\u0173 detali\u0173 bei [&hellip;]<\/p>\n","protected":false},"featured_media":11816,"template":"","meta":{"_acf_changed":false},"pwb-brand":[100],"product_brand":[],"product_cat":[40,68,110],"product_tag":[],"class_list":{"0":"post-11804","1":"product","2":"type-product","3":"status-publish","4":"has-post-thumbnail","6":"pwb-brand-name-it","7":"product_cat-vaikams","8":"product_cat-kombinezonai","9":"product_cat-sezoniniai-kombinezonai","10":"pa_drabuziu-dydis-144","11":"pa_drabuziu-dydis-145","12":"pa_drabuziu-dydis-146","13":"pa_drabuziu-dydis-215","14":"pa_drabuziu-dydis-216","15":"pa_drabuziu-dydis-168","16":"pa_drabuziu-dydis-147","17":"pa_drabuziu-dydis-148","18":"pa_drabuziu-dydis-142","20":"first","21":"instock","22":"sale","23":"shipping-taxable","24":"purchasable","25":"product-type-variable"},"supplier_id":null,"supplier_sku":"","barcode":null,"atum_controlled":true,"out_stock_date":null,"out_stock_threshold":null,"inheritable":true,"inbound_stock":0,"stock_on_hold":0,"sold_today":0,"sales_last_days":0,"reserved_stock":0,"customer_returns":0,"warehouse_damage":0,"lost_in_post":0,"other_logs":0,"out_stock_days":0,"lost_sales":0,"has_location":false,"update_date":"2026-04-10T00:35:09","atum_locations":[],"atum_stock_status":"instock","restock_status":false,"low_stock_amount":"","sales_update_date":"2026-04-10T00:34:01","calc_backorders":null,"acf":[],"brands":[{"id":100,"name":"NAME IT","slug":"name-it"}],"_links":{"self":[{"href":"https:\/\/dekastar.lt\/lv\/wp-json\/wp\/v2\/product\/11804","targetHints":{"allow":["GET"]}}],"collection":[{"href":"https:\/\/dekastar.lt\/lv\/wp-json\/wp\/v2\/product"}],"about":[{"href":"https:\/\/dekastar.lt\/lv\/wp-json\/wp\/v2\/types\/product"}],"wp:featuredmedia":[{"embeddable":true,"href":"https:\/\/dekastar.lt\/lv\/wp-json\/wp\/v2\/media\/11816"}],"wp:attachment":[{"href":"https:\/\/dekastar.lt\/lv\/wp-json\/wp\/v2\/media?parent=11804"}],"wp:term":[{"taxonomy":"pwb-brand","embeddable":true,"href":"https:\/\/dekastar.lt\/lv\/wp-json\/wp\/v2\/pwb-brand?post=11804"},{"taxonomy":"product_brand","embeddable":true,"href":"https:\/\/dekastar.lt\/lv\/wp-json\/wp\/v2\/product_brand?post=11804"},{"taxonomy":"product_cat","embeddable":true,"href":"https:\/\/dekastar.lt\/lv\/wp-json\/wp\/v2\/product_cat?post=11804"},{"taxonomy":"product_tag","embeddable":true,"href":"https:\/\/dekastar.lt\/lv\/wp-json\/wp\/v2\/product_tag?post=11804"}],"curies":[{"name":"wp","href":"https:\/\/api.w.org\/{rel}","templated":true}]}}