{"id":11899,"date":"2026-02-12T10:05:38","date_gmt":"2026-02-12T10:05:38","guid":{"rendered":"https:\/\/dekastar.lt\/?post_type=product&#038;p=11899"},"modified":"2026-03-29T17:06:18","modified_gmt":"2026-03-29T17:06:18","slug":"name-it-softshell-kelniu-ir-striukes-komplektas-traktoriukas","status":"publish","type":"product","link":"https:\/\/dekastar.lt\/lv\/products\/name-it-softshell-kelniu-ir-striukes-komplektas-traktoriukas\/","title":{"rendered":"NAME IT Softshell kelni\u0173 ir striuk\u0117s komplektas &#8220;Traktoriukas&#8221;"},"content":{"rendered":"<p>Puikiai Lietuvoje pa\u017e\u012fstamo ir itin pam\u0117gto prek\u0117s \u017eenklo NAME IT demisezonin\u0117 striuk\u0117 ir keln\u0117s i\u0161 softshell audinio.<\/p>\n<p>NAME IT striuk\u0117s ir kelni\u0173 komplektas &#8220;Traktoriukas&#8221; itin prakti\u0161ka naujiena NAME IT lauko r\u016bb\u0173 asortimente. Softshell lauko r\u016bb\u0173 linija pagaminta su meile ir atsakingu po\u017ei\u016briu \u012f gamt\u0105. \u0160ie gaminiai pagaminti i\u0161 ma\u017edaug 50 % perdirbto poliesterio. Striuk\u0117s ir kelni\u0173 derinys skirta rudens\/pavasario sezonams. Tai &#8220;Softshell&#8221; tipo lauko r\u016bbas. Jis atsparus vandeniui, v\u0117jui, yra mink\u0161tas ir pralaidus orui. Didelis, sandarus gobtuvas apsaugos nuo v\u0117jo bei lietaus. Gobtuvas nusegamas. Striuk\u0117 turi \u0161vies\u0105 atspindin\u010di\u0173 detali\u0173. \u0160is striuk\u0117s modelis yra su dviem priekin\u0117mis ki\u0161en\u0117mis. Keln\u0117s itin patagios, su petne\u0161omis bei silikonin\u0117mis koj\u0173 kilpomis.<br \/>\n\u0160\u012bs rindas produktu izm\u0113rs atbilst b\u0113rna augumam.<\/p>\n<p>Technin\u0117s savyb\u0117s:<br \/>\n* Atsparumo vandeniui indeksas- 8,000 mm<br \/>\n* Oro pralaidumo indeksas- 3 000 g\/m2\/24 val<br \/>\n* Audinio patvarumo indeksas-(med\u017eiagos geb\u0117jimas atlaikyti trint\u012f) 20,000 vienet\u0173<br \/>\n* Softshell audinio lauko r\u016bbus rekomenduojama d\u0117v\u0117ti nuo 0 iki +15 laipsni\u0173<br \/>\n* Sud\u0117tis: 94% poliesteris (perdirbtas), 6% elastanas.<\/p>\n<p>Poliesteris &#8211; ypatingas sintetinis audinys pagamintas i\u0161 polimer\u0173 pluo\u0161to. Audinys yra puikiai \u0161ildantis ir labai malonus k\u016bnui. I\u0161ori\u0161kai jis pana\u0161us \u012f viln\u0105, o savo savyb\u0117mis kai kuo primena medviln\u0119. Poliesterio audinys yra labai atsparus d\u0117v\u0117jimuisi (atsparus \u0161viesai, \u0161ilumai), lengvas, gerai laiko form\u0105, nesiglam\u017eo, lengvai pri\u017ei\u016brimas, greit i\u0161d\u017ei\u016bna. Kitaip tariant tai audinys, savo savyb\u0117mis puikiai tinkantis \u0161iltam apatiniam trikota\u017eui, kur\u012f naudojame \u017eiemos metu.<\/p>\n<p>Audinys tinkamas skalbti automatine skalbimo ma\u0161ina, ta\u010diau nem\u0117gsta auk\u0161tos temperat\u016bros. Optimalu j\u012f skalbti 30 laipsni\u0173 temperat\u016broje. Audinio negalima balinti (jis ir taip atsparus \u0161viesai). Skalbiant automatine ma\u0161ina geriau naudoti &#8220;\u0161velni\u0105&#8221; program\u0105. Audinio geriau nelyginti labai kar\u0161tu lygintuvu. Audinys ma\u017eai glam\u017eosi, tad jo lyginimas n\u0117ra b\u016btinas.\u00a0<\/p>","protected":false},"excerpt":{"rendered":"<p>Puikiai Lietuvoje pa\u017e\u012fstamo ir itin pam\u0117gto prek\u0117s \u017eenklo NAME IT demisezonin\u0117 striuk\u0117 ir keln\u0117s i\u0161 softshell audinio. NAME IT striuk\u0117s ir kelni\u0173 komplektas &#8220;Traktoriukas&#8221; itin prakti\u0161ka naujiena NAME IT lauko r\u016bb\u0173 asortimente. Softshell lauko r\u016bb\u0173 linija pagaminta su meile ir atsakingu po\u017ei\u016briu \u012f gamt\u0105. \u0160ie gaminiai pagaminti i\u0161 ma\u017edaug 50 % perdirbto poliesterio. Striuk\u0117s ir [&hellip;]<\/p>\n","protected":false},"featured_media":11906,"template":"","meta":{"_acf_changed":false},"pwb-brand":[100],"product_brand":[],"product_cat":[40,66],"product_tag":[],"class_list":{"0":"post-11899","1":"product","2":"type-product","3":"status-publish","4":"has-post-thumbnail","6":"pwb-brand-name-it","7":"product_cat-vaikams","8":"product_cat-sezonines-striukes-paltai-lauko-apranga-vaikams","9":"pa_drabuziu-dydis-144","10":"pa_drabuziu-dydis-145","11":"pa_drabuziu-dydis-146","12":"pa_drabuziu-dydis-147","13":"pa_drabuziu-dydis-148","14":"pa_drabuziu-dydis-142","16":"first","17":"instock","18":"sale","19":"shipping-taxable","20":"purchasable","21":"product-type-variable"},"supplier_id":null,"supplier_sku":"","barcode":null,"atum_controlled":true,"out_stock_date":null,"out_stock_threshold":null,"inheritable":true,"inbound_stock":0,"stock_on_hold":0,"sold_today":0,"sales_last_days":0,"reserved_stock":0,"customer_returns":0,"warehouse_damage":0,"lost_in_post":0,"other_logs":0,"out_stock_days":0,"lost_sales":0,"has_location":false,"update_date":"2026-04-14T00:35:48","atum_locations":[],"atum_stock_status":"instock","restock_status":false,"low_stock_amount":"","sales_update_date":"2026-04-14T00:35:48","calc_backorders":null,"acf":[],"brands":[{"id":100,"name":"NAME IT","slug":"name-it"}],"_links":{"self":[{"href":"https:\/\/dekastar.lt\/lv\/wp-json\/wp\/v2\/product\/11899","targetHints":{"allow":["GET"]}}],"collection":[{"href":"https:\/\/dekastar.lt\/lv\/wp-json\/wp\/v2\/product"}],"about":[{"href":"https:\/\/dekastar.lt\/lv\/wp-json\/wp\/v2\/types\/product"}],"wp:featuredmedia":[{"embeddable":true,"href":"https:\/\/dekastar.lt\/lv\/wp-json\/wp\/v2\/media\/11906"}],"wp:attachment":[{"href":"https:\/\/dekastar.lt\/lv\/wp-json\/wp\/v2\/media?parent=11899"}],"wp:term":[{"taxonomy":"pwb-brand","embeddable":true,"href":"https:\/\/dekastar.lt\/lv\/wp-json\/wp\/v2\/pwb-brand?post=11899"},{"taxonomy":"product_brand","embeddable":true,"href":"https:\/\/dekastar.lt\/lv\/wp-json\/wp\/v2\/product_brand?post=11899"},{"taxonomy":"product_cat","embeddable":true,"href":"https:\/\/dekastar.lt\/lv\/wp-json\/wp\/v2\/product_cat?post=11899"},{"taxonomy":"product_tag","embeddable":true,"href":"https:\/\/dekastar.lt\/lv\/wp-json\/wp\/v2\/product_tag?post=11899"}],"curies":[{"name":"wp","href":"https:\/\/api.w.org\/{rel}","templated":true}]}}