{"id":1197,"date":"2021-12-01T15:02:57","date_gmt":"2021-12-01T15:02:57","guid":{"rendered":"https:\/\/dekastar.lt\/?post_type=product&#038;p=1197"},"modified":"2025-10-22T12:19:22","modified_gmt":"2025-10-22T12:19:22","slug":"ziemine-parka-helly-hansen-eira","status":"publish","type":"product","link":"https:\/\/dekastar.lt\/lv\/products\/ziemine-parka-helly-hansen-eira\/","title":{"rendered":"Sievie\u0161u jaka (parka) HELLY HANSEN Eira"},"content":{"rendered":"<p><strong>Silta \u016bdensnecaurlaid\u012bga sievie\u0161u ziemas jaka ar Primaloft\u00ae termisko aizsardz\u012bbu.<\/strong><\/p>\n<p><em>Produkta apraksts:<\/em><\/p>\n<p>Sievie\u0161u jaka EIRA no Helly Hansen sievie\u0161u virsdr\u0113bju kl\u0101sta.<\/p>\n<p><strong>Eira jaku iedvesmojusi klasisk\u0101 HELLY HANSEN l\u012bnija. \u00a0<\/strong><\/p>\n<p>Pamatojoties uz \u013coti veiksm\u012bgo Hilton jaku, HELLY HANSEN, izmantojot jaun\u0101k\u0101s tehnolo\u0123ijas, ir rad\u012bjis EIRA jaku n\u0101kam\u0101s paaudzes modeli.  \u016adensnecaurlaid\u012bgs, lieliski izskat\u012bgs melan\u017e\u0113ts virs\u0113jais audums apvienojum\u0101 ar siltu Primaloft\u00ae izol\u0101ciju un elegantu, bez deta\u013c\u0101m veidotu dizainu.<\/p>\n<p>HELLY HANSEN Eira jaka ir lieliska izv\u0113le ikdienai vai jebkuram gad\u012bjumam, jo, dodoties \u0101r\u0101, j\u016bs jut\u012bsieties dro\u0161i, ka jums b\u016bs silti un \u0113rti.<\/p>\n<p><strong>Funkcijas:<\/strong><\/p>\n<ul>\n<li>Strat\u0113\u0123iski pasl\u0113ptas \u0161uves, lai pasarg\u0101tu no elementu p\u0101rslodzes.<\/li>\n<li>Materi\u0101ls ar DWR apstr\u0101di (iztur\u012bgs, \u016bdeni atgr\u016bdo\u0161s)<\/li>\n<li>Piln\u012bb\u0101 izol\u0113ts ar Primaloft\u00ae Black tehnolo\u0123iju<\/li>\n<li>Kapuce ar no\u0146emamu m\u0101ksl\u012bg\u0101s ka\u017eok\u0101das apdari<\/li>\n<li>\u0100r\u0113j\u0101s kabatas ar aizdares pogu<\/li>\n<li>Aproces ar aproc\u0113m plaukstu loc\u012btav\u0101m papildu siltumam un aizsardz\u012bbai<\/li>\n<li>Regul\u0113jams p\u0101rsegs<\/li>\n<li>YKK\u00ae Vislon divvirzienu r\u0101v\u0113jsl\u0113dz\u0113js priek\u0161pus\u0113<\/li>\n<li>Artikul\u0113tas piedurknes<\/li>\n<li>HH met\u0101la noz\u012bm\u012bte uz piedurknes<\/li>\n<li><strong>Matu griezumi:<\/strong> Taisns griezums<\/li>\n<li>** Vid\u0113jais muguras garums: 80 cm (M izm\u0113rs)<\/li>\n<\/ul>\n<p><strong>Helly Hansen sievie\u0161u jakas EIRA materi\u0101la raksturojums:<\/strong><\/p>\n<ul>\n<li><strong>\u0100r\u0113jo audu sast\u0101vs:<\/strong> 100% Poliam\u012bds ar Helly Tech\u00ae Protection tehnolo\u0123iju un DWR apstr\u0101di.<\/li>\n<li><strong>Izol\u0101cija:<\/strong> Primaloft\u00ae tehnolo\u0123ija - 100% Poliesters.<\/li>\n<li><strong>Aizmugures zona:<\/strong> 100% Poliuret\u0101ns.<\/li>\n<\/ul>\n<ul>\n<li><strong>Materi\u0101lu \u012bpa\u0161\u012bbas:<\/strong> Elpojo\u0161s, izol\u0113jo\u0161s, \u016bdensnecaurlaid\u012bgs un v\u0113jadro\u0161s<strong>.<\/strong><\/li>\n<li><strong>\u0100r\u0113j\u0101 auduma \u0161\u0137iedra:<\/strong> 100% Poliam\u012bds.<\/li>\n<li><strong>Odere:<\/strong> Poliuret\u0101ns.<\/li>\n<li><strong>Izol\u0101cija:<\/strong> Primaloft\u00ae Black tehnolo\u0123ija.<\/li>\n<li><strong>\u0100r\u0113jais materi\u0101ls:<\/strong> Helly Tech\u00ae aizsardz\u012bbas tehnolo\u0123ija, aizsarg\u0101.<\/li>\n<\/ul>\n<p><strong>EIRA jaka <\/strong><strong>no Helly Hansen ir paredz\u0113ta \u0161\u0101diem sporta veidiem un aktivit\u0101t\u0113m:<\/strong><\/p>\n<p>Pils\u0113tas\/\u0101ra<\/p>\n<p><strong>EIRA jaka\u00a0 <\/strong><strong>no Helly Hansen var valk\u0101t \u0161\u0101dos laika apst\u0101k\u013cos: <\/strong><\/p>\n<ul>\n<li>Par \u0160al\u010diui<\/li>\n<li>Lietuvai<\/li>\n<li>Uz v\u0113jdzirnav\u0101m<\/li>\n<li>Sniegam<\/li>\n<\/ul>","protected":false},"excerpt":{"rendered":"<p>Moteri\u0161ka \u0161ilta vandeniui nelaidi \u017eiemin\u0117 striuk\u0117 su termo apsauga Primaloft\u00ae. Prek\u0117s apra\u0161ymas: Prekinio \u017eenklo Helly Hansen\u00a0 moteri\u0161ka striuk\u0117\u00a0 EIRA\u00a0 i\u0161 moteri\u0161k\u0173 vir\u0161utini\u0173 drabu\u017ei\u0173 asortimento. Eleganti\u0161ko stiliaus striuk\u0117 Eira &#8211; \u012fkv\u0117pta klasikin\u0117s prekinio \u017eenklo HELLY HANSEN linijos. \u00a0 Pagal mil\u017eini\u0161kos s\u0117km\u0117s susilaukusios striuk\u0117s\u00a0 Hilton model\u012f,\u00a0 ir pasitelkusi naujausias technologijas, HELLY HANSEN suk\u016br\u0117 naujos kartos striuk\u0119 EIRA. [&hellip;]<\/p>\n","protected":false},"featured_media":1200,"template":"","meta":{"_acf_changed":false},"pwb-brand":[102],"product_brand":[],"product_cat":[38,59],"product_tag":[],"class_list":{"0":"post-1197","1":"product","2":"type-product","3":"status-publish","4":"has-post-thumbnail","6":"pwb-brand-helly-hansen","7":"product_cat-moterims","8":"product_cat-ziemines-striukes-paltai","9":"pa_drabuziu-dydis-m","10":"pa_drabuziu-dydis-s","12":"first","13":"instock","14":"sale","15":"shipping-taxable","16":"purchasable","17":"product-type-variable"},"supplier_id":null,"supplier_sku":"","barcode":null,"atum_controlled":true,"out_stock_date":null,"out_stock_threshold":null,"inheritable":false,"inbound_stock":null,"stock_on_hold":0,"sold_today":0,"sales_last_days":0,"reserved_stock":null,"customer_returns":null,"warehouse_damage":null,"lost_in_post":null,"other_logs":null,"out_stock_days":0,"lost_sales":0,"has_location":null,"update_date":"2026-05-04T03:17:09","atum_locations":[],"atum_stock_status":"instock","restock_status":false,"low_stock_amount":"","sales_update_date":"2026-05-04T03:17:09","calc_backorders":null,"acf":[],"brands":[{"id":102,"name":"HELLY HANSEN","slug":"helly-hansen"}],"_links":{"self":[{"href":"https:\/\/dekastar.lt\/lv\/wp-json\/wp\/v2\/product\/1197","targetHints":{"allow":["GET"]}}],"collection":[{"href":"https:\/\/dekastar.lt\/lv\/wp-json\/wp\/v2\/product"}],"about":[{"href":"https:\/\/dekastar.lt\/lv\/wp-json\/wp\/v2\/types\/product"}],"wp:featuredmedia":[{"embeddable":true,"href":"https:\/\/dekastar.lt\/lv\/wp-json\/wp\/v2\/media\/1200"}],"wp:attachment":[{"href":"https:\/\/dekastar.lt\/lv\/wp-json\/wp\/v2\/media?parent=1197"}],"wp:term":[{"taxonomy":"pwb-brand","embeddable":true,"href":"https:\/\/dekastar.lt\/lv\/wp-json\/wp\/v2\/pwb-brand?post=1197"},{"taxonomy":"product_brand","embeddable":true,"href":"https:\/\/dekastar.lt\/lv\/wp-json\/wp\/v2\/product_brand?post=1197"},{"taxonomy":"product_cat","embeddable":true,"href":"https:\/\/dekastar.lt\/lv\/wp-json\/wp\/v2\/product_cat?post=1197"},{"taxonomy":"product_tag","embeddable":true,"href":"https:\/\/dekastar.lt\/lv\/wp-json\/wp\/v2\/product_tag?post=1197"}],"curies":[{"name":"wp","href":"https:\/\/api.w.org\/{rel}","templated":true}]}}