{"id":1216,"date":"2021-12-01T15:46:54","date_gmt":"2021-12-01T15:46:54","guid":{"rendered":"https:\/\/dekastar.lt\/?post_type=product&#038;p=1216"},"modified":"2025-10-22T12:19:25","modified_gmt":"2025-10-22T12:19:25","slug":"helly-hansen-amaze-striuke","status":"publish","type":"product","link":"https:\/\/dekastar.lt\/lv\/products\/helly-hansen-amaze-striuke\/","title":{"rendered":"Helly Hansen AMAZE v\u012brie\u0161u jaka"},"content":{"rendered":"<p><strong>HELLY HANSEN AMAZE jaka<\/strong><\/p>\n<p>Z\u012bmols Helly Hansen V\u012brie\u0161u jaka Amaze Jacket<\/p>\n<p>V\u0113sturei ir tendence atk\u0101rtoties, un \u0161is teiciens noteikti attiecas uz ikoniskiem produktiem, to \u012bpa\u0161\u012bb\u0101m un kr\u0101s\u0101m. Atskatoties uz 80. gadiem, kad domin\u0113jo\u0161\u0101s tendences bija rota\u013c\u012bgums un kr\u0101sain\u012bba, \u0161\u0137iet, ka 90. gadi ir atdz\u012bvoju\u0161ies un uzplauku\u0161i jaun\u0101 un m\u016bsdien\u012bg\u0101 veid\u0101. Helly Hansen kr\u0101su koncepcija, \u0161\u0137iet, sp\u0113l\u0113jas ar asto\u0146desmito gadu est\u0113tiku, vienlaikus pievienojot m\u016bsdien\u012bgu izskatu un tehnolo\u0123iskos sasniegumus. Aiz viegli atpaz\u012bstam\u0101 kr\u0101su blo\u0137\u0113juma, drosm\u012bgajiem kontrastiem, izceltajiem apdares elementiem un m\u016bsu priek\u0161pl\u0101na logotipiem j\u016bs atrad\u012bsiet ikdienas jakas, kas ir modernas un vieglas, funkcion\u0101las un \u012bpa\u0161i \u0113rtas, papildinot \u0161\u012b laikmeta akt\u012bvo dz\u012bvesveidu. Jo m\u0113s joproj\u0101m esam rota\u013c\u012bgi! Jo m\u0113s v\u0113lamies justies dz\u012bvi!<\/p>\n<p><strong>Funkcijas:<\/strong><\/p>\n<p>- Helly Tech\u00ae aizsardz\u012bbas tehnolo\u0123ija<\/p>\n<p>- Elpojo\u0161as \u0161\u0137iedras ir \u016bdensnecaurlaid\u012bgas un v\u0113ja necaurlaid\u012bgas<\/p>\n<p>- Divsl\u0101\u0146u auduma konstrukcija<\/p>\n<p>- Piln\u012bb\u0101 nosl\u0113gtas \u0161uvju l\u012bnijas<\/p>\n<p>- Materi\u0101ls ar DWR apstr\u0101di (iztur\u012bgs, \u016bdeni atgr\u016bdo\u0161s)<\/p>\n<p>- \u0112rta iek\u0161\u0113j\u0101 \u0161\u0137iedra<\/p>\n<p>- \u0100tri \u017e\u016bsto\u0161a odere<\/p>\n<p>- Loc\u012btavu roku zonas<\/p>\n<p>- Regul\u0113jamas aproces<\/p>\n<p>- Apak\u0161\u0113j\u0101 apak\u0161mala ar regul\u0113jamu elast\u012bgu auklu<\/p>\n<p>- Papla\u0161in\u0101ta jaka aizmugur\u0113j\u0101 da\u013ca<\/p>\n<p>- Helly Hansen gareniskais logotips<\/p>\n<p>- HH logotips uz kapuces<\/p>\n<p>- YKK\u00ae r\u0101v\u0113jsl\u0113dz\u0113ji<\/p>\n<ul>\n<li>Piez\u012bme: M\u0113r\u012bjumi veikti, ja jaka atrodas miera st\u0101vokl\u012b, t\u0101p\u0113c iesp\u0113jama +\/- 2 cm k\u013c\u016bda.<\/li>\n<\/ul>\n<table>\n<tbody>\n<tr>\n<td width=\"167\"><\/td>\n<td width=\"152\"><strong>M<\/strong><\/td>\n<td width=\"154\"><strong>XL<\/strong><\/td>\n<\/tr>\n<tr>\n<td width=\"167\">Kr\u016b\u0161u apk\u0101rtm\u0113rs<\/td>\n<td width=\"152\"><em>53<\/em><\/td>\n<td width=\"154\"><em>58<\/em><\/td>\n<\/tr>\n<tr>\n<td width=\"167\">Priek\u0161\u0113j\u0101s da\u013cas garums no pleca l\u012bdz apak\u0161\u0113jai da\u013cai<\/td>\n<td width=\"152\"><em>70<\/em><\/td>\n<td width=\"154\"><em>73<\/em><\/td>\n<\/tr>\n<tr>\n<td width=\"167\">Muguras garums no pleca l\u012bdz apak\u0161ai<\/td>\n<td width=\"152\"><em>72<\/em><\/td>\n<td width=\"154\"><em>75<\/em><\/td>\n<\/tr>\n<tr>\n<td width=\"167\">Piedurknes garums no paduses<\/td>\n<td width=\"152\"><em>50<\/em><\/td>\n<td width=\"154\"><em>55<\/em><\/td>\n<\/tr>\n<tr>\n<td width=\"167\">Jakas apak\u0161\u0113j\u0101s da\u013cas apk\u0101rtm\u0113rs (gurni)<\/td>\n<td width=\"152\"><em>55<\/em><\/td>\n<td width=\"154\"><em>60<\/em><\/td>\n<\/tr>\n<\/tbody>\n<\/table>","protected":false},"excerpt":{"rendered":"<p>HELLY HANSEN AMAZE striuk\u0117 Prek\u0117s apra\u0161ymas: Prekinio \u017eenklo Helly Hansen vyri\u0161ka striuk\u0117 Amaze Istorija turi tendencij\u0105 kartotis, ir \u0161is posakis neabejotinai tinka ikoni\u0161koms prek\u0117ms, j\u0173 savyb\u0117ms bei spalvoms. Atsigr\u0119\u017eus \u012f devint\u0105j\u012f de\u0161imtmet\u012f, kuomet vyravo \u017eaismingumas ir spalvingumas, devintasis de\u0161imtmetis lyg atgyja, ir sprogsta naujai bei \u0161iuolaiki\u0161kai. Helly Hansen prekinio \u017eenklo spalv\u0173 koncepcija lyg \u017eaid\u017eia su [&hellip;]<\/p>\n","protected":false},"featured_media":1219,"template":"","meta":{"_acf_changed":false},"pwb-brand":[],"product_brand":[],"product_cat":[63,39],"product_tag":[],"class_list":{"0":"post-1216","1":"product","2":"type-product","3":"status-publish","4":"has-post-thumbnail","6":"product_cat-sezonines-striukes-paltai-lauko-apranga-vyrams","7":"product_cat-vyrams","8":"pa_drabuziu-dydis-m","9":"pa_drabuziu-dydis-xl","11":"first","12":"instock","13":"sale","14":"shipping-taxable","15":"purchasable","16":"product-type-variable"},"supplier_id":null,"supplier_sku":"","barcode":null,"atum_controlled":true,"out_stock_date":null,"out_stock_threshold":null,"inheritable":false,"inbound_stock":null,"stock_on_hold":0,"sold_today":0,"sales_last_days":0,"reserved_stock":null,"customer_returns":null,"warehouse_damage":null,"lost_in_post":null,"other_logs":null,"out_stock_days":0,"lost_sales":0,"has_location":null,"update_date":"2026-05-04T03:17:08","atum_locations":[],"atum_stock_status":"instock","restock_status":false,"low_stock_amount":"","sales_update_date":"2026-05-04T03:17:08","calc_backorders":null,"acf":[],"brands":[],"_links":{"self":[{"href":"https:\/\/dekastar.lt\/lv\/wp-json\/wp\/v2\/product\/1216","targetHints":{"allow":["GET"]}}],"collection":[{"href":"https:\/\/dekastar.lt\/lv\/wp-json\/wp\/v2\/product"}],"about":[{"href":"https:\/\/dekastar.lt\/lv\/wp-json\/wp\/v2\/types\/product"}],"wp:featuredmedia":[{"embeddable":true,"href":"https:\/\/dekastar.lt\/lv\/wp-json\/wp\/v2\/media\/1219"}],"wp:attachment":[{"href":"https:\/\/dekastar.lt\/lv\/wp-json\/wp\/v2\/media?parent=1216"}],"wp:term":[{"taxonomy":"pwb-brand","embeddable":true,"href":"https:\/\/dekastar.lt\/lv\/wp-json\/wp\/v2\/pwb-brand?post=1216"},{"taxonomy":"product_brand","embeddable":true,"href":"https:\/\/dekastar.lt\/lv\/wp-json\/wp\/v2\/product_brand?post=1216"},{"taxonomy":"product_cat","embeddable":true,"href":"https:\/\/dekastar.lt\/lv\/wp-json\/wp\/v2\/product_cat?post=1216"},{"taxonomy":"product_tag","embeddable":true,"href":"https:\/\/dekastar.lt\/lv\/wp-json\/wp\/v2\/product_tag?post=1216"}],"curies":[{"name":"wp","href":"https:\/\/api.w.org\/{rel}","templated":true}]}}