{"id":12261,"date":"2026-03-05T16:19:26","date_gmt":"2026-03-05T16:19:26","guid":{"rendered":"https:\/\/dekastar.lt\/?post_type=product&#038;p=12261"},"modified":"2026-03-12T09:28:58","modified_gmt":"2026-03-12T09:28:58","slug":"name-it-striuke-braskes","status":"publish","type":"product","link":"https:\/\/dekastar.lt\/lv\/products\/name-it-striuke-braskes\/","title":{"rendered":"NAME IT striuk\u0117 &#8220;Bra\u0161k\u0117s&#8221;"},"content":{"rendered":"<p>Kartu su NAME IT paruo\u0161kite savo vaik\u0105 bet kokiam sezonui ir orui. Tegul kasdiena b\u016bna spalvinga, kupina \u012fvairi\u0173 ra\u0161t\u0173 ir komforto kartu su prek\u0117s \u017eenklo NAME IT lauko r\u016bbais.<\/p>\n<p>NAME IT ra\u017eo kvalitat\u012bvus virsdr\u0113bes kop\u0161 1986. gada, \u012bpa\u0161u uzman\u012bbu piev\u0113r\u0161ot funkcionalit\u0101tei un dro\u0161\u012bbai. T\u0101 cen\u0161as sekot jaun\u0101kaj\u0101m modes tendenc\u0113m, kas tiek p\u0101rv\u0113rstas \u0113rtos virsdr\u0113b\u0113s b\u0113rniem.<br \/>\n&#8211; Produkto tipas: Striuk\u0117<br \/>\n&#8211; Kaklas: Nuimamas gobtuvas<br \/>\n- Piedurknes: gar\u0101m piedurkn\u0113m<br \/>\n&#8211; Rankogaliai: elastiniai rankogaliai<br \/>\n- Aizdare: r\u0101v\u0113jsl\u0113dz\u0113js<br \/>\n&#8211; Ki\u0161en\u0117s: \u0161onin\u0117s ki\u0161en\u0117s<br \/>\n&#8211; Sezonas: Pavasaris\/vasara\/ankstyvas ruduo<\/p>\n<p>Papildomos detal\u0117s: dekoratyvin\u0117s \u0161vies\u0105 atspindin\u010dios detal\u0117s, nuimamas gobtuvas saugumui, rauk\u0161l\u0117s, apsauga u\u017e u\u017etrauktuko, kad u\u017etrauktukas neu\u017eimt\u0173 odos<br \/>\n&#8211; Skalbimas\/apdaila: BIONIC FINISH\u00ae ECO vanden\u012f atstumiantis apdorojimas rei\u0161kia, kad fluoro med\u017eiagos nebuvo naudojamos, kad produktas b\u016bt\u0173 atsparus vandeniui.<br \/>\n, BE PFAS \u2013 M\u016bs\u0173 gaminiuose nenaudojami jokie fluoro junginiai<br \/>\n&#8211; Spausdinimas: spausdinimas kartojamas visame gaminio pavir\u0161iuje<\/p>\n<p>Pagrindin\u0119 \u0161io gaminio med\u017eiag\u0105 sudaro ma\u017eiausiai 50 % perdirbto poliesterio.<\/p>\n<p>NAME IT striuk\u0117s atitinka europinius dyd\u017eio standartus, tad dyd\u012f rekomenduojama rinktis pagal faktin\u012f vaiko \u016bg\u012f.<\/p>","protected":false},"excerpt":{"rendered":"<p>Kartu su NAME IT paruo\u0161kite savo vaik\u0105 bet kokiam sezonui ir orui. Tegul kasdiena b\u016bna spalvinga, kupina \u012fvairi\u0173 ra\u0161t\u0173 ir komforto kartu su prek\u0117s \u017eenklo NAME IT lauko r\u016bbais. NAME IT gamina kokybi\u0161kus vir\u0161utinius drabu\u017eius nuo 1986 m., ypating\u0105 d\u0117mes\u012f skirdama funkcionalumui ir saugai. Stengiamasi sekti naujausias mados tendencijas, kurias paver\u010dia patogiais vir\u0161utiniais drabu\u017eiais vaikams. [&hellip;]<\/p>\n","protected":false},"featured_media":12271,"template":"","meta":{"_acf_changed":false},"pwb-brand":[100],"product_brand":[],"product_cat":[40,66],"product_tag":[],"class_list":{"0":"post-12261","1":"product","2":"type-product","3":"status-publish","4":"has-post-thumbnail","6":"pwb-brand-name-it","7":"product_cat-vaikams","8":"product_cat-sezonines-striukes-paltai-lauko-apranga-vaikams","9":"pa_drabuziu-dydis-144","10":"pa_drabuziu-dydis-145","11":"pa_drabuziu-dydis-146","12":"pa_drabuziu-dydis-147","13":"pa_drabuziu-dydis-148","14":"pa_drabuziu-dydis-142","16":"first","17":"instock","18":"shipping-taxable","19":"purchasable","20":"product-type-variable"},"supplier_id":null,"supplier_sku":"","barcode":null,"atum_controlled":true,"out_stock_date":null,"out_stock_threshold":null,"inheritable":true,"inbound_stock":null,"stock_on_hold":0,"sold_today":0,"sales_last_days":0,"reserved_stock":null,"customer_returns":null,"warehouse_damage":null,"lost_in_post":null,"other_logs":null,"out_stock_days":0,"lost_sales":0,"has_location":false,"update_date":"2026-04-19T00:38:56","atum_locations":[],"atum_stock_status":"instock","restock_status":false,"low_stock_amount":"","sales_update_date":"2026-04-19T00:38:56","calc_backorders":null,"acf":[],"brands":[{"id":100,"name":"NAME IT","slug":"name-it"}],"_links":{"self":[{"href":"https:\/\/dekastar.lt\/lv\/wp-json\/wp\/v2\/product\/12261","targetHints":{"allow":["GET"]}}],"collection":[{"href":"https:\/\/dekastar.lt\/lv\/wp-json\/wp\/v2\/product"}],"about":[{"href":"https:\/\/dekastar.lt\/lv\/wp-json\/wp\/v2\/types\/product"}],"wp:featuredmedia":[{"embeddable":true,"href":"https:\/\/dekastar.lt\/lv\/wp-json\/wp\/v2\/media\/12271"}],"wp:attachment":[{"href":"https:\/\/dekastar.lt\/lv\/wp-json\/wp\/v2\/media?parent=12261"}],"wp:term":[{"taxonomy":"pwb-brand","embeddable":true,"href":"https:\/\/dekastar.lt\/lv\/wp-json\/wp\/v2\/pwb-brand?post=12261"},{"taxonomy":"product_brand","embeddable":true,"href":"https:\/\/dekastar.lt\/lv\/wp-json\/wp\/v2\/product_brand?post=12261"},{"taxonomy":"product_cat","embeddable":true,"href":"https:\/\/dekastar.lt\/lv\/wp-json\/wp\/v2\/product_cat?post=12261"},{"taxonomy":"product_tag","embeddable":true,"href":"https:\/\/dekastar.lt\/lv\/wp-json\/wp\/v2\/product_tag?post=12261"}],"curies":[{"name":"wp","href":"https:\/\/api.w.org\/{rel}","templated":true}]}}