{"id":12457,"date":"2026-03-12T15:08:57","date_gmt":"2026-03-12T15:08:57","guid":{"rendered":"https:\/\/dekastar.lt\/?post_type=product&#038;p=12457"},"modified":"2026-03-31T10:31:04","modified_gmt":"2026-03-31T10:31:04","slug":"reima-tanssi-dvipuse-kepure-pilka","status":"publish","type":"product","link":"https:\/\/dekastar.lt\/lv\/products\/reima-tanssi-dvipuse-kepure-pilka\/","title":{"rendered":"REIMA Tanssi DVIPUS\u0116 KEPUR\u0116 (Pilka)"},"content":{"rendered":"<p>Pavasario REIMOS kolekcijos vaiki\u0161ka dvipus\u0117 kepur\u0117 \u201eTanssi\u201c<\/p>\n<p>Su \u0161ia \u0161aunia, dvipuse d\u017eersio kepuraite J\u016bs\u0173 vaikai jausis \u0161iltai ir jaukiai bet kokiu oru. \u0160i kepurait\u0117 yra su linksmu ir \u017eaismingu boru\u017ei\u0173 ra\u0161tu, kuris neabejotinai patiks vaikams. Kepurait\u0117 yra pagaminta i\u0161 mink\u0161t\u0173 ir \u0161velni\u0173 audini\u0173, tod\u0117l puikiai tinka kasdieniam d\u0117v\u0117jimui.<\/p>\n<p>    * Elastingas, patogus d\u017eersio audinys;<br \/>\n    * Dvipusis modelis;<br \/>\n    * Pamu\u0161alas per vis\u0105 kepur\u0119: patogus medvilninis d\u017eersis su elastanu;<br \/>\n    * Med\u017eiaga: 95 % medviln\u0117, 5 % elastanas;<br \/>\n    * Skalbti \u0161velniu re\u017eimu daugiausiai 30\u02daC temperat\u016broje;<br \/>\n    * Ned\u017eiovinti d\u017eiovykl\u0117je;<br \/>\n    * Nelyginti;<br \/>\n    * Nevalyti cheminiu b\u016bdu.<\/p>\n<p>*Pastaba: Dyd\u017ei\u0173 lentel\u0117 pateikiama kartu su prek\u0117s nuotraukomis<\/p>","protected":false},"excerpt":{"rendered":"<p>Pavasario REIMOS kolekcijos vaiki\u0161ka dvipus\u0117 kepur\u0117 \u201eTanssi\u201c Su \u0161ia \u0161aunia, dvipuse d\u017eersio kepuraite J\u016bs\u0173 vaikai jausis \u0161iltai ir jaukiai bet kokiu oru. \u0160i kepurait\u0117 yra su linksmu ir \u017eaismingu boru\u017ei\u0173 ra\u0161tu, kuris neabejotinai patiks vaikams. Kepurait\u0117 yra pagaminta i\u0161 mink\u0161t\u0173 ir \u0161velni\u0173 audini\u0173, tod\u0117l puikiai tinka kasdieniam d\u0117v\u0117jimui. * Elastingas, patogus d\u017eersio audinys; * Dvipusis [&hellip;]<\/p>\n","protected":false},"featured_media":12462,"template":"","meta":{"_acf_changed":false},"pwb-brand":[81],"product_brand":[],"product_cat":[40,49,233,229],"product_tag":[],"class_list":{"0":"post-12457","1":"product","2":"type-product","3":"status-publish","4":"has-post-thumbnail","6":"pwb-brand-reima","7":"product_cat-vaikams","8":"product_cat-aksesuarai-vaikams","9":"product_cat-kepures","10":"product_cat-plonos-kepures","11":"pa_drabuziu-dydis-48-50-2","12":"pa_drabuziu-dydis-52-54","13":"pa_drabuziu-dydis-56-58","15":"first","16":"instock","17":"sale","18":"shipping-taxable","19":"purchasable","20":"product-type-variable"},"supplier_id":null,"supplier_sku":"","barcode":null,"atum_controlled":true,"out_stock_date":null,"out_stock_threshold":null,"inheritable":true,"inbound_stock":null,"stock_on_hold":0,"sold_today":0,"sales_last_days":0,"reserved_stock":null,"customer_returns":null,"warehouse_damage":null,"lost_in_post":null,"other_logs":null,"out_stock_days":0,"lost_sales":0,"has_location":false,"update_date":"2026-04-28T03:13:22","atum_locations":[],"atum_stock_status":"instock","restock_status":false,"low_stock_amount":"","sales_update_date":"2026-04-28T03:13:22","calc_backorders":null,"acf":[],"brands":[{"id":81,"name":"REIMA","slug":"reima"}],"_links":{"self":[{"href":"https:\/\/dekastar.lt\/lv\/wp-json\/wp\/v2\/product\/12457","targetHints":{"allow":["GET"]}}],"collection":[{"href":"https:\/\/dekastar.lt\/lv\/wp-json\/wp\/v2\/product"}],"about":[{"href":"https:\/\/dekastar.lt\/lv\/wp-json\/wp\/v2\/types\/product"}],"wp:featuredmedia":[{"embeddable":true,"href":"https:\/\/dekastar.lt\/lv\/wp-json\/wp\/v2\/media\/12462"}],"wp:attachment":[{"href":"https:\/\/dekastar.lt\/lv\/wp-json\/wp\/v2\/media?parent=12457"}],"wp:term":[{"taxonomy":"pwb-brand","embeddable":true,"href":"https:\/\/dekastar.lt\/lv\/wp-json\/wp\/v2\/pwb-brand?post=12457"},{"taxonomy":"product_brand","embeddable":true,"href":"https:\/\/dekastar.lt\/lv\/wp-json\/wp\/v2\/product_brand?post=12457"},{"taxonomy":"product_cat","embeddable":true,"href":"https:\/\/dekastar.lt\/lv\/wp-json\/wp\/v2\/product_cat?post=12457"},{"taxonomy":"product_tag","embeddable":true,"href":"https:\/\/dekastar.lt\/lv\/wp-json\/wp\/v2\/product_tag?post=12457"}],"curies":[{"name":"wp","href":"https:\/\/api.w.org\/{rel}","templated":true}]}}