{"id":12477,"date":"2026-03-12T15:18:39","date_gmt":"2026-03-12T15:18:39","guid":{"rendered":"https:\/\/dekastar.lt\/?post_type=product&#038;p=12477"},"modified":"2026-03-24T09:24:55","modified_gmt":"2026-03-24T09:24:55","slug":"reima-yliveto-dvipusis-salmukas-alyvinis-rozinis","status":"publish","type":"product","link":"https:\/\/dekastar.lt\/lv\/products\/reima-yliveto-dvipusis-salmukas-alyvinis-rozinis\/","title":{"rendered":"REIMA Yliveto DVIPUSIS \u0160ALMUKAS (Alyvinis\/Ro\u017einis)"},"content":{"rendered":"<p>Vaiki\u0161ka dvipusio d\u0117v\u0117jimo balaklava\/\u0161almukas \u201eYliveto\u201c<\/p>\n<p>Du \u012fvaizd\u017eiai viename! Patogi dvipus\u0117 trikota\u017ein\u0117 balaklava, pagaminta i\u0161 ekologi\u0161kos medviln\u0117s.<\/p>\n<p>    * Lengvas ir patogus trikota\u017eas;<br \/>\n    * Dvipusis modelis;<br \/>\n    * Pilnas pamu\u0161alas: patogus medvilninis trikota\u017eas su elastanu;<br \/>\n    * Dry\u017euotas ra\u0161tas;<br \/>\n    * Pagaminta i\u0161 ekologi\u0161k\u0173 med\u017eiag\u0173, sertifikuot\u0173 \u201eControl Union CU 1060618\u201c.<\/p>\n<p>Materi\u0101ls:<\/p>\n<p>    * Pagrindin\u0117 med\u017eiaga: 93 % ekologi\u0161ka medviln\u0117, 7 % elastanas;<br \/>\n    * Pamu\u0161alas: 93 % ekologi\u0161ka medviln\u0117, 7 % elastanas.<\/p>\n<p>Prie\u017ei\u016bra: Skalbti su pana\u0161i\u0173 spalv\u0173 drabu\u017eiais, i\u0161vertus \u012f blog\u0105j\u0105 pus\u0119. Nenaudoti balinan\u010di\u0173 priemoni\u0173. Nenaudoti mink\u0161tiklio. I\u0161imti drabu\u017e\u012f i\u0161 skalbykl\u0117s i\u0161kart pasibaigus skalbimo programai, kad b\u016bt\u0173 i\u0161vengta spalvos pakitim\u0173.<\/p>\n<p>*Pastaba: Dyd\u017ei\u0173 lentel\u0117 pateikiama kartu su prek\u0117s nuotraukomis<\/p>","protected":false},"excerpt":{"rendered":"<p>Vaiki\u0161ka dvipusio d\u0117v\u0117jimo balaklava\/\u0161almukas \u201eYliveto\u201c Du \u012fvaizd\u017eiai viename! Patogi dvipus\u0117 trikota\u017ein\u0117 balaklava, pagaminta i\u0161 ekologi\u0161kos medviln\u0117s. * Lengvas ir patogus trikota\u017eas; * Dvipusis modelis; * Pilnas pamu\u0161alas: patogus medvilninis trikota\u017eas su elastanu; * Dry\u017euotas ra\u0161tas; * Pagaminta i\u0161 ekologi\u0161k\u0173 med\u017eiag\u0173, sertifikuot\u0173 \u201eControl Union CU 1060618\u201c. Med\u017eiaga: * Pagrindin\u0117 med\u017eiaga: 93 % ekologi\u0161ka medviln\u0117, 7 % [&hellip;]<\/p>\n","protected":false},"featured_media":12484,"template":"","meta":{"_acf_changed":false},"pwb-brand":[81],"product_brand":[],"product_cat":[49,233,15,229],"product_tag":[],"class_list":{"0":"post-12477","1":"product","2":"type-product","3":"status-publish","4":"has-post-thumbnail","6":"pwb-brand-reima","7":"product_cat-aksesuarai-vaikams","8":"product_cat-kepures","9":"product_cat-kita-laisvalakio-apranga","10":"product_cat-plonos-kepures","11":"pa_drabuziu-dydis-173","12":"pa_drabuziu-dydis-174","13":"pa_drabuziu-dydis-175","15":"first","16":"instock","17":"sale","18":"shipping-taxable","19":"purchasable","20":"product-type-variable"},"supplier_id":null,"supplier_sku":"","barcode":null,"atum_controlled":true,"out_stock_date":null,"out_stock_threshold":null,"inheritable":true,"inbound_stock":null,"stock_on_hold":0,"sold_today":0,"sales_last_days":0,"reserved_stock":null,"customer_returns":null,"warehouse_damage":null,"lost_in_post":null,"other_logs":null,"out_stock_days":0,"lost_sales":0,"has_location":false,"update_date":"2026-04-27T03:13:40","atum_locations":[],"atum_stock_status":"instock","restock_status":false,"low_stock_amount":"","sales_update_date":"2026-04-27T03:13:40","calc_backorders":null,"acf":[],"brands":[{"id":81,"name":"REIMA","slug":"reima"}],"_links":{"self":[{"href":"https:\/\/dekastar.lt\/lv\/wp-json\/wp\/v2\/product\/12477","targetHints":{"allow":["GET"]}}],"collection":[{"href":"https:\/\/dekastar.lt\/lv\/wp-json\/wp\/v2\/product"}],"about":[{"href":"https:\/\/dekastar.lt\/lv\/wp-json\/wp\/v2\/types\/product"}],"wp:featuredmedia":[{"embeddable":true,"href":"https:\/\/dekastar.lt\/lv\/wp-json\/wp\/v2\/media\/12484"}],"wp:attachment":[{"href":"https:\/\/dekastar.lt\/lv\/wp-json\/wp\/v2\/media?parent=12477"}],"wp:term":[{"taxonomy":"pwb-brand","embeddable":true,"href":"https:\/\/dekastar.lt\/lv\/wp-json\/wp\/v2\/pwb-brand?post=12477"},{"taxonomy":"product_brand","embeddable":true,"href":"https:\/\/dekastar.lt\/lv\/wp-json\/wp\/v2\/product_brand?post=12477"},{"taxonomy":"product_cat","embeddable":true,"href":"https:\/\/dekastar.lt\/lv\/wp-json\/wp\/v2\/product_cat?post=12477"},{"taxonomy":"product_tag","embeddable":true,"href":"https:\/\/dekastar.lt\/lv\/wp-json\/wp\/v2\/product_tag?post=12477"}],"curies":[{"name":"wp","href":"https:\/\/api.w.org\/{rel}","templated":true}]}}