{"id":12485,"date":"2026-03-12T15:34:50","date_gmt":"2026-03-12T15:34:50","guid":{"rendered":"https:\/\/dekastar.lt\/?post_type=product&#038;p=12485"},"modified":"2026-03-12T15:34:50","modified_gmt":"2026-03-12T15:34:50","slug":"reima-tarhaan-flyso-kombinezonas-bordo","status":"publish","type":"product","link":"https:\/\/dekastar.lt\/lv\/products\/reima-tarhaan-flyso-kombinezonas-bordo\/","title":{"rendered":"REIMA Tarhaan flyso kombinezonas (Bordo)"},"content":{"rendered":"<p>REIMA flyso kombinezonas puikiai tinkantis sluoksniavimui po lauko kombinezonu ar kaip patogus, prakti\u0161kas lauko r\u016bbas at\u0161ilus orams.<br \/>\n   * Elastinga, patogi med\u017eiaga;<br \/>\n   * D\u0117l ilgo u\u017etrauktuko lengva aprengti.<\/p>\n<p>Materi\u0101lu \u012bpa\u0161\u012bbas:<\/p>\n<p>    92 % perdirbtas poliesteris;<br \/>\n    8 % elastanas.<\/p>\n<p>Tvarumas:<\/p>\n<p>Sud\u0117tyje yra sertifikuoto perdirbto pluo\u0161to.<\/p>\n<p>*Dydis atitinka EU standartus (n\u0117ra didintas)<\/p>","protected":false},"excerpt":{"rendered":"<p>REIMA flyso kombinezonas puikiai tinkantis sluoksniavimui po lauko kombinezonu ar kaip patogus, prakti\u0161kas lauko r\u016bbas at\u0161ilus orams. * Elastinga, patogi med\u017eiaga; * D\u0117l ilgo u\u017etrauktuko lengva aprengti. Med\u017eiagos savyb\u0117s: 92 % perdirbtas poliesteris; 8 % elastanas. Tvarumas: Sud\u0117tyje yra sertifikuoto perdirbto pluo\u0161to. *Dydis atitinka EU standartus (n\u0117ra didintas)<\/p>","protected":false},"featured_media":12490,"template":"","meta":{"_acf_changed":false},"pwb-brand":[81],"product_brand":[],"product_cat":[40,67,55],"product_tag":[],"class_list":{"0":"post-12485","1":"product","2":"type-product","3":"status-publish","4":"has-post-thumbnail","6":"pwb-brand-reima","7":"product_cat-vaikams","8":"product_cat-kita-apranga-vaikams","9":"product_cat-apranga-laisvalaikiui-vaikams","10":"pa_drabuziu-dydis-148","12":"first","13":"instock","14":"sale","15":"shipping-taxable","16":"purchasable","17":"product-type-variable"},"supplier_id":null,"supplier_sku":"","barcode":null,"atum_controlled":true,"out_stock_date":null,"out_stock_threshold":null,"inheritable":true,"inbound_stock":null,"stock_on_hold":0,"sold_today":0,"sales_last_days":0,"reserved_stock":null,"customer_returns":null,"warehouse_damage":null,"lost_in_post":null,"other_logs":null,"out_stock_days":0,"lost_sales":0,"has_location":false,"update_date":"2026-05-04T03:16:43","atum_locations":[],"atum_stock_status":"instock","restock_status":false,"low_stock_amount":"","sales_update_date":"2026-05-04T03:16:43","calc_backorders":null,"acf":[],"brands":[{"id":81,"name":"REIMA","slug":"reima"}],"_links":{"self":[{"href":"https:\/\/dekastar.lt\/lv\/wp-json\/wp\/v2\/product\/12485","targetHints":{"allow":["GET"]}}],"collection":[{"href":"https:\/\/dekastar.lt\/lv\/wp-json\/wp\/v2\/product"}],"about":[{"href":"https:\/\/dekastar.lt\/lv\/wp-json\/wp\/v2\/types\/product"}],"wp:featuredmedia":[{"embeddable":true,"href":"https:\/\/dekastar.lt\/lv\/wp-json\/wp\/v2\/media\/12490"}],"wp:attachment":[{"href":"https:\/\/dekastar.lt\/lv\/wp-json\/wp\/v2\/media?parent=12485"}],"wp:term":[{"taxonomy":"pwb-brand","embeddable":true,"href":"https:\/\/dekastar.lt\/lv\/wp-json\/wp\/v2\/pwb-brand?post=12485"},{"taxonomy":"product_brand","embeddable":true,"href":"https:\/\/dekastar.lt\/lv\/wp-json\/wp\/v2\/product_brand?post=12485"},{"taxonomy":"product_cat","embeddable":true,"href":"https:\/\/dekastar.lt\/lv\/wp-json\/wp\/v2\/product_cat?post=12485"},{"taxonomy":"product_tag","embeddable":true,"href":"https:\/\/dekastar.lt\/lv\/wp-json\/wp\/v2\/product_tag?post=12485"}],"curies":[{"name":"wp","href":"https:\/\/api.w.org\/{rel}","templated":true}]}}