{"id":12612,"date":"2026-03-12T16:42:47","date_gmt":"2026-03-12T16:42:47","guid":{"rendered":"https:\/\/dekastar.lt\/?post_type=product&#038;p=12612"},"modified":"2026-03-12T16:43:45","modified_gmt":"2026-03-12T16:43:45","slug":"reima-tarhaan-vidinis-kombinezonas-melyna","status":"publish","type":"product","link":"https:\/\/dekastar.lt\/lv\/products\/reima-tarhaan-vidinis-kombinezonas-melyna\/","title":{"rendered":"REIMA Tarhaan vidinis kombinezonas (M\u0117lyna)"},"content":{"rendered":"<p>REIMA vidaus r\u016bb\u0173 kolekcijos kombinezonas. Mink\u0161tas, patogus vidurinio sluoksnio kombinezonas, kad J\u016bs\u0173 ma\u017eyliai \u0161altomis dienomis jaust\u0173si \u0161iltai. Jis puikiai tinkamas r\u016bb\u0173 sluoksniavimui bei kaip lauko r\u016bbas at\u0161ilus orams.<\/p>\n<p>    * Elastinga, patogi med\u017eiaga;<br \/>\n    * D\u0117l ilgo u\u017etrauktuko lengva aprengti.<\/p>\n<p>Med\u017eiagos savyb\u0117s: Pagrindin\u0117 med\u017eiaga: 92 % perdirbtas poliesteris, 8 % elastanas.<\/p>\n<p>Tvarumas: Sud\u0117tyje yra sertifikuoto perdirbto pluo\u0161to.<\/p>\n<p>Dydis atitinka EU standartus (n\u0117ra didintas)<\/p>","protected":false},"excerpt":{"rendered":"<p>REIMA vidaus r\u016bb\u0173 kolekcijos kombinezonas. Mink\u0161tas, patogus vidurinio sluoksnio kombinezonas, kad J\u016bs\u0173 ma\u017eyliai \u0161altomis dienomis jaust\u0173si \u0161iltai. Jis puikiai tinkamas r\u016bb\u0173 sluoksniavimui bei kaip lauko r\u016bbas at\u0161ilus orams. * Elastinga, patogi med\u017eiaga; * D\u0117l ilgo u\u017etrauktuko lengva aprengti. Med\u017eiagos savyb\u0117s: Pagrindin\u0117 med\u017eiaga: 92 % perdirbtas poliesteris, 8 % elastanas. Tvarumas: Sud\u0117tyje yra sertifikuoto perdirbto pluo\u0161to. [&hellip;]<\/p>\n","protected":false},"featured_media":12620,"template":"","meta":{"_acf_changed":false},"pwb-brand":[81],"product_brand":[],"product_cat":[40,67,55],"product_tag":[],"class_list":{"0":"post-12612","1":"product","2":"type-product","3":"status-publish","4":"has-post-thumbnail","6":"pwb-brand-reima","7":"product_cat-vaikams","8":"product_cat-kita-apranga-vaikams","9":"product_cat-apranga-laisvalaikiui-vaikams","10":"pa_drabuziu-dydis-209","11":"pa_drabuziu-dydis-168","12":"pa_drabuziu-dydis-147","13":"pa_drabuziu-dydis-148","14":"pa_drabuziu-dydis-142","16":"first","17":"instock","18":"sale","19":"shipping-taxable","20":"purchasable","21":"product-type-variable"},"supplier_id":null,"supplier_sku":"","barcode":null,"atum_controlled":true,"out_stock_date":null,"out_stock_threshold":null,"inheritable":true,"inbound_stock":null,"stock_on_hold":0,"sold_today":0,"sales_last_days":0,"reserved_stock":null,"customer_returns":null,"warehouse_damage":null,"lost_in_post":null,"other_logs":null,"out_stock_days":0,"lost_sales":0,"has_location":false,"update_date":"2026-04-29T03:14:49","atum_locations":[],"atum_stock_status":"instock","restock_status":false,"low_stock_amount":"","sales_update_date":"2026-04-29T03:14:49","calc_backorders":null,"acf":[],"brands":[{"id":81,"name":"REIMA","slug":"reima"}],"_links":{"self":[{"href":"https:\/\/dekastar.lt\/lv\/wp-json\/wp\/v2\/product\/12612","targetHints":{"allow":["GET"]}}],"collection":[{"href":"https:\/\/dekastar.lt\/lv\/wp-json\/wp\/v2\/product"}],"about":[{"href":"https:\/\/dekastar.lt\/lv\/wp-json\/wp\/v2\/types\/product"}],"wp:featuredmedia":[{"embeddable":true,"href":"https:\/\/dekastar.lt\/lv\/wp-json\/wp\/v2\/media\/12620"}],"wp:attachment":[{"href":"https:\/\/dekastar.lt\/lv\/wp-json\/wp\/v2\/media?parent=12612"}],"wp:term":[{"taxonomy":"pwb-brand","embeddable":true,"href":"https:\/\/dekastar.lt\/lv\/wp-json\/wp\/v2\/pwb-brand?post=12612"},{"taxonomy":"product_brand","embeddable":true,"href":"https:\/\/dekastar.lt\/lv\/wp-json\/wp\/v2\/product_brand?post=12612"},{"taxonomy":"product_cat","embeddable":true,"href":"https:\/\/dekastar.lt\/lv\/wp-json\/wp\/v2\/product_cat?post=12612"},{"taxonomy":"product_tag","embeddable":true,"href":"https:\/\/dekastar.lt\/lv\/wp-json\/wp\/v2\/product_tag?post=12612"}],"curies":[{"name":"wp","href":"https:\/\/api.w.org\/{rel}","templated":true}]}}