{"id":1262,"date":"2021-12-03T15:42:14","date_gmt":"2021-12-03T15:42:14","guid":{"rendered":"https:\/\/dekastar.lt\/?post_type=product&#038;p=1262"},"modified":"2025-10-22T12:19:25","modified_gmt":"2025-10-22T12:19:25","slug":"sniego-auliniai-batai-helly-hansen-tundra-cwb","status":"publish","type":"product","link":"https:\/\/dekastar.lt\/lv\/products\/sniego-auliniai-batai-helly-hansen-tundra-cwb\/","title":{"rendered":"Sniego auliniai batai vyrams Helly Hansen TUNDRA CWB"},"content":{"rendered":"<table class=\"items\" style=\"height: 533px;\" width=\"1046\" data-v-0753dae0=\"\">\n<tbody data-v-0753dae0=\"\">\n<tr class=\"item-row baseline\" data-v-cf923ff8=\"\" data-v-0753dae0=\"\">\n<td class=\"item item-label\" data-v-cf923ff8=\"\"><\/td>\n<td class=\"item item-value\" data-v-cf923ff8=\"\"><\/td>\n<\/tr>\n<tr class=\"item-row baseline\" data-v-cf923ff8=\"\" data-v-0753dae0=\"\">\n<td class=\"item item-label\" data-v-cf923ff8=\"\">Pa\u0161iltinimas:<\/td>\n<td class=\"item item-value\" data-v-cf923ff8=\"\">Taip<\/td>\n<\/tr>\n<tr class=\"item-row baseline\" data-v-cf923ff8=\"\" data-v-0753dae0=\"\">\n<td class=\"item item-label\" data-v-cf923ff8=\"\">Vidpadis:<\/td>\n<td class=\"item item-value\" data-v-cf923ff8=\"\">Pa\u0161iltinimas, Veltinis<\/td>\n<\/tr>\n<tr class=\"item-row baseline\" data-v-cf923ff8=\"\" data-v-0753dae0=\"\">\n<td class=\"item item-label\" data-v-cf923ff8=\"\">Vidus:<\/td>\n<td class=\"item item-value\" data-v-cf923ff8=\"\">Veltinis, Pa\u0161iltinimas<\/td>\n<\/tr>\n<tr class=\"item-row baseline\" data-v-cf923ff8=\"\" data-v-0753dae0=\"\">\n<td class=\"item item-label\" data-v-cf923ff8=\"\">Batvir\u0161is:<\/td>\n<td class=\"item item-value\" data-v-cf923ff8=\"\">Odos imitacija &#8211; Odos imitacija, Sintetin\u0117 med\u017eiaga &#8211; Auk\u0161tos kokyb\u0117s sintetin\u0117 med\u017eiaga, Med\u017eiaga &#8211; Tekstil\u0117<\/td>\n<\/tr>\n<tr class=\"item-row baseline\" data-v-cf923ff8=\"\" data-v-0753dae0=\"\">\n<td class=\"item item-label\" data-v-cf923ff8=\"\">Padas:<\/td>\n<td class=\"item item-value\" data-v-cf923ff8=\"\">Auk\u0161tos kokyb\u0117s sintetin\u0117 med\u017eiaga<\/td>\n<\/tr>\n<tr class=\"item-row baseline\" data-v-cf923ff8=\"\" data-v-0753dae0=\"\">\n<td class=\"item item-label\" data-v-cf923ff8=\"\">Technologijos:<\/td>\n<td class=\"item item-value\" data-v-cf923ff8=\"\">Prima Loft, Waterproof, EVA, Helly Grip, Helly Wear<\/td>\n<\/tr>\n<tr class=\"item-row baseline\" data-v-cf923ff8=\"\" data-v-0753dae0=\"\">\n<td class=\"item item-label\" data-v-cf923ff8=\"\">Spalva:<\/td>\n<td class=\"item item-value\" data-v-cf923ff8=\"\">Black<\/td>\n<\/tr>\n<tr class=\"item-row baseline\" data-v-cf923ff8=\"\" data-v-0753dae0=\"\">\n<td class=\"item item-label\" data-v-cf923ff8=\"\">Gamintojo nurodyta spalva:<\/td>\n<td class=\"item item-value\" data-v-cf923ff8=\"\">Jet Black\/New Light Grey\/Charcoal\/Angora\/Black Gum<\/td>\n<\/tr>\n<tr class=\"item-row baseline\" data-v-cf923ff8=\"\" data-v-0753dae0=\"\">\n<td class=\"item item-label\" data-v-cf923ff8=\"\">U\u017esegimo tipas:<\/td>\n<td class=\"item item-value\" data-v-cf923ff8=\"\">Suvarstomi<\/td>\n<\/tr>\n<tr class=\"item-row baseline\" data-v-cf923ff8=\"\" data-v-0753dae0=\"\">\n<td class=\"item item-label\" data-v-cf923ff8=\"\">Paskirtis:<\/td>\n<td class=\"item item-value\" data-v-cf923ff8=\"\">Kasdieniniai<\/td>\n<\/tr>\n<tr class=\"item-row baseline\" data-v-cf923ff8=\"\" data-v-0753dae0=\"\">\n<td class=\"item item-label\" data-v-cf923ff8=\"\">Kiti:<\/td>\n<td class=\"item item-value\" data-v-cf923ff8=\"\">Med\u017eiaginiai batrai\u0161\u010diai<\/td>\n<\/tr>\n<tr class=\"item-row baseline\" data-v-cf923ff8=\"\" data-v-0753dae0=\"\">\n<td class=\"item item-label\" data-v-cf923ff8=\"\">Pado storis:<\/td>\n<td class=\"item item-value\" data-v-cf923ff8=\"\">3.5 cm<\/td>\n<\/tr>\n<tr class=\"item-row baseline\" data-v-cf923ff8=\"\" data-v-0753dae0=\"\">\n<td class=\"item item-label\" data-v-cf923ff8=\"\">Vir\u0161aus apimtis (ma\u017eiausio dyd\u017eio):<\/td>\n<td class=\"item item-value\" data-v-cf923ff8=\"\">37 cm<\/td>\n<\/tr>\n<tr class=\"item-row baseline\" data-v-cf923ff8=\"\" data-v-0753dae0=\"\">\n<td class=\"item item-label\" data-v-cf923ff8=\"\">Kulk\u0161nies apimtis (ma\u017eiausio dyd\u017eio):<\/td>\n<td class=\"item item-value\" data-v-cf923ff8=\"\">38 cm<\/td>\n<\/tr>\n<tr class=\"item-row baseline\" data-v-cf923ff8=\"\" data-v-0753dae0=\"\">\n<td class=\"item item-label\" data-v-cf923ff8=\"\">Bendras bato auk\u0161tis:<\/td>\n<td class=\"item item-value\" data-v-cf923ff8=\"\">26 cm<\/td>\n<\/tr>\n<tr class=\"item-row baseline\" data-v-cf923ff8=\"\" data-v-0753dae0=\"\">\n<td class=\"item item-label\" data-v-cf923ff8=\"\">Bato svoris (ma\u017eiausio dyd\u017eio):<\/td>\n<td class=\"item item-value\" data-v-cf923ff8=\"\">766 g<\/td>\n<\/tr>\n<\/tbody>\n<\/table>","protected":false},"excerpt":{"rendered":"<p>Pa\u0161iltinimas: Taip Vidpadis: Pa\u0161iltinimas, Veltinis Vidus: Veltinis, Pa\u0161iltinimas Batvir\u0161is: Odos imitacija &#8211; Odos imitacija, Sintetin\u0117 med\u017eiaga &#8211; Auk\u0161tos kokyb\u0117s sintetin\u0117 med\u017eiaga, Med\u017eiaga &#8211; Tekstil\u0117 Padas: Auk\u0161tos kokyb\u0117s sintetin\u0117 med\u017eiaga Technologijos: Prima Loft, Waterproof, EVA, Helly Grip, Helly Wear Spalva: Juoda Gamintojo nurodyta spalva: Jet Black\/New Light Grey\/Charcoal\/Angora\/Black Gum U\u017esegimo tipas: Suvarstomi Paskirtis: Kasdieniniai Kiti: Med\u017eiaginiai [&hellip;]<\/p>\n","protected":false},"featured_media":1263,"template":"","meta":{"_acf_changed":false},"pwb-brand":[102],"product_brand":[],"product_cat":[39,45],"product_tag":[],"class_list":{"0":"post-1262","1":"product","2":"type-product","3":"status-publish","4":"has-post-thumbnail","6":"pwb-brand-helly-hansen","7":"product_cat-vyrams","8":"product_cat-avalyne-vyrams","9":"pa_avalynes-dydis-149","11":"first","12":"outofstock","13":"sale","14":"shipping-taxable","15":"purchasable","16":"product-type-variable"},"supplier_id":null,"supplier_sku":"","barcode":null,"atum_controlled":true,"out_stock_date":null,"out_stock_threshold":null,"inheritable":false,"inbound_stock":null,"stock_on_hold":0,"sold_today":0,"sales_last_days":0,"reserved_stock":null,"customer_returns":null,"warehouse_damage":null,"lost_in_post":null,"other_logs":null,"out_stock_days":0,"lost_sales":0,"has_location":null,"update_date":"2026-05-03T03:16:14","atum_locations":[],"atum_stock_status":"outofstock","restock_status":false,"low_stock_amount":"","sales_update_date":"2026-05-03T03:16:14","calc_backorders":null,"acf":[],"brands":[{"id":102,"name":"HELLY HANSEN","slug":"helly-hansen"}],"_links":{"self":[{"href":"https:\/\/dekastar.lt\/lv\/wp-json\/wp\/v2\/product\/1262","targetHints":{"allow":["GET"]}}],"collection":[{"href":"https:\/\/dekastar.lt\/lv\/wp-json\/wp\/v2\/product"}],"about":[{"href":"https:\/\/dekastar.lt\/lv\/wp-json\/wp\/v2\/types\/product"}],"wp:featuredmedia":[{"embeddable":true,"href":"https:\/\/dekastar.lt\/lv\/wp-json\/wp\/v2\/media\/1263"}],"wp:attachment":[{"href":"https:\/\/dekastar.lt\/lv\/wp-json\/wp\/v2\/media?parent=1262"}],"wp:term":[{"taxonomy":"pwb-brand","embeddable":true,"href":"https:\/\/dekastar.lt\/lv\/wp-json\/wp\/v2\/pwb-brand?post=1262"},{"taxonomy":"product_brand","embeddable":true,"href":"https:\/\/dekastar.lt\/lv\/wp-json\/wp\/v2\/product_brand?post=1262"},{"taxonomy":"product_cat","embeddable":true,"href":"https:\/\/dekastar.lt\/lv\/wp-json\/wp\/v2\/product_cat?post=1262"},{"taxonomy":"product_tag","embeddable":true,"href":"https:\/\/dekastar.lt\/lv\/wp-json\/wp\/v2\/product_tag?post=1262"}],"curies":[{"name":"wp","href":"https:\/\/api.w.org\/{rel}","templated":true}]}}