{"id":12711,"date":"2026-03-12T17:26:52","date_gmt":"2026-03-12T17:26:52","guid":{"rendered":"https:\/\/dekastar.lt\/?post_type=product&#038;p=12711"},"modified":"2026-03-12T17:28:08","modified_gmt":"2026-03-12T17:28:08","slug":"reima-kiirus-kedukai-ruda-zalia","status":"publish","type":"product","link":"https:\/\/dekastar.lt\/lv\/products\/reima-kiirus-kedukai-ruda-zalia\/","title":{"rendered":"REIMA KIIRUS kedukai (Ruda\/\u017dalia)"},"content":{"rendered":"<p>REIMA\/REIMATEC ma\u017eyli\u0173 sportiniai bateliai \u201eReimaTec Kiirus\u201c<\/p>\n<p>Neper\u0161lampami, lengvi sportba\u010diai judriam, vaiki\u0161kam pavasariui, vasarai ir rudeniui!<\/p>\n<p>Vaikai m\u0117gsta \u017eaisti lietingu oru? Jokiu problemu! Su \u0161iais vandeniui atspariais \u201eReimatec\u201c sportba\u010diais ma\u017eos p\u0117dut\u0117s i\u0161liks sausos ir laimingos! EVA padas u\u017etikrina lengv\u0105 b\u0117gim\u0105 d\u0117l savo lankstumo ir lengvumo. Su sandariais \u012fd\u0117klais, tinkliniais pamu\u0161alais ir i\u0161imamais Happy Fit vidpad\u017eiais \u0161ie batai puikiai tiks tiek \u017eaidimams lauke, tiek mokyklos dienoms. Velcro u\u017esegimas leid\u017eia greitai ir lengvai apsiauti ir nusiauti sportba\u010dius.<\/p>\n<p>    * Neper\u0161lampama vidurio sezono avalyn\u0117;<br \/>\n    * Lankstus ir lengvas Reima EVA\/guminis padas;<br \/>\n    * Neper\u0161lampamas, sandarus \u012fd\u0117klas su tinkliniu pamu\u0161alu;<br \/>\n    * I\u0161imami, suformuoti EVA vidpad\u017eiai su d\u017eersio pamu\u0161alu ir Happy Fit spauda padeda rasti tinkam\u0105 dyd\u012f;<br \/>\n    * Velcro konstrukcija u\u017etikrina lengv\u0105 naudojim\u0105;<br \/>\n    * Vegani\u0161ki.<\/p>\n<p>Prie\u017ei\u016bros instrukcija: \u0161epet\u0117liu nuvalykite ne\u0161varumus, batus d\u017eiovinkite kambario temperat\u016broje. Velcro dir\u017eelius laikykite u\u017edarytus, kad jie i\u0161likt\u0173 \u0161var\u016bs ir funkcional\u016bs. <\/p>\n<p>Izcelsmes valsts: \u0136\u012bna\/It\u0101lija\/Indija\/Vjetnama.<\/p>\n<p>Dyd\u017ei\u0173 lentel\u0117 pateikiama kartu su prek\u0117s nuotraukomis<\/p>","protected":false},"excerpt":{"rendered":"<p>REIMA\/REIMATEC ma\u017eyli\u0173 sportiniai bateliai \u201eReimaTec Kiirus\u201c Neper\u0161lampami, lengvi sportba\u010diai judriam, vaiki\u0161kam pavasariui, vasarai ir rudeniui! Vaikai m\u0117gsta \u017eaisti lietingu oru? Jokiu problemu! Su \u0161iais vandeniui atspariais \u201eReimatec\u201c sportba\u010diais ma\u017eos p\u0117dut\u0117s i\u0161liks sausos ir laimingos! EVA padas u\u017etikrina lengv\u0105 b\u0117gim\u0105 d\u0117l savo lankstumo ir lengvumo. Su sandariais \u012fd\u0117klais, tinkliniais pamu\u0161alais ir i\u0161imamais Happy Fit vidpad\u017eiais \u0161ie [&hellip;]<\/p>\n","protected":false},"featured_media":12718,"template":"","meta":{"_acf_changed":false},"pwb-brand":[81],"product_brand":[],"product_cat":[40,48],"product_tag":[],"class_list":{"0":"post-12711","1":"product","2":"type-product","3":"status-publish","4":"has-post-thumbnail","6":"pwb-brand-reima","7":"product_cat-vaikams","8":"product_cat-avalyne-vaikams","9":"pa_avalynes-dydis-134","10":"pa_avalynes-dydis-133","11":"pa_avalynes-dydis-132","12":"pa_avalynes-dydis-131","13":"pa_avalynes-dydis-130","15":"first","16":"instock","17":"sale","18":"shipping-taxable","19":"purchasable","20":"product-type-variable"},"supplier_id":null,"supplier_sku":"","barcode":null,"atum_controlled":true,"out_stock_date":null,"out_stock_threshold":null,"inheritable":true,"inbound_stock":null,"stock_on_hold":0,"sold_today":0,"sales_last_days":0,"reserved_stock":null,"customer_returns":null,"warehouse_damage":null,"lost_in_post":null,"other_logs":null,"out_stock_days":0,"lost_sales":0,"has_location":false,"update_date":"2026-04-27T03:13:00","atum_locations":[],"atum_stock_status":"instock","restock_status":false,"low_stock_amount":"","sales_update_date":"2026-04-27T03:13:00","calc_backorders":null,"acf":[],"brands":[{"id":81,"name":"REIMA","slug":"reima"}],"_links":{"self":[{"href":"https:\/\/dekastar.lt\/lv\/wp-json\/wp\/v2\/product\/12711","targetHints":{"allow":["GET"]}}],"collection":[{"href":"https:\/\/dekastar.lt\/lv\/wp-json\/wp\/v2\/product"}],"about":[{"href":"https:\/\/dekastar.lt\/lv\/wp-json\/wp\/v2\/types\/product"}],"wp:featuredmedia":[{"embeddable":true,"href":"https:\/\/dekastar.lt\/lv\/wp-json\/wp\/v2\/media\/12718"}],"wp:attachment":[{"href":"https:\/\/dekastar.lt\/lv\/wp-json\/wp\/v2\/media?parent=12711"}],"wp:term":[{"taxonomy":"pwb-brand","embeddable":true,"href":"https:\/\/dekastar.lt\/lv\/wp-json\/wp\/v2\/pwb-brand?post=12711"},{"taxonomy":"product_brand","embeddable":true,"href":"https:\/\/dekastar.lt\/lv\/wp-json\/wp\/v2\/product_brand?post=12711"},{"taxonomy":"product_cat","embeddable":true,"href":"https:\/\/dekastar.lt\/lv\/wp-json\/wp\/v2\/product_cat?post=12711"},{"taxonomy":"product_tag","embeddable":true,"href":"https:\/\/dekastar.lt\/lv\/wp-json\/wp\/v2\/product_tag?post=12711"}],"curies":[{"name":"wp","href":"https:\/\/api.w.org\/{rel}","templated":true}]}}