{"id":12825,"date":"2026-03-13T12:12:00","date_gmt":"2026-03-13T12:12:00","guid":{"rendered":"https:\/\/dekastar.lt\/?post_type=product&#038;p=12825"},"modified":"2026-03-13T12:13:58","modified_gmt":"2026-03-13T12:13:58","slug":"reima-ankka-lietaus-batai-rausvi","status":"publish","type":"product","link":"https:\/\/dekastar.lt\/lv\/products\/reima-ankka-lietaus-batai-rausvi\/","title":{"rendered":"REIMA Ankka lietaus batai (Rausvi)"},"content":{"rendered":"<p>Vaiki\u0161ki \u201ebarefoot\u201c lietaus batai \u201eAnkka\u201c pritaikyti ma\u017eoms kojyt\u0117ms, kad kiekviena akimirka lauke b\u016bt\u0173 patogi<\/p>\n<p>Klasikiniai, su medvilne i\u0161kloti guminiai vaiki\u0161ki aulinukai. Aulo auk\u0161tis pritaikytas pagal vaik\u0173 am\u017ei\u0173.<\/p>\n<p>    * Vandeniui atspari pereinamojo sezono avalyn\u0117;<br \/>\n    * Lengvai apsiaunami;<br \/>\n    * Vegani\u0161ki;<br \/>\n    * Vienodas kulno ir p\u0117dos priekio auk\u0161tis u\u017etikrina nat\u016brali\u0105 laikysen\u0105;<br \/>\n    * Platus padas su daugiau vietos pir\u0161tams;<br \/>\n    * Lankstus guminis padas geram sukibimui;<br \/>\n    * Tekstil\u0117s pamu\u0161alas;<br \/>\n    * I\u0161imami vidpad\u017eiai su \u201eHappy Fit\u201c spauda padeda parinkti tinkam\u0105 dyd\u012f;<br \/>\n    * At\u0161vaitin\u0117s detal\u0117s;<br \/>\n    * Be fluorangliavandenili\u0173;<br \/>\n    * Vandeniui atspar\u016bs, be PVC.<\/p>\n<p>Materi\u0101ls:<\/p>\n<p>    * Vir\u0161us: sintetika;<br \/>\n    * Pamu\u0161alas: tekstil\u0117;<br \/>\n    * Padas: sintetika.<\/p>\n<p>Prie\u017ei\u016bra: Nuvalyti purv\u0105 \u0161epe\u010diu ar \u0161luoste ir d\u017eiovinti kambario temperat\u016broje.<\/p>\n<p>Dyd\u017ei\u0173 lentel\u0117 pateikiama kartu su prek\u0117s nuotraukomis<\/p>","protected":false},"excerpt":{"rendered":"<p>Vaiki\u0161ki \u201ebarefoot\u201c lietaus batai \u201eAnkka\u201c pritaikyti ma\u017eoms kojyt\u0117ms, kad kiekviena akimirka lauke b\u016bt\u0173 patogi Klasikiniai, su medvilne i\u0161kloti guminiai vaiki\u0161ki aulinukai. Aulo auk\u0161tis pritaikytas pagal vaik\u0173 am\u017ei\u0173. * Vandeniui atspari pereinamojo sezono avalyn\u0117; * Lengvai apsiaunami; * Vegani\u0161ki; * Vienodas kulno ir p\u0117dos priekio auk\u0161tis u\u017etikrina nat\u016brali\u0105 laikysen\u0105; * Platus padas su daugiau vietos pir\u0161tams; [&hellip;]<\/p>\n","protected":false},"featured_media":12842,"template":"","meta":{"_acf_changed":false},"pwb-brand":[81],"product_brand":[],"product_cat":[40,48],"product_tag":[],"class_list":{"0":"post-12825","1":"product","2":"type-product","3":"status-publish","4":"has-post-thumbnail","6":"pwb-brand-reima","7":"product_cat-vaikams","8":"product_cat-avalyne-vaikams","9":"pa_avalynes-dydis-132","10":"pa_avalynes-dydis-131","11":"pa_avalynes-dydis-130","12":"pa_avalynes-dydis-119","13":"pa_avalynes-dydis-120","14":"pa_avalynes-dydis-121","15":"pa_avalynes-dydis-122","16":"pa_avalynes-dydis-123","17":"pa_avalynes-dydis-124","18":"pa_avalynes-dydis-125","19":"pa_avalynes-dydis-90","20":"pa_avalynes-dydis-91","21":"pa_avalynes-dydis-92","22":"pa_avalynes-dydis-93","23":"pa_avalynes-dydis-94","25":"first","26":"instock","27":"sale","28":"shipping-taxable","29":"purchasable","30":"product-type-variable"},"supplier_id":null,"supplier_sku":"","barcode":null,"atum_controlled":true,"out_stock_date":null,"out_stock_threshold":null,"inheritable":true,"inbound_stock":null,"stock_on_hold":0,"sold_today":0,"sales_last_days":0,"reserved_stock":null,"customer_returns":null,"warehouse_damage":null,"lost_in_post":null,"other_logs":null,"out_stock_days":0,"lost_sales":0,"has_location":false,"update_date":"2026-04-27T03:14:43","atum_locations":[],"atum_stock_status":"instock","restock_status":false,"low_stock_amount":"","sales_update_date":"2026-04-27T03:14:43","calc_backorders":null,"acf":[],"brands":[{"id":81,"name":"REIMA","slug":"reima"}],"_links":{"self":[{"href":"https:\/\/dekastar.lt\/lv\/wp-json\/wp\/v2\/product\/12825","targetHints":{"allow":["GET"]}}],"collection":[{"href":"https:\/\/dekastar.lt\/lv\/wp-json\/wp\/v2\/product"}],"about":[{"href":"https:\/\/dekastar.lt\/lv\/wp-json\/wp\/v2\/types\/product"}],"wp:featuredmedia":[{"embeddable":true,"href":"https:\/\/dekastar.lt\/lv\/wp-json\/wp\/v2\/media\/12842"}],"wp:attachment":[{"href":"https:\/\/dekastar.lt\/lv\/wp-json\/wp\/v2\/media?parent=12825"}],"wp:term":[{"taxonomy":"pwb-brand","embeddable":true,"href":"https:\/\/dekastar.lt\/lv\/wp-json\/wp\/v2\/pwb-brand?post=12825"},{"taxonomy":"product_brand","embeddable":true,"href":"https:\/\/dekastar.lt\/lv\/wp-json\/wp\/v2\/product_brand?post=12825"},{"taxonomy":"product_cat","embeddable":true,"href":"https:\/\/dekastar.lt\/lv\/wp-json\/wp\/v2\/product_cat?post=12825"},{"taxonomy":"product_tag","embeddable":true,"href":"https:\/\/dekastar.lt\/lv\/wp-json\/wp\/v2\/product_tag?post=12825"}],"curies":[{"name":"wp","href":"https:\/\/api.w.org\/{rel}","templated":true}]}}