{"id":12849,"date":"2026-03-13T12:16:39","date_gmt":"2026-03-13T12:16:39","guid":{"rendered":"https:\/\/dekastar.lt\/?post_type=product&#038;p=12849"},"modified":"2026-03-13T12:19:53","modified_gmt":"2026-03-13T12:19:53","slug":"reima-kaura-lauko-kelnes-zalios","status":"publish","type":"product","link":"https:\/\/dekastar.lt\/lv\/products\/reima-kaura-lauko-kelnes-zalios\/","title":{"rendered":"REIMA Kaura lauko keln\u0117s (\u017dalios)"},"content":{"rendered":"<p>\u0160ios vandeniui atsparios Reimatec keln\u0117s tinka permainingiems vidurio sezono orams, nes yra nepralaid\u017eios vandeniui, neperpu\u010diamos v\u0117jo ir pralaid\u017eios orui. <\/p>\n<p>    * Visos si\u016bl\u0117s sandarios;<br \/>\n    * Trin\u010diai atspari med\u017eiaga;<br \/>\n    * Lygus poliesterio pamu\u0161alas;<br \/>\n    * Reguliuojamas liemuo;<br \/>\n    * Elastingi koj\u0173 galai;<br \/>\n    * Patvarios silikonin\u0117s p\u0117d\u0173 kilpos iki 110 cm dyd\u017eio;<br \/>\n    * Neperpu\u010diamos v\u0117jo;<br \/>\n    * Padengtos vanden\u012f ir purv\u0105 atstumian\u010dia danga BIONIC-FINISH\u00aeECO;<br \/>\n    * bluesign\u00ae patvirtinta med\u017eiaga;<br \/>\n    * Sud\u0117tyje yra perdirbt\u0173 med\u017eiag\u0173.<\/p>\n<p>Materi\u0101ls:<\/p>\n<p>    I\u0161or\u0117: 50% poliesteris, 50% perdirbtas poliesteris;<br \/>\n    Vidus: 55% perdirbtas poliesteris, 45% poliesteris.<\/p>\n<p>Prie\u017ei\u016bros instrukcija: Skalbti atskirai, i\u0161orine puse. Prie\u0161 skalbim\u0105 u\u017etraukite u\u017etrauktukus. Galimas skalbimas skalbimo ma\u0161inoje, ne auk\u0161tesn\u0117je kaip (40 \u00b0C) temperat\u016broje. Nenaudokite plovikli\u0173, kurie turi balinan\u010di\u0173 sudedam\u0173j\u0173 dali\u0173. Nenaudokite audini\u0173 mink\u0161tiklio. Baig\u0119 skalbimo program\u0105, i\u0161traukite drabu\u017e\u012f i\u0161 skalbimo ma\u0161inos, kad i\u0161vengtum\u0117te spalvos pasikeitimo. Nenaudokite cheminio valymo, nelyginti. Galima d\u017eiovinti d\u017eiovykl\u0117je (40 \u00b0C).<\/p>\n<p>Izcelsmes valsts: \u0136\u012bna\/It\u0101lija\/Indija\/Vjetnama.<\/p>","protected":false},"excerpt":{"rendered":"<p>\u0160ios vandeniui atsparios Reimatec keln\u0117s tinka permainingiems vidurio sezono orams, nes yra nepralaid\u017eios vandeniui, neperpu\u010diamos v\u0117jo ir pralaid\u017eios orui. * Visos si\u016bl\u0117s sandarios; * Trin\u010diai atspari med\u017eiaga; * Lygus poliesterio pamu\u0161alas; * Reguliuojamas liemuo; * Elastingi koj\u0173 galai; * Patvarios silikonin\u0117s p\u0117d\u0173 kilpos iki 110 cm dyd\u017eio; * Neperpu\u010diamos v\u0117jo; * Padengtos vanden\u012f ir purv\u0105 [&hellip;]<\/p>\n","protected":false},"featured_media":12854,"template":"","meta":{"_acf_changed":false},"pwb-brand":[81],"product_brand":[],"product_cat":[40,73,55],"product_tag":[],"class_list":{"0":"post-12849","1":"product","2":"type-product","3":"status-publish","4":"has-post-thumbnail","6":"pwb-brand-reima","7":"product_cat-vaikams","8":"product_cat-kelnes-apranga-laisvalaikiui-vaikams","9":"product_cat-apranga-laisvalaikiui-vaikams","10":"pa_drabuziu-dydis-144","11":"pa_drabuziu-dydis-145","12":"pa_drabuziu-dydis-146","13":"pa_drabuziu-dydis-147","14":"pa_drabuziu-dydis-148","15":"pa_drabuziu-dydis-142","17":"first","18":"instock","19":"sale","20":"shipping-taxable","21":"purchasable","22":"product-type-variable"},"supplier_id":null,"supplier_sku":"","barcode":null,"atum_controlled":true,"out_stock_date":null,"out_stock_threshold":null,"inheritable":true,"inbound_stock":null,"stock_on_hold":0,"sold_today":0,"sales_last_days":0,"reserved_stock":null,"customer_returns":null,"warehouse_damage":null,"lost_in_post":null,"other_logs":null,"out_stock_days":0,"lost_sales":0,"has_location":false,"update_date":"2026-04-29T03:16:38","atum_locations":[],"atum_stock_status":"instock","restock_status":false,"low_stock_amount":"","sales_update_date":"2026-04-29T03:16:38","calc_backorders":null,"acf":[],"brands":[{"id":81,"name":"REIMA","slug":"reima"}],"_links":{"self":[{"href":"https:\/\/dekastar.lt\/lv\/wp-json\/wp\/v2\/product\/12849","targetHints":{"allow":["GET"]}}],"collection":[{"href":"https:\/\/dekastar.lt\/lv\/wp-json\/wp\/v2\/product"}],"about":[{"href":"https:\/\/dekastar.lt\/lv\/wp-json\/wp\/v2\/types\/product"}],"wp:featuredmedia":[{"embeddable":true,"href":"https:\/\/dekastar.lt\/lv\/wp-json\/wp\/v2\/media\/12854"}],"wp:attachment":[{"href":"https:\/\/dekastar.lt\/lv\/wp-json\/wp\/v2\/media?parent=12849"}],"wp:term":[{"taxonomy":"pwb-brand","embeddable":true,"href":"https:\/\/dekastar.lt\/lv\/wp-json\/wp\/v2\/pwb-brand?post=12849"},{"taxonomy":"product_brand","embeddable":true,"href":"https:\/\/dekastar.lt\/lv\/wp-json\/wp\/v2\/product_brand?post=12849"},{"taxonomy":"product_cat","embeddable":true,"href":"https:\/\/dekastar.lt\/lv\/wp-json\/wp\/v2\/product_cat?post=12849"},{"taxonomy":"product_tag","embeddable":true,"href":"https:\/\/dekastar.lt\/lv\/wp-json\/wp\/v2\/product_tag?post=12849"}],"curies":[{"name":"wp","href":"https:\/\/api.w.org\/{rel}","templated":true}]}}