{"id":12861,"date":"2026-03-13T12:20:30","date_gmt":"2026-03-13T12:20:30","guid":{"rendered":"https:\/\/dekastar.lt\/?post_type=product&#038;p=12861"},"modified":"2026-03-13T12:23:06","modified_gmt":"2026-03-13T12:23:06","slug":"reima-tepastelu-laisvalaikio-batai-zali","status":"publish","type":"product","link":"https:\/\/dekastar.lt\/lv\/products\/reima-tepastelu-laisvalaikio-batai-zali\/","title":{"rendered":"REIMA Tepastelu laisvalaikio batai (\u017dali)"},"content":{"rendered":"<p>REIMA pavasario kolekcijos Tepastelu laisvalaikio batai \u2013 labai lengvi \u0161iltojo sezono bateliai vaikams.<\/p>\n<p>Komforti\u0161ki ir lengvai pri\u017ei\u016brimi laisvalaikio bateliai patogiam vaik\u0173 \u017eaidimui.<\/p>\n<p>    * Batvir\u0161is pagamintas i\u0161 sintetin\u0117s med\u017eiagos ir tekstil\u0117s;<br \/>\n    * Vegani\u0161ki;<br \/>\n    * Velcro juosteli\u0173 konstrukcija u\u017etikrina lengv\u0105 naudojim\u0105si;<br \/>\n    * Orui pralaid\u016bs ir lengvi batai;<br \/>\n    * Lankstus ir lengvas EVA padas su ger\u0105 sukibim\u0105 u\u017etikrinan\u010diais TPR sutvirtinimais;<br \/>\n    * Tekstilinis pamu\u0161alas;<br \/>\n    * I\u0161imami, suformuoti EVA vidpad\u017eiai su d\u017eersio pamu\u0161alu ir \u201eHappy Fit\u201c spauda padeda rasti tinkam\u0105 dyd\u012f;<br \/>\n    * \u0160vies\u0105 atspindin\u010dios detal\u0117s;<br \/>\n    * Be PVC;<br \/>\n    * Sud\u0117tyje n\u0117ra anglies fluorid\u0173.<\/p>\n<p>Materi\u0101ls:<\/p>\n<p>    Batvir\u0161is: Sintetika, tekstil\u0117;<br \/>\n    Odere: tekstilmateri\u0101ls;<br \/>\n    Zole: sint\u0113tiska.<\/p>\n<p>Dyd\u017ei\u0173 lentel\u0117 pateikiama kartu su prek\u0117s nuotraukomis<\/p>","protected":false},"excerpt":{"rendered":"<p>REIMA pavasario kolekcijos Tepastelu laisvalaikio batai \u2013 labai lengvi \u0161iltojo sezono bateliai vaikams. Komforti\u0161ki ir lengvai pri\u017ei\u016brimi laisvalaikio bateliai patogiam vaik\u0173 \u017eaidimui. * Batvir\u0161is pagamintas i\u0161 sintetin\u0117s med\u017eiagos ir tekstil\u0117s; * Vegani\u0161ki; * Velcro juosteli\u0173 konstrukcija u\u017etikrina lengv\u0105 naudojim\u0105si; * Orui pralaid\u016bs ir lengvi batai; * Lankstus ir lengvas EVA padas su ger\u0105 sukibim\u0105 u\u017etikrinan\u010diais [&hellip;]<\/p>\n","protected":false},"featured_media":12876,"template":"","meta":{"_acf_changed":false},"pwb-brand":[81],"product_brand":[],"product_cat":[40,48],"product_tag":[],"class_list":{"0":"post-12861","1":"product","2":"type-product","3":"status-publish","4":"has-post-thumbnail","6":"pwb-brand-reima","7":"product_cat-vaikams","8":"product_cat-avalyne-vaikams","9":"pa_avalynes-dydis-136","10":"pa_avalynes-dydis-135","11":"pa_avalynes-dydis-134","12":"pa_avalynes-dydis-133","13":"pa_avalynes-dydis-132","14":"pa_avalynes-dydis-131","15":"pa_avalynes-dydis-130","16":"pa_avalynes-dydis-119","17":"pa_avalynes-dydis-120","18":"pa_avalynes-dydis-121","19":"pa_avalynes-dydis-122","20":"pa_avalynes-dydis-123","21":"pa_avalynes-dydis-124","22":"pa_avalynes-dydis-125","24":"first","25":"instock","26":"sale","27":"shipping-taxable","28":"purchasable","29":"product-type-variable"},"supplier_id":null,"supplier_sku":"","barcode":null,"atum_controlled":true,"out_stock_date":null,"out_stock_threshold":null,"inheritable":true,"inbound_stock":null,"stock_on_hold":0,"sold_today":0,"sales_last_days":0,"reserved_stock":null,"customer_returns":null,"warehouse_damage":null,"lost_in_post":null,"other_logs":null,"out_stock_days":0,"lost_sales":0,"has_location":false,"update_date":"2026-04-27T03:14:44","atum_locations":[],"atum_stock_status":"instock","restock_status":false,"low_stock_amount":"","sales_update_date":"2026-04-27T03:14:44","calc_backorders":null,"acf":[],"brands":[{"id":81,"name":"REIMA","slug":"reima"}],"_links":{"self":[{"href":"https:\/\/dekastar.lt\/lv\/wp-json\/wp\/v2\/product\/12861","targetHints":{"allow":["GET"]}}],"collection":[{"href":"https:\/\/dekastar.lt\/lv\/wp-json\/wp\/v2\/product"}],"about":[{"href":"https:\/\/dekastar.lt\/lv\/wp-json\/wp\/v2\/types\/product"}],"wp:featuredmedia":[{"embeddable":true,"href":"https:\/\/dekastar.lt\/lv\/wp-json\/wp\/v2\/media\/12876"}],"wp:attachment":[{"href":"https:\/\/dekastar.lt\/lv\/wp-json\/wp\/v2\/media?parent=12861"}],"wp:term":[{"taxonomy":"pwb-brand","embeddable":true,"href":"https:\/\/dekastar.lt\/lv\/wp-json\/wp\/v2\/pwb-brand?post=12861"},{"taxonomy":"product_brand","embeddable":true,"href":"https:\/\/dekastar.lt\/lv\/wp-json\/wp\/v2\/product_brand?post=12861"},{"taxonomy":"product_cat","embeddable":true,"href":"https:\/\/dekastar.lt\/lv\/wp-json\/wp\/v2\/product_cat?post=12861"},{"taxonomy":"product_tag","embeddable":true,"href":"https:\/\/dekastar.lt\/lv\/wp-json\/wp\/v2\/product_tag?post=12861"}],"curies":[{"name":"wp","href":"https:\/\/api.w.org\/{rel}","templated":true}]}}