{"id":12938,"date":"2026-03-16T13:09:38","date_gmt":"2026-03-16T13:09:38","guid":{"rendered":"https:\/\/dekastar.lt\/?post_type=product&#038;p=12938"},"modified":"2026-03-16T13:11:30","modified_gmt":"2026-03-16T13:11:30","slug":"reima-rullari-kedai-alyviniai","status":"publish","type":"product","link":"https:\/\/dekastar.lt\/lv\/products\/reima-rullari-kedai-alyviniai\/","title":{"rendered":"REIMA RULLARI kedai (Alyviniai)"},"content":{"rendered":"<p>\u0160ie lengvi ir patog\u016bs sportba\u010diai suteikia galimyb\u0119 jud\u0117ti lengvai ir patogiai, tod\u0117l vaikams eiti smagiau.<\/p>\n<p>    Batvir\u0161is pagamintas i\u0161 sintetin\u0117s med\u017eiagos ir tekstil\u0117s;<br \/>\n    Tinka veganams;<br \/>\n    Tampr\u016bs rai\u0161teliai greitam ir patogiam apsiavimui;<br \/>\n    Pado dizainas leid\u017eia vaikams jud\u0117ti ypa\u010d lengvai;<br \/>\n    Platus kurpalis su daugiau vietos pir\u0161tams;<br \/>\n    Lankstus ir lengvas \u201ePhylon\u201c ir kau\u010diuko padas;<br \/>\n    Tekstila odere;<br \/>\n    I\u0161imamas suformuotas EVA vidpadis su d\u017eersio pamu\u0161alu ir \u201eHappy Fit\u201c ra\u0161tu, kad b\u016bt\u0173 lengviau i\u0161sirinkti tinkam\u0105 dyd\u012f.<\/p>\n<p>Materi\u0101ls:<\/p>\n<p>    Batvir\u0161is: Tekstil\u0117, sintetin\u0117 med\u017eiaga;<br \/>\n    Odere: tekstilmateri\u0101ls;<br \/>\n    Padas: Sintetin\u0117 med\u017eiaga.<\/p>\n<p>Prie\u017ei\u016bra: \u0160iuos batus galima skalbti skalbykl\u0117je \u0161altoje (30 \u00b0C) temperat\u016broje, naudojant \u0161velni\u0105 skalbimo program\u0105. Prie\u0161 skalbim\u0105 i\u0161imti vidpad\u017eius. Nebalinti. Nelyginti. Nevalyti sausuoju b\u016bdu. Ned\u017eiovinti b\u016bgnin\u0117je d\u017eiovykl\u0117je.<\/p>\n<p>Dyd\u017ei\u0173 lentel\u0117 pateikiama kartu su prek\u0117s nuotraukomis<\/p>","protected":false},"excerpt":{"rendered":"<p>\u0160ie lengvi ir patog\u016bs sportba\u010diai suteikia galimyb\u0119 jud\u0117ti lengvai ir patogiai, tod\u0117l vaikams eiti smagiau. Batvir\u0161is pagamintas i\u0161 sintetin\u0117s med\u017eiagos ir tekstil\u0117s; Tinka veganams; Tampr\u016bs rai\u0161teliai greitam ir patogiam apsiavimui; Pado dizainas leid\u017eia vaikams jud\u0117ti ypa\u010d lengvai; Platus kurpalis su daugiau vietos pir\u0161tams; Lankstus ir lengvas \u201ePhylon\u201c ir kau\u010diuko padas; Tekstil\u0117s pamu\u0161alas; I\u0161imamas suformuotas EVA [&hellip;]<\/p>\n","protected":false},"featured_media":12940,"template":"","meta":{"_acf_changed":false},"pwb-brand":[81],"product_brand":[],"product_cat":[48,40],"product_tag":[],"class_list":{"0":"post-12938","1":"product","2":"type-product","3":"status-publish","4":"has-post-thumbnail","6":"pwb-brand-reima","7":"product_cat-avalyne-vaikams","8":"product_cat-vaikams","9":"pa_avalynes-dydis-135","10":"pa_avalynes-dydis-133","11":"pa_avalynes-dydis-130","12":"pa_avalynes-dydis-123","13":"pa_avalynes-dydis-90","15":"first","16":"instock","17":"sale","18":"shipping-taxable","19":"purchasable","20":"product-type-variable"},"supplier_id":null,"supplier_sku":"","barcode":null,"atum_controlled":true,"out_stock_date":null,"out_stock_threshold":null,"inheritable":true,"inbound_stock":null,"stock_on_hold":0,"sold_today":0,"sales_last_days":0,"reserved_stock":null,"customer_returns":null,"warehouse_damage":null,"lost_in_post":null,"other_logs":null,"out_stock_days":0,"lost_sales":0,"has_location":false,"update_date":"2026-04-29T03:16:39","atum_locations":[],"atum_stock_status":"instock","restock_status":false,"low_stock_amount":"","sales_update_date":"2026-04-29T03:16:39","calc_backorders":null,"acf":[],"brands":[{"id":81,"name":"REIMA","slug":"reima"}],"_links":{"self":[{"href":"https:\/\/dekastar.lt\/lv\/wp-json\/wp\/v2\/product\/12938","targetHints":{"allow":["GET"]}}],"collection":[{"href":"https:\/\/dekastar.lt\/lv\/wp-json\/wp\/v2\/product"}],"about":[{"href":"https:\/\/dekastar.lt\/lv\/wp-json\/wp\/v2\/types\/product"}],"wp:featuredmedia":[{"embeddable":true,"href":"https:\/\/dekastar.lt\/lv\/wp-json\/wp\/v2\/media\/12940"}],"wp:attachment":[{"href":"https:\/\/dekastar.lt\/lv\/wp-json\/wp\/v2\/media?parent=12938"}],"wp:term":[{"taxonomy":"pwb-brand","embeddable":true,"href":"https:\/\/dekastar.lt\/lv\/wp-json\/wp\/v2\/pwb-brand?post=12938"},{"taxonomy":"product_brand","embeddable":true,"href":"https:\/\/dekastar.lt\/lv\/wp-json\/wp\/v2\/product_brand?post=12938"},{"taxonomy":"product_cat","embeddable":true,"href":"https:\/\/dekastar.lt\/lv\/wp-json\/wp\/v2\/product_cat?post=12938"},{"taxonomy":"product_tag","embeddable":true,"href":"https:\/\/dekastar.lt\/lv\/wp-json\/wp\/v2\/product_tag?post=12938"}],"curies":[{"name":"wp","href":"https:\/\/api.w.org\/{rel}","templated":true}]}}