{"id":12964,"date":"2026-03-16T13:28:35","date_gmt":"2026-03-16T13:28:35","guid":{"rendered":"https:\/\/dekastar.lt\/?post_type=product&#038;p=12964"},"modified":"2026-03-16T13:34:47","modified_gmt":"2026-03-16T13:34:47","slug":"reima-enkka-5400007a-kedukai-ruda-zalia","status":"publish","type":"product","link":"https:\/\/dekastar.lt\/lv\/products\/reima-enkka-5400007a-kedukai-ruda-zalia\/","title":{"rendered":"REIMA Enkka 5400007A kedukai (Ruda\/\u017dalia)"},"content":{"rendered":"<p>Reimatec \u016bdensnecaurlaid\u012bgas \u010d\u012bbas. Viegli, univers\u0101li apavi akt\u012bviem b\u0113rniem un jaunie\u0161iem. Termoplastisk\u0101 gumija zol\u0113 uzlabo sa\u0137eri. <\/p>\n<p>B\u0113rniem pat\u012bk sp\u0113l\u0113t lietain\u0101 laik\u0101? Nav probl\u0113mu! Pasarg\u0101sim maz\u0101s k\u0101jas sausas ar \u0161\u012bm Reimatec \u016bdensnecaurlaid\u012bgaj\u0101m ked\u0101m. Reima EVA zole nodro\u0161ina komfortu, pateicoties t\u0101s elast\u012bbai un nelielajam svaram. No\u0146emamas Happy Fit zol\u012btes un t\u012bklveida oder\u0113jums. Elast\u012bg\u0101s auklas ar velcro aizdari padara \u0161os b\u0113rnu apavus \u013coti viegli uzvilkt un no\u0146emt. <\/p>\n<p>    \u016adensnecaurlaid\u012bgi sezonas vidus apavi;<br \/>\n    Aug\u0161\u0113j\u0101 da\u013ca ir izgatavota no sint\u0113tiska materi\u0101la un tekstila;<br \/>\n    Elast\u012bga un viegla Reima EVA gumijas zole;<br \/>\n    Tekstila odere;<br \/>\n    No\u0146emamas, form\u0113jamas EVA zol\u012btes ar trikot\u0101\u017eas oder\u0113jumu un Happy Fit apdruku pal\u012bdz\u0113s jums atrast pareizo izm\u0113ru;<br \/>\n    Viegla velcro aizdare ar elast\u012bg\u0101m aukli\u0146\u0101m;<br \/>\n    Veg\u0101nisk\u0101s izcelsmes;<br \/>\n    Nesatur fluorog\u013c\u016bde\u0146ra\u017eus.<\/p>\n<p>Kop\u0161anas nor\u0101d\u012bjumi: noslaukiet\/not\u012briet net\u012brumus un iz\u017e\u0101v\u0113jiet apavus istabas temperat\u016br\u0101. <\/p>\n<p>Izcelsmes valsts: \u0136\u012bna\/It\u0101lija\/Indija\/Vjetnama.<\/p>","protected":false},"excerpt":{"rendered":"<p>Vandeniui atspar\u016bs \u201eReimatec\u201c sportba\u010diai. Lengvi universal\u016bs batai aktyviems vaikams ir jaunuoliams. Termoplastin\u0117 guma paduose pagerina sukibim\u0105 su kelio danga. Vaikai m\u0117gsta \u017eaisti lietingu oru? Joki\u0173 problem\u0173! I\u0161laikykime ma\u017eas p\u0117dutes sausas su \u0161iais \u201e Reimatec\u201c neper\u0161lampamais sportba\u010diais. Reima EVA padas u\u017etikrina komforti\u0161kum\u0105 d\u0117l savo lankstumo ir nedidelio svorio. I\u0161imami \u201eHappy Fit\u201c vidpad\u017eiai ir tinklinis pamu\u0161alas. D\u0117l [&hellip;]<\/p>\n","protected":false},"featured_media":12982,"template":"","meta":{"_acf_changed":false},"pwb-brand":[81],"product_brand":[],"product_cat":[40,48],"product_tag":[],"class_list":{"0":"post-12964","1":"product","2":"type-product","3":"status-publish","4":"has-post-thumbnail","6":"pwb-brand-reima","7":"product_cat-vaikams","8":"product_cat-avalyne-vaikams","9":"pa_avalynes-dydis-130","10":"pa_avalynes-dydis-119","11":"pa_avalynes-dydis-120","12":"pa_avalynes-dydis-121","13":"pa_avalynes-dydis-122","14":"pa_avalynes-dydis-123","15":"pa_avalynes-dydis-124","16":"pa_avalynes-dydis-125","17":"pa_avalynes-dydis-90","18":"pa_avalynes-dydis-91","19":"pa_avalynes-dydis-92","21":"first","22":"instock","23":"sale","24":"shipping-taxable","25":"purchasable","26":"product-type-variable"},"supplier_id":null,"supplier_sku":"","barcode":null,"atum_controlled":true,"out_stock_date":null,"out_stock_threshold":null,"inheritable":true,"inbound_stock":null,"stock_on_hold":0,"sold_today":0,"sales_last_days":0,"reserved_stock":null,"customer_returns":null,"warehouse_damage":null,"lost_in_post":null,"other_logs":null,"out_stock_days":0,"lost_sales":0,"has_location":false,"update_date":"2026-04-30T03:14:59","atum_locations":[],"atum_stock_status":"instock","restock_status":false,"low_stock_amount":"","sales_update_date":"2026-04-30T03:14:59","calc_backorders":null,"acf":[],"brands":[{"id":81,"name":"REIMA","slug":"reima"}],"_links":{"self":[{"href":"https:\/\/dekastar.lt\/lv\/wp-json\/wp\/v2\/product\/12964","targetHints":{"allow":["GET"]}}],"collection":[{"href":"https:\/\/dekastar.lt\/lv\/wp-json\/wp\/v2\/product"}],"about":[{"href":"https:\/\/dekastar.lt\/lv\/wp-json\/wp\/v2\/types\/product"}],"wp:featuredmedia":[{"embeddable":true,"href":"https:\/\/dekastar.lt\/lv\/wp-json\/wp\/v2\/media\/12982"}],"wp:attachment":[{"href":"https:\/\/dekastar.lt\/lv\/wp-json\/wp\/v2\/media?parent=12964"}],"wp:term":[{"taxonomy":"pwb-brand","embeddable":true,"href":"https:\/\/dekastar.lt\/lv\/wp-json\/wp\/v2\/pwb-brand?post=12964"},{"taxonomy":"product_brand","embeddable":true,"href":"https:\/\/dekastar.lt\/lv\/wp-json\/wp\/v2\/product_brand?post=12964"},{"taxonomy":"product_cat","embeddable":true,"href":"https:\/\/dekastar.lt\/lv\/wp-json\/wp\/v2\/product_cat?post=12964"},{"taxonomy":"product_tag","embeddable":true,"href":"https:\/\/dekastar.lt\/lv\/wp-json\/wp\/v2\/product_tag?post=12964"}],"curies":[{"name":"wp","href":"https:\/\/api.w.org\/{rel}","templated":true}]}}