{"id":13028,"date":"2026-03-16T13:55:44","date_gmt":"2026-03-16T13:55:44","guid":{"rendered":"https:\/\/dekastar.lt\/?post_type=product&#038;p=13028"},"modified":"2026-05-05T08:48:09","modified_gmt":"2026-05-05T08:48:09","slug":"reima-telmin-junior-laisvalaikio-batai-juodi","status":"publish","type":"product","link":"https:\/\/dekastar.lt\/lv\/products\/reima-telmin-junior-laisvalaikio-batai-juodi\/","title":{"rendered":"REIMA TELMIN Junior laisvalaikio batai (Juodi)"},"content":{"rendered":"<p>REIMA prek\u0117s \u017eenklo kv\u0117puojanti ir lengva laisvalaikio avalyn\u0117, kad b\u016bt\u0173 patogu vaik\u0161tant ir u\u017esiimant aktyvia veikla \u0161iltomis dienomis.<\/p>\n<p>\u201eTelmin Junior\u201c \u2013 i\u0161mintingas pasirinkimas aktyviems jaunuoliams, kuri\u0173 p\u0117dos linkusios \u012f kaitim\u0105. \u0160ie lengvi, veganams pritaikyti batai sukurti taip, kad palaikyt\u0173 nat\u016bral\u0173 augim\u0105, su pla\u010dia pir\u0161t\u0173 dalimi, nuliniu kulno nuleidimu ir lanks\u010diais padais, kad judesiai b\u016bt\u0173 neriboti. Kv\u0117puojanti med\u017eiaga palaiko p\u0117d\u0173 gaivum\u0105, o \u201eHappy Fit\u201c vidpad\u017eiai padeda t\u0117vams lengvai i\u0161sirinkti tinkam\u0105 dyd\u012f. Pritaikomas lipduk\u0173 ir kilpeli\u0173 u\u017esegimas su elastingais rai\u0161teliais u\u017etikrina saug\u0173 prigludim\u0105. Su lanks\u010diu guminiu padu, u\u017etikrinan\u010diu optimal\u0173 sukibim\u0105, \u0161ie \u201eReima\u201c batai suteikia komfort\u0105 ir laisv\u0119 kiekvienam nuotykiui.<\/p>\n<p>* Lengvas u\u017esegimas lipdukais ir kilpel\u0117mis su elastingais rai\u0161teliais leid\u017eia individualiai pritaikyti batus.<br \/>\n* Kv\u0117puojantys ir lengvi batai.<br \/>\n* Vegani\u0161ki.<br \/>\n* Nuleid\u017eia kuln\u0105, kad p\u0117da b\u016bt\u0173 nat\u016brali.<br \/>\n* Lankstus padas laisvam jud\u0117jimui.<br \/>\n* Sukurti ir pritaikyti taip, kad palaikyt\u0173 normal\u0173 vaiko p\u0117dos augim\u0105.<br \/>\n* Lankstus guminis padas idealiam sukibimui.<br \/>\n* I\u0161imami vidpad\u017eiai su \u201eHappy Fit\u201c spauda padeda rasti tinkam\u0105 dyd\u012f.<\/p>\n<p>Kop\u0161anas nor\u0101d\u012bjumi: noslaukiet\/not\u012briet net\u012brumus un iz\u017e\u0101v\u0113jiet apavus istabas temperat\u016br\u0101. <\/p>\n<p>Izcelsmes valsts: \u0136\u012bna\/It\u0101lija\/Indija\/Vjetnama.<\/p>","protected":false},"excerpt":{"rendered":"<p>REIMA prek\u0117s \u017eenklo kv\u0117puojanti ir lengva laisvalaikio avalyn\u0117, kad b\u016bt\u0173 patogu vaik\u0161tant ir u\u017esiimant aktyvia veikla \u0161iltomis dienomis. \u201eTelmin Junior\u201c \u2013 i\u0161mintingas pasirinkimas aktyviems jaunuoliams, kuri\u0173 p\u0117dos linkusios \u012f kaitim\u0105. \u0160ie lengvi, veganams pritaikyti batai sukurti taip, kad palaikyt\u0173 nat\u016bral\u0173 augim\u0105, su pla\u010dia pir\u0161t\u0173 dalimi, nuliniu kulno nuleidimu ir lanks\u010diais padais, kad judesiai b\u016bt\u0173 neriboti. [&hellip;]<\/p>\n","protected":false},"featured_media":13049,"template":"","meta":{"_acf_changed":false},"pwb-brand":[81],"product_brand":[],"product_cat":[40,48],"product_tag":[],"class_list":{"0":"post-13028","1":"product","2":"type-product","3":"status-publish","4":"has-post-thumbnail","6":"pwb-brand-reima","7":"product_cat-vaikams","8":"product_cat-avalyne-vaikams","9":"pa_avalynes-dydis-130","10":"pa_avalynes-dydis-119","11":"pa_avalynes-dydis-120","12":"pa_avalynes-dydis-121","13":"pa_avalynes-dydis-122","14":"pa_avalynes-dydis-123","15":"pa_avalynes-dydis-124","16":"pa_avalynes-dydis-125","17":"pa_avalynes-dydis-90","18":"pa_avalynes-dydis-91","19":"pa_avalynes-dydis-92","20":"pa_avalynes-dydis-93","21":"pa_avalynes-dydis-94","23":"first","24":"instock","25":"sale","26":"shipping-taxable","27":"purchasable","28":"product-type-variable"},"supplier_id":null,"supplier_sku":"","barcode":null,"atum_controlled":true,"out_stock_date":null,"out_stock_threshold":null,"inheritable":true,"inbound_stock":null,"stock_on_hold":0,"sold_today":0,"sales_last_days":0,"reserved_stock":null,"customer_returns":null,"warehouse_damage":null,"lost_in_post":null,"other_logs":null,"out_stock_days":0,"lost_sales":0,"has_location":false,"update_date":"2026-05-05T08:48:10","atum_locations":[],"atum_stock_status":"instock","restock_status":false,"low_stock_amount":"","sales_update_date":"2026-05-04T03:16:38","calc_backorders":null,"acf":[],"brands":[{"id":81,"name":"REIMA","slug":"reima"}],"_links":{"self":[{"href":"https:\/\/dekastar.lt\/lv\/wp-json\/wp\/v2\/product\/13028","targetHints":{"allow":["GET"]}}],"collection":[{"href":"https:\/\/dekastar.lt\/lv\/wp-json\/wp\/v2\/product"}],"about":[{"href":"https:\/\/dekastar.lt\/lv\/wp-json\/wp\/v2\/types\/product"}],"wp:featuredmedia":[{"embeddable":true,"href":"https:\/\/dekastar.lt\/lv\/wp-json\/wp\/v2\/media\/13049"}],"wp:attachment":[{"href":"https:\/\/dekastar.lt\/lv\/wp-json\/wp\/v2\/media?parent=13028"}],"wp:term":[{"taxonomy":"pwb-brand","embeddable":true,"href":"https:\/\/dekastar.lt\/lv\/wp-json\/wp\/v2\/pwb-brand?post=13028"},{"taxonomy":"product_brand","embeddable":true,"href":"https:\/\/dekastar.lt\/lv\/wp-json\/wp\/v2\/product_brand?post=13028"},{"taxonomy":"product_cat","embeddable":true,"href":"https:\/\/dekastar.lt\/lv\/wp-json\/wp\/v2\/product_cat?post=13028"},{"taxonomy":"product_tag","embeddable":true,"href":"https:\/\/dekastar.lt\/lv\/wp-json\/wp\/v2\/product_tag?post=13028"}],"curies":[{"name":"wp","href":"https:\/\/api.w.org\/{rel}","templated":true}]}}