{"id":13181,"date":"2026-04-03T20:27:07","date_gmt":"2026-04-03T20:27:07","guid":{"rendered":"https:\/\/dekastar.lt\/?post_type=product&#038;p=13181"},"modified":"2026-04-03T20:44:35","modified_gmt":"2026-04-03T20:44:35","slug":"karsto-oro-gruzdintuves-silikonine-kepimo-forma-2-vnt-kvadratine","status":"publish","type":"product","link":"https:\/\/dekastar.lt\/lv\/products\/karsto-oro-gruzdintuves-silikonine-kepimo-forma-2-vnt-kvadratine\/","title":{"rendered":"Kar\u0161to oro gruzdintuv\u0117s silikonin\u0117 kepimo forma 2 vnt (kvadratin\u0117)"},"content":{"rendered":"<p>Karst\u0101 gaisa frit\u0113zes atk\u0101rtoti lietojam\u0101 silikona papl\u0101te \u013cauj efekt\u012bvi <strong>e\u013c\u013cas, \u0161\u0137idrumu slazdi<\/strong> nov\u0113r\u0161 iz\u0161\u013cakst\u012bjumus un aizsarg\u0101 frit\u0113zi no \u0113diena atliek\u0101m. Gatavojiet savus iecien\u012bt\u0101kos \u0113dienus un p\u0113c tam daudz \u0113rt\u0101k un \u0101tr\u0101k tos not\u012briet.<\/p>\n<p><strong>\u2713\u00a0 <\/strong>T\u0101 ir lieliska alternat\u012bva vienreizlietojamiem pap\u012bra oder\u0113jumiem. <strong>Silikons ir iztur\u012bgs<\/strong>, iztur\u012bgs un videi draudz\u012bgs.<br \/>\n<strong>\u2713\u00a0 <\/strong>Jums vairs nav j\u0101uztraucas par lip\u012bgu un net\u012bru fritieri, un tas ir piln\u012bgi <strong>neietekm\u0113s \u0113diena gar\u0161u!<br \/>\n\u2713\u00a0 <\/strong>Silikona cep\u0161anas papl\u0101tes ir\u00a0<strong>Var mazg\u0101t trauku mazg\u0101jam\u0101 ma\u0161\u012bn\u0101<\/strong> un ietaupa laiku un p\u016bles p\u0113c gatavo\u0161anas.<br \/>\n<strong>\u2713\u00a0 <\/strong>Gaisa frit\u0113\u0161anas ier\u012bces cep\u0161anas papl\u0101te ir izgatavota no p\u0101rtikas silikona, m\u012bksta materi\u0101la ar <strong>laba karstumiztur\u012bba<\/strong>.<\/p>\n<p>Materi\u0101ls: silikons<br \/>\nPiem\u0113rota cep\u0161anas temperat\u016bra: 20 \u2103 - 240 \u2103<br \/>\nPad\u0117klo dydis: 22 cm (dugnas) x 24 cm(vir\u0161us) x 4,5 cm (auk\u0161tis)<\/p>\n<p>Pastaba: rinkin\u012f sudaro 2 vnt silikonini\u0173 \u012fd\u0117kl\u0173<\/p>\n<p>Pastaba: Formos matmenys nustatyti rankiniu b\u016bdu, galima paklaida +\/-2 cm<\/p>","protected":false},"excerpt":{"rendered":"<p>Daugkartinio naudojimo kar\u0161to oro gruzdintuv\u0117s silikoninis pad\u0117klas efektyviai sulaiko aliej\u0173, skys\u010dius nuo i\u0161siliejimo ir apsaugo gruzdintuv\u0119 nuo maisto liku\u010di\u0173 patekimo. Gaminkite m\u0117gstamus patiekalus, o po to susitvarkykite daug patogiau ir grei\u010diau. \u2713\u00a0 Tai puiki atlernatyva vienkartiniams popieriniams \u012fd\u0117klams. Silikoniniai yra patvar\u016bs, ilgaam\u017eiai ir tausoja gamt\u0105. \u2713\u00a0 Jums nebereik\u0117s jaudintis d\u0117l lipnios ir ne\u0161varios gruzdintuv\u0117s ir [&hellip;]<\/p>\n","protected":false},"featured_media":13194,"template":"","meta":{"_acf_changed":false},"pwb-brand":[],"product_brand":[],"product_cat":[256,258,255],"product_tag":[],"class_list":{"0":"post-13181","1":"product","2":"type-product","3":"status-publish","4":"has-post-thumbnail","6":"product_cat-virtuvei","7":"product_cat-karsto-oro-gruzdintuvei","8":"product_cat-namams","10":"first","11":"instock","12":"shipping-taxable","13":"purchasable","14":"product-type-variable"},"supplier_id":null,"supplier_sku":"","barcode":null,"atum_controlled":true,"out_stock_date":null,"out_stock_threshold":null,"inheritable":true,"inbound_stock":null,"stock_on_hold":0,"sold_today":0,"sales_last_days":0,"reserved_stock":null,"customer_returns":null,"warehouse_damage":null,"lost_in_post":null,"other_logs":null,"out_stock_days":0,"lost_sales":0,"has_location":false,"update_date":"2026-04-10T00:35:05","atum_locations":[],"atum_stock_status":"instock","restock_status":false,"low_stock_amount":"","sales_update_date":"2026-04-10T00:35:05","calc_backorders":null,"acf":[],"brands":[],"_links":{"self":[{"href":"https:\/\/dekastar.lt\/lv\/wp-json\/wp\/v2\/product\/13181","targetHints":{"allow":["GET"]}}],"collection":[{"href":"https:\/\/dekastar.lt\/lv\/wp-json\/wp\/v2\/product"}],"about":[{"href":"https:\/\/dekastar.lt\/lv\/wp-json\/wp\/v2\/types\/product"}],"wp:featuredmedia":[{"embeddable":true,"href":"https:\/\/dekastar.lt\/lv\/wp-json\/wp\/v2\/media\/13194"}],"wp:attachment":[{"href":"https:\/\/dekastar.lt\/lv\/wp-json\/wp\/v2\/media?parent=13181"}],"wp:term":[{"taxonomy":"pwb-brand","embeddable":true,"href":"https:\/\/dekastar.lt\/lv\/wp-json\/wp\/v2\/pwb-brand?post=13181"},{"taxonomy":"product_brand","embeddable":true,"href":"https:\/\/dekastar.lt\/lv\/wp-json\/wp\/v2\/product_brand?post=13181"},{"taxonomy":"product_cat","embeddable":true,"href":"https:\/\/dekastar.lt\/lv\/wp-json\/wp\/v2\/product_cat?post=13181"},{"taxonomy":"product_tag","embeddable":true,"href":"https:\/\/dekastar.lt\/lv\/wp-json\/wp\/v2\/product_tag?post=13181"}],"curies":[{"name":"wp","href":"https:\/\/api.w.org\/{rel}","templated":true}]}}