{"id":13260,"date":"2026-04-14T09:26:37","date_gmt":"2026-04-14T09:26:37","guid":{"rendered":"https:\/\/dekastar.lt\/produktas\/masazo-kilimelis-puzzle-ortek-mushrooms\/"},"modified":"2026-04-19T08:07:58","modified_gmt":"2026-04-19T08:07:58","slug":"masazo-kilimelis-puzzle-ortek-mushrooms","status":"publish","type":"product","link":"https:\/\/dekastar.lt\/lv\/products\/masazo-kilimelis-puzzle-ortek-mushrooms\/","title":{"rendered":"Masa\u017eo kilim\u0117lis \u201ePuzzle Grybai\u201c 1 elementas"},"content":{"rendered":"<p>Masa\u017eo kilim\u0117lis susideda i\u0161 1 elemento. Dydis: 26*26 cm.<\/p>\n<p>\u0160is elementas yra vienas i\u0161 mink\u0161tesni\u0173 galvos\u016bki\u0173.<\/p>\n<p>Naujas d\u0117lion\u0117s dizainas su spalvingomis detal\u0117mis pritrauks j\u016bs\u0173 vaiko d\u0117mes\u012f. Ry\u0161kios spalvos sukelia ir palaiko susidom\u0117jim\u0105 praktikuojant ir \u017eaid\u017eiant bei skatina vizualin\u012f suvokim\u0105.<br \/>\nGalite derinti spalvingas d\u0117liones su vienspalv\u0117mis d\u0117lion\u0117mis, kad sukurtum\u0117te kilim\u0117l\u012f tok\u012f, koks jums patinka.<\/p>\n<p>Med\u017eiaga: PVC (nepavojingas, be kenksming\u0173 ter\u0161al\u0173, nekenksmingas odai)<\/p>\n<p>K\u0105 gali ortopedin\u0117s tekst\u016bros kilim\u0117lis:<\/p>\n<p>skatinti teising\u0105 vaik\u0173 p\u0117d\u0173 form\u0105;<br \/>\npagerinti raumen\u0173 \u012ftamp\u0105 stiprinant i\u0161ilgines ir skersines p\u0117dos arkas;<br \/>\npagerinti kraujotak\u0105;<br \/>\nSuma\u017einkite \u012ftamp\u0105 kojose, veikdami nerv\u0173 gal\u016bnes.<\/p>\n<p>Taikymas:<\/p>\n<p>plok\u0161\u010diap\u0117dyst\u0117s, klubini\u0173 p\u0117d\u0173, p\u0117d\u0173 valgus pad\u0117ties ir kit\u0173 deformacij\u0173 prevencija;<br \/>\nven\u0173 varikoz\u0117s, osteoartrito ir artrito prevencija;<br \/>\nPalengv\u0117jimas pavargusioms kojoms.<\/p>\n<p>Pratim\u0173 serija:<\/p>\n<p>Vaik\u0161\u010diokite pirmyn ir atgal ant kilim\u0117lio (30-40 sekund\u017ei\u0173).<br \/>\nPradin\u0117 pad\u0117tis yra stovint, tada pir\u0161tas auk\u0161tyn (7-9 pakartojimai).<br \/>\nPradin\u0117 pad\u0117tis yra stov\u0117jimas, vytimas nuo kulno iki koj\u0173 (30-40 sekund\u017ei\u0173).<br \/>\nKry\u017eminis \u017eingsnis ant kilim\u0117lio (30-40 sekund\u017ei\u0173).<br \/>\nVaik\u0161\u010diojimas p\u0117dos vidine dalimi (30-40 sekund\u017ei\u0173).<br \/>\nVaik\u0161\u010diojimas p\u0117dos i\u0161or\u0117je (30-40 sekund\u017ei\u0173).<br \/>\nPir\u0161t\u0173 \u0117jimas (30-60 sekund\u017ei\u0173).<br \/>\nPradin\u0117 pad\u0117tis yra stovimoje pad\u0117tyje, prit\u016bpkite su atrama ant visos p\u0117dos, nenupl\u0117\u0161dami visos p\u0117dos nuo kilim\u0117lio (7-9 pakartojimai).<br \/>\nPradin\u0117 pad\u0117tis yra stov\u0117jimas, balansavimas ant vienos kojos (20-30 sekund\u017ei\u0173).<br \/>\n\u0160okin\u0117jimas nuo vieno galvos\u016bkio prie kito (7-9 pakartojimai).<br \/>\nPradin\u0117 pad\u0117tis yra stov\u0117jimas ant vienos kojos, \u0161okin\u0117jimas ant kitos kojos, pakaitomis (6-8 pakartojimai).<br \/>\nPradin\u0117 pad\u0117tis yra pusiau s\u0117dimas, vaik\u0161\u010diojimas ant kilim\u0117lio (20-30 sekund\u017ei\u0173).<br \/>\n\u010cia yra visas vaizdo \u012fra\u0161as apie &#8220;Ortek&#8221; tekst\u016bruot\u0105 kilim\u0117l\u012f. Vaikas i\u0161d\u0117sto dalis, \u012fjungia vaizdo \u012fra\u0161\u0105 &#8211; vaikas u\u017esi\u0117m\u0119s!<\/p>\n<p>Rekomenduojama mank\u0161tintis 3\u20135 kartus per savait\u0119. Po m\u0117nesio treniruo\u010di\u0173 galite pamatyti, ko i\u0161moko j\u016bs\u0173 vaikas. Raumenys tikriausiai sustipr\u0117s, o eisena saugesn\u0117.<\/p>\n<p>Kontraindikacijos:<\/p>\n<p>odos pa\u017eeidimas;<br \/>\nDiabetin\u0117s p\u0117dos sindromas;<br \/>\nsu\u017ealojimai;<br \/>\nU\u017edegimin\u0117s odos ligos.<br \/>\nTaip pat galima \u012fsigyti kilim\u0117li\u0173 su 4, 6, 8, 10, 14, 16 ir 18 d\u0117lion\u0117s dali\u0173.<\/p>","protected":false},"excerpt":{"rendered":"<p>Masa\u017eo kilim\u0117lis susideda i\u0161 1 elemento. Dydis: 26*26 cm. \u0160is elementas yra vienas i\u0161 mink\u0161tesni\u0173 galvos\u016bki\u0173. Naujas d\u0117lion\u0117s dizainas su spalvingomis detal\u0117mis pritrauks j\u016bs\u0173 vaiko d\u0117mes\u012f. Ry\u0161kios spalvos sukelia ir palaiko susidom\u0117jim\u0105 praktikuojant ir \u017eaid\u017eiant bei skatina vizualin\u012f suvokim\u0105. Galite derinti spalvingas d\u0117liones su vienspalv\u0117mis d\u0117lion\u0117mis, kad sukurtum\u0117te kilim\u0117l\u012f tok\u012f, koks jums patinka. Med\u017eiaga: PVC [&hellip;]<\/p>\n","protected":false},"featured_media":13259,"template":"","meta":{"_acf_changed":false},"pwb-brand":[],"product_brand":[],"product_cat":[255,264,261],"product_tag":[],"class_list":{"0":"post-13260","1":"product","2":"type-product","3":"status-publish","4":"has-post-thumbnail","6":"product_cat-namams","7":"product_cat-sensorines-ortopedines-priemones-vaiko-kambariui","8":"product_cat-vaiko-kambariui","10":"first","11":"instock","12":"shipping-taxable","13":"purchasable","14":"product-type-simple"},"supplier_id":null,"supplier_sku":"","barcode":null,"atum_controlled":true,"out_stock_date":null,"out_stock_threshold":null,"inheritable":false,"inbound_stock":null,"stock_on_hold":0,"sold_today":0,"sales_last_days":0,"reserved_stock":null,"customer_returns":null,"warehouse_damage":null,"lost_in_post":null,"other_logs":null,"out_stock_days":0,"lost_sales":0,"has_location":false,"update_date":"2026-04-19T08:08:00","atum_locations":[],"atum_stock_status":"instock","restock_status":false,"low_stock_amount":"","sales_update_date":"2026-04-18T00:36:59","calc_backorders":null,"acf":[],"brands":[],"_links":{"self":[{"href":"https:\/\/dekastar.lt\/lv\/wp-json\/wp\/v2\/product\/13260","targetHints":{"allow":["GET"]}}],"collection":[{"href":"https:\/\/dekastar.lt\/lv\/wp-json\/wp\/v2\/product"}],"about":[{"href":"https:\/\/dekastar.lt\/lv\/wp-json\/wp\/v2\/types\/product"}],"wp:featuredmedia":[{"embeddable":true,"href":"https:\/\/dekastar.lt\/lv\/wp-json\/wp\/v2\/media\/13259"}],"wp:attachment":[{"href":"https:\/\/dekastar.lt\/lv\/wp-json\/wp\/v2\/media?parent=13260"}],"wp:term":[{"taxonomy":"pwb-brand","embeddable":true,"href":"https:\/\/dekastar.lt\/lv\/wp-json\/wp\/v2\/pwb-brand?post=13260"},{"taxonomy":"product_brand","embeddable":true,"href":"https:\/\/dekastar.lt\/lv\/wp-json\/wp\/v2\/product_brand?post=13260"},{"taxonomy":"product_cat","embeddable":true,"href":"https:\/\/dekastar.lt\/lv\/wp-json\/wp\/v2\/product_cat?post=13260"},{"taxonomy":"product_tag","embeddable":true,"href":"https:\/\/dekastar.lt\/lv\/wp-json\/wp\/v2\/product_tag?post=13260"}],"curies":[{"name":"wp","href":"https:\/\/api.w.org\/{rel}","templated":true}]}}