{"id":13273,"date":"2026-04-14T09:26:45","date_gmt":"2026-04-14T09:26:45","guid":{"rendered":"https:\/\/dekastar.lt\/produktas\/masazinis-ortopedinis-kilimelis-ortek-puzzle-mega-mix-25-moduliai\/"},"modified":"2026-04-19T08:07:57","modified_gmt":"2026-04-19T08:07:57","slug":"masazinis-ortopedinis-kilimelis-ortek-puzzle-mega-mix-25-moduliai","status":"publish","type":"product","link":"https:\/\/dekastar.lt\/lv\/products\/masazinis-ortopedinis-kilimelis-ortek-puzzle-mega-mix-25-moduliai\/","title":{"rendered":"Masa\u017einis ortopedinis kilim\u0117lis \u201eOrtek Puzzle Mega Mix\u201c 25 moduliai"},"content":{"rendered":"<p>Masa\u017eo kilim\u0117l\u012f sudaro 25 d\u0117lion\u0117s dalys, pagamintos i\u0161 higieni\u0161kos, odai nekenksmingos PVC med\u017eiagos.<\/p>\n<p>D\u0117lion\u0117s detali\u0173 dydis: 26*26 cm.<\/p>\n<p>K\u0105 gali ortopedinis konstrukcinis kilim\u0117lis:<\/p>\n<p>skatinti teising\u0105 vaik\u0173 p\u0117d\u0173 form\u0105;<br \/>\npagerinti raumen\u0173 \u012ftamp\u0105 stiprinant i\u0161ilgines ir skersines p\u0117dos arkas;<br \/>\npagerinti kraujotak\u0105;<br \/>\nSuma\u017einkite \u012ftamp\u0105 kojose, veikdami nerv\u0173 gal\u016bnes.<\/p>\n<p>Taikymas:<\/p>\n<p>plok\u0161\u010diap\u0117dyst\u0117s, klubini\u0173 p\u0117d\u0173, p\u0117d\u0173 valgus pad\u0117ties ir kit\u0173 deformacij\u0173 prevencija;<br \/>\nven\u0173 varikoz\u0117s, osteoartrito ir artrito prevencija;<br \/>\nPalengv\u0117jimas pavargusioms kojoms.<\/p>\n<p>Kontraindikacijos:<\/p>\n<p>Atviros p\u0117d\u0173 odos \u017eaizdos ar u\u017edegiminiai procesai;<br \/>\nDiabetin\u0117s p\u0117dos sindromas.<br \/>\nTaip pat galima \u012fsigyti kilim\u0117li\u0173 su 4, 6 ir 8 d\u0117lion\u0117s detal\u0117mis.<br \/>\nPriedai ir spalvos gali skirtis nuo svetain\u0117je esan\u010di\u0173 vaizd\u0173.<\/p>\n<p>Pratim\u0173 serija:<\/p>\n<p>Vaik\u0161\u010diojimas pirmyn ir atgal ant kilim\u0117lio (7-9 pakartojimai).<br \/>\nPradin\u0117 pad\u0117tis yra stovint, tada pir\u0161tas auk\u0161tyn (7-9 pakartojimai).<br \/>\nPradin\u0117 pad\u0117tis yra stovimoje pad\u0117tyje, vytimas nuo kulno iki koj\u0173 pir\u0161t\u0173 (7-9 pakartojimai).<br \/>\nKry\u017eminis \u017eingsnis ant kilim\u0117lio (7-9 pakartojimai).<br \/>\nVaik\u0161\u010diojimas p\u0117dos vidine dalimi (7-9 pakartojimai).<br \/>\nVaik\u0161\u010diojimas p\u0117dos i\u0161or\u0117je (7-9 pakartojimai).<br \/>\nPir\u0161t\u0173 \u0117jimas (30-60 sekund\u017ei\u0173).<br \/>\nPradin\u0117 pad\u0117tis yra stovimoje pad\u0117tyje, prit\u016bpkite su atrama ant visos p\u0117dos, nenupl\u0117\u0161dami visos p\u0117dos nuo kilim\u0117lio (7-9 pakartojimai).<br \/>\nPradin\u0117 pad\u0117tis yra stovint, balansuojant ant vienos kojos (7-9 pakartojimai).<br \/>\n\u0160okin\u0117jimas nuo vieno galvos\u016bkio prie kito (7-9 pakartojimai).<br \/>\nPradin\u0117 pad\u0117tis yra stov\u0117jimas ant vienos kojos, \u0161okin\u0117jimas ant kitos kojos, pakaitomis (6-8 pakartojimai).<br \/>\nPradin\u0117 pad\u0117tis yra pusiau s\u0117dimas, vaik\u0161\u010diojimas ant kilim\u0117lio (6-8 pakartojimai).<\/p>","protected":false},"excerpt":{"rendered":"<p>Kilim\u0117l\u012f sudaro 25 d\u0117lion\u0117s detal\u0117s.<\/p>","protected":false},"featured_media":13272,"template":"","meta":{"_acf_changed":false},"pwb-brand":[],"product_brand":[],"product_cat":[261,255,264],"product_tag":[],"class_list":{"0":"post-13273","1":"product","2":"type-product","3":"status-publish","4":"has-post-thumbnail","6":"product_cat-vaiko-kambariui","7":"product_cat-namams","8":"product_cat-sensorines-ortopedines-priemones-vaiko-kambariui","10":"first","11":"instock","12":"shipping-taxable","13":"purchasable","14":"product-type-simple"},"supplier_id":null,"supplier_sku":"","barcode":null,"atum_controlled":true,"out_stock_date":null,"out_stock_threshold":null,"inheritable":false,"inbound_stock":null,"stock_on_hold":0,"sold_today":0,"sales_last_days":0,"reserved_stock":null,"customer_returns":null,"warehouse_damage":null,"lost_in_post":null,"other_logs":null,"out_stock_days":0,"lost_sales":0,"has_location":false,"update_date":"2026-04-19T08:07:59","atum_locations":[],"atum_stock_status":"instock","restock_status":false,"low_stock_amount":"","sales_update_date":"2026-04-18T00:36:59","calc_backorders":null,"acf":[],"brands":[],"_links":{"self":[{"href":"https:\/\/dekastar.lt\/lv\/wp-json\/wp\/v2\/product\/13273","targetHints":{"allow":["GET"]}}],"collection":[{"href":"https:\/\/dekastar.lt\/lv\/wp-json\/wp\/v2\/product"}],"about":[{"href":"https:\/\/dekastar.lt\/lv\/wp-json\/wp\/v2\/types\/product"}],"wp:featuredmedia":[{"embeddable":true,"href":"https:\/\/dekastar.lt\/lv\/wp-json\/wp\/v2\/media\/13272"}],"wp:attachment":[{"href":"https:\/\/dekastar.lt\/lv\/wp-json\/wp\/v2\/media?parent=13273"}],"wp:term":[{"taxonomy":"pwb-brand","embeddable":true,"href":"https:\/\/dekastar.lt\/lv\/wp-json\/wp\/v2\/pwb-brand?post=13273"},{"taxonomy":"product_brand","embeddable":true,"href":"https:\/\/dekastar.lt\/lv\/wp-json\/wp\/v2\/product_brand?post=13273"},{"taxonomy":"product_cat","embeddable":true,"href":"https:\/\/dekastar.lt\/lv\/wp-json\/wp\/v2\/product_cat?post=13273"},{"taxonomy":"product_tag","embeddable":true,"href":"https:\/\/dekastar.lt\/lv\/wp-json\/wp\/v2\/product_tag?post=13273"}],"curies":[{"name":"wp","href":"https:\/\/api.w.org\/{rel}","templated":true}]}}