{"id":13290,"date":"2026-04-14T09:26:59","date_gmt":"2026-04-14T09:26:59","guid":{"rendered":"https:\/\/dekastar.lt\/produktas\/masaziniai-ortopediniai-iklotai-puzzle-mix-6-moduliai\/"},"modified":"2026-04-14T09:48:35","modified_gmt":"2026-04-14T09:48:35","slug":"masaziniai-ortopediniai-iklotai-puzzle-mix-6-moduliai","status":"publish","type":"product","link":"https:\/\/dekastar.lt\/lv\/products\/masaziniai-ortopediniai-iklotai-puzzle-mix-6-moduliai\/","title":{"rendered":"\u201eMasa\u017einiai ortopediniai \u012fklotai \u201ePuzzle Mix\u201c\u201c 6 moduliai\u201c"},"content":{"rendered":"<p>Med\u017eiaga: PVC (saugus, netoksi\u0161kas, hipoalerginis)<\/p>","protected":false},"excerpt":{"rendered":"<p>Kilim\u0117lis susideda i\u0161 6 d\u0117lion\u0117s detali\u0173.<\/p>","protected":false},"featured_media":13289,"template":"","meta":{"_acf_changed":false},"pwb-brand":[],"product_brand":[],"product_cat":[15],"product_tag":[],"class_list":{"0":"post-13290","1":"product","2":"type-product","3":"status-publish","4":"has-post-thumbnail","6":"product_cat-kita-laisvalakio-apranga","8":"first","9":"instock","10":"shipping-taxable","11":"purchasable","12":"product-type-simple"},"supplier_id":null,"supplier_sku":"","barcode":null,"atum_controlled":true,"out_stock_date":null,"out_stock_threshold":null,"inheritable":false,"inbound_stock":null,"stock_on_hold":null,"sold_today":null,"sales_last_days":null,"reserved_stock":null,"customer_returns":null,"warehouse_damage":null,"lost_in_post":null,"other_logs":null,"out_stock_days":null,"lost_sales":null,"has_location":null,"update_date":"2026-04-14T09:48:39","atum_locations":[],"atum_stock_status":"instock","restock_status":false,"low_stock_amount":"","sales_update_date":null,"calc_backorders":null,"acf":[],"brands":[],"_links":{"self":[{"href":"https:\/\/dekastar.lt\/lv\/wp-json\/wp\/v2\/product\/13290","targetHints":{"allow":["GET"]}}],"collection":[{"href":"https:\/\/dekastar.lt\/lv\/wp-json\/wp\/v2\/product"}],"about":[{"href":"https:\/\/dekastar.lt\/lv\/wp-json\/wp\/v2\/types\/product"}],"wp:featuredmedia":[{"embeddable":true,"href":"https:\/\/dekastar.lt\/lv\/wp-json\/wp\/v2\/media\/13289"}],"wp:attachment":[{"href":"https:\/\/dekastar.lt\/lv\/wp-json\/wp\/v2\/media?parent=13290"}],"wp:term":[{"taxonomy":"pwb-brand","embeddable":true,"href":"https:\/\/dekastar.lt\/lv\/wp-json\/wp\/v2\/pwb-brand?post=13290"},{"taxonomy":"product_brand","embeddable":true,"href":"https:\/\/dekastar.lt\/lv\/wp-json\/wp\/v2\/product_brand?post=13290"},{"taxonomy":"product_cat","embeddable":true,"href":"https:\/\/dekastar.lt\/lv\/wp-json\/wp\/v2\/product_cat?post=13290"},{"taxonomy":"product_tag","embeddable":true,"href":"https:\/\/dekastar.lt\/lv\/wp-json\/wp\/v2\/product_tag?post=13290"}],"curies":[{"name":"wp","href":"https:\/\/api.w.org\/{rel}","templated":true}]}}