{"id":13307,"date":"2026-04-14T09:27:09","date_gmt":"2026-04-14T09:27:09","guid":{"rendered":"https:\/\/dekastar.lt\/produktas\/ortopediniai-masaziniai-kilimeliai-ortek-nautical-puzzle-8-moduliai\/"},"modified":"2026-04-19T08:07:56","modified_gmt":"2026-04-19T08:07:56","slug":"ortopediniai-masaziniai-kilimeliai-ortek-nautical-puzzle-8-moduliai","status":"publish","type":"product","link":"https:\/\/dekastar.lt\/lv\/products\/ortopediniai-masaziniai-kilimeliai-ortek-nautical-puzzle-8-moduliai\/","title":{"rendered":"Ortopedinis masa\u017einis kilim\u0117lis Ortek \u201eNautical Puzzle\u201c\u201c 8 elementai"},"content":{"rendered":"<p>Ortek masa\u017eo kilim\u0117lis turi dang\u0105, kuri\u0105 sudaro \u012fvair\u016bs reljefiniai d\u0117lion\u0117s elementai. Kilim\u0117lis tinka vaikams ir suaugusiems, sveikas plok\u0161\u010diap\u0117dyst\u0117ms, valgus ir varus. Masa\u017eo galvos\u016bkiai treniruoja ir masa\u017euoja p\u0117das, ma\u017eina diskomfort\u0105 ir nuovarg\u012f ilg\u0105 laik\u0105 vaik\u0161\u010diojant ar stovint.<br \/>\nOrtopedin\u0117s sensorin\u0117s strukt\u016bros kilim\u0117lis susideda i\u0161 8 galvos\u016bki\u0173. Formos ir spalvos gali skirtis nuo nurodyt\u0173 svetain\u0117je.<br \/>\nKod\u0117l jums reikia ortopedinio masa\u017eo kilim\u0117lio:<br \/>\nmasa\u017eams, treniruot\u0117ms ir p\u0117d\u0173 stiprinimui;<br \/>\nplok\u0161\u010diap\u0117dyst\u0117s ir kit\u0173 p\u0117d\u0173 deformacij\u0173 profilaktikai;<br \/>\njutiminio suvokimo ugdymui ir harmoningo m\u016bs\u0173 vaik\u0173 aplinkos suvokimo formavimui.<br \/>\nKilim\u0117liai puikiai tinka suma\u017einti nuovarg\u012f ilgalaikio statinio streso metu ir pad\u0117ti nuo p\u0117d\u0173 patinimo ir sunkumo jausmo. \u0160\u012f efekt\u0105 pasiekia \u012fvairios atramin\u0117s dalys &#8211; jos priver\u010dia raumenis dirbti ir mank\u0161tintis, stimuliuoja kraujotak\u0105 ir aktyviai veikia p\u0117dos refleksogenines zonas.<br \/>\nModulio dydis: 26&#215;26 cm.<\/p>\n<p>Med\u017eiaga: PVC (saugus, be kenksming\u0173 priemai\u0161\u0173, hipoalergi\u0161kas). Tai elastinga med\u017eiaga, kuri transportavimo ir sand\u0117liavimo metu gali \u0161iek tiek deformuotis. Kilim\u0117liai visi\u0161kai i\u0161laiko savo ger\u0105sias savybes ir funkcijas. Jie v\u0117l prisitaiko prie lygaus pavir\u0161iaus nuolat naudojant.<\/p>\n<p>Kontraindikacijos: Pa\u017eeidimai ar u\u017edegimin\u0117s odos ligos, traumos, diabetin\u0117s p\u0117dos sindromas.<\/p>\n<p>Prie\u017ei\u016bra: kilim\u0117l\u012f lengva naudoti ir lengva valyti po tekan\u010diu vandeniu. Jei reikia, j\u012f galima nuplauti plovikliais ir nat\u016braliai i\u0161d\u017eiovinti. Saugokite nuo \u0161ilumos \u0161altini\u0173 ir tiesiogini\u0173 saul\u0117s spinduli\u0173 poveikio. <\/p>\n<p>Mes pademonstravome vis\u0105 mank\u0161t\u0105 ant Ortek masa\u017eo kilim\u0117lio. Vaikas i\u0161d\u0117sto galvos\u016bkius, j\u016bs paleid\u017eiate vaizdo \u012fra\u0161\u0105 &#8211; vaikas tai daro! Tai daroma 3-5 kartus per savait\u0119. Jau po m\u0117nesio pasteb\u0117site treniruo\u010di\u0173 rezultatus. Raumenys sustipr\u0117s, o eisena bus saugesn\u0117.<\/p>\n<p>Pratim\u0173 serija:<br \/>\nVaik\u0161\u010diojimas pirmyn ir atgal ant kilim\u0117lio (7-9 pakartojimai).<br \/>\nPradin\u0117 pad\u0117tis yra stovint, tada pir\u0161tas auk\u0161tyn (7-9 pakartojimai).<br \/>\nPradin\u0117 pad\u0117tis yra stovimoje pad\u0117tyje, vytimas nuo kulno iki koj\u0173 pir\u0161t\u0173 (7-9 pakartojimai).<br \/>\nKry\u017eminis \u017eingsnis ant kilim\u0117lio (7-9 pakartojimai).<br \/>\nVaik\u0161\u010diojimas p\u0117dos vidine dalimi (7-9 pakartojimai).<br \/>\nVaik\u0161\u010diojimas p\u0117dos i\u0161or\u0117je (7-9 pakartojimai).<br \/>\nPir\u0161t\u0173 \u0117jimas (30-60 sekund\u017ei\u0173).<br \/>\nPradin\u0117 pad\u0117tis yra stovimoje pad\u0117tyje, prit\u016bpkite su atrama ant visos p\u0117dos, nenupl\u0117\u0161dami visos p\u0117dos nuo kilim\u0117lio (7-9 pakartojimai).<br \/>\nPradin\u0117 pad\u0117tis yra stovint, balansuojant ant vienos kojos (7-9 pakartojimai).<br \/>\n\u0160okin\u0117jimas nuo vieno galvos\u016bkio prie kito (7-9 pakartojimai).<br \/>\nPradin\u0117 pad\u0117tis yra stov\u0117jimas ant vienos kojos, \u0161okin\u0117jimas ant kitos kojos, pakaitomis (6-8 pakartojimai).<br \/>\nPradin\u0117 pad\u0117tis yra pusiau s\u0117dima, vaik\u0161\u010diokite ant kilim\u0117lio (6-8 pakartojimai)<\/p>","protected":false},"excerpt":{"rendered":"<p>Ortek masa\u017einiai kilim\u0117liai sudaryti i\u0161 \u012fvairi\u0173 tip\u0173 d\u0117lion\u0117s pavir\u0161i\u0173.<\/p>","protected":false},"featured_media":13306,"template":"","meta":{"_acf_changed":false},"pwb-brand":[],"product_brand":[],"product_cat":[255,264,261],"product_tag":[],"class_list":{"0":"post-13307","1":"product","2":"type-product","3":"status-publish","4":"has-post-thumbnail","6":"product_cat-namams","7":"product_cat-sensorines-ortopedines-priemones-vaiko-kambariui","8":"product_cat-vaiko-kambariui","10":"first","11":"instock","12":"shipping-taxable","13":"purchasable","14":"product-type-simple"},"supplier_id":null,"supplier_sku":"","barcode":null,"atum_controlled":true,"out_stock_date":null,"out_stock_threshold":null,"inheritable":false,"inbound_stock":null,"stock_on_hold":0,"sold_today":0,"sales_last_days":0,"reserved_stock":null,"customer_returns":null,"warehouse_damage":null,"lost_in_post":null,"other_logs":null,"out_stock_days":0,"lost_sales":0,"has_location":false,"update_date":"2026-04-19T08:07:59","atum_locations":[],"atum_stock_status":"instock","restock_status":false,"low_stock_amount":"","sales_update_date":"2026-04-18T00:36:59","calc_backorders":null,"acf":[],"brands":[],"_links":{"self":[{"href":"https:\/\/dekastar.lt\/lv\/wp-json\/wp\/v2\/product\/13307","targetHints":{"allow":["GET"]}}],"collection":[{"href":"https:\/\/dekastar.lt\/lv\/wp-json\/wp\/v2\/product"}],"about":[{"href":"https:\/\/dekastar.lt\/lv\/wp-json\/wp\/v2\/types\/product"}],"wp:featuredmedia":[{"embeddable":true,"href":"https:\/\/dekastar.lt\/lv\/wp-json\/wp\/v2\/media\/13306"}],"wp:attachment":[{"href":"https:\/\/dekastar.lt\/lv\/wp-json\/wp\/v2\/media?parent=13307"}],"wp:term":[{"taxonomy":"pwb-brand","embeddable":true,"href":"https:\/\/dekastar.lt\/lv\/wp-json\/wp\/v2\/pwb-brand?post=13307"},{"taxonomy":"product_brand","embeddable":true,"href":"https:\/\/dekastar.lt\/lv\/wp-json\/wp\/v2\/product_brand?post=13307"},{"taxonomy":"product_cat","embeddable":true,"href":"https:\/\/dekastar.lt\/lv\/wp-json\/wp\/v2\/product_cat?post=13307"},{"taxonomy":"product_tag","embeddable":true,"href":"https:\/\/dekastar.lt\/lv\/wp-json\/wp\/v2\/product_tag?post=13307"}],"curies":[{"name":"wp","href":"https:\/\/api.w.org\/{rel}","templated":true}]}}