{"id":13361,"date":"2026-04-14T09:27:44","date_gmt":"2026-04-14T09:27:44","guid":{"rendered":"https:\/\/dekastar.lt\/produktas\/masazinis-kilimelis-puzzle-mix-bosu-1-preke-1040\/"},"modified":"2026-04-19T08:07:55","modified_gmt":"2026-04-19T08:07:55","slug":"masazinis-kilimelis-puzzle-mix-bosu-1-preke-1040","status":"publish","type":"product","link":"https:\/\/dekastar.lt\/lv\/products\/masazinis-kilimelis-puzzle-mix-bosu-1-preke-1040\/","title":{"rendered":"Masa\u017einis kilim\u0117lis \u201ePuzzle Mix BOSU\u201c 1 elementas (1040)"},"content":{"rendered":"<p>Masa\u017eo kilim\u0117lis susideda i\u0161 vieno elemento. Dydis: 26 x 26 cm. \u0160is elementas, intensyviai veikiantis p\u0117das,<\/p>\n<p>sujungia masa\u017e\u0105 ir balansuojan\u010dio pusrutulio poveik\u012f.<\/p>\n<p>Elementai yra \u012fvairi\u0173 form\u0173 ir spalv\u0173: grybai, e\u017eiukai, \u017eol\u0117, akmenukai, j\u016bra, smaigaliai, piramid\u0117s, kriaukl\u0117s, bok\u0161tai, gil\u0117s, lotoso \u017eiedai.<\/p>\n<p>Med\u017eiaga: PVC (saugus, be kenksming\u0173 priemai\u0161\u0173, hipoalergi\u0161kas<\/p>\n<p>K\u0105 gali padaryti masa\u017eo kilim\u0117lis:<br \/>\nskatina tinkam\u0105 vaiko p\u0117dos vystym\u0105si;<br \/>\ngerina raumen\u0173 tonus\u0105 ir stiprina i\u0161ilgines ir skersines p\u0117dos arkas;<br \/>\naktyviai veikia kraujotakos gerinim\u0105;<br \/>\nma\u017eina \u012ftamp\u0105 kojose, veikdamas nerv\u0173 gal\u016bnes;<br \/>\nskatina pusiausvyros ir koordinacijos vystym\u0105si.<br \/>\nTaikymas:<br \/>\nplok\u0161\u010diap\u0117dyst\u0117s, klubini\u0173 p\u0117d\u0173, valgus ir kit\u0173 deformacij\u0173 prevencija;<br \/>\nven\u0173 varikoz\u0117s, osteoartrito ir artrito prevencija;<br \/>\nPalengv\u0117jimas pavargusioms kojoms.<\/p>\n<p>Pratim\u0173 kompleksas:<br \/>\nVaik\u0161\u010diokite pirmyn ir atgal ant kilim\u0117lio (30\u201340 sekund\u017ei\u0173).<br \/>\nPradin\u0117 pad\u0117tis: Stov\u0117jimas \u2013 pak\u0117limas ant pir\u0161t\u0173 galiuk\u0173 (7\u20139 pakartojimai).<br \/>\nPad\u0117tis: Stovint \u2013 ried\u0117kite nuo kulno iki priekin\u0117s p\u0117dos (30-40 sekund\u017ei\u0173).<br \/>\nVaik\u0161\u010diojimas ant kilim\u0117lio kry\u017eminiais \u017eingsniais (30\u201340 sekund\u017ei\u0173).<br \/>\nVaik\u0161\u010diojimas p\u0117d\u0173 vidin\u0117je pus\u0117je (30\u201340 sekund\u017ei\u0173).<br \/>\nVaik\u0161\u010diojimas p\u0117d\u0173 i\u0161or\u0117je (30\u201340 sekund\u017ei\u0173).<br \/>\nVaik\u0161\u010diojimas ant pir\u0161t\u0173 galiuk\u0173 (30\u201360 sekund\u017ei\u0173).<br \/>\nPrit\u016bpimai su svoriu ant visos p\u0117dos, nepakeliant kuln\u0173 nuo kilim\u0117lio (7-9 pakartojimai).<br \/>\nStovint: pirmiausia i\u0161laikykite pusiausvyr\u0105 ant vienos kojos, paskui ant kitos (20-30 sekund\u017ei\u0173).<br \/>\n\u0160okin\u0117ja i\u0161 vieno elemento \u012f kit\u0105 (7\u20139 pakartojimai).<br \/>\n\u0160okin\u0117ja ant vienos kojos, paskui ant kitos (6\u20138 pakartojimai).<br \/>\nPus\u0117 prit\u016bpim\u0173: vaik\u0161\u010diojimas ant kilim\u0117lio (20\u201330 sekund\u017ei\u0173).<br \/>\nTai pilna treniruot\u0117 ant Ortek masa\u017eo kilim\u0117lio.<br \/>\nVaikas i\u0161d\u0117sto d\u0117lion\u0117s elementus, j\u016bs \u012fjungiate vaizdo \u012fra\u0161\u0105 \u2013 ir vaikas treniruojasi savaranki\u0161kai!<\/p>\n<p>Rekomenduojama treniruotis 3-5 kartus per savait\u0119. Jau po m\u0117nesio galima pamatyti pirmuosius rezultatus: raumenys gali sustipr\u0117ti, o eisena gali tapti saugesn\u0117.<\/p>\n<p>Kontraindikacijos:<br \/>\nOdos su\u017ealojimai ant p\u0117dos pado<br \/>\nDiabetin\u0117s p\u0117dos sindromas<br \/>\nTrofiniai p\u0117dos poky\u010diai, \u012fskaitant trofines opas<br \/>\nKulk\u0161nies nestabilumas, p\u016blingos ir u\u017edegimin\u0117s odos ligos<br \/>\nMasa\u017eo kilim\u0117lis pagamintas i\u0161 higieni\u0161kos, hipoalergin\u0117s PVC pagrindu pagamintos med\u017eiagos.<\/p>\n<p>Taip pat galima \u012fsigyti kilim\u0117li\u0173 su 4, 6, 8, 10, 14, 16 ir 18 element\u0173.<\/p>","protected":false},"excerpt":{"rendered":"<p>Masa\u017eo kilim\u0117lis susideda i\u0161 vieno elemento. Dydis: 26 x 26 cm. \u0160is elementas, intensyviai veikiantis p\u0117das, sujungia masa\u017e\u0105 ir balansuojan\u010dio pusrutulio poveik\u012f. Elementai yra \u012fvairi\u0173 form\u0173 ir spalv\u0173: grybai, e\u017eiukai, \u017eol\u0117, akmenukai, j\u016bra, smaigaliai, piramid\u0117s, kriaukl\u0117s, bok\u0161tai, gil\u0117s, lotoso \u017eiedai. Med\u017eiaga: PVC (saugus, be kenksming\u0173 priemai\u0161\u0173, hipoalergi\u0161kas K\u0105 gali padaryti masa\u017eo kilim\u0117lis: skatina tinkam\u0105 vaiko [&hellip;]<\/p>\n","protected":false},"featured_media":13360,"template":"","meta":{"_acf_changed":false},"pwb-brand":[],"product_brand":[],"product_cat":[261,255,264],"product_tag":[],"class_list":{"0":"post-13361","1":"product","2":"type-product","3":"status-publish","4":"has-post-thumbnail","6":"product_cat-vaiko-kambariui","7":"product_cat-namams","8":"product_cat-sensorines-ortopedines-priemones-vaiko-kambariui","10":"first","11":"instock","12":"shipping-taxable","13":"purchasable","14":"product-type-simple"},"supplier_id":null,"supplier_sku":"","barcode":null,"atum_controlled":true,"out_stock_date":null,"out_stock_threshold":null,"inheritable":false,"inbound_stock":null,"stock_on_hold":0,"sold_today":0,"sales_last_days":0,"reserved_stock":null,"customer_returns":null,"warehouse_damage":null,"lost_in_post":null,"other_logs":null,"out_stock_days":0,"lost_sales":0,"has_location":false,"update_date":"2026-04-28T03:13:25","atum_locations":[],"atum_stock_status":"instock","restock_status":false,"low_stock_amount":"","sales_update_date":"2026-04-28T03:13:25","calc_backorders":null,"acf":[],"brands":[],"_links":{"self":[{"href":"https:\/\/dekastar.lt\/lv\/wp-json\/wp\/v2\/product\/13361","targetHints":{"allow":["GET"]}}],"collection":[{"href":"https:\/\/dekastar.lt\/lv\/wp-json\/wp\/v2\/product"}],"about":[{"href":"https:\/\/dekastar.lt\/lv\/wp-json\/wp\/v2\/types\/product"}],"wp:featuredmedia":[{"embeddable":true,"href":"https:\/\/dekastar.lt\/lv\/wp-json\/wp\/v2\/media\/13360"}],"wp:attachment":[{"href":"https:\/\/dekastar.lt\/lv\/wp-json\/wp\/v2\/media?parent=13361"}],"wp:term":[{"taxonomy":"pwb-brand","embeddable":true,"href":"https:\/\/dekastar.lt\/lv\/wp-json\/wp\/v2\/pwb-brand?post=13361"},{"taxonomy":"product_brand","embeddable":true,"href":"https:\/\/dekastar.lt\/lv\/wp-json\/wp\/v2\/product_brand?post=13361"},{"taxonomy":"product_cat","embeddable":true,"href":"https:\/\/dekastar.lt\/lv\/wp-json\/wp\/v2\/product_cat?post=13361"},{"taxonomy":"product_tag","embeddable":true,"href":"https:\/\/dekastar.lt\/lv\/wp-json\/wp\/v2\/product_tag?post=13361"}],"curies":[{"name":"wp","href":"https:\/\/api.w.org\/{rel}","templated":true}]}}