{"id":13368,"date":"2026-04-14T09:27:52","date_gmt":"2026-04-14T09:27:52","guid":{"rendered":"https:\/\/dekastar.lt\/produktas\/masazinis-kilimelis-ortek-mix-puzzle-6-dalys-6-moduliu-rinkiniai-rastai\/"},"modified":"2026-04-19T08:07:55","modified_gmt":"2026-04-19T08:07:55","slug":"masazinis-kilimelis-ortek-mix-puzzle-6-dalys-6-moduliu-rinkiniai-rastai","status":"publish","type":"product","link":"https:\/\/dekastar.lt\/lv\/products\/masazinis-kilimelis-ortek-mix-puzzle-6-dalys-6-moduliu-rinkiniai-rastai\/","title":{"rendered":"Masa\u017eo kilim\u0117lis &#8220;Ortek Mix Puzzles&#8221; (6 elementai + 6 moduli\u0173 rinkiniai &#8220;Pattern&#8221;)"},"content":{"rendered":"<p>P\u0117d\u0173 masa\u017eas ir treniruot\u0117s, smulkiosios motorikos lavinimas ir \u017eaidimas viename gaminyje. \u0160is rinkinys yra naudinga ir \u012fdomi dovana.<\/p>\n<p>Masa\u017eo kilim\u0117lis susideda i\u0161 6 galvos\u016bki\u0173 &#8220;kori\u0173&#8221; ir 72 moduli\u0173, pritvirtint\u0173 prie d\u0117lion\u0117s karkaso. Pagaminta i\u0161 higieni\u0161kos, hipoalergin\u0117s PVC med\u017eiagos.<\/p>\n<p>12 skirting\u0173 ra\u0161t\u0173 turi skirtingus pavir\u0161ius, o tai gerai lavina lyt\u0117jimo poj\u016bt\u012f ir sukuria skirtingus masa\u017eo efektus. Detal\u0117s pritvirtintos tiek prie i\u0161siki\u0161usi\u0173 d\u0117lion\u0117s &#8220;stulp\u0173&#8221;, tiek tarp j\u0173. Vaikas gali ant d\u0117lion\u0117s sud\u0117ti spalvingus ra\u0161tus arba r\u016b\u0161iuoti juos pagal spalv\u0105, sud\u0117lioti bet kokia tvarka arba pabandyti sud\u0117lioti fig\u016br\u0105 kaip mozaik\u0105. Gabalai gerai laikosi, tod\u0117l masa\u017euodami kojas galite laisvai vaik\u0161\u010dioti ant j\u0173.<\/p>\n<p>D\u0117lion\u0117s dydis: 26 \u00d7 26 cm.<\/p>\n<p>Modulio\/detal\u0117s skersmuo: 5 cm.<\/p>\n<p>K\u0105 gali padaryti masa\u017eo kilim\u0117lis su jutikli\u0173 moduliais:<br \/>\nskatina tinkam\u0105 vaiko p\u0117dos vystym\u0105si;<br \/>\ngerina raumen\u0173 tonus\u0105 ir stiprina i\u0161ilgines ir skersines p\u0117dos arkas;<br \/>\nlavina smulki\u0105j\u0105 motorik\u0105 ir jutiminius poj\u016b\u010dius;<br \/>\nJis treniruoja pusiausvyr\u0105 ir koordinacij\u0105.<br \/>\nTaikymas:<br \/>\nplok\u0161\u010diap\u0117dyst\u0117s, klubini\u0173 p\u0117d\u0173, valgus deformacij\u0173 ir kit\u0173 neatitikim\u0173 prevencija;<br \/>\nSensorinis vystymasis, smulkiosios motorikos tobulinimas;<br \/>\nPalengv\u0117jimas pavargusioms kojoms.<br \/>\nPratim\u0173 programa:<br \/>\nVaik\u0161\u010diokite pirmyn-atgal kilimu (30\u201340 sekund\u017ei\u0173).<br \/>\nPradin\u0117 pad\u0117tis \u2013 atsistokite ant pir\u0161t\u0173 galiuk\u0173 (7\u20139 kartus).<br \/>\nStov\u0117dami ried\u0117kite nuo kulno iki pir\u0161t\u0173 galiuk\u0173 (30-40 sekund\u017ei\u0173).<br \/>\nVaik\u0161\u010diokite kry\u017eminiais \u017eingsniais ant kilim\u0117lio (30-40 sekund\u017ei\u0173).<br \/>\nVaik\u0161\u010diokite p\u0117dos vidine dalimi (30-40 sekund\u017ei\u0173).<br \/>\nVaik\u0161\u010diokite p\u0117dos i\u0161or\u0117je (30-40 sekund\u017ei\u0173).<br \/>\nVaik\u0161\u010diojimas ant pir\u0161t\u0173 galiuk\u0173 (30-60 sekund\u017ei\u0173).<br \/>\nPrit\u016bpimai visa p\u0117da, nepakeldami kuln\u0173 nuo kilimo (7-9 kartus).<br \/>\nStov\u0117dami i\u0161laikykite pusiausvyr\u0105 ant vienos kojos, tada ant kitos (20-30 sekund\u017ei\u0173).<br \/>\nPereikite nuo elemento prie elemento (7-9 kartus).<br \/>\n\u0160okin\u0117jimas ant vienos, tada ant kitos kojos (6-8 kartus).<br \/>\nPusiau s\u0117dima pad\u0117tis, vaik\u0161\u010diojimas ant kilim\u0117lio (20-30 sekund\u017ei\u0173).<br \/>\n\u010cia yra visas pratimas ant masa\u017eo kilim\u0117lio Ortek. Vaikas deda galvos\u016bkius, j\u016bs \u012fjungiate vaizdo \u012fra\u0161\u0105 \u2013 ir jis u\u017eimtas!<\/p>\n<p>Rekomenduojama mank\u0161tintis 3\u20135 kartus per savait\u0119. Po m\u0117nesio galite pamatyti savo vaiko treniruo\u010di\u0173 rezultatus: raumenys sustipr\u0117ja, eisena tampa saugesn\u0117.<\/p>\n<p>Visi galvos\u016bkiai pagaminti i\u0161 vienos med\u017eiagos \u2013 saugaus, hipoalerginio PVC be kenksming\u0173 ter\u0161al\u0173.<\/p>\n<p>Kontraindikacijos:<br \/>\nAtviros \u017eaizdos ar u\u017edegimas ant p\u0117d\u0173 odos;<br \/>\nDiabetin\u0117s p\u0117dos sindromas.<br \/>\nTaip pat galima \u012fsigyti kilim\u0117l\u012f su 4 elementais ir 48 moduliais.<br \/>\n\u012eranga ir spalv\u0173 palet\u0117 gali skirtis nuo pateikt\u0173 svetain\u0117je.<\/p>","protected":false},"excerpt":{"rendered":"<p>P\u0117d\u0173 masa\u017eas ir treniruot\u0117s, smulkiosios motorikos lavinimas ir \u017eaidimas viename gaminyje. \u0160is rinkinys yra naudinga ir \u012fdomi dovana. Masa\u017eo kilim\u0117lis susideda i\u0161 6 galvos\u016bki\u0173 &#8220;kori\u0173&#8221; ir 72 moduli\u0173, pritvirtint\u0173 prie d\u0117lion\u0117s karkaso. Pagaminta i\u0161 higieni\u0161kos, hipoalergin\u0117s PVC med\u017eiagos. 12 skirting\u0173 ra\u0161t\u0173 turi skirtingus pavir\u0161ius, o tai gerai lavina lyt\u0117jimo poj\u016bt\u012f ir sukuria skirtingus masa\u017eo efektus. [&hellip;]<\/p>\n","protected":false},"featured_media":13367,"template":"","meta":{"_acf_changed":false},"pwb-brand":[],"product_brand":[],"product_cat":[255,264,261],"product_tag":[],"class_list":{"0":"post-13368","1":"product","2":"type-product","3":"status-publish","4":"has-post-thumbnail","6":"product_cat-namams","7":"product_cat-sensorines-ortopedines-priemones-vaiko-kambariui","8":"product_cat-vaiko-kambariui","10":"first","11":"instock","12":"shipping-taxable","13":"purchasable","14":"product-type-simple"},"supplier_id":null,"supplier_sku":"","barcode":null,"atum_controlled":true,"out_stock_date":null,"out_stock_threshold":null,"inheritable":false,"inbound_stock":null,"stock_on_hold":0,"sold_today":0,"sales_last_days":0,"reserved_stock":null,"customer_returns":null,"warehouse_damage":null,"lost_in_post":null,"other_logs":null,"out_stock_days":0,"lost_sales":0,"has_location":false,"update_date":"2026-04-28T03:13:26","atum_locations":[],"atum_stock_status":"instock","restock_status":false,"low_stock_amount":"","sales_update_date":"2026-04-28T03:13:26","calc_backorders":null,"acf":[],"brands":[],"_links":{"self":[{"href":"https:\/\/dekastar.lt\/lv\/wp-json\/wp\/v2\/product\/13368","targetHints":{"allow":["GET"]}}],"collection":[{"href":"https:\/\/dekastar.lt\/lv\/wp-json\/wp\/v2\/product"}],"about":[{"href":"https:\/\/dekastar.lt\/lv\/wp-json\/wp\/v2\/types\/product"}],"wp:featuredmedia":[{"embeddable":true,"href":"https:\/\/dekastar.lt\/lv\/wp-json\/wp\/v2\/media\/13367"}],"wp:attachment":[{"href":"https:\/\/dekastar.lt\/lv\/wp-json\/wp\/v2\/media?parent=13368"}],"wp:term":[{"taxonomy":"pwb-brand","embeddable":true,"href":"https:\/\/dekastar.lt\/lv\/wp-json\/wp\/v2\/pwb-brand?post=13368"},{"taxonomy":"product_brand","embeddable":true,"href":"https:\/\/dekastar.lt\/lv\/wp-json\/wp\/v2\/product_brand?post=13368"},{"taxonomy":"product_cat","embeddable":true,"href":"https:\/\/dekastar.lt\/lv\/wp-json\/wp\/v2\/product_cat?post=13368"},{"taxonomy":"product_tag","embeddable":true,"href":"https:\/\/dekastar.lt\/lv\/wp-json\/wp\/v2\/product_tag?post=13368"}],"curies":[{"name":"wp","href":"https:\/\/api.w.org\/{rel}","templated":true}]}}