{"id":13418,"date":"2026-04-14T09:28:25","date_gmt":"2026-04-14T09:28:25","guid":{"rendered":"https:\/\/dekastar.lt\/produktas\/masazinis-kilimelis-ortek-mix-puzzle-8-dalys-8-sektoriai-pastel\/"},"modified":"2026-04-19T08:06:41","modified_gmt":"2026-04-19T08:06:41","slug":"masazinis-kilimelis-ortek-mix-puzzle-8-dalys-8-sektoriai-pastel","status":"publish","type":"product","link":"https:\/\/dekastar.lt\/lv\/products\/masazinis-kilimelis-ortek-mix-puzzle-8-dalys-8-sektoriai-pastel\/","title":{"rendered":"Ortopedinis sensorinis kilim\u0117lis Ortek Mix Puzzle (8 dalys + 8 sektoriai) PASTELINIS"},"content":{"rendered":"<p>Masa\u017eo kilim\u0117lis susideda i\u0161 8 kvadratini\u0173 ir 8 trikampi\u0173 dali\u0173. Kvadratinio modulio matmenys: 26*26 cm, trikampio: 23*19 cm.<br \/>\nSubtilios pastelin\u0117s spalvos dera prie interjero, kilim\u0117lis atrodo skoningai ir eleganti\u0161kai.<\/p>\n<p>K\u0105 gali padaryti masa\u017eo kilim\u0117lis:<br \/>\npalaiko sveik\u0105 vaik\u0173 p\u0117d\u0173 vystym\u0105si;<br \/>\ngerina raumen\u0173 tonus\u0105, stiprina i\u0161ilgines ir skersines p\u0117dos arkas;<br \/>\nteigiamai veikia kraujotak\u0105;<br \/>\nma\u017eina \u012ftamp\u0105 kojose, stimuliuodamas nerv\u0173 gal\u016bnes.<br \/>\nBesisukan\u010di\u0173 trikampi\u0173 dali\u0173 rinkiniai leid\u017eia nutiesti banguotus takus, apskritimus, ra\u0161tus ir sankry\u017eas. Tai leid\u017eia planuoti mar\u0161rutus aplink baldus, kambari\u0173 kampus, sutaupyti vietos ir, svarbiausia, skatinti vaik\u0173 vaizduot\u0119 ir susidom\u0117jim\u0105 jud\u0117jimu ant kilim\u0117lio.<\/p>\n<p>Taikymas:<br \/>\nplok\u0161\u010diap\u0117dyst\u0117s, splayfoot, valgus ir kit\u0173 deformacij\u0173 prevencija;<br \/>\nven\u0173 varikoz\u0117s, osteoartrito ir artrito prevencija;<br \/>\nPalengv\u0117jimas nuo koj\u0173 nuovargio.<br \/>\nPratim\u0173 programa:<br \/>\nVaik\u0161\u010diojimas pirmyn ir atgal ant kilim\u0117lio (30-40 sekund\u017ei\u0173).<br \/>\nPradin\u0117 pad\u0117tis \u2013 stovint, pir\u0161t\u0173 pak\u0117limas (7\u20139 kartus).<br \/>\nStov\u0117dami perkelkite svor\u012f nuo kulno iki koj\u0173 pir\u0161t\u0173 (30\u201340 sekund\u017ei\u0173).<br \/>\nKry\u017eminis \u017eingsnis ant kilim\u0117lio (30\u201340 sekund\u017ei\u0173).<br \/>\nP\u0117s\u010di\u0173j\u0173 atstumas vidiniu p\u0117d\u0173 kra\u0161tu (30-40 sekund\u017ei\u0173).<br \/>\nP\u0117s\u010di\u0173j\u0173 atstumas ant i\u0161orinio p\u0117d\u0173 kra\u0161to (30-40 sekund\u017ei\u0173).<br \/>\nP\u0117s\u010di\u0173j\u0173 atstumas ant pir\u0161t\u0173 galiuk\u0173 (30\u201360 sekund\u017ei\u0173).<br \/>\nPrit\u016bpimai su pilna koj\u0173 atrama, nepakeliant kuln\u0173 nuo kilim\u0117lio (7-9 kartus).<br \/>\nPirmiausia i\u0161laikykite pusiausvyr\u0105 ant vienos kojos, paskui ant kitos (20-30 sekund\u017ei\u0173).<br \/>\n\u0160okin\u0117ja i\u0161 vienos dalies \u012f kit\u0105 (7-9 kartus).<br \/>\nPirmiausia \u0161okin\u0117ja ant vienos kojos, paskui ant kitos (6\u20138 kartus).<br \/>\nVaik\u0161\u010diojimas prit\u016bpusioje pad\u0117tyje ant kilim\u0117lio (20\u201330 sekund\u017ei\u0173).<br \/>\n\u010cia yra visa pratim\u0173 programa ant Ortek masa\u017eo kilim\u0117lio. Vaikas paruo\u0161ia kilim\u0117l\u012f, j\u016bs paleid\u017eiate vaizdo \u012fra\u0161\u0105, o vaikas atlieka pratimus.<br \/>\nRekomenduojama mank\u0161tintis 3\u20135 kartus per savait\u0119. Po m\u0117nesio reguliari\u0173 treniruo\u010di\u0173 matomi pirmieji rezultatai. Tik\u0117tina, kad vaiko raumenys sustipr\u0117s, o vaik\u0161\u010diojimas bus saugesnis.<br \/>\nVisos dalys pagamintos i\u0161 higieni\u0161kos, hipoalergin\u0117s PVC med\u017eiagos. D\u0117l skirting\u0173 tekst\u016br\u0173 kiekvienas i\u0161 j\u0173 turi skirting\u0105 poveik\u012f. \u017dol\u0117, kriaukl\u0117s, akmenukai ir grybai yra vienos mink\u0161tesni\u0173 dali\u0173. Bok\u0161tai, e\u017eiukai, j\u016bros b\u016btyb\u0117s ir gil\u0117s yra vidutinio kietumo. Piramid\u0117, vir\u0161\u016bn\u0117s, lotosas ir k\u016bgiai yra vienos i\u0161 kietesni\u0173 dali\u0173. Skirtingo kietumo pavir\u0161i\u0173 poveikis geriausiai tinka masa\u017eui, p\u0117d\u0173 stiprinimui ir sensorin\u0117s integracijos vystymuisi.<\/p>\n<p>Kontraindikacijos:<br \/>\natviros \u017eaizdos ar u\u017edegiminiai procesai ant p\u0117d\u0173 odos,<br \/>\ndiabetin\u0117s p\u0117dos sindromas.<br \/>\nTaip pat si\u016blomi kilim\u0117liai su 4, 6, 8 ir 10 vienet\u0173.<br \/>\nSpalv\u0173 schema gali skirtis nuo nurodytos svetain\u0117je.<\/p>","protected":false},"excerpt":{"rendered":"<p>Masa\u017eo kilim\u0117lis susideda i\u0161 8 kvadratini\u0173 ir 8 trikampi\u0173 dali\u0173. Kvadratinio modulio matmenys: 26*26 cm, trikampio: 23*19 cm. Subtilios pastelin\u0117s spalvos dera prie interjero, kilim\u0117lis atrodo skoningai ir eleganti\u0161kai. K\u0105 gali padaryti masa\u017eo kilim\u0117lis: palaiko sveik\u0105 vaik\u0173 p\u0117d\u0173 vystym\u0105si; gerina raumen\u0173 tonus\u0105, stiprina i\u0161ilgines ir skersines p\u0117dos arkas; teigiamai veikia kraujotak\u0105; ma\u017eina \u012ftamp\u0105 kojose, stimuliuodamas [&hellip;]<\/p>\n","protected":false},"featured_media":13417,"template":"","meta":{"_acf_changed":false},"pwb-brand":[],"product_brand":[],"product_cat":[261,255,264],"product_tag":[],"class_list":{"0":"post-13418","1":"product","2":"type-product","3":"status-publish","4":"has-post-thumbnail","6":"product_cat-vaiko-kambariui","7":"product_cat-namams","8":"product_cat-sensorines-ortopedines-priemones-vaiko-kambariui","10":"first","11":"instock","12":"shipping-taxable","13":"purchasable","14":"product-type-simple"},"supplier_id":null,"supplier_sku":"","barcode":null,"atum_controlled":true,"out_stock_date":null,"out_stock_threshold":null,"inheritable":false,"inbound_stock":null,"stock_on_hold":0,"sold_today":0,"sales_last_days":0,"reserved_stock":null,"customer_returns":null,"warehouse_damage":null,"lost_in_post":null,"other_logs":null,"out_stock_days":0,"lost_sales":0,"has_location":false,"update_date":"2026-04-23T00:38:39","atum_locations":[],"atum_stock_status":"instock","restock_status":false,"low_stock_amount":"","sales_update_date":"2026-04-23T00:38:39","calc_backorders":null,"acf":[],"brands":[],"_links":{"self":[{"href":"https:\/\/dekastar.lt\/lv\/wp-json\/wp\/v2\/product\/13418","targetHints":{"allow":["GET"]}}],"collection":[{"href":"https:\/\/dekastar.lt\/lv\/wp-json\/wp\/v2\/product"}],"about":[{"href":"https:\/\/dekastar.lt\/lv\/wp-json\/wp\/v2\/types\/product"}],"wp:featuredmedia":[{"embeddable":true,"href":"https:\/\/dekastar.lt\/lv\/wp-json\/wp\/v2\/media\/13417"}],"wp:attachment":[{"href":"https:\/\/dekastar.lt\/lv\/wp-json\/wp\/v2\/media?parent=13418"}],"wp:term":[{"taxonomy":"pwb-brand","embeddable":true,"href":"https:\/\/dekastar.lt\/lv\/wp-json\/wp\/v2\/pwb-brand?post=13418"},{"taxonomy":"product_brand","embeddable":true,"href":"https:\/\/dekastar.lt\/lv\/wp-json\/wp\/v2\/product_brand?post=13418"},{"taxonomy":"product_cat","embeddable":true,"href":"https:\/\/dekastar.lt\/lv\/wp-json\/wp\/v2\/product_cat?post=13418"},{"taxonomy":"product_tag","embeddable":true,"href":"https:\/\/dekastar.lt\/lv\/wp-json\/wp\/v2\/product_tag?post=13418"}],"curies":[{"name":"wp","href":"https:\/\/api.w.org\/{rel}","templated":true}]}}