{"id":13428,"date":"2026-04-14T09:28:30","date_gmt":"2026-04-14T09:28:30","guid":{"rendered":"https:\/\/dekastar.lt\/produktas\/masazinis-ortopedinis-kilimelis-puzzle-mix-korys-1-modulis\/"},"modified":"2026-04-19T08:06:41","modified_gmt":"2026-04-19T08:06:41","slug":"masazinis-ortopedinis-kilimelis-puzzle-mix-korys-1-modulis","status":"publish","type":"product","link":"https:\/\/dekastar.lt\/lv\/products\/masazinis-ortopedinis-kilimelis-puzzle-mix-korys-1-modulis\/","title":{"rendered":"Masa\u017einis ortopedinis kilim\u0117lis \u201ePuzzle Mix\u201c\u201c KORYS 1 elementas"},"content":{"rendered":"<p>Kilim\u0117lis susideda i\u0161 1 elemento. Pagaminta i\u0161 ekologi\u0161kos ir odai nekenksmingos med\u017eiagos, kuri efektyviai sugeria sm\u016bgio apkrovas. \u012evairi\u0173 form\u0173 masa\u017eo elementai idealiai tinka p\u0117d\u0173 raumenims treniruoti.<\/p>\n<p>Galimos \u012fvairi\u0173 form\u0173 ir spalv\u0173: e\u017eiukai, kankor\u0117\u017eiai, er\u0161k\u0117\u010diai, grybai, \u017eol\u0117<\/p>\n<p>D\u0117lion\u0117s detali\u0173 dydis: 26*26 cm.<\/p>\n<p>K\u0105 gali padaryti ortopedinis konstrukcinis kilim\u0117lis:<br \/>\nteisingas fiziologinio p\u0117dos lanko formavimas vaikams;<br \/>\np\u0117d\u0173 raumen\u0173 tonuso normalizavimas;<br \/>\naktyvi \u012ftaka p\u0117d\u0173 atspindin\u010dioms zonoms;<br \/>\nP\u0117d\u0173 elastingumo gerinimas ir p\u0117d\u0173 raumen\u0173 stiprinimas;<br \/>\nKraujotakos skatinimas ir apatini\u0173 gal\u016bni\u0173 med\u017eiag\u0173 apykaitos gerinimas;<br \/>\nRaumen\u0173 ir kaul\u0173 sistemos funkcin\u0117s b\u016bkl\u0117s gerinimas.<br \/>\nVartojimo indikacijos:<br \/>\nI\u0161ilgini\u0173, skersini\u0173 ir kombinuot\u0173 plok\u0161\u010diap\u0117dyst\u0117s profilaktika ir gydymas;<br \/>\nedema, sunkumas kojose, l\u0117tinis apatini\u0173 gal\u016bni\u0173 ven\u0173 nepakankamumas;<br \/>\nvisapusi\u0161kas apatini\u0173 gal\u016bni\u0173 s\u0105nari\u0173 traum\u0173 ir lig\u0173 pasekmi\u0173 gydymas;<br \/>\nApatini\u0173 gal\u016bni\u0173 lig\u0173 profilaktika esant ilgalaikei statinei apkrovai.<br \/>\nTehnisk\u0101s apkopes nor\u0101d\u012bjumi:<br \/>\nProdukt\u0105 galima dezinfekuoti skystu plovikliu. Po apdorojimo i\u0161d\u017eiovinkite produkt\u0105 ir saugokite j\u012f nuo \u0161ilumos \u0161altini\u0173 ir saul\u0117s spinduli\u0173. Nenaudokite abrazyvini\u0173 valikli\u0173.<\/p>\n<p>Kontraindikacijos:<br \/>\nP\u0117dos pavir\u0161iaus odos su\u017ealojimai<br \/>\nDiabetin\u0117s p\u0117dos sindromas<br \/>\ntrofiniai p\u0117dos poky\u010diai, \u012fskaitant trofines opas<br \/>\nKulk\u0161nies s\u0105nario nestabilumas, p\u016blingos ir u\u017edegimin\u0117s odos ligos.<br \/>\nOrtopedinis masa\u017eo kilim\u0117lis pagamintas i\u0161 higieni\u0161kos, odai nekenksmingos PVC med\u017eiagos.<\/p>\n<p>Kilim\u0117l\u012f taip pat galima \u012fsigyti su 4, 6 ir 8 elementais.<\/p>","protected":false},"excerpt":{"rendered":"<p>Ortek masa\u017einiai kilim\u0117liai sudaryti i\u0161 \u012fvairi\u0173 tip\u0173 d\u0117lioni\u0173 pavir\u0161i\u0173.<\/p>","protected":false},"featured_media":13427,"template":"","meta":{"_acf_changed":false},"pwb-brand":[],"product_brand":[],"product_cat":[255,264,261],"product_tag":[],"class_list":{"0":"post-13428","1":"product","2":"type-product","3":"status-publish","4":"has-post-thumbnail","6":"product_cat-namams","7":"product_cat-sensorines-ortopedines-priemones-vaiko-kambariui","8":"product_cat-vaiko-kambariui","10":"first","11":"instock","12":"shipping-taxable","13":"purchasable","14":"product-type-simple"},"supplier_id":null,"supplier_sku":"","barcode":null,"atum_controlled":true,"out_stock_date":null,"out_stock_threshold":null,"inheritable":false,"inbound_stock":null,"stock_on_hold":0,"sold_today":0,"sales_last_days":0,"reserved_stock":null,"customer_returns":null,"warehouse_damage":null,"lost_in_post":null,"other_logs":null,"out_stock_days":0,"lost_sales":0,"has_location":false,"update_date":"2026-04-28T03:13:25","atum_locations":[],"atum_stock_status":"instock","restock_status":false,"low_stock_amount":"","sales_update_date":"2026-04-28T03:13:25","calc_backorders":null,"acf":[],"brands":[],"_links":{"self":[{"href":"https:\/\/dekastar.lt\/lv\/wp-json\/wp\/v2\/product\/13428","targetHints":{"allow":["GET"]}}],"collection":[{"href":"https:\/\/dekastar.lt\/lv\/wp-json\/wp\/v2\/product"}],"about":[{"href":"https:\/\/dekastar.lt\/lv\/wp-json\/wp\/v2\/types\/product"}],"wp:featuredmedia":[{"embeddable":true,"href":"https:\/\/dekastar.lt\/lv\/wp-json\/wp\/v2\/media\/13427"}],"wp:attachment":[{"href":"https:\/\/dekastar.lt\/lv\/wp-json\/wp\/v2\/media?parent=13428"}],"wp:term":[{"taxonomy":"pwb-brand","embeddable":true,"href":"https:\/\/dekastar.lt\/lv\/wp-json\/wp\/v2\/pwb-brand?post=13428"},{"taxonomy":"product_brand","embeddable":true,"href":"https:\/\/dekastar.lt\/lv\/wp-json\/wp\/v2\/product_brand?post=13428"},{"taxonomy":"product_cat","embeddable":true,"href":"https:\/\/dekastar.lt\/lv\/wp-json\/wp\/v2\/product_cat?post=13428"},{"taxonomy":"product_tag","embeddable":true,"href":"https:\/\/dekastar.lt\/lv\/wp-json\/wp\/v2\/product_tag?post=13428"}],"curies":[{"name":"wp","href":"https:\/\/api.w.org\/{rel}","templated":true}]}}