{"id":1343,"date":"2021-12-04T16:47:16","date_gmt":"2021-12-04T16:47:16","guid":{"rendered":"https:\/\/dekastar.lt\/?post_type=product&#038;p=1343"},"modified":"2025-10-22T12:19:29","modified_gmt":"2025-10-22T12:19:29","slug":"didriksons-synne-kelnes-moterims","status":"publish","type":"product","link":"https:\/\/dekastar.lt\/lv\/products\/didriksons-synne-kelnes-moterims\/","title":{"rendered":"Didriksons Synne bikses sieviet\u0113m"},"content":{"rendered":"<p><strong>Didriksons Synne melnas bikses sieviet\u0113m<\/strong><\/p>\n<p>Funkcion\u0101las un iztur\u012bgas bikses no \u016bdens un v\u0113ja necaurlaid\u012bga auduma. Synne biks\u0113m ir divas priek\u0161\u0113j\u0101s kabatas un divas r\u0101v\u0113jsl\u0113dz\u0113ja aizdares s\u0101nu kabatas uz k\u0101j\u0101m, lai \u0113rti uzglab\u0101tu s\u012bkus priek\u0161metus.Minim\u0101listiskas, \u0113rtas un br\u012bvas. Biks\u0113m ir ar\u012b r\u0101v\u0113jsl\u0113dz\u0113ji muguras lejasda\u013c\u0101, lai t\u0101s var\u0113tu \u0113rti valk\u0101t virs jebkura stila apaviem. Biks\u0113m ir \u016bdensnecaurlaid\u012bga apdare bez PFC.<\/p>\n<p>Sast\u0101vs: 97 <span class=\"Y2IQFc\" lang=\"lt\">% poliam\u012bds, 3 <\/span><span class=\"Y2IQFc\" lang=\"lt\">% elast\u0101ns, Breeze sist\u0113ma.<br \/>\n<\/span><\/p>\n<p><span class=\"Y2IQFc\" lang=\"lt\">\u00a0Izm\u0113rs: 44<br \/>\n<\/span><\/p>\n<p><em>Izm\u0113ri:<\/em><\/p>\n<ol>\n<li>Viduklis: 47 cm<\/li>\n<li>gurni: 58 cm<\/li>\n<li>Garums starpgala da\u013c\u0101: 73 cm<\/li>\n<li>\u0100r\u0113j\u0101s \u0161uves garums: 103 cm<\/li>\n<\/ol>\n<p>&nbsp;<\/p>\n<p>&nbsp;<\/p>","protected":false},"excerpt":{"rendered":"<p>Didriksons Synne juodos keln\u0117s moterims Funkcionalios ir patvarios keln\u0117s i\u0161 vandeniui ir v\u0117jui atsparaus audinio. Synne keln\u0117s turi dvi priekines ki\u0161en\u0117s ir dvi u\u017etrauktuku u\u017esegamas \u0161onines ki\u0161enes ant koj\u0173, kad b\u016bt\u0173 patogu laikyti smulkius daiktus.Tai minimalistinio stiliaus, patogios ir laisvos keln\u0117s. Keln\u0117s taip pat turi u\u017etrauktukus kelni\u0173 apa\u010dioje nugarin\u0117je dalyje, kad b\u016bt\u0173 patogu ne\u0161ioti ant [&hellip;]<\/p>\n","protected":false},"featured_media":1345,"template":"","meta":{"_acf_changed":false},"pwb-brand":[89],"product_brand":[],"product_cat":[38,70],"product_tag":[],"class_list":{"0":"post-1343","1":"product","2":"type-product","3":"status-publish","4":"has-post-thumbnail","6":"pwb-brand-didriksons","7":"product_cat-moterims","8":"product_cat-moteru-laisvalaikio-kelnes","9":"pa_drabuziu-dydis-234","11":"first","12":"outofstock","13":"shipping-taxable","14":"product-type-variable"},"supplier_id":null,"supplier_sku":"","barcode":null,"atum_controlled":true,"out_stock_date":null,"out_stock_threshold":null,"inheritable":false,"inbound_stock":null,"stock_on_hold":0,"sold_today":0,"sales_last_days":0,"reserved_stock":null,"customer_returns":null,"warehouse_damage":null,"lost_in_post":null,"other_logs":null,"out_stock_days":0,"lost_sales":0,"has_location":null,"update_date":"2026-04-15T00:37:51","atum_locations":[],"atum_stock_status":"outofstock","restock_status":false,"low_stock_amount":"","sales_update_date":"2026-04-15T00:37:51","calc_backorders":null,"acf":[],"brands":[{"id":89,"name":"DIDRICKSON","slug":"didriksons"}],"_links":{"self":[{"href":"https:\/\/dekastar.lt\/lv\/wp-json\/wp\/v2\/product\/1343","targetHints":{"allow":["GET"]}}],"collection":[{"href":"https:\/\/dekastar.lt\/lv\/wp-json\/wp\/v2\/product"}],"about":[{"href":"https:\/\/dekastar.lt\/lv\/wp-json\/wp\/v2\/types\/product"}],"wp:featuredmedia":[{"embeddable":true,"href":"https:\/\/dekastar.lt\/lv\/wp-json\/wp\/v2\/media\/1345"}],"wp:attachment":[{"href":"https:\/\/dekastar.lt\/lv\/wp-json\/wp\/v2\/media?parent=1343"}],"wp:term":[{"taxonomy":"pwb-brand","embeddable":true,"href":"https:\/\/dekastar.lt\/lv\/wp-json\/wp\/v2\/pwb-brand?post=1343"},{"taxonomy":"product_brand","embeddable":true,"href":"https:\/\/dekastar.lt\/lv\/wp-json\/wp\/v2\/product_brand?post=1343"},{"taxonomy":"product_cat","embeddable":true,"href":"https:\/\/dekastar.lt\/lv\/wp-json\/wp\/v2\/product_cat?post=1343"},{"taxonomy":"product_tag","embeddable":true,"href":"https:\/\/dekastar.lt\/lv\/wp-json\/wp\/v2\/product_tag?post=1343"}],"curies":[{"name":"wp","href":"https:\/\/api.w.org\/{rel}","templated":true}]}}