{"id":13437,"date":"2026-04-14T09:28:36","date_gmt":"2026-04-14T09:28:36","guid":{"rendered":"https:\/\/dekastar.lt\/produktas\/masazinis-kilimelis-ortek-mix-puzzle-4\/"},"modified":"2026-04-19T08:06:40","modified_gmt":"2026-04-19T08:06:40","slug":"masazinis-kilimelis-ortek-mix-puzzle-4","status":"publish","type":"product","link":"https:\/\/dekastar.lt\/lv\/products\/masazinis-kilimelis-ortek-mix-puzzle-4\/","title":{"rendered":"Masa\u017eo kilim\u0117lis &#8220;Ortek Mix Puzzles&#8221; (8 elementai + \u00abRa\u0161to detal\u0117s\u00bb dovan\u0173)"},"content":{"rendered":"<p>Masa\u017eo kilim\u0117l\u012f sudaro 8 d\u0117lion\u0117s dalys ir 12 ra\u0161t\u0173 dovanai.<\/p>\n<p>Jis pagamintas i\u0161 higieni\u0161kos, hipoalergin\u0117s PVC med\u017eiagos.<\/p>\n<p>12 skirting\u0173 ra\u0161t\u0173 turi skirtingus pavir\u0161ius, o tai gerai lavina lyt\u0117jimo poj\u016b\u010dius ir sukuria skirtingus masa\u017eo efektus. Gabalai dedami ant i\u0161siki\u0161usi\u0173 d\u0117lion\u0117s &#8220;kai\u0161\u010di\u0173&#8221;. Vaikas gali ant d\u0117lion\u0117s sud\u0117ti spalvingus ra\u0161tus arba r\u016b\u0161iuoti juos pagal spalv\u0105, sud\u0117lioti bet kokia tvarka arba pabandyti sud\u0117lioti fig\u016br\u0105 kaip mozaik\u0105. Gabalai gerai laikosi, tod\u0117l masa\u017euodami kojas galite laisvai vaik\u0161\u010dioti ant j\u0173.<\/p>\n<p>Modulio dydis: 26 \u00d7 26 cm<\/p>\n<p>Vieno modulio skersmuo: 5 cm<\/p>\n<p>K\u0105 gali padaryti masa\u017eo kilim\u0117lis:<br \/>\npalaiko teising\u0105 vaiko p\u0117dos vystym\u0105si;<br \/>\ngerina raumen\u0173 tonus\u0105 ir stiprina i\u0161ilgines ir skersines p\u0117dos arkas;<br \/>\nteigiamai veikia kraujotak\u0105;<br \/>\nMa\u017eina koj\u0173 \u012ftamp\u0105, veikdamas nerv\u0173 gal\u016bnes.<br \/>\nTaikymas:<br \/>\nplok\u0161\u010diap\u0117dyst\u0117s, klubini\u0173 p\u0117d\u0173, valgus ir kit\u0173 deformacij\u0173 prevencija;<br \/>\nven\u0173 varikoz\u0117s, osteoartrito ir artrito prevencija;<br \/>\nKoj\u0173 nuovargio jausmo palengv\u0117jimas.<\/p>\n<p>Pratim\u0173 kompleksas:<br \/>\nVaik\u0161\u010diokite pirmyn-atgal ant kilimo (30-40 sekund\u017ei\u0173).<br \/>\nPradin\u0117 pad\u0117tis \u2013 atsistokite ant pir\u0161t\u0173 galiuk\u0173 (7-9 pakartojimai).<br \/>\nPad\u0117tis \u2013 ried\u0117jimas nuo kulno iki pir\u0161t\u0173 galiuk\u0173 stovint (30-40 sekund\u017ei\u0173).<br \/>\nVaik\u0161\u010diojimas ant kilim\u0117lio kry\u017eminiais \u017eingsniais (30\u201340 sekund\u017ei\u0173).<br \/>\nVaik\u0161\u010diojimas p\u0117d\u0173 vidin\u0117je pus\u0117je (30\u201340 sekund\u017ei\u0173).<br \/>\nVaik\u0161\u010diojimas p\u0117d\u0173 i\u0161or\u0117je (30\u201340 sekund\u017ei\u0173).<br \/>\nVaik\u0161\u010diojimas ant pir\u0161t\u0173 galiuk\u0173 (30\u201360 sekund\u017ei\u0173).<br \/>\nPrit\u016bpimai su svoriu ant visos p\u0117dos, nepakeliant kuln\u0173 nuo kilim\u0117lio (7-9 pakartojimai).<br \/>\nStov\u0117dami i\u0161laikykite pusiausvyr\u0105 ant vienos kojos, tada ant kitos (20-30 sekund\u017ei\u0173).<br \/>\n\u0160okin\u0117ja i\u0161 vieno elemento \u012f kit\u0105 (7-9 pakartojimai).<br \/>\n\u0160okin\u0117jimas ant vienos kojos, tada ant kitos kojos (6-8 pakartojimai).<br \/>\nPusiau s\u0117dima pad\u0117tis, vaik\u0161\u010diojimas ant kilim\u0117lio (20-30 sekund\u017ei\u0173).<br \/>\nTai yra visa treniruot\u0117 ant Ortek masa\u017eo kilim\u0117lio. Vaikas i\u0161d\u0117sto d\u0117lion\u0117s dalis, j\u016bs \u012fjungiate vaizdo \u012fra\u0161\u0105 \u2013 ir vaikas treniruojasi!<\/p>\n<p>Treniruot\u0117s tur\u0117t\u0173 vykti 3-5 kartus per savait\u0119. Po m\u0117nesio treniruo\u010di\u0173 galite steb\u0117ti savo vaiko rezultatus. Raumenys tikriausiai sustipr\u0117s, o eisena saugesn\u0117.<\/p>\n<p>Visos d\u0117lion\u0117s dalys pagamintos i\u0161 tos pa\u010dios med\u017eiagos \u2013 saugaus, hipoalerginio PVC be kenksming\u0173 pried\u0173. Ta\u010diau jie jau\u010diasi kitaip d\u0117l skirting\u0173 tekst\u016br\u0173, o \u017eol\u0117, kriaukl\u0117s, akmenukai ir grybai yra tarp mink\u0161tesni\u0173 galvos\u016bki\u0173. Bok\u0161tai, e\u017eiukai, j\u016bros g\u0117ryb\u0117s ir gil\u0117s yra vidutinio kietumo. Piramid\u0117s, smaigaliai, lotoso \u017eiedai ir k\u016bgiai yra vieni i\u0161 sunkesni\u0173 galvos\u016bki\u0173. Skirtingo kietumo pavir\u0161i\u0173 poveikis turi geriausi\u0105 poveik\u012f masa\u017eui, p\u0117d\u0173 treniruot\u0117ms ir sensorinei integracijai.<\/p>\n<p>Kontraindikacijos:<br \/>\natviros \u017eaizdos ar u\u017edegimas ant p\u0117d\u0173 odos;<br \/>\ndiabetin\u0117s p\u0117dos sindromas.<br \/>\nTaip pat galima \u012fsigyti kilim\u0117li\u0173 su 10 ir 12 element\u0173.<\/p>\n<p>Spalv\u0173 palet\u0117 gali skirtis nuo pateiktos svetain\u0117je.<\/p>","protected":false},"excerpt":{"rendered":"<p>Masa\u017eo kilim\u0117l\u012f sudaro 8 d\u0117lion\u0117s dalys ir 12 ra\u0161t\u0173 dovanai. Jis pagamintas i\u0161 higieni\u0161kos, hipoalergin\u0117s PVC med\u017eiagos. 12 skirting\u0173 ra\u0161t\u0173 turi skirtingus pavir\u0161ius, o tai gerai lavina lyt\u0117jimo poj\u016b\u010dius ir sukuria skirtingus masa\u017eo efektus. Gabalai dedami ant i\u0161siki\u0161usi\u0173 d\u0117lion\u0117s &#8220;kai\u0161\u010di\u0173&#8221;. Vaikas gali ant d\u0117lion\u0117s sud\u0117ti spalvingus ra\u0161tus arba r\u016b\u0161iuoti juos pagal spalv\u0105, sud\u0117lioti bet kokia [&hellip;]<\/p>\n","protected":false},"featured_media":13436,"template":"","meta":{"_acf_changed":false},"pwb-brand":[],"product_brand":[],"product_cat":[255,264,261],"product_tag":[],"class_list":{"0":"post-13437","1":"product","2":"type-product","3":"status-publish","4":"has-post-thumbnail","6":"product_cat-namams","7":"product_cat-sensorines-ortopedines-priemones-vaiko-kambariui","8":"product_cat-vaiko-kambariui","10":"first","11":"instock","12":"shipping-taxable","13":"purchasable","14":"product-type-simple"},"supplier_id":null,"supplier_sku":"","barcode":null,"atum_controlled":true,"out_stock_date":null,"out_stock_threshold":null,"inheritable":false,"inbound_stock":null,"stock_on_hold":0,"sold_today":0,"sales_last_days":0,"reserved_stock":null,"customer_returns":null,"warehouse_damage":null,"lost_in_post":null,"other_logs":null,"out_stock_days":0,"lost_sales":0,"has_location":false,"update_date":"2026-04-28T03:13:24","atum_locations":[],"atum_stock_status":"instock","restock_status":false,"low_stock_amount":"","sales_update_date":"2026-04-28T03:13:24","calc_backorders":null,"acf":[],"brands":[],"_links":{"self":[{"href":"https:\/\/dekastar.lt\/lv\/wp-json\/wp\/v2\/product\/13437","targetHints":{"allow":["GET"]}}],"collection":[{"href":"https:\/\/dekastar.lt\/lv\/wp-json\/wp\/v2\/product"}],"about":[{"href":"https:\/\/dekastar.lt\/lv\/wp-json\/wp\/v2\/types\/product"}],"wp:featuredmedia":[{"embeddable":true,"href":"https:\/\/dekastar.lt\/lv\/wp-json\/wp\/v2\/media\/13436"}],"wp:attachment":[{"href":"https:\/\/dekastar.lt\/lv\/wp-json\/wp\/v2\/media?parent=13437"}],"wp:term":[{"taxonomy":"pwb-brand","embeddable":true,"href":"https:\/\/dekastar.lt\/lv\/wp-json\/wp\/v2\/pwb-brand?post=13437"},{"taxonomy":"product_brand","embeddable":true,"href":"https:\/\/dekastar.lt\/lv\/wp-json\/wp\/v2\/product_brand?post=13437"},{"taxonomy":"product_cat","embeddable":true,"href":"https:\/\/dekastar.lt\/lv\/wp-json\/wp\/v2\/product_cat?post=13437"},{"taxonomy":"product_tag","embeddable":true,"href":"https:\/\/dekastar.lt\/lv\/wp-json\/wp\/v2\/product_tag?post=13437"}],"curies":[{"name":"wp","href":"https:\/\/api.w.org\/{rel}","templated":true}]}}