{"id":1350,"date":"2021-12-04T17:30:24","date_gmt":"2021-12-04T17:30:24","guid":{"rendered":"https:\/\/dekastar.lt\/?post_type=product&#038;p=1350"},"modified":"2025-10-22T12:19:29","modified_gmt":"2025-10-22T12:19:29","slug":"ziema-pukine-hh-isfjord-striuke","status":"publish","type":"product","link":"https:\/\/dekastar.lt\/lv\/products\/ziema-pukine-hh-isfjord-striuke\/","title":{"rendered":"B\u0113rnu p\u016bra jaka HELLY HANSEN Isfjord"},"content":{"rendered":"<p><strong>Z\u012bmols HELLY HANSEN Isfjord d\u016bnu unisex jaka ziemai<\/strong><\/p>\n<p>Viena no popul\u0101r\u0101kaj\u0101m HELLY HANSEN p\u016bra ziemas jak\u0101m no b\u0113rnu ap\u0123\u0113rbu l\u012bnijas. \u0160is modelis pieder viendzimuma kategorijai, t\u0101p\u0113c t\u0101 var b\u016bt lieliska izv\u0113le gan meiten\u0113m, gan z\u0113niem. \u0160is modelis ir paredz\u0113ts aukstajai ziemas sezonai. Jaka ir izgatavota no \u016bdensnecaurlaid\u012bga auduma un pild\u012bta ar 60\/40 Allied<span class=\"Y2IQFc\" lang=\"lt\">\u00aeDown\" pild\u012bjums. Helly Hansen Isfjord jaka ir pagarin\u0101ta piegriezuma jaka ar \u0113rtu, regul\u0113jamu un no\u0146emamu kapuci. J\u016bsu b\u0113rna dro\u0161\u012bbai br\u012bv\u0101 dab\u0101 uz jakas ir Helly Hansen z\u012bmola atstarojo\u0161ie logotipi gan uz jakas priek\u0161puses, gan aizmugures. \u0160\u012b augstas kvalit\u0101tes, viegl\u0101 jaka nodro\u0161in\u0101s j\u016bsu b\u0113rnam siltumu, komfortu un dro\u0161\u012bbu visas dienas garum\u0101.<br \/>\n<\/span><\/p>\n<p>&nbsp;<\/p>\n<p><em>Sast\u0101vs:<\/em><\/p>\n<ul>\n<li>\u0100rpuse: 100% poliesteris<\/li>\n<li>Odere: 100% poliam\u012bds \/ 100% poliesteris<\/li>\n<li>Pildviela: 60% p\u012b\u013cu p\u016bkas 40% p\u012b\u013cu spalvas<\/li>\n<\/ul>\n<p><em>Specifik\u0101cija:<\/em><\/p>\n<ul>\n<li>Ra\u017eot\u0101ja kr\u0101sa: Ice Blue 640<\/li>\n<li>Iesp\u0113jamais sh<span class=\"typography typography--body typography--color-regular typography--weight-regular typography--desktop\">Mazg\u0101\u0161ana temperat\u016br\u0101, kas nav augst\u0101ka par 40 \u02daC.<\/span><\/li>\n<li>Aizdare: r\u0101v\u0113jsl\u0113dz\u0113js<\/li>\n<li>Piel\u0101gojums: regul\u0101ra piegulo\u0161\u0101 forma<\/li>\n<\/ul>\n<pre id=\"tw-target-text\" class=\"tw-data-text tw-text-large tw-ta\" dir=\"ltr\" data-placeholder=\"Vertimas\"><span class=\"Y2IQFc\" lang=\"lt\">\u00a0<\/span><\/pre>","protected":false},"excerpt":{"rendered":"<p>Prek\u0117s \u017eenklo HELLY HANSEN Isfjord p\u016bkin\u0117 unisex striuk\u0117 \u017eiemai Viena populiariausi\u0173 HELLY HANSEN p\u016bkini\u0173 \u017eiemos striuki\u0173 i\u0161 vaik\u0173 linijos. \u0160is modelis priklauso unisex kategorijai, tad gali b\u016bti puikus pasirinkimas tiek mergaitei tiek berniukui. \u0160is modelis skirtas \u0161altajam \u017eiemos sezonui. Striuk\u0117 pagaminta i\u0161 vanden\u012f atstumian\u010dio audinio ir u\u017epildyta 60\/40 &#8220;Allied\u00aeDown&#8221; p\u016bk\u0173 u\u017epildu. Helly Hansen Isfjord striuk\u0117 [&hellip;]<\/p>\n","protected":false},"featured_media":1363,"template":"","meta":{"_acf_changed":false},"pwb-brand":[102],"product_brand":[],"product_cat":[40,65],"product_tag":[],"class_list":{"0":"post-1350","1":"product","2":"type-product","3":"status-publish","4":"has-post-thumbnail","6":"pwb-brand-helly-hansen","7":"product_cat-vaikams","8":"product_cat-ziemines-striukes-paltai-lauko-apranga-vaikams","9":"pa_drabuziu-dydis-150","10":"pa_drabuziu-dydis-151","12":"first","13":"instock","14":"sale","15":"shipping-taxable","16":"purchasable","17":"product-type-variable"},"supplier_id":null,"supplier_sku":"","barcode":null,"atum_controlled":true,"out_stock_date":null,"out_stock_threshold":null,"inheritable":false,"inbound_stock":null,"stock_on_hold":0,"sold_today":0,"sales_last_days":0,"reserved_stock":null,"customer_returns":null,"warehouse_damage":null,"lost_in_post":null,"other_logs":null,"out_stock_days":0,"lost_sales":0,"has_location":null,"update_date":"2026-05-04T03:17:08","atum_locations":[],"atum_stock_status":"instock","restock_status":false,"low_stock_amount":"","sales_update_date":"2026-05-04T03:17:08","calc_backorders":null,"acf":[],"brands":[{"id":102,"name":"HELLY HANSEN","slug":"helly-hansen"}],"_links":{"self":[{"href":"https:\/\/dekastar.lt\/lv\/wp-json\/wp\/v2\/product\/1350","targetHints":{"allow":["GET"]}}],"collection":[{"href":"https:\/\/dekastar.lt\/lv\/wp-json\/wp\/v2\/product"}],"about":[{"href":"https:\/\/dekastar.lt\/lv\/wp-json\/wp\/v2\/types\/product"}],"wp:featuredmedia":[{"embeddable":true,"href":"https:\/\/dekastar.lt\/lv\/wp-json\/wp\/v2\/media\/1363"}],"wp:attachment":[{"href":"https:\/\/dekastar.lt\/lv\/wp-json\/wp\/v2\/media?parent=1350"}],"wp:term":[{"taxonomy":"pwb-brand","embeddable":true,"href":"https:\/\/dekastar.lt\/lv\/wp-json\/wp\/v2\/pwb-brand?post=1350"},{"taxonomy":"product_brand","embeddable":true,"href":"https:\/\/dekastar.lt\/lv\/wp-json\/wp\/v2\/product_brand?post=1350"},{"taxonomy":"product_cat","embeddable":true,"href":"https:\/\/dekastar.lt\/lv\/wp-json\/wp\/v2\/product_cat?post=1350"},{"taxonomy":"product_tag","embeddable":true,"href":"https:\/\/dekastar.lt\/lv\/wp-json\/wp\/v2\/product_tag?post=1350"}],"curies":[{"name":"wp","href":"https:\/\/api.w.org\/{rel}","templated":true}]}}